{"id":1698,"date":"2022-01-14T09:30:57","date_gmt":"2022-01-14T09:30:57","guid":{"rendered":"https:\/\/park-hotel-ai-cappuccini.ms.decms.eu\/?page_id=1698"},"modified":"2022-01-14T09:30:57","modified_gmt":"2022-01-14T09:30:57","slug":"viernes-santo-procesion-del-cristo-muerto","status":"publish","type":"page","link":"https:\/\/www.parkhotelaicappuccini.it\/es\/gubbio-y-umbria\/nombramientos\/viernes-santo-procesion-del-cristo-muerto\/","title":{"rendered":"Viernes Santo: Procesi\u00f3n del Cristo Muerto"},"content":{"rendered":"<p>La Procesi\u00f3n del Cristo Muerto es una sugestiva celebraci\u00f3n religiosa organizada por la Cofrad\u00eda de Santa Croce della Foce la noche de Viernes Santo.<\/p>\n<p>Desfilan formando la procesi\u00f3n, por las antiguas calles del casco antiguo de la ciudad, las diferentes Cofrad\u00edas vistiendo los tradicionales sayos con el capuch\u00f3n blanco (sacconi) junto con las estatuas del \u00abCristo\u00bb ( una estimada escultura l\u00edgnea del &#8216;600) y de la Madonna \u00abAddolorata\u00bb (Virgen de los Dolores), el antiguo \u00abrosario\u00bb de madera de 33 granos (con el que los peregrinos se golpeaban como penitencia para redimir los pecados), las grandes cruces y los s\u00edmbolos de la Pasi\u00f3n.<\/p>\n<p>El sugestivo silencio es interrumpido por el sonido de las \u00abbattistrangole\u00bb (una especie de cencerro) y por el \u00abMiserere\u00bb, un canto de penitencia a varias voces con or\u00edgenes antiqu\u00edsimos, transmitido oralmente, mientras la oscuridad se ilumina con las antorchas y las hogueras llamadas \u00abfocaroni\u00bb.<\/p>\n","protected":false},"excerpt":{"rendered":"<p>La Procesi\u00f3n del Cristo Muerto es una sugestiva celebraci\u00f3n religiosa organizada por la Cofrad\u00eda de Santa Croce della Foce la noche de Viernes Santo. Desfilan formando la procesi\u00f3n, por las antiguas calles del casco antiguo de la ciudad, las diferentes Cofrad\u00edas vistiendo los tradicionales sayos con el capuch\u00f3n blanco (sacconi) junto con las estatuas del [&hellip;]<\/p>\n","protected":false},"author":36,"featured_media":0,"parent":1644,"menu_order":30,"comment_status":"closed","ping_status":"closed","template":"template-default-3.php","meta":{"footnotes":""},"class_list":["post-1698","page","type-page","status-publish","hentry"],"yoast_head":"<!-- This site is optimized with the Yoast SEO plugin v26.9 - https:\/\/yoast.com\/product\/yoast-seo-wordpress\/ -->\n<title>Viernes Santo: Procesi\u00f3n del Cristo Muerto - Park Hotel Ai Cappuccini -<\/title>\n<meta name=\"description\" content=\"La Procesi\u00f3n del Cristo Muerto es una sugestiva celebraci\u00f3n religiosa organizada por la Cofrad\u00eda de Santa Croce della Foce la noche de Viernes Santo.  Desfilan formando la procesi\u00f3n, por las antiguas calles del casco antiguo de la ciudad, las diferentes Cofrad\u00edas vistiendo los tradicionales sayos con el capuch\u00f3n blanco (sacconi) junto con las estatuas del &quot;Cristo&quot; ( una estimada escultura l\u00edgnea del &#039;600) y de la Madonna &quot;Addolorata&quot; (Virgen de los Dolores), el antiguo &quot;rosario&quot; de madera de 33 granos (con el que los peregrinos se golpeaban como penitencia para redimir los pecados), las grandes cruces y los s\u00edmbolos de la Pasi\u00f3n.  El sugestivo silencio es interrumpido por el sonido de las &quot;battistrangole&quot; (una especie de cencerro) y por el &quot;Miserere&quot;, un canto de penitencia a varias voces con or\u00edgenes antiqu\u00edsimos, transmitido oralmente, mientras la oscuridad se ilumina con las antorchas y las hogueras llamadas &quot;focaroni&quot;..\" \/>\n<meta name=\"robots\" content=\"index, follow, max-snippet:-1, max-image-preview:large, max-video-preview:-1\" \/>\n<link rel=\"canonical\" href=\"https:\/\/www.parkhotelaicappuccini.it\/es\/gubbio-y-umbria\/nombramientos\/viernes-santo-procesion-del-cristo-muerto\/\" \/>\n<meta property=\"og:locale\" content=\"es_ES\" \/>\n<meta property=\"og:type\" content=\"article\" \/>\n<meta property=\"og:title\" content=\"Viernes Santo: Procesi\u00f3n del Cristo Muerto - Park Hotel Ai Cappuccini -\" \/>\n<meta property=\"og:description\" content=\"La Procesi\u00f3n del Cristo Muerto es una sugestiva celebraci\u00f3n religiosa organizada por la Cofrad\u00eda de Santa Croce della Foce la noche de Viernes Santo.  Desfilan formando la procesi\u00f3n, por las antiguas calles del casco antiguo de la ciudad, las diferentes Cofrad\u00edas vistiendo los tradicionales sayos con el capuch\u00f3n blanco (sacconi) junto con las estatuas del &quot;Cristo&quot; ( una estimada escultura l\u00edgnea del &#039;600) y de la Madonna &quot;Addolorata&quot; (Virgen de los Dolores), el antiguo &quot;rosario&quot; de madera de 33 granos (con el que los peregrinos se golpeaban como penitencia para redimir los pecados), las grandes cruces y los s\u00edmbolos de la Pasi\u00f3n.  El sugestivo silencio es interrumpido por el sonido de las &quot;battistrangole&quot; (una especie de cencerro) y por el &quot;Miserere&quot;, un canto de penitencia a varias voces con or\u00edgenes antiqu\u00edsimos, transmitido oralmente, mientras la oscuridad se ilumina con las antorchas y las hogueras llamadas &quot;focaroni&quot;..\" \/>\n<meta property=\"og:url\" content=\"https:\/\/www.parkhotelaicappuccini.it\/es\/gubbio-y-umbria\/nombramientos\/viernes-santo-procesion-del-cristo-muerto\/\" \/>\n<meta property=\"og:site_name\" content=\"Park Hotel Ai Cappuccini\" \/>\n<meta property=\"og:image\" content=\"https:\/\/www.parkhotelaicappuccini.it\/wp-content\/uploads\/sites\/385\/2021\/12\/Parco-Acque-6.jpg\" \/>\n\t<meta property=\"og:image:width\" content=\"1200\" \/>\n\t<meta property=\"og:image:height\" content=\"666\" \/>\n\t<meta property=\"og:image:type\" content=\"image\/jpeg\" \/>\n<meta name=\"twitter:card\" content=\"summary_large_image\" \/>\n<meta name=\"twitter:label1\" content=\"Tiempo de lectura\" \/>\n\t<meta name=\"twitter:data1\" content=\"1 minuto\" \/>\n<script type=\"application\/ld+json\" class=\"yoast-schema-graph\">{\"@context\":\"https:\/\/schema.org\",\"@graph\":[{\"@type\":\"WebPage\",\"@id\":\"https:\/\/www.parkhotelaicappuccini.it\/es\/gubbio-y-umbria\/nombramientos\/viernes-santo-procesion-del-cristo-muerto\/\",\"url\":\"https:\/\/www.parkhotelaicappuccini.it\/es\/gubbio-y-umbria\/nombramientos\/viernes-santo-procesion-del-cristo-muerto\/\",\"name\":\"Viernes Santo: Procesi\u00f3n del Cristo Muerto - Park Hotel Ai Cappuccini -\",\"isPartOf\":{\"@id\":\"https:\/\/www.parkhotelaicappuccini.it\/es\/#website\"},\"datePublished\":\"2022-01-14T09:30:57+00:00\",\"description\":\"La Procesi\u00f3n del Cristo Muerto es una sugestiva celebraci\u00f3n religiosa organizada por la Cofrad\u00eda de Santa Croce della Foce la noche de Viernes Santo. Desfilan formando la procesi\u00f3n, por las antiguas calles del casco antiguo de la ciudad, las diferentes Cofrad\u00edas vistiendo los tradicionales sayos con el capuch\u00f3n blanco (sacconi) junto con las estatuas del \\\"Cristo\\\" ( una estimada escultura l\u00edgnea del '600) y de la Madonna \\\"Addolorata\\\" (Virgen de los Dolores), el antiguo \\\"rosario\\\" de madera de 33 granos (con el que los peregrinos se golpeaban como penitencia para redimir los pecados), las grandes cruces y los s\u00edmbolos de la Pasi\u00f3n. El sugestivo silencio es interrumpido por el sonido de las \\\"battistrangole\\\" (una especie de cencerro) y por el \\\"Miserere\\\", un canto de penitencia a varias voces con or\u00edgenes antiqu\u00edsimos, transmitido oralmente, mientras la oscuridad se ilumina con las antorchas y las hogueras llamadas \\\"focaroni\\\"..\",\"breadcrumb\":{\"@id\":\"https:\/\/www.parkhotelaicappuccini.it\/es\/gubbio-y-umbria\/nombramientos\/viernes-santo-procesion-del-cristo-muerto\/#breadcrumb\"},\"inLanguage\":\"es\",\"potentialAction\":[{\"@type\":\"ReadAction\",\"target\":[\"https:\/\/www.parkhotelaicappuccini.it\/es\/gubbio-y-umbria\/nombramientos\/viernes-santo-procesion-del-cristo-muerto\/\"]}]},{\"@type\":\"BreadcrumbList\",\"@id\":\"https:\/\/www.parkhotelaicappuccini.it\/es\/gubbio-y-umbria\/nombramientos\/viernes-santo-procesion-del-cristo-muerto\/#breadcrumb\",\"itemListElement\":[{\"@type\":\"ListItem\",\"position\":1,\"name\":\"Home\",\"item\":\"https:\/\/www.parkhotelaicappuccini.it\/es\/\"},{\"@type\":\"ListItem\",\"position\":2,\"name\":\"Gubbio y Umbr\u00eda\",\"item\":\"https:\/\/www.parkhotelaicappuccini.it\/es\/gubbio-y-umbria\/\"},{\"@type\":\"ListItem\",\"position\":3,\"name\":\"Nombramientos\",\"item\":\"https:\/\/www.parkhotelaicappuccini.it\/es\/gubbio-y-umbria\/nombramientos\/\"},{\"@type\":\"ListItem\",\"position\":4,\"name\":\"Viernes Santo: Procesi\u00f3n del Cristo Muerto\"}]},{\"@type\":\"WebSite\",\"@id\":\"https:\/\/www.parkhotelaicappuccini.it\/es\/#website\",\"url\":\"https:\/\/www.parkhotelaicappuccini.it\/es\/\",\"name\":\"Park Hotel Ai Cappuccini\",\"description\":\"Just another ms.decms.eu site\",\"potentialAction\":[{\"@type\":\"SearchAction\",\"target\":{\"@type\":\"EntryPoint\",\"urlTemplate\":\"https:\/\/www.parkhotelaicappuccini.it\/es\/?s={search_term_string}\"},\"query-input\":{\"@type\":\"PropertyValueSpecification\",\"valueRequired\":true,\"valueName\":\"search_term_string\"}}],\"inLanguage\":\"es\"}]}<\/script>\n<!-- \/ Yoast SEO plugin. -->","yoast_head_json":{"title":"Viernes Santo: Procesi\u00f3n del Cristo Muerto - Park Hotel Ai Cappuccini -","description":"La Procesi\u00f3n del Cristo Muerto es una sugestiva celebraci\u00f3n religiosa organizada por la Cofrad\u00eda de Santa Croce della Foce la noche de Viernes Santo.  Desfilan formando la procesi\u00f3n, por las antiguas calles del casco antiguo de la ciudad, las diferentes Cofrad\u00edas vistiendo los tradicionales sayos con el capuch\u00f3n blanco (sacconi) junto con las estatuas del \"Cristo\" ( una estimada escultura l\u00edgnea del '600) y de la Madonna \"Addolorata\" (Virgen de los Dolores), el antiguo \"rosario\" de madera de 33 granos (con el que los peregrinos se golpeaban como penitencia para redimir los pecados), las grandes cruces y los s\u00edmbolos de la Pasi\u00f3n.  El sugestivo silencio es interrumpido por el sonido de las \"battistrangole\" (una especie de cencerro) y por el \"Miserere\", un canto de penitencia a varias voces con or\u00edgenes antiqu\u00edsimos, transmitido oralmente, mientras la oscuridad se ilumina con las antorchas y las hogueras llamadas \"focaroni\"..","robots":{"index":"index","follow":"follow","max-snippet":"max-snippet:-1","max-image-preview":"max-image-preview:large","max-video-preview":"max-video-preview:-1"},"canonical":"https:\/\/www.parkhotelaicappuccini.it\/es\/gubbio-y-umbria\/nombramientos\/viernes-santo-procesion-del-cristo-muerto\/","og_locale":"es_ES","og_type":"article","og_title":"Viernes Santo: Procesi\u00f3n del Cristo Muerto - Park Hotel Ai Cappuccini -","og_description":"La Procesi\u00f3n del Cristo Muerto es una sugestiva celebraci\u00f3n religiosa organizada por la Cofrad\u00eda de Santa Croce della Foce la noche de Viernes Santo.  Desfilan formando la procesi\u00f3n, por las antiguas calles del casco antiguo de la ciudad, las diferentes Cofrad\u00edas vistiendo los tradicionales sayos con el capuch\u00f3n blanco (sacconi) junto con las estatuas del \"Cristo\" ( una estimada escultura l\u00edgnea del '600) y de la Madonna \"Addolorata\" (Virgen de los Dolores), el antiguo \"rosario\" de madera de 33 granos (con el que los peregrinos se golpeaban como penitencia para redimir los pecados), las grandes cruces y los s\u00edmbolos de la Pasi\u00f3n.  El sugestivo silencio es interrumpido por el sonido de las \"battistrangole\" (una especie de cencerro) y por el \"Miserere\", un canto de penitencia a varias voces con or\u00edgenes antiqu\u00edsimos, transmitido oralmente, mientras la oscuridad se ilumina con las antorchas y las hogueras llamadas \"focaroni\"..","og_url":"https:\/\/www.parkhotelaicappuccini.it\/es\/gubbio-y-umbria\/nombramientos\/viernes-santo-procesion-del-cristo-muerto\/","og_site_name":"Park Hotel Ai Cappuccini","og_image":[{"width":1200,"height":666,"url":"https:\/\/www.parkhotelaicappuccini.it\/wp-content\/uploads\/sites\/385\/2021\/12\/Parco-Acque-6.jpg","type":"image\/jpeg"}],"twitter_card":"summary_large_image","twitter_misc":{"Tiempo de lectura":"1 minuto"},"schema":{"@context":"https:\/\/schema.org","@graph":[{"@type":"WebPage","@id":"https:\/\/www.parkhotelaicappuccini.it\/es\/gubbio-y-umbria\/nombramientos\/viernes-santo-procesion-del-cristo-muerto\/","url":"https:\/\/www.parkhotelaicappuccini.it\/es\/gubbio-y-umbria\/nombramientos\/viernes-santo-procesion-del-cristo-muerto\/","name":"Viernes Santo: Procesi\u00f3n del Cristo Muerto - Park Hotel Ai Cappuccini -","isPartOf":{"@id":"https:\/\/www.parkhotelaicappuccini.it\/es\/#website"},"datePublished":"2022-01-14T09:30:57+00:00","description":"La Procesi\u00f3n del Cristo Muerto es una sugestiva celebraci\u00f3n religiosa organizada por la Cofrad\u00eda de Santa Croce della Foce la noche de Viernes Santo. Desfilan formando la procesi\u00f3n, por las antiguas calles del casco antiguo de la ciudad, las diferentes Cofrad\u00edas vistiendo los tradicionales sayos con el capuch\u00f3n blanco (sacconi) junto con las estatuas del \"Cristo\" ( una estimada escultura l\u00edgnea del '600) y de la Madonna \"Addolorata\" (Virgen de los Dolores), el antiguo \"rosario\" de madera de 33 granos (con el que los peregrinos se golpeaban como penitencia para redimir los pecados), las grandes cruces y los s\u00edmbolos de la Pasi\u00f3n. El sugestivo silencio es interrumpido por el sonido de las \"battistrangole\" (una especie de cencerro) y por el \"Miserere\", un canto de penitencia a varias voces con or\u00edgenes antiqu\u00edsimos, transmitido oralmente, mientras la oscuridad se ilumina con las antorchas y las hogueras llamadas \"focaroni\"..","breadcrumb":{"@id":"https:\/\/www.parkhotelaicappuccini.it\/es\/gubbio-y-umbria\/nombramientos\/viernes-santo-procesion-del-cristo-muerto\/#breadcrumb"},"inLanguage":"es","potentialAction":[{"@type":"ReadAction","target":["https:\/\/www.parkhotelaicappuccini.it\/es\/gubbio-y-umbria\/nombramientos\/viernes-santo-procesion-del-cristo-muerto\/"]}]},{"@type":"BreadcrumbList","@id":"https:\/\/www.parkhotelaicappuccini.it\/es\/gubbio-y-umbria\/nombramientos\/viernes-santo-procesion-del-cristo-muerto\/#breadcrumb","itemListElement":[{"@type":"ListItem","position":1,"name":"Home","item":"https:\/\/www.parkhotelaicappuccini.it\/es\/"},{"@type":"ListItem","position":2,"name":"Gubbio y Umbr\u00eda","item":"https:\/\/www.parkhotelaicappuccini.it\/es\/gubbio-y-umbria\/"},{"@type":"ListItem","position":3,"name":"Nombramientos","item":"https:\/\/www.parkhotelaicappuccini.it\/es\/gubbio-y-umbria\/nombramientos\/"},{"@type":"ListItem","position":4,"name":"Viernes Santo: Procesi\u00f3n del Cristo Muerto"}]},{"@type":"WebSite","@id":"https:\/\/www.parkhotelaicappuccini.it\/es\/#website","url":"https:\/\/www.parkhotelaicappuccini.it\/es\/","name":"Park Hotel Ai Cappuccini","description":"Just another ms.decms.eu site","potentialAction":[{"@type":"SearchAction","target":{"@type":"EntryPoint","urlTemplate":"https:\/\/www.parkhotelaicappuccini.it\/es\/?s={search_term_string}"},"query-input":{"@type":"PropertyValueSpecification","valueRequired":true,"valueName":"search_term_string"}}],"inLanguage":"es"}]}},"acf":[],"_links":{"self":[{"href":"https:\/\/www.parkhotelaicappuccini.it\/es\/wp-json\/wp\/v2\/pages\/1698","targetHints":{"allow":["GET"]}}],"collection":[{"href":"https:\/\/www.parkhotelaicappuccini.it\/es\/wp-json\/wp\/v2\/pages"}],"about":[{"href":"https:\/\/www.parkhotelaicappuccini.it\/es\/wp-json\/wp\/v2\/types\/page"}],"author":[{"embeddable":true,"href":"https:\/\/www.parkhotelaicappuccini.it\/es\/wp-json\/wp\/v2\/users\/36"}],"replies":[{"embeddable":true,"href":"https:\/\/www.parkhotelaicappuccini.it\/es\/wp-json\/wp\/v2\/comments?post=1698"}],"version-history":[{"count":0,"href":"https:\/\/www.parkhotelaicappuccini.it\/es\/wp-json\/wp\/v2\/pages\/1698\/revisions"}],"up":[{"embeddable":true,"href":"https:\/\/www.parkhotelaicappuccini.it\/es\/wp-json\/wp\/v2\/pages\/1644"}],"wp:attachment":[{"href":"https:\/\/www.parkhotelaicappuccini.it\/es\/wp-json\/wp\/v2\/media?parent=1698"}],"curies":[{"name":"wp","href":"https:\/\/api.w.org\/{rel}","templated":true}]}}