{"id":1691,"date":"2022-01-14T09:25:02","date_gmt":"2022-01-14T09:25:02","guid":{"rendered":"https:\/\/park-hotel-ai-cappuccini.ms.decms.eu\/?page_id=1691"},"modified":"2022-01-14T09:25:02","modified_gmt":"2022-01-14T09:25:02","slug":"15-de-mayo-fiesta-de-los-ceri","status":"publish","type":"page","link":"https:\/\/www.parkhotelaicappuccini.it\/es\/gubbio-y-umbria\/nombramientos\/15-de-mayo-fiesta-de-los-ceri\/","title":{"rendered":"15 de mayo: Fiesta de los Ceri"},"content":{"rendered":"<p>Una fiesta en la que lo sagrado y lo profano se funden en una incontenible alegr\u00eda.\u00bb \u00bf Por qu\u00e9 es tan dif\u00edcil explicar la \u00abFiesta de los Ceri\u00bb ? Porque no es una fiesta que se pueda contar, hay que vivirla.<\/p>\n<p>C\u00f3mo si no, se puede justificar una carrera en la que no hay ganadores, en la que no se puede adelantar, y en la que el \u00fanico protagonista que sube al pedestal es el Patrono de Gubbio (S.Ubaldo). No se puede explicar &#8211; frente a las muchas evocaciones hist\u00f3ricas surgidas recientemente- la inquebrantable transmisi\u00f3n a los venideros de los Ceri, al mismo tiempo fieles a s\u00ed mismos pero capaces de \u00abadaptarse\u00bb a los tiempos que corren.<\/p>\n<p>Por este motivo, es casi imposible describir porque la Fiesta de los Ceri no tiene espectadores si no participantes; no tenga un gui\u00f3n si no un largo ritual que dura todo el d\u00eda , lleno de emociones y participaci\u00f3n; no tenga un billete de entrada, ni cron\u00f3metros ni fotofinish&#8230;.<\/p>\n<p>Una jornada que se sale de lo normal, porque la supera y la aventaja. \u00abMucho, tanto, todo\u00bb: de esta manera resum\u00eda simb\u00f3licamente la jornada del 15 de Mayo el difunto y llorado abogado Gini, uno de los mayores \u00abdeclamadores \u00bb modernos de la ciudad de Gubbio, en los micr\u00f3fonos de Folco Quilici, en 1973 (del blog de Giacomo Marinelli Andreoli)<\/p>\n","protected":false},"excerpt":{"rendered":"<p>Una fiesta en la que lo sagrado y lo profano se funden en una incontenible alegr\u00eda.\u00bb \u00bf Por qu\u00e9 es tan dif\u00edcil explicar la \u00abFiesta de los Ceri\u00bb ? Porque no es una fiesta que se pueda contar, hay que vivirla. C\u00f3mo si no, se puede justificar una carrera en la que no hay ganadores, [&hellip;]<\/p>\n","protected":false},"author":36,"featured_media":0,"parent":1644,"menu_order":25,"comment_status":"closed","ping_status":"closed","template":"template-default-3.php","meta":{"footnotes":""},"class_list":["post-1691","page","type-page","status-publish","hentry"],"yoast_head":"<!-- This site is optimized with the Yoast SEO plugin v26.9 - https:\/\/yoast.com\/product\/yoast-seo-wordpress\/ -->\n<title>15 de mayo: Fiesta de los Ceri - Park Hotel Ai Cappuccini -<\/title>\n<meta name=\"description\" content=\"Una fiesta en la que lo sagrado y lo profano se funden en una incontenible alegr\u00eda.&quot; \u00bf Por qu\u00e9 es tan dif\u00edcil explicar la &quot;Fiesta de los Ceri&quot; ? Porque no es una fiesta que se pueda contar, hay que vivirla.  C\u00f3mo si no, se puede justificar una carrera en la que no hay ganadores, en la que no se puede adelantar, y en la que el \u00fanico protagonista que sube al pedestal es el Patrono de Gubbio (S.Ubaldo). No se puede explicar - frente a las muchas evocaciones hist\u00f3ricas surgidas recientemente- la inquebrantable transmisi\u00f3n a los venideros de los Ceri, al mismo tiempo fieles a s\u00ed mismos pero capaces de &quot;adaptarse&quot; a los tiempos que corren.  Por este motivo, es casi imposible describir porque la Fiesta de los Ceri no tiene espectadores si no participantes; no tenga un gui\u00f3n si no un largo ritual que dura todo el d\u00eda , lleno de emociones y participaci\u00f3n; no tenga un billete de entrada, ni cron\u00f3metros ni fotofinish....  Una jornada que se sale de lo normal, porque la supera y la aventaja\" \/>\n<meta name=\"robots\" content=\"index, follow, max-snippet:-1, max-image-preview:large, max-video-preview:-1\" \/>\n<link rel=\"canonical\" href=\"https:\/\/www.parkhotelaicappuccini.it\/es\/gubbio-y-umbria\/nombramientos\/15-de-mayo-fiesta-de-los-ceri\/\" \/>\n<meta property=\"og:locale\" content=\"es_ES\" \/>\n<meta property=\"og:type\" content=\"article\" \/>\n<meta property=\"og:title\" content=\"15 de mayo: Fiesta de los Ceri - Park Hotel Ai Cappuccini -\" \/>\n<meta property=\"og:description\" content=\"Una fiesta en la que lo sagrado y lo profano se funden en una incontenible alegr\u00eda.&quot; \u00bf Por qu\u00e9 es tan dif\u00edcil explicar la &quot;Fiesta de los Ceri&quot; ? Porque no es una fiesta que se pueda contar, hay que vivirla.  C\u00f3mo si no, se puede justificar una carrera en la que no hay ganadores, en la que no se puede adelantar, y en la que el \u00fanico protagonista que sube al pedestal es el Patrono de Gubbio (S.Ubaldo). No se puede explicar - frente a las muchas evocaciones hist\u00f3ricas surgidas recientemente- la inquebrantable transmisi\u00f3n a los venideros de los Ceri, al mismo tiempo fieles a s\u00ed mismos pero capaces de &quot;adaptarse&quot; a los tiempos que corren.  Por este motivo, es casi imposible describir porque la Fiesta de los Ceri no tiene espectadores si no participantes; no tenga un gui\u00f3n si no un largo ritual que dura todo el d\u00eda , lleno de emociones y participaci\u00f3n; no tenga un billete de entrada, ni cron\u00f3metros ni fotofinish....  Una jornada que se sale de lo normal, porque la supera y la aventaja\" \/>\n<meta property=\"og:url\" content=\"https:\/\/www.parkhotelaicappuccini.it\/es\/gubbio-y-umbria\/nombramientos\/15-de-mayo-fiesta-de-los-ceri\/\" \/>\n<meta property=\"og:site_name\" content=\"Park Hotel Ai Cappuccini\" \/>\n<meta property=\"og:image\" content=\"https:\/\/www.parkhotelaicappuccini.it\/wp-content\/uploads\/sites\/385\/2021\/12\/Parco-Acque-6.jpg\" \/>\n\t<meta property=\"og:image:width\" content=\"1200\" \/>\n\t<meta property=\"og:image:height\" content=\"666\" \/>\n\t<meta property=\"og:image:type\" content=\"image\/jpeg\" \/>\n<meta name=\"twitter:card\" content=\"summary_large_image\" \/>\n<meta name=\"twitter:label1\" content=\"Tiempo de lectura\" \/>\n\t<meta name=\"twitter:data1\" content=\"1 minuto\" \/>\n<script type=\"application\/ld+json\" class=\"yoast-schema-graph\">{\"@context\":\"https:\/\/schema.org\",\"@graph\":[{\"@type\":\"WebPage\",\"@id\":\"https:\/\/www.parkhotelaicappuccini.it\/es\/gubbio-y-umbria\/nombramientos\/15-de-mayo-fiesta-de-los-ceri\/\",\"url\":\"https:\/\/www.parkhotelaicappuccini.it\/es\/gubbio-y-umbria\/nombramientos\/15-de-mayo-fiesta-de-los-ceri\/\",\"name\":\"15 de mayo: Fiesta de los Ceri - Park Hotel Ai Cappuccini -\",\"isPartOf\":{\"@id\":\"https:\/\/www.parkhotelaicappuccini.it\/es\/#website\"},\"datePublished\":\"2022-01-14T09:25:02+00:00\",\"description\":\"Una fiesta en la que lo sagrado y lo profano se funden en una incontenible alegr\u00eda.\\\" \u00bf Por qu\u00e9 es tan dif\u00edcil explicar la \\\"Fiesta de los Ceri\\\" ? Porque no es una fiesta que se pueda contar, hay que vivirla. C\u00f3mo si no, se puede justificar una carrera en la que no hay ganadores, en la que no se puede adelantar, y en la que el \u00fanico protagonista que sube al pedestal es el Patrono de Gubbio (S.Ubaldo). No se puede explicar - frente a las muchas evocaciones hist\u00f3ricas surgidas recientemente- la inquebrantable transmisi\u00f3n a los venideros de los Ceri, al mismo tiempo fieles a s\u00ed mismos pero capaces de \\\"adaptarse\\\" a los tiempos que corren. Por este motivo, es casi imposible describir porque la Fiesta de los Ceri no tiene espectadores si no participantes; no tenga un gui\u00f3n si no un largo ritual que dura todo el d\u00eda , lleno de emociones y participaci\u00f3n; no tenga un billete de entrada, ni cron\u00f3metros ni fotofinish.... Una jornada que se sale de lo normal, porque la supera y la aventaja\",\"breadcrumb\":{\"@id\":\"https:\/\/www.parkhotelaicappuccini.it\/es\/gubbio-y-umbria\/nombramientos\/15-de-mayo-fiesta-de-los-ceri\/#breadcrumb\"},\"inLanguage\":\"es\",\"potentialAction\":[{\"@type\":\"ReadAction\",\"target\":[\"https:\/\/www.parkhotelaicappuccini.it\/es\/gubbio-y-umbria\/nombramientos\/15-de-mayo-fiesta-de-los-ceri\/\"]}]},{\"@type\":\"BreadcrumbList\",\"@id\":\"https:\/\/www.parkhotelaicappuccini.it\/es\/gubbio-y-umbria\/nombramientos\/15-de-mayo-fiesta-de-los-ceri\/#breadcrumb\",\"itemListElement\":[{\"@type\":\"ListItem\",\"position\":1,\"name\":\"Home\",\"item\":\"https:\/\/www.parkhotelaicappuccini.it\/es\/\"},{\"@type\":\"ListItem\",\"position\":2,\"name\":\"Gubbio y Umbr\u00eda\",\"item\":\"https:\/\/www.parkhotelaicappuccini.it\/es\/gubbio-y-umbria\/\"},{\"@type\":\"ListItem\",\"position\":3,\"name\":\"Nombramientos\",\"item\":\"https:\/\/www.parkhotelaicappuccini.it\/es\/gubbio-y-umbria\/nombramientos\/\"},{\"@type\":\"ListItem\",\"position\":4,\"name\":\"15 de mayo: Fiesta de los Ceri\"}]},{\"@type\":\"WebSite\",\"@id\":\"https:\/\/www.parkhotelaicappuccini.it\/es\/#website\",\"url\":\"https:\/\/www.parkhotelaicappuccini.it\/es\/\",\"name\":\"Park Hotel Ai Cappuccini\",\"description\":\"Just another ms.decms.eu site\",\"potentialAction\":[{\"@type\":\"SearchAction\",\"target\":{\"@type\":\"EntryPoint\",\"urlTemplate\":\"https:\/\/www.parkhotelaicappuccini.it\/es\/?s={search_term_string}\"},\"query-input\":{\"@type\":\"PropertyValueSpecification\",\"valueRequired\":true,\"valueName\":\"search_term_string\"}}],\"inLanguage\":\"es\"}]}<\/script>\n<!-- \/ Yoast SEO plugin. -->","yoast_head_json":{"title":"15 de mayo: Fiesta de los Ceri - Park Hotel Ai Cappuccini -","description":"Una fiesta en la que lo sagrado y lo profano se funden en una incontenible alegr\u00eda.\" \u00bf Por qu\u00e9 es tan dif\u00edcil explicar la \"Fiesta de los Ceri\" ? Porque no es una fiesta que se pueda contar, hay que vivirla.  C\u00f3mo si no, se puede justificar una carrera en la que no hay ganadores, en la que no se puede adelantar, y en la que el \u00fanico protagonista que sube al pedestal es el Patrono de Gubbio (S.Ubaldo). No se puede explicar - frente a las muchas evocaciones hist\u00f3ricas surgidas recientemente- la inquebrantable transmisi\u00f3n a los venideros de los Ceri, al mismo tiempo fieles a s\u00ed mismos pero capaces de \"adaptarse\" a los tiempos que corren.  Por este motivo, es casi imposible describir porque la Fiesta de los Ceri no tiene espectadores si no participantes; no tenga un gui\u00f3n si no un largo ritual que dura todo el d\u00eda , lleno de emociones y participaci\u00f3n; no tenga un billete de entrada, ni cron\u00f3metros ni fotofinish....  Una jornada que se sale de lo normal, porque la supera y la aventaja","robots":{"index":"index","follow":"follow","max-snippet":"max-snippet:-1","max-image-preview":"max-image-preview:large","max-video-preview":"max-video-preview:-1"},"canonical":"https:\/\/www.parkhotelaicappuccini.it\/es\/gubbio-y-umbria\/nombramientos\/15-de-mayo-fiesta-de-los-ceri\/","og_locale":"es_ES","og_type":"article","og_title":"15 de mayo: Fiesta de los Ceri - Park Hotel Ai Cappuccini -","og_description":"Una fiesta en la que lo sagrado y lo profano se funden en una incontenible alegr\u00eda.\" \u00bf Por qu\u00e9 es tan dif\u00edcil explicar la \"Fiesta de los Ceri\" ? Porque no es una fiesta que se pueda contar, hay que vivirla.  C\u00f3mo si no, se puede justificar una carrera en la que no hay ganadores, en la que no se puede adelantar, y en la que el \u00fanico protagonista que sube al pedestal es el Patrono de Gubbio (S.Ubaldo). No se puede explicar - frente a las muchas evocaciones hist\u00f3ricas surgidas recientemente- la inquebrantable transmisi\u00f3n a los venideros de los Ceri, al mismo tiempo fieles a s\u00ed mismos pero capaces de \"adaptarse\" a los tiempos que corren.  Por este motivo, es casi imposible describir porque la Fiesta de los Ceri no tiene espectadores si no participantes; no tenga un gui\u00f3n si no un largo ritual que dura todo el d\u00eda , lleno de emociones y participaci\u00f3n; no tenga un billete de entrada, ni cron\u00f3metros ni fotofinish....  Una jornada que se sale de lo normal, porque la supera y la aventaja","og_url":"https:\/\/www.parkhotelaicappuccini.it\/es\/gubbio-y-umbria\/nombramientos\/15-de-mayo-fiesta-de-los-ceri\/","og_site_name":"Park Hotel Ai Cappuccini","og_image":[{"width":1200,"height":666,"url":"https:\/\/www.parkhotelaicappuccini.it\/wp-content\/uploads\/sites\/385\/2021\/12\/Parco-Acque-6.jpg","type":"image\/jpeg"}],"twitter_card":"summary_large_image","twitter_misc":{"Tiempo de lectura":"1 minuto"},"schema":{"@context":"https:\/\/schema.org","@graph":[{"@type":"WebPage","@id":"https:\/\/www.parkhotelaicappuccini.it\/es\/gubbio-y-umbria\/nombramientos\/15-de-mayo-fiesta-de-los-ceri\/","url":"https:\/\/www.parkhotelaicappuccini.it\/es\/gubbio-y-umbria\/nombramientos\/15-de-mayo-fiesta-de-los-ceri\/","name":"15 de mayo: Fiesta de los Ceri - Park Hotel Ai Cappuccini -","isPartOf":{"@id":"https:\/\/www.parkhotelaicappuccini.it\/es\/#website"},"datePublished":"2022-01-14T09:25:02+00:00","description":"Una fiesta en la que lo sagrado y lo profano se funden en una incontenible alegr\u00eda.\" \u00bf Por qu\u00e9 es tan dif\u00edcil explicar la \"Fiesta de los Ceri\" ? Porque no es una fiesta que se pueda contar, hay que vivirla. C\u00f3mo si no, se puede justificar una carrera en la que no hay ganadores, en la que no se puede adelantar, y en la que el \u00fanico protagonista que sube al pedestal es el Patrono de Gubbio (S.Ubaldo). No se puede explicar - frente a las muchas evocaciones hist\u00f3ricas surgidas recientemente- la inquebrantable transmisi\u00f3n a los venideros de los Ceri, al mismo tiempo fieles a s\u00ed mismos pero capaces de \"adaptarse\" a los tiempos que corren. Por este motivo, es casi imposible describir porque la Fiesta de los Ceri no tiene espectadores si no participantes; no tenga un gui\u00f3n si no un largo ritual que dura todo el d\u00eda , lleno de emociones y participaci\u00f3n; no tenga un billete de entrada, ni cron\u00f3metros ni fotofinish.... Una jornada que se sale de lo normal, porque la supera y la aventaja","breadcrumb":{"@id":"https:\/\/www.parkhotelaicappuccini.it\/es\/gubbio-y-umbria\/nombramientos\/15-de-mayo-fiesta-de-los-ceri\/#breadcrumb"},"inLanguage":"es","potentialAction":[{"@type":"ReadAction","target":["https:\/\/www.parkhotelaicappuccini.it\/es\/gubbio-y-umbria\/nombramientos\/15-de-mayo-fiesta-de-los-ceri\/"]}]},{"@type":"BreadcrumbList","@id":"https:\/\/www.parkhotelaicappuccini.it\/es\/gubbio-y-umbria\/nombramientos\/15-de-mayo-fiesta-de-los-ceri\/#breadcrumb","itemListElement":[{"@type":"ListItem","position":1,"name":"Home","item":"https:\/\/www.parkhotelaicappuccini.it\/es\/"},{"@type":"ListItem","position":2,"name":"Gubbio y Umbr\u00eda","item":"https:\/\/www.parkhotelaicappuccini.it\/es\/gubbio-y-umbria\/"},{"@type":"ListItem","position":3,"name":"Nombramientos","item":"https:\/\/www.parkhotelaicappuccini.it\/es\/gubbio-y-umbria\/nombramientos\/"},{"@type":"ListItem","position":4,"name":"15 de mayo: Fiesta de los Ceri"}]},{"@type":"WebSite","@id":"https:\/\/www.parkhotelaicappuccini.it\/es\/#website","url":"https:\/\/www.parkhotelaicappuccini.it\/es\/","name":"Park Hotel Ai Cappuccini","description":"Just another ms.decms.eu site","potentialAction":[{"@type":"SearchAction","target":{"@type":"EntryPoint","urlTemplate":"https:\/\/www.parkhotelaicappuccini.it\/es\/?s={search_term_string}"},"query-input":{"@type":"PropertyValueSpecification","valueRequired":true,"valueName":"search_term_string"}}],"inLanguage":"es"}]}},"acf":[],"_links":{"self":[{"href":"https:\/\/www.parkhotelaicappuccini.it\/es\/wp-json\/wp\/v2\/pages\/1691","targetHints":{"allow":["GET"]}}],"collection":[{"href":"https:\/\/www.parkhotelaicappuccini.it\/es\/wp-json\/wp\/v2\/pages"}],"about":[{"href":"https:\/\/www.parkhotelaicappuccini.it\/es\/wp-json\/wp\/v2\/types\/page"}],"author":[{"embeddable":true,"href":"https:\/\/www.parkhotelaicappuccini.it\/es\/wp-json\/wp\/v2\/users\/36"}],"replies":[{"embeddable":true,"href":"https:\/\/www.parkhotelaicappuccini.it\/es\/wp-json\/wp\/v2\/comments?post=1691"}],"version-history":[{"count":0,"href":"https:\/\/www.parkhotelaicappuccini.it\/es\/wp-json\/wp\/v2\/pages\/1691\/revisions"}],"up":[{"embeddable":true,"href":"https:\/\/www.parkhotelaicappuccini.it\/es\/wp-json\/wp\/v2\/pages\/1644"}],"wp:attachment":[{"href":"https:\/\/www.parkhotelaicappuccini.it\/es\/wp-json\/wp\/v2\/media?parent=1691"}],"curies":[{"name":"wp","href":"https:\/\/api.w.org\/{rel}","templated":true}]}}