{"id":1684,"date":"2022-01-14T09:21:44","date_gmt":"2022-01-14T09:21:44","guid":{"rendered":"https:\/\/park-hotel-ai-cappuccini.ms.decms.eu\/?page_id=1684"},"modified":"2022-01-14T09:21:44","modified_gmt":"2022-01-14T09:21:44","slug":"ultimo-domingo-de-mayo-palio-de-la-ballesta","status":"publish","type":"page","link":"https:\/\/www.parkhotelaicappuccini.it\/es\/gubbio-y-umbria\/nombramientos\/ultimo-domingo-de-mayo-palio-de-la-ballesta\/","title":{"rendered":"\u00daltimo domingo de Mayo: Palio de la Ballesta"},"content":{"rendered":"<p>Esta competici\u00f3n de armas que se remonta a la \u00e9poca medieval, se celebra entre toques de trompetas y voltear de banderas en el magn\u00edfico escenario de Piazza Grande, entre los ballesteros de Gubbio y los de Sansepolcro.<\/p>\n<p>La documentaci\u00f3n sobre esta competici\u00f3n se remonta al siglo XIV y consiste en acertar el \u00abtasso\u00bb, una diana situada a 36 metros de distancia, lanzando un dardo con la antigua ballesta colocada en su apoyo.<\/p>\n<p>Al final de la celebraci\u00f3n un desfile hist\u00f3rico recorre las calles de la ciudad. El Palio de la Ballesta se repite el segundo domingo de septiembre en Sansepolcro.<\/p>\n","protected":false},"excerpt":{"rendered":"<p>Esta competici\u00f3n de armas que se remonta a la \u00e9poca medieval, se celebra entre toques de trompetas y voltear de banderas en el magn\u00edfico escenario de Piazza Grande, entre los ballesteros de Gubbio y los de Sansepolcro. La documentaci\u00f3n sobre esta competici\u00f3n se remonta al siglo XIV y consiste en acertar el \u00abtasso\u00bb, una diana [&hellip;]<\/p>\n","protected":false},"author":36,"featured_media":0,"parent":1644,"menu_order":20,"comment_status":"closed","ping_status":"closed","template":"template-default-3.php","meta":{"footnotes":""},"class_list":["post-1684","page","type-page","status-publish","hentry"],"yoast_head":"<!-- This site is optimized with the Yoast SEO plugin v26.9 - https:\/\/yoast.com\/product\/yoast-seo-wordpress\/ -->\n<title>\u00daltimo domingo de Mayo: Palio de la Ballesta - Park Hotel Ai Cappuccini -<\/title>\n<meta name=\"description\" content=\"Esta competici\u00f3n de armas que se remonta a la \u00e9poca medieval, se celebra entre toques de trompetas y voltear de banderas en el magn\u00edfico escenario de Piazza Grande, entre los ballesteros de Gubbio y los de Sansepolcro.  La documentaci\u00f3n sobre esta competici\u00f3n se remonta al siglo XIV y consiste en acertar el &quot;tasso&quot;, una diana situada a 36 metros de distancia, lanzando un dardo con la antigua ballesta colocada en su apoyo.  Al final de la celebraci\u00f3n un desfile hist\u00f3rico recorre las calles de la ciudad. El Palio de la Ballesta se repite el segundo domingo de septiembre en Sansepolcro.\" \/>\n<meta name=\"robots\" content=\"index, follow, max-snippet:-1, max-image-preview:large, max-video-preview:-1\" \/>\n<link rel=\"canonical\" href=\"https:\/\/www.parkhotelaicappuccini.it\/es\/gubbio-y-umbria\/nombramientos\/ultimo-domingo-de-mayo-palio-de-la-ballesta\/\" \/>\n<meta property=\"og:locale\" content=\"es_ES\" \/>\n<meta property=\"og:type\" content=\"article\" \/>\n<meta property=\"og:title\" content=\"\u00daltimo domingo de Mayo: Palio de la Ballesta - Park Hotel Ai Cappuccini -\" \/>\n<meta property=\"og:description\" content=\"Esta competici\u00f3n de armas que se remonta a la \u00e9poca medieval, se celebra entre toques de trompetas y voltear de banderas en el magn\u00edfico escenario de Piazza Grande, entre los ballesteros de Gubbio y los de Sansepolcro.  La documentaci\u00f3n sobre esta competici\u00f3n se remonta al siglo XIV y consiste en acertar el &quot;tasso&quot;, una diana situada a 36 metros de distancia, lanzando un dardo con la antigua ballesta colocada en su apoyo.  Al final de la celebraci\u00f3n un desfile hist\u00f3rico recorre las calles de la ciudad. El Palio de la Ballesta se repite el segundo domingo de septiembre en Sansepolcro.\" \/>\n<meta property=\"og:url\" content=\"https:\/\/www.parkhotelaicappuccini.it\/es\/gubbio-y-umbria\/nombramientos\/ultimo-domingo-de-mayo-palio-de-la-ballesta\/\" \/>\n<meta property=\"og:site_name\" content=\"Park Hotel Ai Cappuccini\" \/>\n<meta property=\"og:image\" content=\"https:\/\/www.parkhotelaicappuccini.it\/wp-content\/uploads\/sites\/385\/2021\/12\/Parco-Acque-6.jpg\" \/>\n\t<meta property=\"og:image:width\" content=\"1200\" \/>\n\t<meta property=\"og:image:height\" content=\"666\" \/>\n\t<meta property=\"og:image:type\" content=\"image\/jpeg\" \/>\n<meta name=\"twitter:card\" content=\"summary_large_image\" \/>\n<meta name=\"twitter:label1\" content=\"Tiempo de lectura\" \/>\n\t<meta name=\"twitter:data1\" content=\"1 minuto\" \/>\n<script type=\"application\/ld+json\" class=\"yoast-schema-graph\">{\"@context\":\"https:\/\/schema.org\",\"@graph\":[{\"@type\":\"WebPage\",\"@id\":\"https:\/\/www.parkhotelaicappuccini.it\/es\/gubbio-y-umbria\/nombramientos\/ultimo-domingo-de-mayo-palio-de-la-ballesta\/\",\"url\":\"https:\/\/www.parkhotelaicappuccini.it\/es\/gubbio-y-umbria\/nombramientos\/ultimo-domingo-de-mayo-palio-de-la-ballesta\/\",\"name\":\"\u00daltimo domingo de Mayo: Palio de la Ballesta - Park Hotel Ai Cappuccini -\",\"isPartOf\":{\"@id\":\"https:\/\/www.parkhotelaicappuccini.it\/es\/#website\"},\"datePublished\":\"2022-01-14T09:21:44+00:00\",\"description\":\"Esta competici\u00f3n de armas que se remonta a la \u00e9poca medieval, se celebra entre toques de trompetas y voltear de banderas en el magn\u00edfico escenario de Piazza Grande, entre los ballesteros de Gubbio y los de Sansepolcro. La documentaci\u00f3n sobre esta competici\u00f3n se remonta al siglo XIV y consiste en acertar el \\\"tasso\\\", una diana situada a 36 metros de distancia, lanzando un dardo con la antigua ballesta colocada en su apoyo. Al final de la celebraci\u00f3n un desfile hist\u00f3rico recorre las calles de la ciudad. El Palio de la Ballesta se repite el segundo domingo de septiembre en Sansepolcro.\",\"breadcrumb\":{\"@id\":\"https:\/\/www.parkhotelaicappuccini.it\/es\/gubbio-y-umbria\/nombramientos\/ultimo-domingo-de-mayo-palio-de-la-ballesta\/#breadcrumb\"},\"inLanguage\":\"es\",\"potentialAction\":[{\"@type\":\"ReadAction\",\"target\":[\"https:\/\/www.parkhotelaicappuccini.it\/es\/gubbio-y-umbria\/nombramientos\/ultimo-domingo-de-mayo-palio-de-la-ballesta\/\"]}]},{\"@type\":\"BreadcrumbList\",\"@id\":\"https:\/\/www.parkhotelaicappuccini.it\/es\/gubbio-y-umbria\/nombramientos\/ultimo-domingo-de-mayo-palio-de-la-ballesta\/#breadcrumb\",\"itemListElement\":[{\"@type\":\"ListItem\",\"position\":1,\"name\":\"Home\",\"item\":\"https:\/\/www.parkhotelaicappuccini.it\/es\/\"},{\"@type\":\"ListItem\",\"position\":2,\"name\":\"Gubbio y Umbr\u00eda\",\"item\":\"https:\/\/www.parkhotelaicappuccini.it\/es\/gubbio-y-umbria\/\"},{\"@type\":\"ListItem\",\"position\":3,\"name\":\"Nombramientos\",\"item\":\"https:\/\/www.parkhotelaicappuccini.it\/es\/gubbio-y-umbria\/nombramientos\/\"},{\"@type\":\"ListItem\",\"position\":4,\"name\":\"\u00daltimo domingo de Mayo: Palio de la Ballesta\"}]},{\"@type\":\"WebSite\",\"@id\":\"https:\/\/www.parkhotelaicappuccini.it\/es\/#website\",\"url\":\"https:\/\/www.parkhotelaicappuccini.it\/es\/\",\"name\":\"Park Hotel Ai Cappuccini\",\"description\":\"Just another ms.decms.eu site\",\"potentialAction\":[{\"@type\":\"SearchAction\",\"target\":{\"@type\":\"EntryPoint\",\"urlTemplate\":\"https:\/\/www.parkhotelaicappuccini.it\/es\/?s={search_term_string}\"},\"query-input\":{\"@type\":\"PropertyValueSpecification\",\"valueRequired\":true,\"valueName\":\"search_term_string\"}}],\"inLanguage\":\"es\"}]}<\/script>\n<!-- \/ Yoast SEO plugin. -->","yoast_head_json":{"title":"\u00daltimo domingo de Mayo: Palio de la Ballesta - Park Hotel Ai Cappuccini -","description":"Esta competici\u00f3n de armas que se remonta a la \u00e9poca medieval, se celebra entre toques de trompetas y voltear de banderas en el magn\u00edfico escenario de Piazza Grande, entre los ballesteros de Gubbio y los de Sansepolcro.  La documentaci\u00f3n sobre esta competici\u00f3n se remonta al siglo XIV y consiste en acertar el \"tasso\", una diana situada a 36 metros de distancia, lanzando un dardo con la antigua ballesta colocada en su apoyo.  Al final de la celebraci\u00f3n un desfile hist\u00f3rico recorre las calles de la ciudad. El Palio de la Ballesta se repite el segundo domingo de septiembre en Sansepolcro.","robots":{"index":"index","follow":"follow","max-snippet":"max-snippet:-1","max-image-preview":"max-image-preview:large","max-video-preview":"max-video-preview:-1"},"canonical":"https:\/\/www.parkhotelaicappuccini.it\/es\/gubbio-y-umbria\/nombramientos\/ultimo-domingo-de-mayo-palio-de-la-ballesta\/","og_locale":"es_ES","og_type":"article","og_title":"\u00daltimo domingo de Mayo: Palio de la Ballesta - Park Hotel Ai Cappuccini -","og_description":"Esta competici\u00f3n de armas que se remonta a la \u00e9poca medieval, se celebra entre toques de trompetas y voltear de banderas en el magn\u00edfico escenario de Piazza Grande, entre los ballesteros de Gubbio y los de Sansepolcro.  La documentaci\u00f3n sobre esta competici\u00f3n se remonta al siglo XIV y consiste en acertar el \"tasso\", una diana situada a 36 metros de distancia, lanzando un dardo con la antigua ballesta colocada en su apoyo.  Al final de la celebraci\u00f3n un desfile hist\u00f3rico recorre las calles de la ciudad. El Palio de la Ballesta se repite el segundo domingo de septiembre en Sansepolcro.","og_url":"https:\/\/www.parkhotelaicappuccini.it\/es\/gubbio-y-umbria\/nombramientos\/ultimo-domingo-de-mayo-palio-de-la-ballesta\/","og_site_name":"Park Hotel Ai Cappuccini","og_image":[{"width":1200,"height":666,"url":"https:\/\/www.parkhotelaicappuccini.it\/wp-content\/uploads\/sites\/385\/2021\/12\/Parco-Acque-6.jpg","type":"image\/jpeg"}],"twitter_card":"summary_large_image","twitter_misc":{"Tiempo de lectura":"1 minuto"},"schema":{"@context":"https:\/\/schema.org","@graph":[{"@type":"WebPage","@id":"https:\/\/www.parkhotelaicappuccini.it\/es\/gubbio-y-umbria\/nombramientos\/ultimo-domingo-de-mayo-palio-de-la-ballesta\/","url":"https:\/\/www.parkhotelaicappuccini.it\/es\/gubbio-y-umbria\/nombramientos\/ultimo-domingo-de-mayo-palio-de-la-ballesta\/","name":"\u00daltimo domingo de Mayo: Palio de la Ballesta - Park Hotel Ai Cappuccini -","isPartOf":{"@id":"https:\/\/www.parkhotelaicappuccini.it\/es\/#website"},"datePublished":"2022-01-14T09:21:44+00:00","description":"Esta competici\u00f3n de armas que se remonta a la \u00e9poca medieval, se celebra entre toques de trompetas y voltear de banderas en el magn\u00edfico escenario de Piazza Grande, entre los ballesteros de Gubbio y los de Sansepolcro. La documentaci\u00f3n sobre esta competici\u00f3n se remonta al siglo XIV y consiste en acertar el \"tasso\", una diana situada a 36 metros de distancia, lanzando un dardo con la antigua ballesta colocada en su apoyo. Al final de la celebraci\u00f3n un desfile hist\u00f3rico recorre las calles de la ciudad. El Palio de la Ballesta se repite el segundo domingo de septiembre en Sansepolcro.","breadcrumb":{"@id":"https:\/\/www.parkhotelaicappuccini.it\/es\/gubbio-y-umbria\/nombramientos\/ultimo-domingo-de-mayo-palio-de-la-ballesta\/#breadcrumb"},"inLanguage":"es","potentialAction":[{"@type":"ReadAction","target":["https:\/\/www.parkhotelaicappuccini.it\/es\/gubbio-y-umbria\/nombramientos\/ultimo-domingo-de-mayo-palio-de-la-ballesta\/"]}]},{"@type":"BreadcrumbList","@id":"https:\/\/www.parkhotelaicappuccini.it\/es\/gubbio-y-umbria\/nombramientos\/ultimo-domingo-de-mayo-palio-de-la-ballesta\/#breadcrumb","itemListElement":[{"@type":"ListItem","position":1,"name":"Home","item":"https:\/\/www.parkhotelaicappuccini.it\/es\/"},{"@type":"ListItem","position":2,"name":"Gubbio y Umbr\u00eda","item":"https:\/\/www.parkhotelaicappuccini.it\/es\/gubbio-y-umbria\/"},{"@type":"ListItem","position":3,"name":"Nombramientos","item":"https:\/\/www.parkhotelaicappuccini.it\/es\/gubbio-y-umbria\/nombramientos\/"},{"@type":"ListItem","position":4,"name":"\u00daltimo domingo de Mayo: Palio de la Ballesta"}]},{"@type":"WebSite","@id":"https:\/\/www.parkhotelaicappuccini.it\/es\/#website","url":"https:\/\/www.parkhotelaicappuccini.it\/es\/","name":"Park Hotel Ai Cappuccini","description":"Just another ms.decms.eu site","potentialAction":[{"@type":"SearchAction","target":{"@type":"EntryPoint","urlTemplate":"https:\/\/www.parkhotelaicappuccini.it\/es\/?s={search_term_string}"},"query-input":{"@type":"PropertyValueSpecification","valueRequired":true,"valueName":"search_term_string"}}],"inLanguage":"es"}]}},"acf":[],"_links":{"self":[{"href":"https:\/\/www.parkhotelaicappuccini.it\/es\/wp-json\/wp\/v2\/pages\/1684","targetHints":{"allow":["GET"]}}],"collection":[{"href":"https:\/\/www.parkhotelaicappuccini.it\/es\/wp-json\/wp\/v2\/pages"}],"about":[{"href":"https:\/\/www.parkhotelaicappuccini.it\/es\/wp-json\/wp\/v2\/types\/page"}],"author":[{"embeddable":true,"href":"https:\/\/www.parkhotelaicappuccini.it\/es\/wp-json\/wp\/v2\/users\/36"}],"replies":[{"embeddable":true,"href":"https:\/\/www.parkhotelaicappuccini.it\/es\/wp-json\/wp\/v2\/comments?post=1684"}],"version-history":[{"count":0,"href":"https:\/\/www.parkhotelaicappuccini.it\/es\/wp-json\/wp\/v2\/pages\/1684\/revisions"}],"up":[{"embeddable":true,"href":"https:\/\/www.parkhotelaicappuccini.it\/es\/wp-json\/wp\/v2\/pages\/1644"}],"wp:attachment":[{"href":"https:\/\/www.parkhotelaicappuccini.it\/es\/wp-json\/wp\/v2\/media?parent=1684"}],"curies":[{"name":"wp","href":"https:\/\/api.w.org\/{rel}","templated":true}]}}