{"id":1677,"date":"2022-01-14T08:50:32","date_gmt":"2022-01-14T08:50:32","guid":{"rendered":"https:\/\/park-hotel-ai-cappuccini.ms.decms.eu\/?page_id=1677"},"modified":"2022-01-14T08:50:32","modified_gmt":"2022-01-14T08:50:32","slug":"julio-agosto-temporada-de-verano-de-los-espectaculos-clasicos-gubbio-summer-festival-gubbio-no-borders","status":"publish","type":"page","link":"https:\/\/www.parkhotelaicappuccini.it\/es\/gubbio-y-umbria\/nombramientos\/julio-agosto-temporada-de-verano-de-los-espectaculos-clasicos-gubbio-summer-festival-gubbio-no-borders\/","title":{"rendered":"Julio\/Agosto: Temporada de Verano de los espect\u00e1culos cl\u00e1sicos, Gubbio Summer Festival, Gubbio No Borders"},"content":{"rendered":"<p>En el incomparable enclave del Teatro Romano de Gubbio se inaugura la Temporada de Verano de los espect\u00e1culos cl\u00e1sicos con grandes protagonistas del escenario italiano.<\/p>\n<p>El Gubbio Summer Festival propone conciertos de m\u00fasica cl\u00e1sica y talleres con maestros de fama internacional . Gubbio no Borders presenta lo mejor de la m\u00fasica jazz italiana.<\/p>\n","protected":false},"excerpt":{"rendered":"<p>En el incomparable enclave del Teatro Romano de Gubbio se inaugura la Temporada de Verano de los espect\u00e1culos cl\u00e1sicos con grandes protagonistas del escenario italiano. El Gubbio Summer Festival propone conciertos de m\u00fasica cl\u00e1sica y talleres con maestros de fama internacional . Gubbio no Borders presenta lo mejor de la m\u00fasica jazz italiana.<\/p>\n","protected":false},"author":36,"featured_media":0,"parent":1644,"menu_order":15,"comment_status":"closed","ping_status":"closed","template":"template-default-3.php","meta":{"footnotes":""},"class_list":["post-1677","page","type-page","status-publish","hentry"],"yoast_head":"<!-- This site is optimized with the Yoast SEO plugin v26.9 - https:\/\/yoast.com\/product\/yoast-seo-wordpress\/ -->\n<title>Julio\/Agosto: Temporada de Verano de los espect\u00e1culos cl\u00e1sicos, Gubbio Summer Festival, Gubbio No Borders - Park Hotel Ai Cappuccini -<\/title>\n<meta name=\"description\" content=\"En el incomparable enclave del Teatro Romano de Gubbio se inaugura la Temporada de Verano de los espect\u00e1culos cl\u00e1sicos con grandes protagonistas del escenario italiano.  El Gubbio Summer Festival propone conciertos de m\u00fasica cl\u00e1sica y talleres con maestros de fama internacional . Gubbio no Borders presenta lo mejor de la m\u00fasica jazz italiana.\" \/>\n<meta name=\"robots\" content=\"index, follow, max-snippet:-1, max-image-preview:large, max-video-preview:-1\" \/>\n<link rel=\"canonical\" href=\"https:\/\/www.parkhotelaicappuccini.it\/es\/gubbio-y-umbria\/nombramientos\/julio-agosto-temporada-de-verano-de-los-espectaculos-clasicos-gubbio-summer-festival-gubbio-no-borders\/\" \/>\n<meta property=\"og:locale\" content=\"es_ES\" \/>\n<meta property=\"og:type\" content=\"article\" \/>\n<meta property=\"og:title\" content=\"Julio\/Agosto: Temporada de Verano de los espect\u00e1culos cl\u00e1sicos, Gubbio Summer Festival, Gubbio No Borders - Park Hotel Ai Cappuccini -\" \/>\n<meta property=\"og:description\" content=\"En el incomparable enclave del Teatro Romano de Gubbio se inaugura la Temporada de Verano de los espect\u00e1culos cl\u00e1sicos con grandes protagonistas del escenario italiano.  El Gubbio Summer Festival propone conciertos de m\u00fasica cl\u00e1sica y talleres con maestros de fama internacional . Gubbio no Borders presenta lo mejor de la m\u00fasica jazz italiana.\" \/>\n<meta property=\"og:url\" content=\"https:\/\/www.parkhotelaicappuccini.it\/es\/gubbio-y-umbria\/nombramientos\/julio-agosto-temporada-de-verano-de-los-espectaculos-clasicos-gubbio-summer-festival-gubbio-no-borders\/\" \/>\n<meta property=\"og:site_name\" content=\"Park Hotel Ai Cappuccini\" \/>\n<meta property=\"og:image\" content=\"https:\/\/www.parkhotelaicappuccini.it\/wp-content\/uploads\/sites\/385\/2021\/12\/Parco-Acque-6.jpg\" \/>\n\t<meta property=\"og:image:width\" content=\"1200\" \/>\n\t<meta property=\"og:image:height\" content=\"666\" \/>\n\t<meta property=\"og:image:type\" content=\"image\/jpeg\" \/>\n<meta name=\"twitter:card\" content=\"summary_large_image\" \/>\n<meta name=\"twitter:label1\" content=\"Tiempo de lectura\" \/>\n\t<meta name=\"twitter:data1\" content=\"1 minuto\" \/>\n<script type=\"application\/ld+json\" class=\"yoast-schema-graph\">{\"@context\":\"https:\/\/schema.org\",\"@graph\":[{\"@type\":\"WebPage\",\"@id\":\"https:\/\/www.parkhotelaicappuccini.it\/es\/gubbio-y-umbria\/nombramientos\/julio-agosto-temporada-de-verano-de-los-espectaculos-clasicos-gubbio-summer-festival-gubbio-no-borders\/\",\"url\":\"https:\/\/www.parkhotelaicappuccini.it\/es\/gubbio-y-umbria\/nombramientos\/julio-agosto-temporada-de-verano-de-los-espectaculos-clasicos-gubbio-summer-festival-gubbio-no-borders\/\",\"name\":\"Julio\/Agosto: Temporada de Verano de los espect\u00e1culos cl\u00e1sicos, Gubbio Summer Festival, Gubbio No Borders - Park Hotel Ai Cappuccini -\",\"isPartOf\":{\"@id\":\"https:\/\/www.parkhotelaicappuccini.it\/es\/#website\"},\"datePublished\":\"2022-01-14T08:50:32+00:00\",\"description\":\"En el incomparable enclave del Teatro Romano de Gubbio se inaugura la Temporada de Verano de los espect\u00e1culos cl\u00e1sicos con grandes protagonistas del escenario italiano. El Gubbio Summer Festival propone conciertos de m\u00fasica cl\u00e1sica y talleres con maestros de fama internacional . Gubbio no Borders presenta lo mejor de la m\u00fasica jazz italiana.\",\"breadcrumb\":{\"@id\":\"https:\/\/www.parkhotelaicappuccini.it\/es\/gubbio-y-umbria\/nombramientos\/julio-agosto-temporada-de-verano-de-los-espectaculos-clasicos-gubbio-summer-festival-gubbio-no-borders\/#breadcrumb\"},\"inLanguage\":\"es\",\"potentialAction\":[{\"@type\":\"ReadAction\",\"target\":[\"https:\/\/www.parkhotelaicappuccini.it\/es\/gubbio-y-umbria\/nombramientos\/julio-agosto-temporada-de-verano-de-los-espectaculos-clasicos-gubbio-summer-festival-gubbio-no-borders\/\"]}]},{\"@type\":\"BreadcrumbList\",\"@id\":\"https:\/\/www.parkhotelaicappuccini.it\/es\/gubbio-y-umbria\/nombramientos\/julio-agosto-temporada-de-verano-de-los-espectaculos-clasicos-gubbio-summer-festival-gubbio-no-borders\/#breadcrumb\",\"itemListElement\":[{\"@type\":\"ListItem\",\"position\":1,\"name\":\"Home\",\"item\":\"https:\/\/www.parkhotelaicappuccini.it\/es\/\"},{\"@type\":\"ListItem\",\"position\":2,\"name\":\"Gubbio y Umbr\u00eda\",\"item\":\"https:\/\/www.parkhotelaicappuccini.it\/es\/gubbio-y-umbria\/\"},{\"@type\":\"ListItem\",\"position\":3,\"name\":\"Nombramientos\",\"item\":\"https:\/\/www.parkhotelaicappuccini.it\/es\/gubbio-y-umbria\/nombramientos\/\"},{\"@type\":\"ListItem\",\"position\":4,\"name\":\"Julio\/Agosto: Temporada de Verano de los espect\u00e1culos cl\u00e1sicos, Gubbio Summer Festival, Gubbio No Borders\"}]},{\"@type\":\"WebSite\",\"@id\":\"https:\/\/www.parkhotelaicappuccini.it\/es\/#website\",\"url\":\"https:\/\/www.parkhotelaicappuccini.it\/es\/\",\"name\":\"Park Hotel Ai Cappuccini\",\"description\":\"Just another ms.decms.eu site\",\"potentialAction\":[{\"@type\":\"SearchAction\",\"target\":{\"@type\":\"EntryPoint\",\"urlTemplate\":\"https:\/\/www.parkhotelaicappuccini.it\/es\/?s={search_term_string}\"},\"query-input\":{\"@type\":\"PropertyValueSpecification\",\"valueRequired\":true,\"valueName\":\"search_term_string\"}}],\"inLanguage\":\"es\"}]}<\/script>\n<!-- \/ Yoast SEO plugin. -->","yoast_head_json":{"title":"Julio\/Agosto: Temporada de Verano de los espect\u00e1culos cl\u00e1sicos, Gubbio Summer Festival, Gubbio No Borders - Park Hotel Ai Cappuccini -","description":"En el incomparable enclave del Teatro Romano de Gubbio se inaugura la Temporada de Verano de los espect\u00e1culos cl\u00e1sicos con grandes protagonistas del escenario italiano.  El Gubbio Summer Festival propone conciertos de m\u00fasica cl\u00e1sica y talleres con maestros de fama internacional . Gubbio no Borders presenta lo mejor de la m\u00fasica jazz italiana.","robots":{"index":"index","follow":"follow","max-snippet":"max-snippet:-1","max-image-preview":"max-image-preview:large","max-video-preview":"max-video-preview:-1"},"canonical":"https:\/\/www.parkhotelaicappuccini.it\/es\/gubbio-y-umbria\/nombramientos\/julio-agosto-temporada-de-verano-de-los-espectaculos-clasicos-gubbio-summer-festival-gubbio-no-borders\/","og_locale":"es_ES","og_type":"article","og_title":"Julio\/Agosto: Temporada de Verano de los espect\u00e1culos cl\u00e1sicos, Gubbio Summer Festival, Gubbio No Borders - Park Hotel Ai Cappuccini -","og_description":"En el incomparable enclave del Teatro Romano de Gubbio se inaugura la Temporada de Verano de los espect\u00e1culos cl\u00e1sicos con grandes protagonistas del escenario italiano.  El Gubbio Summer Festival propone conciertos de m\u00fasica cl\u00e1sica y talleres con maestros de fama internacional . Gubbio no Borders presenta lo mejor de la m\u00fasica jazz italiana.","og_url":"https:\/\/www.parkhotelaicappuccini.it\/es\/gubbio-y-umbria\/nombramientos\/julio-agosto-temporada-de-verano-de-los-espectaculos-clasicos-gubbio-summer-festival-gubbio-no-borders\/","og_site_name":"Park Hotel Ai Cappuccini","og_image":[{"width":1200,"height":666,"url":"https:\/\/www.parkhotelaicappuccini.it\/wp-content\/uploads\/sites\/385\/2021\/12\/Parco-Acque-6.jpg","type":"image\/jpeg"}],"twitter_card":"summary_large_image","twitter_misc":{"Tiempo de lectura":"1 minuto"},"schema":{"@context":"https:\/\/schema.org","@graph":[{"@type":"WebPage","@id":"https:\/\/www.parkhotelaicappuccini.it\/es\/gubbio-y-umbria\/nombramientos\/julio-agosto-temporada-de-verano-de-los-espectaculos-clasicos-gubbio-summer-festival-gubbio-no-borders\/","url":"https:\/\/www.parkhotelaicappuccini.it\/es\/gubbio-y-umbria\/nombramientos\/julio-agosto-temporada-de-verano-de-los-espectaculos-clasicos-gubbio-summer-festival-gubbio-no-borders\/","name":"Julio\/Agosto: Temporada de Verano de los espect\u00e1culos cl\u00e1sicos, Gubbio Summer Festival, Gubbio No Borders - Park Hotel Ai Cappuccini -","isPartOf":{"@id":"https:\/\/www.parkhotelaicappuccini.it\/es\/#website"},"datePublished":"2022-01-14T08:50:32+00:00","description":"En el incomparable enclave del Teatro Romano de Gubbio se inaugura la Temporada de Verano de los espect\u00e1culos cl\u00e1sicos con grandes protagonistas del escenario italiano. El Gubbio Summer Festival propone conciertos de m\u00fasica cl\u00e1sica y talleres con maestros de fama internacional . Gubbio no Borders presenta lo mejor de la m\u00fasica jazz italiana.","breadcrumb":{"@id":"https:\/\/www.parkhotelaicappuccini.it\/es\/gubbio-y-umbria\/nombramientos\/julio-agosto-temporada-de-verano-de-los-espectaculos-clasicos-gubbio-summer-festival-gubbio-no-borders\/#breadcrumb"},"inLanguage":"es","potentialAction":[{"@type":"ReadAction","target":["https:\/\/www.parkhotelaicappuccini.it\/es\/gubbio-y-umbria\/nombramientos\/julio-agosto-temporada-de-verano-de-los-espectaculos-clasicos-gubbio-summer-festival-gubbio-no-borders\/"]}]},{"@type":"BreadcrumbList","@id":"https:\/\/www.parkhotelaicappuccini.it\/es\/gubbio-y-umbria\/nombramientos\/julio-agosto-temporada-de-verano-de-los-espectaculos-clasicos-gubbio-summer-festival-gubbio-no-borders\/#breadcrumb","itemListElement":[{"@type":"ListItem","position":1,"name":"Home","item":"https:\/\/www.parkhotelaicappuccini.it\/es\/"},{"@type":"ListItem","position":2,"name":"Gubbio y Umbr\u00eda","item":"https:\/\/www.parkhotelaicappuccini.it\/es\/gubbio-y-umbria\/"},{"@type":"ListItem","position":3,"name":"Nombramientos","item":"https:\/\/www.parkhotelaicappuccini.it\/es\/gubbio-y-umbria\/nombramientos\/"},{"@type":"ListItem","position":4,"name":"Julio\/Agosto: Temporada de Verano de los espect\u00e1culos cl\u00e1sicos, Gubbio Summer Festival, Gubbio No Borders"}]},{"@type":"WebSite","@id":"https:\/\/www.parkhotelaicappuccini.it\/es\/#website","url":"https:\/\/www.parkhotelaicappuccini.it\/es\/","name":"Park Hotel Ai Cappuccini","description":"Just another ms.decms.eu site","potentialAction":[{"@type":"SearchAction","target":{"@type":"EntryPoint","urlTemplate":"https:\/\/www.parkhotelaicappuccini.it\/es\/?s={search_term_string}"},"query-input":{"@type":"PropertyValueSpecification","valueRequired":true,"valueName":"search_term_string"}}],"inLanguage":"es"}]}},"acf":[],"_links":{"self":[{"href":"https:\/\/www.parkhotelaicappuccini.it\/es\/wp-json\/wp\/v2\/pages\/1677","targetHints":{"allow":["GET"]}}],"collection":[{"href":"https:\/\/www.parkhotelaicappuccini.it\/es\/wp-json\/wp\/v2\/pages"}],"about":[{"href":"https:\/\/www.parkhotelaicappuccini.it\/es\/wp-json\/wp\/v2\/types\/page"}],"author":[{"embeddable":true,"href":"https:\/\/www.parkhotelaicappuccini.it\/es\/wp-json\/wp\/v2\/users\/36"}],"replies":[{"embeddable":true,"href":"https:\/\/www.parkhotelaicappuccini.it\/es\/wp-json\/wp\/v2\/comments?post=1677"}],"version-history":[{"count":0,"href":"https:\/\/www.parkhotelaicappuccini.it\/es\/wp-json\/wp\/v2\/pages\/1677\/revisions"}],"up":[{"embeddable":true,"href":"https:\/\/www.parkhotelaicappuccini.it\/es\/wp-json\/wp\/v2\/pages\/1644"}],"wp:attachment":[{"href":"https:\/\/www.parkhotelaicappuccini.it\/es\/wp-json\/wp\/v2\/media?parent=1677"}],"curies":[{"name":"wp","href":"https:\/\/api.w.org\/{rel}","templated":true}]}}