{"id":1662,"date":"2022-01-14T08:38:45","date_gmt":"2022-01-14T08:38:45","guid":{"rendered":"https:\/\/park-hotel-ai-cappuccini.ms.decms.eu\/?page_id=1662"},"modified":"2022-01-14T08:38:45","modified_gmt":"2022-01-14T08:38:45","slug":"octubre-noviembre-puente-de-todos-los-santos-muestra-mercado-nacional-de-la-trufa-blanca-y-de-los-productos-agroalimentarios","status":"publish","type":"page","link":"https:\/\/www.parkhotelaicappuccini.it\/es\/gubbio-y-umbria\/nombramientos\/octubre-noviembre-puente-de-todos-los-santos-muestra-mercado-nacional-de-la-trufa-blanca-y-de-los-productos-agroalimentarios\/","title":{"rendered":"Octubre\/Noviembre (Puente de Todos los Santos): Muestra Mercado Nacional de la Trufa Blanca y de los Productos Agroalimentarios."},"content":{"rendered":"<p>La Muestra Mercado Nacional de la Trufa blanca y de los Productos Agroalimentarios se ha convertido en uno de los acontecimientos m\u00e1s importantes de su tipo, un itinerario del sabor que est\u00e1 dislocado por todo el casco antiguo de Gubbio y que se celebra durante el puente de Todos los Santos, a caballo entre octubre y noviembre.<\/p>\n<p>La trufa, alimento deseado e inestimable que halla en el territorio de Gubbio un h\u00e1bitat natural adecuado para todas sus variedades, es declinado en m\u00faltiples y sabrosas recetas que lo convierten en el pr\u00edncipe indiscutible de la cocina de calidad de Umbr\u00eda.<\/p>\n","protected":false},"excerpt":{"rendered":"<p>La Muestra Mercado Nacional de la Trufa blanca y de los Productos Agroalimentarios se ha convertido en uno de los acontecimientos m\u00e1s importantes de su tipo, un itinerario del sabor que est\u00e1 dislocado por todo el casco antiguo de Gubbio y que se celebra durante el puente de Todos los Santos, a caballo entre octubre [&hellip;]<\/p>\n","protected":false},"author":36,"featured_media":0,"parent":1644,"menu_order":10,"comment_status":"closed","ping_status":"closed","template":"template-default-3.php","meta":{"footnotes":""},"class_list":["post-1662","page","type-page","status-publish","hentry"],"yoast_head":"<!-- This site is optimized with the Yoast SEO plugin v26.9 - https:\/\/yoast.com\/product\/yoast-seo-wordpress\/ -->\n<title>Octubre\/Noviembre (Puente de Todos los Santos): Muestra Mercado Nacional de la Trufa Blanca y de los Productos Agroalimentarios. - Park Hotel Ai Cappuccini -<\/title>\n<meta name=\"description\" content=\"La Muestra Mercado Nacional de la Trufa blanca y de los Productos Agroalimentarios se ha convertido en uno de los acontecimientos m\u00e1s importantes de su tipo, un itinerario del sabor que est\u00e1 dislocado por todo el casco antiguo de Gubbio y que se celebra durante el puente de Todos los Santos, a caballo entre octubre y noviembre.  La trufa, alimento deseado e inestimable que halla en el territorio de Gubbio un h\u00e1bitat natural adecuado para todas sus variedades, es declinado en m\u00faltiples y sabrosas recetas que lo convierten en el pr\u00edncipe indiscutible de la cocina de calidad de Umbr\u00eda..\" \/>\n<meta name=\"robots\" content=\"index, follow, max-snippet:-1, max-image-preview:large, max-video-preview:-1\" \/>\n<link rel=\"canonical\" href=\"https:\/\/www.parkhotelaicappuccini.it\/es\/gubbio-y-umbria\/nombramientos\/octubre-noviembre-puente-de-todos-los-santos-muestra-mercado-nacional-de-la-trufa-blanca-y-de-los-productos-agroalimentarios\/\" \/>\n<meta property=\"og:locale\" content=\"es_ES\" \/>\n<meta property=\"og:type\" content=\"article\" \/>\n<meta property=\"og:title\" content=\"Octubre\/Noviembre (Puente de Todos los Santos): Muestra Mercado Nacional de la Trufa Blanca y de los Productos Agroalimentarios. - Park Hotel Ai Cappuccini -\" \/>\n<meta property=\"og:description\" content=\"La Muestra Mercado Nacional de la Trufa blanca y de los Productos Agroalimentarios se ha convertido en uno de los acontecimientos m\u00e1s importantes de su tipo, un itinerario del sabor que est\u00e1 dislocado por todo el casco antiguo de Gubbio y que se celebra durante el puente de Todos los Santos, a caballo entre octubre y noviembre.  La trufa, alimento deseado e inestimable que halla en el territorio de Gubbio un h\u00e1bitat natural adecuado para todas sus variedades, es declinado en m\u00faltiples y sabrosas recetas que lo convierten en el pr\u00edncipe indiscutible de la cocina de calidad de Umbr\u00eda..\" \/>\n<meta property=\"og:url\" content=\"https:\/\/www.parkhotelaicappuccini.it\/es\/gubbio-y-umbria\/nombramientos\/octubre-noviembre-puente-de-todos-los-santos-muestra-mercado-nacional-de-la-trufa-blanca-y-de-los-productos-agroalimentarios\/\" \/>\n<meta property=\"og:site_name\" content=\"Park Hotel Ai Cappuccini\" \/>\n<meta property=\"og:image\" content=\"https:\/\/www.parkhotelaicappuccini.it\/wp-content\/uploads\/sites\/385\/2021\/12\/Parco-Acque-6.jpg\" \/>\n\t<meta property=\"og:image:width\" content=\"1200\" \/>\n\t<meta property=\"og:image:height\" content=\"666\" \/>\n\t<meta property=\"og:image:type\" content=\"image\/jpeg\" \/>\n<meta name=\"twitter:card\" content=\"summary_large_image\" \/>\n<meta name=\"twitter:label1\" content=\"Tiempo de lectura\" \/>\n\t<meta name=\"twitter:data1\" content=\"1 minuto\" \/>\n<script type=\"application\/ld+json\" class=\"yoast-schema-graph\">{\"@context\":\"https:\/\/schema.org\",\"@graph\":[{\"@type\":\"WebPage\",\"@id\":\"https:\/\/www.parkhotelaicappuccini.it\/es\/gubbio-y-umbria\/nombramientos\/octubre-noviembre-puente-de-todos-los-santos-muestra-mercado-nacional-de-la-trufa-blanca-y-de-los-productos-agroalimentarios\/\",\"url\":\"https:\/\/www.parkhotelaicappuccini.it\/es\/gubbio-y-umbria\/nombramientos\/octubre-noviembre-puente-de-todos-los-santos-muestra-mercado-nacional-de-la-trufa-blanca-y-de-los-productos-agroalimentarios\/\",\"name\":\"Octubre\/Noviembre (Puente de Todos los Santos): Muestra Mercado Nacional de la Trufa Blanca y de los Productos Agroalimentarios. - Park Hotel Ai Cappuccini -\",\"isPartOf\":{\"@id\":\"https:\/\/www.parkhotelaicappuccini.it\/es\/#website\"},\"datePublished\":\"2022-01-14T08:38:45+00:00\",\"description\":\"La Muestra Mercado Nacional de la Trufa blanca y de los Productos Agroalimentarios se ha convertido en uno de los acontecimientos m\u00e1s importantes de su tipo, un itinerario del sabor que est\u00e1 dislocado por todo el casco antiguo de Gubbio y que se celebra durante el puente de Todos los Santos, a caballo entre octubre y noviembre. La trufa, alimento deseado e inestimable que halla en el territorio de Gubbio un h\u00e1bitat natural adecuado para todas sus variedades, es declinado en m\u00faltiples y sabrosas recetas que lo convierten en el pr\u00edncipe indiscutible de la cocina de calidad de Umbr\u00eda..\",\"breadcrumb\":{\"@id\":\"https:\/\/www.parkhotelaicappuccini.it\/es\/gubbio-y-umbria\/nombramientos\/octubre-noviembre-puente-de-todos-los-santos-muestra-mercado-nacional-de-la-trufa-blanca-y-de-los-productos-agroalimentarios\/#breadcrumb\"},\"inLanguage\":\"es\",\"potentialAction\":[{\"@type\":\"ReadAction\",\"target\":[\"https:\/\/www.parkhotelaicappuccini.it\/es\/gubbio-y-umbria\/nombramientos\/octubre-noviembre-puente-de-todos-los-santos-muestra-mercado-nacional-de-la-trufa-blanca-y-de-los-productos-agroalimentarios\/\"]}]},{\"@type\":\"BreadcrumbList\",\"@id\":\"https:\/\/www.parkhotelaicappuccini.it\/es\/gubbio-y-umbria\/nombramientos\/octubre-noviembre-puente-de-todos-los-santos-muestra-mercado-nacional-de-la-trufa-blanca-y-de-los-productos-agroalimentarios\/#breadcrumb\",\"itemListElement\":[{\"@type\":\"ListItem\",\"position\":1,\"name\":\"Home\",\"item\":\"https:\/\/www.parkhotelaicappuccini.it\/es\/\"},{\"@type\":\"ListItem\",\"position\":2,\"name\":\"Gubbio y Umbr\u00eda\",\"item\":\"https:\/\/www.parkhotelaicappuccini.it\/es\/gubbio-y-umbria\/\"},{\"@type\":\"ListItem\",\"position\":3,\"name\":\"Nombramientos\",\"item\":\"https:\/\/www.parkhotelaicappuccini.it\/es\/gubbio-y-umbria\/nombramientos\/\"},{\"@type\":\"ListItem\",\"position\":4,\"name\":\"Octubre\/Noviembre (Puente de Todos los Santos): Muestra Mercado Nacional de la Trufa Blanca y de los Productos Agroalimentarios.\"}]},{\"@type\":\"WebSite\",\"@id\":\"https:\/\/www.parkhotelaicappuccini.it\/es\/#website\",\"url\":\"https:\/\/www.parkhotelaicappuccini.it\/es\/\",\"name\":\"Park Hotel Ai Cappuccini\",\"description\":\"Just another ms.decms.eu site\",\"potentialAction\":[{\"@type\":\"SearchAction\",\"target\":{\"@type\":\"EntryPoint\",\"urlTemplate\":\"https:\/\/www.parkhotelaicappuccini.it\/es\/?s={search_term_string}\"},\"query-input\":{\"@type\":\"PropertyValueSpecification\",\"valueRequired\":true,\"valueName\":\"search_term_string\"}}],\"inLanguage\":\"es\"}]}<\/script>\n<!-- \/ Yoast SEO plugin. -->","yoast_head_json":{"title":"Octubre\/Noviembre (Puente de Todos los Santos): Muestra Mercado Nacional de la Trufa Blanca y de los Productos Agroalimentarios. - Park Hotel Ai Cappuccini -","description":"La Muestra Mercado Nacional de la Trufa blanca y de los Productos Agroalimentarios se ha convertido en uno de los acontecimientos m\u00e1s importantes de su tipo, un itinerario del sabor que est\u00e1 dislocado por todo el casco antiguo de Gubbio y que se celebra durante el puente de Todos los Santos, a caballo entre octubre y noviembre.  La trufa, alimento deseado e inestimable que halla en el territorio de Gubbio un h\u00e1bitat natural adecuado para todas sus variedades, es declinado en m\u00faltiples y sabrosas recetas que lo convierten en el pr\u00edncipe indiscutible de la cocina de calidad de Umbr\u00eda..","robots":{"index":"index","follow":"follow","max-snippet":"max-snippet:-1","max-image-preview":"max-image-preview:large","max-video-preview":"max-video-preview:-1"},"canonical":"https:\/\/www.parkhotelaicappuccini.it\/es\/gubbio-y-umbria\/nombramientos\/octubre-noviembre-puente-de-todos-los-santos-muestra-mercado-nacional-de-la-trufa-blanca-y-de-los-productos-agroalimentarios\/","og_locale":"es_ES","og_type":"article","og_title":"Octubre\/Noviembre (Puente de Todos los Santos): Muestra Mercado Nacional de la Trufa Blanca y de los Productos Agroalimentarios. - Park Hotel Ai Cappuccini -","og_description":"La Muestra Mercado Nacional de la Trufa blanca y de los Productos Agroalimentarios se ha convertido en uno de los acontecimientos m\u00e1s importantes de su tipo, un itinerario del sabor que est\u00e1 dislocado por todo el casco antiguo de Gubbio y que se celebra durante el puente de Todos los Santos, a caballo entre octubre y noviembre.  La trufa, alimento deseado e inestimable que halla en el territorio de Gubbio un h\u00e1bitat natural adecuado para todas sus variedades, es declinado en m\u00faltiples y sabrosas recetas que lo convierten en el pr\u00edncipe indiscutible de la cocina de calidad de Umbr\u00eda..","og_url":"https:\/\/www.parkhotelaicappuccini.it\/es\/gubbio-y-umbria\/nombramientos\/octubre-noviembre-puente-de-todos-los-santos-muestra-mercado-nacional-de-la-trufa-blanca-y-de-los-productos-agroalimentarios\/","og_site_name":"Park Hotel Ai Cappuccini","og_image":[{"width":1200,"height":666,"url":"https:\/\/www.parkhotelaicappuccini.it\/wp-content\/uploads\/sites\/385\/2021\/12\/Parco-Acque-6.jpg","type":"image\/jpeg"}],"twitter_card":"summary_large_image","twitter_misc":{"Tiempo de lectura":"1 minuto"},"schema":{"@context":"https:\/\/schema.org","@graph":[{"@type":"WebPage","@id":"https:\/\/www.parkhotelaicappuccini.it\/es\/gubbio-y-umbria\/nombramientos\/octubre-noviembre-puente-de-todos-los-santos-muestra-mercado-nacional-de-la-trufa-blanca-y-de-los-productos-agroalimentarios\/","url":"https:\/\/www.parkhotelaicappuccini.it\/es\/gubbio-y-umbria\/nombramientos\/octubre-noviembre-puente-de-todos-los-santos-muestra-mercado-nacional-de-la-trufa-blanca-y-de-los-productos-agroalimentarios\/","name":"Octubre\/Noviembre (Puente de Todos los Santos): Muestra Mercado Nacional de la Trufa Blanca y de los Productos Agroalimentarios. - Park Hotel Ai Cappuccini -","isPartOf":{"@id":"https:\/\/www.parkhotelaicappuccini.it\/es\/#website"},"datePublished":"2022-01-14T08:38:45+00:00","description":"La Muestra Mercado Nacional de la Trufa blanca y de los Productos Agroalimentarios se ha convertido en uno de los acontecimientos m\u00e1s importantes de su tipo, un itinerario del sabor que est\u00e1 dislocado por todo el casco antiguo de Gubbio y que se celebra durante el puente de Todos los Santos, a caballo entre octubre y noviembre. La trufa, alimento deseado e inestimable que halla en el territorio de Gubbio un h\u00e1bitat natural adecuado para todas sus variedades, es declinado en m\u00faltiples y sabrosas recetas que lo convierten en el pr\u00edncipe indiscutible de la cocina de calidad de Umbr\u00eda..","breadcrumb":{"@id":"https:\/\/www.parkhotelaicappuccini.it\/es\/gubbio-y-umbria\/nombramientos\/octubre-noviembre-puente-de-todos-los-santos-muestra-mercado-nacional-de-la-trufa-blanca-y-de-los-productos-agroalimentarios\/#breadcrumb"},"inLanguage":"es","potentialAction":[{"@type":"ReadAction","target":["https:\/\/www.parkhotelaicappuccini.it\/es\/gubbio-y-umbria\/nombramientos\/octubre-noviembre-puente-de-todos-los-santos-muestra-mercado-nacional-de-la-trufa-blanca-y-de-los-productos-agroalimentarios\/"]}]},{"@type":"BreadcrumbList","@id":"https:\/\/www.parkhotelaicappuccini.it\/es\/gubbio-y-umbria\/nombramientos\/octubre-noviembre-puente-de-todos-los-santos-muestra-mercado-nacional-de-la-trufa-blanca-y-de-los-productos-agroalimentarios\/#breadcrumb","itemListElement":[{"@type":"ListItem","position":1,"name":"Home","item":"https:\/\/www.parkhotelaicappuccini.it\/es\/"},{"@type":"ListItem","position":2,"name":"Gubbio y Umbr\u00eda","item":"https:\/\/www.parkhotelaicappuccini.it\/es\/gubbio-y-umbria\/"},{"@type":"ListItem","position":3,"name":"Nombramientos","item":"https:\/\/www.parkhotelaicappuccini.it\/es\/gubbio-y-umbria\/nombramientos\/"},{"@type":"ListItem","position":4,"name":"Octubre\/Noviembre (Puente de Todos los Santos): Muestra Mercado Nacional de la Trufa Blanca y de los Productos Agroalimentarios."}]},{"@type":"WebSite","@id":"https:\/\/www.parkhotelaicappuccini.it\/es\/#website","url":"https:\/\/www.parkhotelaicappuccini.it\/es\/","name":"Park Hotel Ai Cappuccini","description":"Just another ms.decms.eu site","potentialAction":[{"@type":"SearchAction","target":{"@type":"EntryPoint","urlTemplate":"https:\/\/www.parkhotelaicappuccini.it\/es\/?s={search_term_string}"},"query-input":{"@type":"PropertyValueSpecification","valueRequired":true,"valueName":"search_term_string"}}],"inLanguage":"es"}]}},"acf":[],"_links":{"self":[{"href":"https:\/\/www.parkhotelaicappuccini.it\/es\/wp-json\/wp\/v2\/pages\/1662","targetHints":{"allow":["GET"]}}],"collection":[{"href":"https:\/\/www.parkhotelaicappuccini.it\/es\/wp-json\/wp\/v2\/pages"}],"about":[{"href":"https:\/\/www.parkhotelaicappuccini.it\/es\/wp-json\/wp\/v2\/types\/page"}],"author":[{"embeddable":true,"href":"https:\/\/www.parkhotelaicappuccini.it\/es\/wp-json\/wp\/v2\/users\/36"}],"replies":[{"embeddable":true,"href":"https:\/\/www.parkhotelaicappuccini.it\/es\/wp-json\/wp\/v2\/comments?post=1662"}],"version-history":[{"count":0,"href":"https:\/\/www.parkhotelaicappuccini.it\/es\/wp-json\/wp\/v2\/pages\/1662\/revisions"}],"up":[{"embeddable":true,"href":"https:\/\/www.parkhotelaicappuccini.it\/es\/wp-json\/wp\/v2\/pages\/1644"}],"wp:attachment":[{"href":"https:\/\/www.parkhotelaicappuccini.it\/es\/wp-json\/wp\/v2\/media?parent=1662"}],"curies":[{"name":"wp","href":"https:\/\/api.w.org\/{rel}","templated":true}]}}