{"id":165,"date":"2021-12-15T15:22:39","date_gmt":"2021-12-15T15:22:39","guid":{"rendered":"https:\/\/park-hotel-ai-cappuccini.ms.decms.eu\/?page_id=165"},"modified":"2021-12-15T15:23:20","modified_gmt":"2021-12-15T15:23:20","slug":"nicolao-restaurant","status":"publish","type":"page","link":"https:\/\/www.parkhotelaicappuccini.it\/es\/restaurante\/nicolao-restaurant\/","title":{"rendered":"Nicolao Restaurant"},"content":{"rendered":"<p>Es el <strong>restaurante a la carta del hotel<\/strong>.<\/p>\n<p>Acogedor y reservado, tiene un techo con vigas expuestas y entablado de roble.<\/p>\n<p>Servimos <strong>\u201cEl men\u00fa de temporada\u201d<\/strong>, el <strong>men\u00fa \u201cUmbria\u201d<\/strong> y<strong> \u201cEl men\u00fa del d\u00eda\u201d<\/strong>, junto con una vasta selecci\u00f3n de vinos de nuestra bodega, en un ambiente acogedor y c\u00e1lido que favorece una tranquila y gratificante degustaci\u00f3n.<\/p>\n","protected":false},"excerpt":{"rendered":"<p>Es el restaurante a la carta del hotel. Acogedor y reservado, tiene un techo con vigas expuestas y entablado de roble. Servimos \u201cEl men\u00fa de temporada\u201d, el men\u00fa \u201cUmbria\u201d y \u201cEl men\u00fa del d\u00eda\u201d, junto con una vasta selecci\u00f3n de vinos de nuestra bodega, en un ambiente acogedor y c\u00e1lido que favorece una tranquila y [&hellip;]<\/p>\n","protected":false},"author":36,"featured_media":0,"parent":152,"menu_order":5,"comment_status":"closed","ping_status":"closed","template":"template-single-restaurant.php","meta":{"footnotes":""},"class_list":["post-165","page","type-page","status-publish","hentry"],"yoast_head":"<!-- This site is optimized with the Yoast SEO plugin v26.9 - https:\/\/yoast.com\/product\/yoast-seo-wordpress\/ -->\n<title>Nicolao Restaurant - Park Hotel Ai Cappuccini -<\/title>\n<meta name=\"description\" content=\"Es el restaurante a la carta del hotel.  Acogedor y reservado, tiene un techo con vigas expuestas y entablado de roble.  Servimos \u201cEl men\u00fa de temporada\u201d, el men\u00fa \u201cUmbria\u201d y \u201cEl men\u00fa del d\u00eda\u201d, junto con una vasta selecci\u00f3n de vinos de nuestra bodega, en un ambiente acogedor y c\u00e1lido que favorece una tranquila y gratificante degustaci\u00f3n..\" \/>\n<meta name=\"robots\" content=\"index, follow, max-snippet:-1, max-image-preview:large, max-video-preview:-1\" \/>\n<link rel=\"canonical\" href=\"https:\/\/www.parkhotelaicappuccini.it\/es\/restaurante\/nicolao-restaurant\/\" \/>\n<meta property=\"og:locale\" content=\"es_ES\" \/>\n<meta property=\"og:type\" content=\"article\" \/>\n<meta property=\"og:title\" content=\"Nicolao Restaurant - Park Hotel Ai Cappuccini -\" \/>\n<meta property=\"og:description\" content=\"Es el restaurante a la carta del hotel.  Acogedor y reservado, tiene un techo con vigas expuestas y entablado de roble.  Servimos \u201cEl men\u00fa de temporada\u201d, el men\u00fa \u201cUmbria\u201d y \u201cEl men\u00fa del d\u00eda\u201d, junto con una vasta selecci\u00f3n de vinos de nuestra bodega, en un ambiente acogedor y c\u00e1lido que favorece una tranquila y gratificante degustaci\u00f3n..\" \/>\n<meta property=\"og:url\" content=\"https:\/\/www.parkhotelaicappuccini.it\/es\/restaurante\/nicolao-restaurant\/\" \/>\n<meta property=\"og:site_name\" content=\"Park Hotel Ai Cappuccini\" \/>\n<meta property=\"article:modified_time\" content=\"2021-12-15T15:23:20+00:00\" \/>\n<meta property=\"og:image\" content=\"https:\/\/www.parkhotelaicappuccini.it\/wp-content\/uploads\/sites\/385\/2021\/12\/Parco-Acque-6.jpg\" \/>\n\t<meta property=\"og:image:width\" content=\"1200\" \/>\n\t<meta property=\"og:image:height\" content=\"666\" \/>\n\t<meta property=\"og:image:type\" content=\"image\/jpeg\" \/>\n<meta name=\"twitter:card\" content=\"summary_large_image\" \/>\n<meta name=\"twitter:label1\" content=\"Tiempo de lectura\" \/>\n\t<meta name=\"twitter:data1\" content=\"1 minuto\" \/>\n<script type=\"application\/ld+json\" class=\"yoast-schema-graph\">{\"@context\":\"https:\/\/schema.org\",\"@graph\":[{\"@type\":\"WebPage\",\"@id\":\"https:\/\/www.parkhotelaicappuccini.it\/es\/restaurante\/nicolao-restaurant\/\",\"url\":\"https:\/\/www.parkhotelaicappuccini.it\/es\/restaurante\/nicolao-restaurant\/\",\"name\":\"Nicolao Restaurant - Park Hotel Ai Cappuccini -\",\"isPartOf\":{\"@id\":\"https:\/\/www.parkhotelaicappuccini.it\/es\/#website\"},\"datePublished\":\"2021-12-15T15:22:39+00:00\",\"dateModified\":\"2021-12-15T15:23:20+00:00\",\"description\":\"Es el restaurante a la carta del hotel. Acogedor y reservado, tiene un techo con vigas expuestas y entablado de roble. Servimos \u201cEl men\u00fa de temporada\u201d, el men\u00fa \u201cUmbria\u201d y \u201cEl men\u00fa del d\u00eda\u201d, junto con una vasta selecci\u00f3n de vinos de nuestra bodega, en un ambiente acogedor y c\u00e1lido que favorece una tranquila y gratificante degustaci\u00f3n..\",\"breadcrumb\":{\"@id\":\"https:\/\/www.parkhotelaicappuccini.it\/es\/restaurante\/nicolao-restaurant\/#breadcrumb\"},\"inLanguage\":\"es\",\"potentialAction\":[{\"@type\":\"ReadAction\",\"target\":[\"https:\/\/www.parkhotelaicappuccini.it\/es\/restaurante\/nicolao-restaurant\/\"]}]},{\"@type\":\"BreadcrumbList\",\"@id\":\"https:\/\/www.parkhotelaicappuccini.it\/es\/restaurante\/nicolao-restaurant\/#breadcrumb\",\"itemListElement\":[{\"@type\":\"ListItem\",\"position\":1,\"name\":\"Home\",\"item\":\"https:\/\/www.parkhotelaicappuccini.it\/es\/\"},{\"@type\":\"ListItem\",\"position\":2,\"name\":\"Restaurante\",\"item\":\"https:\/\/www.parkhotelaicappuccini.it\/es\/restaurante\/\"},{\"@type\":\"ListItem\",\"position\":3,\"name\":\"Nicolao Restaurant\"}]},{\"@type\":\"WebSite\",\"@id\":\"https:\/\/www.parkhotelaicappuccini.it\/es\/#website\",\"url\":\"https:\/\/www.parkhotelaicappuccini.it\/es\/\",\"name\":\"Park Hotel Ai Cappuccini\",\"description\":\"Just another ms.decms.eu site\",\"potentialAction\":[{\"@type\":\"SearchAction\",\"target\":{\"@type\":\"EntryPoint\",\"urlTemplate\":\"https:\/\/www.parkhotelaicappuccini.it\/es\/?s={search_term_string}\"},\"query-input\":{\"@type\":\"PropertyValueSpecification\",\"valueRequired\":true,\"valueName\":\"search_term_string\"}}],\"inLanguage\":\"es\"}]}<\/script>\n<!-- \/ Yoast SEO plugin. -->","yoast_head_json":{"title":"Nicolao Restaurant - Park Hotel Ai Cappuccini -","description":"Es el restaurante a la carta del hotel.  Acogedor y reservado, tiene un techo con vigas expuestas y entablado de roble.  Servimos \u201cEl men\u00fa de temporada\u201d, el men\u00fa \u201cUmbria\u201d y \u201cEl men\u00fa del d\u00eda\u201d, junto con una vasta selecci\u00f3n de vinos de nuestra bodega, en un ambiente acogedor y c\u00e1lido que favorece una tranquila y gratificante degustaci\u00f3n..","robots":{"index":"index","follow":"follow","max-snippet":"max-snippet:-1","max-image-preview":"max-image-preview:large","max-video-preview":"max-video-preview:-1"},"canonical":"https:\/\/www.parkhotelaicappuccini.it\/es\/restaurante\/nicolao-restaurant\/","og_locale":"es_ES","og_type":"article","og_title":"Nicolao Restaurant - Park Hotel Ai Cappuccini -","og_description":"Es el restaurante a la carta del hotel.  Acogedor y reservado, tiene un techo con vigas expuestas y entablado de roble.  Servimos \u201cEl men\u00fa de temporada\u201d, el men\u00fa \u201cUmbria\u201d y \u201cEl men\u00fa del d\u00eda\u201d, junto con una vasta selecci\u00f3n de vinos de nuestra bodega, en un ambiente acogedor y c\u00e1lido que favorece una tranquila y gratificante degustaci\u00f3n..","og_url":"https:\/\/www.parkhotelaicappuccini.it\/es\/restaurante\/nicolao-restaurant\/","og_site_name":"Park Hotel Ai Cappuccini","article_modified_time":"2021-12-15T15:23:20+00:00","og_image":[{"width":1200,"height":666,"url":"https:\/\/www.parkhotelaicappuccini.it\/wp-content\/uploads\/sites\/385\/2021\/12\/Parco-Acque-6.jpg","type":"image\/jpeg"}],"twitter_card":"summary_large_image","twitter_misc":{"Tiempo de lectura":"1 minuto"},"schema":{"@context":"https:\/\/schema.org","@graph":[{"@type":"WebPage","@id":"https:\/\/www.parkhotelaicappuccini.it\/es\/restaurante\/nicolao-restaurant\/","url":"https:\/\/www.parkhotelaicappuccini.it\/es\/restaurante\/nicolao-restaurant\/","name":"Nicolao Restaurant - Park Hotel Ai Cappuccini -","isPartOf":{"@id":"https:\/\/www.parkhotelaicappuccini.it\/es\/#website"},"datePublished":"2021-12-15T15:22:39+00:00","dateModified":"2021-12-15T15:23:20+00:00","description":"Es el restaurante a la carta del hotel. Acogedor y reservado, tiene un techo con vigas expuestas y entablado de roble. Servimos \u201cEl men\u00fa de temporada\u201d, el men\u00fa \u201cUmbria\u201d y \u201cEl men\u00fa del d\u00eda\u201d, junto con una vasta selecci\u00f3n de vinos de nuestra bodega, en un ambiente acogedor y c\u00e1lido que favorece una tranquila y gratificante degustaci\u00f3n..","breadcrumb":{"@id":"https:\/\/www.parkhotelaicappuccini.it\/es\/restaurante\/nicolao-restaurant\/#breadcrumb"},"inLanguage":"es","potentialAction":[{"@type":"ReadAction","target":["https:\/\/www.parkhotelaicappuccini.it\/es\/restaurante\/nicolao-restaurant\/"]}]},{"@type":"BreadcrumbList","@id":"https:\/\/www.parkhotelaicappuccini.it\/es\/restaurante\/nicolao-restaurant\/#breadcrumb","itemListElement":[{"@type":"ListItem","position":1,"name":"Home","item":"https:\/\/www.parkhotelaicappuccini.it\/es\/"},{"@type":"ListItem","position":2,"name":"Restaurante","item":"https:\/\/www.parkhotelaicappuccini.it\/es\/restaurante\/"},{"@type":"ListItem","position":3,"name":"Nicolao Restaurant"}]},{"@type":"WebSite","@id":"https:\/\/www.parkhotelaicappuccini.it\/es\/#website","url":"https:\/\/www.parkhotelaicappuccini.it\/es\/","name":"Park Hotel Ai Cappuccini","description":"Just another ms.decms.eu site","potentialAction":[{"@type":"SearchAction","target":{"@type":"EntryPoint","urlTemplate":"https:\/\/www.parkhotelaicappuccini.it\/es\/?s={search_term_string}"},"query-input":{"@type":"PropertyValueSpecification","valueRequired":true,"valueName":"search_term_string"}}],"inLanguage":"es"}]}},"acf":[],"_links":{"self":[{"href":"https:\/\/www.parkhotelaicappuccini.it\/es\/wp-json\/wp\/v2\/pages\/165","targetHints":{"allow":["GET"]}}],"collection":[{"href":"https:\/\/www.parkhotelaicappuccini.it\/es\/wp-json\/wp\/v2\/pages"}],"about":[{"href":"https:\/\/www.parkhotelaicappuccini.it\/es\/wp-json\/wp\/v2\/types\/page"}],"author":[{"embeddable":true,"href":"https:\/\/www.parkhotelaicappuccini.it\/es\/wp-json\/wp\/v2\/users\/36"}],"replies":[{"embeddable":true,"href":"https:\/\/www.parkhotelaicappuccini.it\/es\/wp-json\/wp\/v2\/comments?post=165"}],"version-history":[{"count":0,"href":"https:\/\/www.parkhotelaicappuccini.it\/es\/wp-json\/wp\/v2\/pages\/165\/revisions"}],"up":[{"embeddable":true,"href":"https:\/\/www.parkhotelaicappuccini.it\/es\/wp-json\/wp\/v2\/pages\/152"}],"wp:attachment":[{"href":"https:\/\/www.parkhotelaicappuccini.it\/es\/wp-json\/wp\/v2\/media?parent=165"}],"curies":[{"name":"wp","href":"https:\/\/api.w.org\/{rel}","templated":true}]}}