{"id":152,"date":"2021-12-15T14:30:52","date_gmt":"2021-12-15T14:30:52","guid":{"rendered":"https:\/\/park-hotel-ai-cappuccini.ms.decms.eu\/?page_id=152"},"modified":"2022-08-26T12:16:51","modified_gmt":"2022-08-26T12:16:51","slug":"restaurante","status":"publish","type":"page","link":"https:\/\/www.parkhotelaicappuccini.it\/es\/restaurante\/","title":{"rendered":"Restaurante"},"content":{"rendered":"<p><strong>Umbria<\/strong>, <strong>Gubbio<\/strong> y el <strong>Park Hotel ai Cappuccini<\/strong> quedar\u00e1n siempre grabados en su memoria por su<strong> inestimable gastronom\u00eda<\/strong>.<\/p>\n<p>Podr\u00e1 <strong>degustar productos t\u00edpicos<\/strong> elaborados con <strong>sabrosas recetas<\/strong> acompa\u00f1ados con los mejores vinos umbros e italianos. La<strong> satisfacci\u00f3n en la mesa<\/strong>, un placentero ritual del cuerpo y del alma.<\/p>\n","protected":false},"excerpt":{"rendered":"<p>Umbria, Gubbio y el Park Hotel ai Cappuccini quedar\u00e1n siempre grabados en su memoria por su inestimable gastronom\u00eda. Podr\u00e1 degustar productos t\u00edpicos elaborados con sabrosas recetas acompa\u00f1ados con los mejores vinos umbros e italianos. La satisfacci\u00f3n en la mesa, un placentero ritual del cuerpo y del alma.<\/p>\n","protected":false},"author":36,"featured_media":0,"parent":0,"menu_order":15,"comment_status":"closed","ping_status":"closed","template":"template-restaurants.php","meta":{"footnotes":""},"class_list":["post-152","page","type-page","status-publish","hentry"],"yoast_head":"<!-- This site is optimized with the Yoast SEO plugin v26.9 - https:\/\/yoast.com\/product\/yoast-seo-wordpress\/ -->\n<title>Restaurante - Park Hotel Ai Cappuccini -<\/title>\n<meta name=\"description\" content=\"Umbria, Gubbio y el Park Hotel ai Cappuccini quedar\u00e1n siempre grabados en su memoria por su inestimable gastronom\u00eda.  Podr\u00e1 degustar productos t\u00edpicos elaborados con sabrosas recetas acompa\u00f1ados con los mejores vinos umbros e italianos. La satisfacci\u00f3n en la mesa, un placentero ritual del cuerpo y del alma.\" \/>\n<meta name=\"robots\" content=\"index, follow, max-snippet:-1, max-image-preview:large, max-video-preview:-1\" \/>\n<link rel=\"canonical\" href=\"https:\/\/www.parkhotelaicappuccini.it\/es\/restaurante\/\" \/>\n<meta property=\"og:locale\" content=\"es_ES\" \/>\n<meta property=\"og:type\" content=\"article\" \/>\n<meta property=\"og:title\" content=\"Restaurante - Park Hotel Ai Cappuccini -\" \/>\n<meta property=\"og:description\" content=\"Umbria, Gubbio y el Park Hotel ai Cappuccini quedar\u00e1n siempre grabados en su memoria por su inestimable gastronom\u00eda.  Podr\u00e1 degustar productos t\u00edpicos elaborados con sabrosas recetas acompa\u00f1ados con los mejores vinos umbros e italianos. La satisfacci\u00f3n en la mesa, un placentero ritual del cuerpo y del alma.\" \/>\n<meta property=\"og:url\" content=\"https:\/\/www.parkhotelaicappuccini.it\/es\/restaurante\/\" \/>\n<meta property=\"og:site_name\" content=\"Park Hotel Ai Cappuccini\" \/>\n<meta property=\"article:modified_time\" content=\"2022-08-26T12:16:51+00:00\" \/>\n<meta property=\"og:image\" content=\"https:\/\/www.parkhotelaicappuccini.it\/wp-content\/uploads\/sites\/385\/2021\/12\/Parco-Acque-6.jpg\" \/>\n\t<meta property=\"og:image:width\" content=\"1200\" \/>\n\t<meta property=\"og:image:height\" content=\"666\" \/>\n\t<meta property=\"og:image:type\" content=\"image\/jpeg\" \/>\n<meta name=\"twitter:card\" content=\"summary_large_image\" \/>\n<meta name=\"twitter:label1\" content=\"Tiempo de lectura\" \/>\n\t<meta name=\"twitter:data1\" content=\"1 minuto\" \/>\n<script type=\"application\/ld+json\" class=\"yoast-schema-graph\">{\"@context\":\"https:\/\/schema.org\",\"@graph\":[{\"@type\":\"WebPage\",\"@id\":\"https:\/\/www.parkhotelaicappuccini.it\/es\/restaurante\/\",\"url\":\"https:\/\/www.parkhotelaicappuccini.it\/es\/restaurante\/\",\"name\":\"Restaurante - Park Hotel Ai Cappuccini -\",\"isPartOf\":{\"@id\":\"https:\/\/www.parkhotelaicappuccini.it\/es\/#website\"},\"datePublished\":\"2021-12-15T14:30:52+00:00\",\"dateModified\":\"2022-08-26T12:16:51+00:00\",\"description\":\"Umbria, Gubbio y el Park Hotel ai Cappuccini quedar\u00e1n siempre grabados en su memoria por su inestimable gastronom\u00eda. Podr\u00e1 degustar productos t\u00edpicos elaborados con sabrosas recetas acompa\u00f1ados con los mejores vinos umbros e italianos. La satisfacci\u00f3n en la mesa, un placentero ritual del cuerpo y del alma.\",\"breadcrumb\":{\"@id\":\"https:\/\/www.parkhotelaicappuccini.it\/es\/restaurante\/#breadcrumb\"},\"inLanguage\":\"es\",\"potentialAction\":[{\"@type\":\"ReadAction\",\"target\":[\"https:\/\/www.parkhotelaicappuccini.it\/es\/restaurante\/\"]}]},{\"@type\":\"BreadcrumbList\",\"@id\":\"https:\/\/www.parkhotelaicappuccini.it\/es\/restaurante\/#breadcrumb\",\"itemListElement\":[{\"@type\":\"ListItem\",\"position\":1,\"name\":\"Home\",\"item\":\"https:\/\/www.parkhotelaicappuccini.it\/es\/\"},{\"@type\":\"ListItem\",\"position\":2,\"name\":\"Restaurante\"}]},{\"@type\":\"WebSite\",\"@id\":\"https:\/\/www.parkhotelaicappuccini.it\/es\/#website\",\"url\":\"https:\/\/www.parkhotelaicappuccini.it\/es\/\",\"name\":\"Park Hotel Ai Cappuccini\",\"description\":\"Just another ms.decms.eu site\",\"potentialAction\":[{\"@type\":\"SearchAction\",\"target\":{\"@type\":\"EntryPoint\",\"urlTemplate\":\"https:\/\/www.parkhotelaicappuccini.it\/es\/?s={search_term_string}\"},\"query-input\":{\"@type\":\"PropertyValueSpecification\",\"valueRequired\":true,\"valueName\":\"search_term_string\"}}],\"inLanguage\":\"es\"}]}<\/script>\n<!-- \/ Yoast SEO plugin. -->","yoast_head_json":{"title":"Restaurante - Park Hotel Ai Cappuccini -","description":"Umbria, Gubbio y el Park Hotel ai Cappuccini quedar\u00e1n siempre grabados en su memoria por su inestimable gastronom\u00eda.  Podr\u00e1 degustar productos t\u00edpicos elaborados con sabrosas recetas acompa\u00f1ados con los mejores vinos umbros e italianos. La satisfacci\u00f3n en la mesa, un placentero ritual del cuerpo y del alma.","robots":{"index":"index","follow":"follow","max-snippet":"max-snippet:-1","max-image-preview":"max-image-preview:large","max-video-preview":"max-video-preview:-1"},"canonical":"https:\/\/www.parkhotelaicappuccini.it\/es\/restaurante\/","og_locale":"es_ES","og_type":"article","og_title":"Restaurante - Park Hotel Ai Cappuccini -","og_description":"Umbria, Gubbio y el Park Hotel ai Cappuccini quedar\u00e1n siempre grabados en su memoria por su inestimable gastronom\u00eda.  Podr\u00e1 degustar productos t\u00edpicos elaborados con sabrosas recetas acompa\u00f1ados con los mejores vinos umbros e italianos. La satisfacci\u00f3n en la mesa, un placentero ritual del cuerpo y del alma.","og_url":"https:\/\/www.parkhotelaicappuccini.it\/es\/restaurante\/","og_site_name":"Park Hotel Ai Cappuccini","article_modified_time":"2022-08-26T12:16:51+00:00","og_image":[{"width":1200,"height":666,"url":"https:\/\/www.parkhotelaicappuccini.it\/wp-content\/uploads\/sites\/385\/2021\/12\/Parco-Acque-6.jpg","type":"image\/jpeg"}],"twitter_card":"summary_large_image","twitter_misc":{"Tiempo de lectura":"1 minuto"},"schema":{"@context":"https:\/\/schema.org","@graph":[{"@type":"WebPage","@id":"https:\/\/www.parkhotelaicappuccini.it\/es\/restaurante\/","url":"https:\/\/www.parkhotelaicappuccini.it\/es\/restaurante\/","name":"Restaurante - Park Hotel Ai Cappuccini -","isPartOf":{"@id":"https:\/\/www.parkhotelaicappuccini.it\/es\/#website"},"datePublished":"2021-12-15T14:30:52+00:00","dateModified":"2022-08-26T12:16:51+00:00","description":"Umbria, Gubbio y el Park Hotel ai Cappuccini quedar\u00e1n siempre grabados en su memoria por su inestimable gastronom\u00eda. Podr\u00e1 degustar productos t\u00edpicos elaborados con sabrosas recetas acompa\u00f1ados con los mejores vinos umbros e italianos. La satisfacci\u00f3n en la mesa, un placentero ritual del cuerpo y del alma.","breadcrumb":{"@id":"https:\/\/www.parkhotelaicappuccini.it\/es\/restaurante\/#breadcrumb"},"inLanguage":"es","potentialAction":[{"@type":"ReadAction","target":["https:\/\/www.parkhotelaicappuccini.it\/es\/restaurante\/"]}]},{"@type":"BreadcrumbList","@id":"https:\/\/www.parkhotelaicappuccini.it\/es\/restaurante\/#breadcrumb","itemListElement":[{"@type":"ListItem","position":1,"name":"Home","item":"https:\/\/www.parkhotelaicappuccini.it\/es\/"},{"@type":"ListItem","position":2,"name":"Restaurante"}]},{"@type":"WebSite","@id":"https:\/\/www.parkhotelaicappuccini.it\/es\/#website","url":"https:\/\/www.parkhotelaicappuccini.it\/es\/","name":"Park Hotel Ai Cappuccini","description":"Just another ms.decms.eu site","potentialAction":[{"@type":"SearchAction","target":{"@type":"EntryPoint","urlTemplate":"https:\/\/www.parkhotelaicappuccini.it\/es\/?s={search_term_string}"},"query-input":{"@type":"PropertyValueSpecification","valueRequired":true,"valueName":"search_term_string"}}],"inLanguage":"es"}]}},"acf":[],"_links":{"self":[{"href":"https:\/\/www.parkhotelaicappuccini.it\/es\/wp-json\/wp\/v2\/pages\/152","targetHints":{"allow":["GET"]}}],"collection":[{"href":"https:\/\/www.parkhotelaicappuccini.it\/es\/wp-json\/wp\/v2\/pages"}],"about":[{"href":"https:\/\/www.parkhotelaicappuccini.it\/es\/wp-json\/wp\/v2\/types\/page"}],"author":[{"embeddable":true,"href":"https:\/\/www.parkhotelaicappuccini.it\/es\/wp-json\/wp\/v2\/users\/36"}],"replies":[{"embeddable":true,"href":"https:\/\/www.parkhotelaicappuccini.it\/es\/wp-json\/wp\/v2\/comments?post=152"}],"version-history":[{"count":0,"href":"https:\/\/www.parkhotelaicappuccini.it\/es\/wp-json\/wp\/v2\/pages\/152\/revisions"}],"wp:attachment":[{"href":"https:\/\/www.parkhotelaicappuccini.it\/es\/wp-json\/wp\/v2\/media?parent=152"}],"curies":[{"name":"wp","href":"https:\/\/api.w.org\/{rel}","templated":true}]}}