{"id":136,"date":"2021-12-15T11:31:47","date_gmt":"2021-12-15T11:31:47","guid":{"rendered":"https:\/\/park-hotel-ai-cappuccini.ms.decms.eu\/?page_id=136"},"modified":"2021-12-15T13:44:58","modified_gmt":"2021-12-15T13:44:58","slug":"suite","status":"publish","type":"page","link":"https:\/\/www.parkhotelaicappuccini.it\/es\/habitaciones\/suite\/","title":{"rendered":"Suite"},"content":{"rendered":"<p>Esta suite con vistas a las colinas o al parque tiene un dormitorio y una zona de estar independiente con un sof\u00e1 cama. Muebles contempor\u00e1neos y antiguos.<\/p>\n<p><strong>Capacidad<\/strong><br \/>\n4 personas (3 adultos, 3 ni\u00f1os)<\/p>\n<p><strong>Equipos num\u00e9ricos<\/strong><br \/>\nTV de pago, TV v\u00eda sat\u00e9lite, TV, Juegos de video, Radio, LCD TV, WiFi pagado, WiFi Gratuito, Acceso a internet gratuito<\/p>\n<p><strong>Para su comodidad<\/strong><br \/>\nZapatillas, Parquet, Se permiten mascotas, Sala de estar, In Room Safe, Interior doorways, Non-smoking rooms available, Smoking rooms available<\/p>\n<p><strong>Opciones de alojamiento<\/strong><br \/>\nDouble, Double + Extra Bed<\/p>\n<p><strong>Cuarto de ba\u00f1o<\/strong><br \/>\nSecador de pelo, Ba\u00f1o privado, Duchas a nivel del suelo, Bid\u00e9, Ba\u00f1o<\/p>\n","protected":false},"excerpt":{"rendered":"<p>Esta suite con vistas a las colinas o al parque tiene un dormitorio y una zona de estar independiente con un sof\u00e1 cama. Muebles contempor\u00e1neos y antiguos. Capacidad 4 personas (3 adultos, 3 ni\u00f1os) Equipos num\u00e9ricos TV de pago, TV v\u00eda sat\u00e9lite, TV, Juegos de video, Radio, LCD TV, WiFi pagado, WiFi Gratuito, Acceso a [&hellip;]<\/p>\n","protected":false},"author":36,"featured_media":0,"parent":46,"menu_order":30,"comment_status":"closed","ping_status":"closed","template":"template-single-room.php","meta":{"footnotes":""},"class_list":["post-136","page","type-page","status-publish","hentry"],"yoast_head":"<!-- This site is optimized with the Yoast SEO plugin v26.9 - https:\/\/yoast.com\/product\/yoast-seo-wordpress\/ -->\n<title>Suite - Park Hotel Ai Cappuccini -<\/title>\n<meta name=\"description\" content=\"Esta suite con vistas a las colinas o al parque tiene un dormitorio y una zona de estar independiente con un sof\u00e1 cama. Muebles contempor\u00e1neos y antiguos.  Capacidad 4 personas (3 adultos, 3 ni\u00f1os)  Equipos num\u00e9ricos TV de pago, TV v\u00eda sat\u00e9lite, TV, Juegos de video, Radio, LCD TV, WiFi pagado, WiFi Gratuito, Acceso a internet gratuito  Para su comodidad Zapatillas, Parquet, Se permiten mascotas, Sala de estar, In Room Safe, Interior doorways, Non-smoking rooms available, Smoking rooms available  Opciones de alojamiento Double, Double + Extra Bed  Cuarto de ba\u00f1o Secador de pelo, Ba\u00f1o privado, Duchas a nivel del suelo, Bid\u00e9, Ba\u00f1o\" \/>\n<meta name=\"robots\" content=\"index, follow, max-snippet:-1, max-image-preview:large, max-video-preview:-1\" \/>\n<link rel=\"canonical\" href=\"https:\/\/www.parkhotelaicappuccini.it\/es\/habitaciones\/suite\/\" \/>\n<meta property=\"og:locale\" content=\"es_ES\" \/>\n<meta property=\"og:type\" content=\"article\" \/>\n<meta property=\"og:title\" content=\"Suite - Park Hotel Ai Cappuccini -\" \/>\n<meta property=\"og:description\" content=\"Esta suite con vistas a las colinas o al parque tiene un dormitorio y una zona de estar independiente con un sof\u00e1 cama. Muebles contempor\u00e1neos y antiguos.  Capacidad 4 personas (3 adultos, 3 ni\u00f1os)  Equipos num\u00e9ricos TV de pago, TV v\u00eda sat\u00e9lite, TV, Juegos de video, Radio, LCD TV, WiFi pagado, WiFi Gratuito, Acceso a internet gratuito  Para su comodidad Zapatillas, Parquet, Se permiten mascotas, Sala de estar, In Room Safe, Interior doorways, Non-smoking rooms available, Smoking rooms available  Opciones de alojamiento Double, Double + Extra Bed  Cuarto de ba\u00f1o Secador de pelo, Ba\u00f1o privado, Duchas a nivel del suelo, Bid\u00e9, Ba\u00f1o\" \/>\n<meta property=\"og:url\" content=\"https:\/\/www.parkhotelaicappuccini.it\/es\/habitaciones\/suite\/\" \/>\n<meta property=\"og:site_name\" content=\"Park Hotel Ai Cappuccini\" \/>\n<meta property=\"article:modified_time\" content=\"2021-12-15T13:44:58+00:00\" \/>\n<meta property=\"og:image\" content=\"https:\/\/www.parkhotelaicappuccini.it\/wp-content\/uploads\/sites\/385\/2021\/12\/Parco-Acque-6.jpg\" \/>\n\t<meta property=\"og:image:width\" content=\"1200\" \/>\n\t<meta property=\"og:image:height\" content=\"666\" \/>\n\t<meta property=\"og:image:type\" content=\"image\/jpeg\" \/>\n<meta name=\"twitter:card\" content=\"summary_large_image\" \/>\n<meta name=\"twitter:label1\" content=\"Tiempo de lectura\" \/>\n\t<meta name=\"twitter:data1\" content=\"1 minuto\" \/>\n<script type=\"application\/ld+json\" class=\"yoast-schema-graph\">{\"@context\":\"https:\/\/schema.org\",\"@graph\":[{\"@type\":\"WebPage\",\"@id\":\"https:\/\/www.parkhotelaicappuccini.it\/es\/habitaciones\/suite\/\",\"url\":\"https:\/\/www.parkhotelaicappuccini.it\/es\/habitaciones\/suite\/\",\"name\":\"Suite - Park Hotel Ai Cappuccini -\",\"isPartOf\":{\"@id\":\"https:\/\/www.parkhotelaicappuccini.it\/es\/#website\"},\"datePublished\":\"2021-12-15T11:31:47+00:00\",\"dateModified\":\"2021-12-15T13:44:58+00:00\",\"description\":\"Esta suite con vistas a las colinas o al parque tiene un dormitorio y una zona de estar independiente con un sof\u00e1 cama. Muebles contempor\u00e1neos y antiguos. Capacidad 4 personas (3 adultos, 3 ni\u00f1os) Equipos num\u00e9ricos TV de pago, TV v\u00eda sat\u00e9lite, TV, Juegos de video, Radio, LCD TV, WiFi pagado, WiFi Gratuito, Acceso a internet gratuito Para su comodidad Zapatillas, Parquet, Se permiten mascotas, Sala de estar, In Room Safe, Interior doorways, Non-smoking rooms available, Smoking rooms available Opciones de alojamiento Double, Double + Extra Bed Cuarto de ba\u00f1o Secador de pelo, Ba\u00f1o privado, Duchas a nivel del suelo, Bid\u00e9, Ba\u00f1o\",\"breadcrumb\":{\"@id\":\"https:\/\/www.parkhotelaicappuccini.it\/es\/habitaciones\/suite\/#breadcrumb\"},\"inLanguage\":\"es\",\"potentialAction\":[{\"@type\":\"ReadAction\",\"target\":[\"https:\/\/www.parkhotelaicappuccini.it\/es\/habitaciones\/suite\/\"]}]},{\"@type\":\"BreadcrumbList\",\"@id\":\"https:\/\/www.parkhotelaicappuccini.it\/es\/habitaciones\/suite\/#breadcrumb\",\"itemListElement\":[{\"@type\":\"ListItem\",\"position\":1,\"name\":\"Home\",\"item\":\"https:\/\/www.parkhotelaicappuccini.it\/es\/\"},{\"@type\":\"ListItem\",\"position\":2,\"name\":\"Habitaciones\",\"item\":\"https:\/\/www.parkhotelaicappuccini.it\/es\/habitaciones\/\"},{\"@type\":\"ListItem\",\"position\":3,\"name\":\"Suite\"}]},{\"@type\":\"WebSite\",\"@id\":\"https:\/\/www.parkhotelaicappuccini.it\/es\/#website\",\"url\":\"https:\/\/www.parkhotelaicappuccini.it\/es\/\",\"name\":\"Park Hotel Ai Cappuccini\",\"description\":\"Just another ms.decms.eu site\",\"potentialAction\":[{\"@type\":\"SearchAction\",\"target\":{\"@type\":\"EntryPoint\",\"urlTemplate\":\"https:\/\/www.parkhotelaicappuccini.it\/es\/?s={search_term_string}\"},\"query-input\":{\"@type\":\"PropertyValueSpecification\",\"valueRequired\":true,\"valueName\":\"search_term_string\"}}],\"inLanguage\":\"es\"}]}<\/script>\n<!-- \/ Yoast SEO plugin. -->","yoast_head_json":{"title":"Suite - Park Hotel Ai Cappuccini -","description":"Esta suite con vistas a las colinas o al parque tiene un dormitorio y una zona de estar independiente con un sof\u00e1 cama. Muebles contempor\u00e1neos y antiguos.  Capacidad 4 personas (3 adultos, 3 ni\u00f1os)  Equipos num\u00e9ricos TV de pago, TV v\u00eda sat\u00e9lite, TV, Juegos de video, Radio, LCD TV, WiFi pagado, WiFi Gratuito, Acceso a internet gratuito  Para su comodidad Zapatillas, Parquet, Se permiten mascotas, Sala de estar, In Room Safe, Interior doorways, Non-smoking rooms available, Smoking rooms available  Opciones de alojamiento Double, Double + Extra Bed  Cuarto de ba\u00f1o Secador de pelo, Ba\u00f1o privado, Duchas a nivel del suelo, Bid\u00e9, Ba\u00f1o","robots":{"index":"index","follow":"follow","max-snippet":"max-snippet:-1","max-image-preview":"max-image-preview:large","max-video-preview":"max-video-preview:-1"},"canonical":"https:\/\/www.parkhotelaicappuccini.it\/es\/habitaciones\/suite\/","og_locale":"es_ES","og_type":"article","og_title":"Suite - Park Hotel Ai Cappuccini -","og_description":"Esta suite con vistas a las colinas o al parque tiene un dormitorio y una zona de estar independiente con un sof\u00e1 cama. Muebles contempor\u00e1neos y antiguos.  Capacidad 4 personas (3 adultos, 3 ni\u00f1os)  Equipos num\u00e9ricos TV de pago, TV v\u00eda sat\u00e9lite, TV, Juegos de video, Radio, LCD TV, WiFi pagado, WiFi Gratuito, Acceso a internet gratuito  Para su comodidad Zapatillas, Parquet, Se permiten mascotas, Sala de estar, In Room Safe, Interior doorways, Non-smoking rooms available, Smoking rooms available  Opciones de alojamiento Double, Double + Extra Bed  Cuarto de ba\u00f1o Secador de pelo, Ba\u00f1o privado, Duchas a nivel del suelo, Bid\u00e9, Ba\u00f1o","og_url":"https:\/\/www.parkhotelaicappuccini.it\/es\/habitaciones\/suite\/","og_site_name":"Park Hotel Ai Cappuccini","article_modified_time":"2021-12-15T13:44:58+00:00","og_image":[{"width":1200,"height":666,"url":"https:\/\/www.parkhotelaicappuccini.it\/wp-content\/uploads\/sites\/385\/2021\/12\/Parco-Acque-6.jpg","type":"image\/jpeg"}],"twitter_card":"summary_large_image","twitter_misc":{"Tiempo de lectura":"1 minuto"},"schema":{"@context":"https:\/\/schema.org","@graph":[{"@type":"WebPage","@id":"https:\/\/www.parkhotelaicappuccini.it\/es\/habitaciones\/suite\/","url":"https:\/\/www.parkhotelaicappuccini.it\/es\/habitaciones\/suite\/","name":"Suite - Park Hotel Ai Cappuccini -","isPartOf":{"@id":"https:\/\/www.parkhotelaicappuccini.it\/es\/#website"},"datePublished":"2021-12-15T11:31:47+00:00","dateModified":"2021-12-15T13:44:58+00:00","description":"Esta suite con vistas a las colinas o al parque tiene un dormitorio y una zona de estar independiente con un sof\u00e1 cama. Muebles contempor\u00e1neos y antiguos. Capacidad 4 personas (3 adultos, 3 ni\u00f1os) Equipos num\u00e9ricos TV de pago, TV v\u00eda sat\u00e9lite, TV, Juegos de video, Radio, LCD TV, WiFi pagado, WiFi Gratuito, Acceso a internet gratuito Para su comodidad Zapatillas, Parquet, Se permiten mascotas, Sala de estar, In Room Safe, Interior doorways, Non-smoking rooms available, Smoking rooms available Opciones de alojamiento Double, Double + Extra Bed Cuarto de ba\u00f1o Secador de pelo, Ba\u00f1o privado, Duchas a nivel del suelo, Bid\u00e9, Ba\u00f1o","breadcrumb":{"@id":"https:\/\/www.parkhotelaicappuccini.it\/es\/habitaciones\/suite\/#breadcrumb"},"inLanguage":"es","potentialAction":[{"@type":"ReadAction","target":["https:\/\/www.parkhotelaicappuccini.it\/es\/habitaciones\/suite\/"]}]},{"@type":"BreadcrumbList","@id":"https:\/\/www.parkhotelaicappuccini.it\/es\/habitaciones\/suite\/#breadcrumb","itemListElement":[{"@type":"ListItem","position":1,"name":"Home","item":"https:\/\/www.parkhotelaicappuccini.it\/es\/"},{"@type":"ListItem","position":2,"name":"Habitaciones","item":"https:\/\/www.parkhotelaicappuccini.it\/es\/habitaciones\/"},{"@type":"ListItem","position":3,"name":"Suite"}]},{"@type":"WebSite","@id":"https:\/\/www.parkhotelaicappuccini.it\/es\/#website","url":"https:\/\/www.parkhotelaicappuccini.it\/es\/","name":"Park Hotel Ai Cappuccini","description":"Just another ms.decms.eu site","potentialAction":[{"@type":"SearchAction","target":{"@type":"EntryPoint","urlTemplate":"https:\/\/www.parkhotelaicappuccini.it\/es\/?s={search_term_string}"},"query-input":{"@type":"PropertyValueSpecification","valueRequired":true,"valueName":"search_term_string"}}],"inLanguage":"es"}]}},"acf":[],"_links":{"self":[{"href":"https:\/\/www.parkhotelaicappuccini.it\/es\/wp-json\/wp\/v2\/pages\/136","targetHints":{"allow":["GET"]}}],"collection":[{"href":"https:\/\/www.parkhotelaicappuccini.it\/es\/wp-json\/wp\/v2\/pages"}],"about":[{"href":"https:\/\/www.parkhotelaicappuccini.it\/es\/wp-json\/wp\/v2\/types\/page"}],"author":[{"embeddable":true,"href":"https:\/\/www.parkhotelaicappuccini.it\/es\/wp-json\/wp\/v2\/users\/36"}],"replies":[{"embeddable":true,"href":"https:\/\/www.parkhotelaicappuccini.it\/es\/wp-json\/wp\/v2\/comments?post=136"}],"version-history":[{"count":0,"href":"https:\/\/www.parkhotelaicappuccini.it\/es\/wp-json\/wp\/v2\/pages\/136\/revisions"}],"up":[{"embeddable":true,"href":"https:\/\/www.parkhotelaicappuccini.it\/es\/wp-json\/wp\/v2\/pages\/46"}],"wp:attachment":[{"href":"https:\/\/www.parkhotelaicappuccini.it\/es\/wp-json\/wp\/v2\/media?parent=136"}],"curies":[{"name":"wp","href":"https:\/\/api.w.org\/{rel}","templated":true}]}}