{"id":1290,"date":"2022-01-10T11:12:58","date_gmt":"2022-01-10T11:12:58","guid":{"rendered":"https:\/\/park-hotel-ai-cappuccini.ms.decms.eu\/?page_id=1290"},"modified":"2022-01-10T11:12:58","modified_gmt":"2022-01-10T11:12:58","slug":"parque","status":"publish","type":"page","link":"https:\/\/www.parkhotelaicappuccini.it\/es\/hotel\/parque\/","title":{"rendered":"Parque"},"content":{"rendered":"<p>El proyecto de restructuraci\u00f3n ha querido recalcar el car\u00e1cter de la \u00ab<strong>aldea-convento<\/strong>\u00bb original, respetando el cuerpo arquitect\u00f3nico principal y dando vida a una estructura hotelera\u00a0<strong>perfectamente en sinton\u00eda con el ambiente<\/strong>\u00a0que la rodea, sumergida en un\u00a0<strong>vasto parque con \u00e1rboles centenarios<\/strong>\u00a0y un\u00a0<strong>magn\u00edfico olivar<\/strong>.<\/p>\n<p>La\u00a0<strong>amplia explanada<\/strong>\u00a0en la parte sur, que cuenta con inestimables obras de arte como \u00abLa Fontana della Pace\u00bb de E, Abbozzo y \u00abLa Colonna del Viaggiatore\u00bb de A. Pomodoro, sirve para organizar buffets al aire libre y para transcurrir jornadas de relax.<\/p>\n","protected":false},"excerpt":{"rendered":"<p>El proyecto de restructuraci\u00f3n ha querido recalcar el car\u00e1cter de la \u00abaldea-convento\u00bb original, respetando el cuerpo arquitect\u00f3nico principal y dando vida a una estructura hotelera\u00a0perfectamente en sinton\u00eda con el ambiente\u00a0que la rodea, sumergida en un\u00a0vasto parque con \u00e1rboles centenarios\u00a0y un\u00a0magn\u00edfico olivar. La\u00a0amplia explanada\u00a0en la parte sur, que cuenta con inestimables obras de arte como \u00abLa [&hellip;]<\/p>\n","protected":false},"author":36,"featured_media":0,"parent":31,"menu_order":25,"comment_status":"closed","ping_status":"closed","template":"template-default-2.php","meta":{"footnotes":""},"class_list":["post-1290","page","type-page","status-publish","hentry"],"yoast_head":"<!-- This site is optimized with the Yoast SEO plugin v26.9 - https:\/\/yoast.com\/product\/yoast-seo-wordpress\/ -->\n<title>Parque - Park Hotel Ai Cappuccini -<\/title>\n<meta name=\"description\" content=\"El proyecto de restructuraci\u00f3n ha querido recalcar el car\u00e1cter de la &quot;aldea-convento&quot; original, respetando el cuerpo arquitect\u00f3nico principal y dando vida a una estructura hotelera\u00a0perfectamente en sinton\u00eda con el ambiente\u00a0que la rodea, sumergida en un\u00a0vasto parque con \u00e1rboles centenarios\u00a0y un\u00a0magn\u00edfico olivar.  La\u00a0amplia explanada\u00a0en la parte sur, que cuenta con inestimables obras de arte como &quot;La Fontana della Pace&quot; de E, Abbozzo y &quot;La Colonna del Viaggiatore&quot; de A. Pomodoro, sirve para organizar buffets al aire libre y para transcurrir jornadas de relax.\" \/>\n<meta name=\"robots\" content=\"index, follow, max-snippet:-1, max-image-preview:large, max-video-preview:-1\" \/>\n<link rel=\"canonical\" href=\"https:\/\/www.parkhotelaicappuccini.it\/es\/hotel\/parque\/\" \/>\n<meta property=\"og:locale\" content=\"es_ES\" \/>\n<meta property=\"og:type\" content=\"article\" \/>\n<meta property=\"og:title\" content=\"Parque - Park Hotel Ai Cappuccini -\" \/>\n<meta property=\"og:description\" content=\"El proyecto de restructuraci\u00f3n ha querido recalcar el car\u00e1cter de la &quot;aldea-convento&quot; original, respetando el cuerpo arquitect\u00f3nico principal y dando vida a una estructura hotelera\u00a0perfectamente en sinton\u00eda con el ambiente\u00a0que la rodea, sumergida en un\u00a0vasto parque con \u00e1rboles centenarios\u00a0y un\u00a0magn\u00edfico olivar.  La\u00a0amplia explanada\u00a0en la parte sur, que cuenta con inestimables obras de arte como &quot;La Fontana della Pace&quot; de E, Abbozzo y &quot;La Colonna del Viaggiatore&quot; de A. Pomodoro, sirve para organizar buffets al aire libre y para transcurrir jornadas de relax.\" \/>\n<meta property=\"og:url\" content=\"https:\/\/www.parkhotelaicappuccini.it\/es\/hotel\/parque\/\" \/>\n<meta property=\"og:site_name\" content=\"Park Hotel Ai Cappuccini\" \/>\n<meta property=\"og:image\" content=\"https:\/\/www.parkhotelaicappuccini.it\/wp-content\/uploads\/sites\/385\/2021\/12\/Parco-Acque-6.jpg\" \/>\n\t<meta property=\"og:image:width\" content=\"1200\" \/>\n\t<meta property=\"og:image:height\" content=\"666\" \/>\n\t<meta property=\"og:image:type\" content=\"image\/jpeg\" \/>\n<meta name=\"twitter:card\" content=\"summary_large_image\" \/>\n<meta name=\"twitter:label1\" content=\"Tiempo de lectura\" \/>\n\t<meta name=\"twitter:data1\" content=\"1 minuto\" \/>\n<script type=\"application\/ld+json\" class=\"yoast-schema-graph\">{\"@context\":\"https:\/\/schema.org\",\"@graph\":[{\"@type\":\"WebPage\",\"@id\":\"https:\/\/www.parkhotelaicappuccini.it\/es\/hotel\/parque\/\",\"url\":\"https:\/\/www.parkhotelaicappuccini.it\/es\/hotel\/parque\/\",\"name\":\"Parque - Park Hotel Ai Cappuccini -\",\"isPartOf\":{\"@id\":\"https:\/\/www.parkhotelaicappuccini.it\/es\/#website\"},\"datePublished\":\"2022-01-10T11:12:58+00:00\",\"description\":\"El proyecto de restructuraci\u00f3n ha querido recalcar el car\u00e1cter de la \\\"aldea-convento\\\" original, respetando el cuerpo arquitect\u00f3nico principal y dando vida a una estructura hotelera\u00a0perfectamente en sinton\u00eda con el ambiente\u00a0que la rodea, sumergida en un\u00a0vasto parque con \u00e1rboles centenarios\u00a0y un\u00a0magn\u00edfico olivar. La\u00a0amplia explanada\u00a0en la parte sur, que cuenta con inestimables obras de arte como \\\"La Fontana della Pace\\\" de E, Abbozzo y \\\"La Colonna del Viaggiatore\\\" de A. Pomodoro, sirve para organizar buffets al aire libre y para transcurrir jornadas de relax.\",\"breadcrumb\":{\"@id\":\"https:\/\/www.parkhotelaicappuccini.it\/es\/hotel\/parque\/#breadcrumb\"},\"inLanguage\":\"es\",\"potentialAction\":[{\"@type\":\"ReadAction\",\"target\":[\"https:\/\/www.parkhotelaicappuccini.it\/es\/hotel\/parque\/\"]}]},{\"@type\":\"BreadcrumbList\",\"@id\":\"https:\/\/www.parkhotelaicappuccini.it\/es\/hotel\/parque\/#breadcrumb\",\"itemListElement\":[{\"@type\":\"ListItem\",\"position\":1,\"name\":\"Home\",\"item\":\"https:\/\/www.parkhotelaicappuccini.it\/es\/\"},{\"@type\":\"ListItem\",\"position\":2,\"name\":\"Hotel\",\"item\":\"https:\/\/www.parkhotelaicappuccini.it\/es\/hotel\/\"},{\"@type\":\"ListItem\",\"position\":3,\"name\":\"Parque\"}]},{\"@type\":\"WebSite\",\"@id\":\"https:\/\/www.parkhotelaicappuccini.it\/es\/#website\",\"url\":\"https:\/\/www.parkhotelaicappuccini.it\/es\/\",\"name\":\"Park Hotel Ai Cappuccini\",\"description\":\"Just another ms.decms.eu site\",\"potentialAction\":[{\"@type\":\"SearchAction\",\"target\":{\"@type\":\"EntryPoint\",\"urlTemplate\":\"https:\/\/www.parkhotelaicappuccini.it\/es\/?s={search_term_string}\"},\"query-input\":{\"@type\":\"PropertyValueSpecification\",\"valueRequired\":true,\"valueName\":\"search_term_string\"}}],\"inLanguage\":\"es\"}]}<\/script>\n<!-- \/ Yoast SEO plugin. -->","yoast_head_json":{"title":"Parque - Park Hotel Ai Cappuccini -","description":"El proyecto de restructuraci\u00f3n ha querido recalcar el car\u00e1cter de la \"aldea-convento\" original, respetando el cuerpo arquitect\u00f3nico principal y dando vida a una estructura hotelera\u00a0perfectamente en sinton\u00eda con el ambiente\u00a0que la rodea, sumergida en un\u00a0vasto parque con \u00e1rboles centenarios\u00a0y un\u00a0magn\u00edfico olivar.  La\u00a0amplia explanada\u00a0en la parte sur, que cuenta con inestimables obras de arte como \"La Fontana della Pace\" de E, Abbozzo y \"La Colonna del Viaggiatore\" de A. Pomodoro, sirve para organizar buffets al aire libre y para transcurrir jornadas de relax.","robots":{"index":"index","follow":"follow","max-snippet":"max-snippet:-1","max-image-preview":"max-image-preview:large","max-video-preview":"max-video-preview:-1"},"canonical":"https:\/\/www.parkhotelaicappuccini.it\/es\/hotel\/parque\/","og_locale":"es_ES","og_type":"article","og_title":"Parque - Park Hotel Ai Cappuccini -","og_description":"El proyecto de restructuraci\u00f3n ha querido recalcar el car\u00e1cter de la \"aldea-convento\" original, respetando el cuerpo arquitect\u00f3nico principal y dando vida a una estructura hotelera\u00a0perfectamente en sinton\u00eda con el ambiente\u00a0que la rodea, sumergida en un\u00a0vasto parque con \u00e1rboles centenarios\u00a0y un\u00a0magn\u00edfico olivar.  La\u00a0amplia explanada\u00a0en la parte sur, que cuenta con inestimables obras de arte como \"La Fontana della Pace\" de E, Abbozzo y \"La Colonna del Viaggiatore\" de A. Pomodoro, sirve para organizar buffets al aire libre y para transcurrir jornadas de relax.","og_url":"https:\/\/www.parkhotelaicappuccini.it\/es\/hotel\/parque\/","og_site_name":"Park Hotel Ai Cappuccini","og_image":[{"width":1200,"height":666,"url":"https:\/\/www.parkhotelaicappuccini.it\/wp-content\/uploads\/sites\/385\/2021\/12\/Parco-Acque-6.jpg","type":"image\/jpeg"}],"twitter_card":"summary_large_image","twitter_misc":{"Tiempo de lectura":"1 minuto"},"schema":{"@context":"https:\/\/schema.org","@graph":[{"@type":"WebPage","@id":"https:\/\/www.parkhotelaicappuccini.it\/es\/hotel\/parque\/","url":"https:\/\/www.parkhotelaicappuccini.it\/es\/hotel\/parque\/","name":"Parque - Park Hotel Ai Cappuccini -","isPartOf":{"@id":"https:\/\/www.parkhotelaicappuccini.it\/es\/#website"},"datePublished":"2022-01-10T11:12:58+00:00","description":"El proyecto de restructuraci\u00f3n ha querido recalcar el car\u00e1cter de la \"aldea-convento\" original, respetando el cuerpo arquitect\u00f3nico principal y dando vida a una estructura hotelera\u00a0perfectamente en sinton\u00eda con el ambiente\u00a0que la rodea, sumergida en un\u00a0vasto parque con \u00e1rboles centenarios\u00a0y un\u00a0magn\u00edfico olivar. La\u00a0amplia explanada\u00a0en la parte sur, que cuenta con inestimables obras de arte como \"La Fontana della Pace\" de E, Abbozzo y \"La Colonna del Viaggiatore\" de A. Pomodoro, sirve para organizar buffets al aire libre y para transcurrir jornadas de relax.","breadcrumb":{"@id":"https:\/\/www.parkhotelaicappuccini.it\/es\/hotel\/parque\/#breadcrumb"},"inLanguage":"es","potentialAction":[{"@type":"ReadAction","target":["https:\/\/www.parkhotelaicappuccini.it\/es\/hotel\/parque\/"]}]},{"@type":"BreadcrumbList","@id":"https:\/\/www.parkhotelaicappuccini.it\/es\/hotel\/parque\/#breadcrumb","itemListElement":[{"@type":"ListItem","position":1,"name":"Home","item":"https:\/\/www.parkhotelaicappuccini.it\/es\/"},{"@type":"ListItem","position":2,"name":"Hotel","item":"https:\/\/www.parkhotelaicappuccini.it\/es\/hotel\/"},{"@type":"ListItem","position":3,"name":"Parque"}]},{"@type":"WebSite","@id":"https:\/\/www.parkhotelaicappuccini.it\/es\/#website","url":"https:\/\/www.parkhotelaicappuccini.it\/es\/","name":"Park Hotel Ai Cappuccini","description":"Just another ms.decms.eu site","potentialAction":[{"@type":"SearchAction","target":{"@type":"EntryPoint","urlTemplate":"https:\/\/www.parkhotelaicappuccini.it\/es\/?s={search_term_string}"},"query-input":{"@type":"PropertyValueSpecification","valueRequired":true,"valueName":"search_term_string"}}],"inLanguage":"es"}]}},"acf":[],"_links":{"self":[{"href":"https:\/\/www.parkhotelaicappuccini.it\/es\/wp-json\/wp\/v2\/pages\/1290","targetHints":{"allow":["GET"]}}],"collection":[{"href":"https:\/\/www.parkhotelaicappuccini.it\/es\/wp-json\/wp\/v2\/pages"}],"about":[{"href":"https:\/\/www.parkhotelaicappuccini.it\/es\/wp-json\/wp\/v2\/types\/page"}],"author":[{"embeddable":true,"href":"https:\/\/www.parkhotelaicappuccini.it\/es\/wp-json\/wp\/v2\/users\/36"}],"replies":[{"embeddable":true,"href":"https:\/\/www.parkhotelaicappuccini.it\/es\/wp-json\/wp\/v2\/comments?post=1290"}],"version-history":[{"count":0,"href":"https:\/\/www.parkhotelaicappuccini.it\/es\/wp-json\/wp\/v2\/pages\/1290\/revisions"}],"up":[{"embeddable":true,"href":"https:\/\/www.parkhotelaicappuccini.it\/es\/wp-json\/wp\/v2\/pages\/31"}],"wp:attachment":[{"href":"https:\/\/www.parkhotelaicappuccini.it\/es\/wp-json\/wp\/v2\/media?parent=1290"}],"curies":[{"name":"wp","href":"https:\/\/api.w.org\/{rel}","templated":true}]}}