{"id":1264,"date":"2022-01-10T10:44:13","date_gmt":"2022-01-10T10:44:13","guid":{"rendered":"https:\/\/park-hotel-ai-cappuccini.ms.decms.eu\/?page_id=1264"},"modified":"2022-01-10T10:44:13","modified_gmt":"2022-01-10T10:44:13","slug":"la-historia-del-convento","status":"publish","type":"page","link":"https:\/\/www.parkhotelaicappuccini.it\/es\/hotel\/la-historia-del-convento\/","title":{"rendered":"La Historia del Convento"},"content":{"rendered":"<p>EL CONVENTO DE LOS PADRES CAPUCHINOS DE GUBBIO, O CONVENTO DE SAN NICOL\u00c1S.<\/p>\n<p>La primera piedra para la construcci\u00f3n de la iglesia- dedicada a\u00a0<strong>San Nicol\u00e1s de Bari<\/strong>\u00a0\u2013 fue depositada en\u00a0<strong>1631<\/strong>\u00a0por el\u00a0<strong>Obispo de Gubbio<\/strong>,\u00a0<strong>Ulderico de Carpegna<\/strong>, el cual fue nombrado posteriormente Cardinal por el Papa Urbano VIII. Existe una inscripci\u00f3n en piedra, citada por el historiador Oderisi Lucarelli, en memoria de este acontecimiento, que se encuentra en la entrada de la actual sala Capogrossi.<\/p>\n<p>Poco despu\u00e9s el alcalde apost\u00f3lico de los antedichos padres, el se\u00f1or\u00a0<strong>Giovanni Bernardino Buttelli<\/strong>, compr\u00f3 por cuenta de la Santa Sede, a las hermanas Vittoria, Lucrezia y Agreppina Negri de Gubbio, un terreno con acta de compra con fecha\u00a0<strong>8 de octubre de 1634 ante el Notario Guido Vagnozzi<\/strong>. Con dicha operaci\u00f3n se pudo finalmente realizar el claustro e inici\u00f3 as\u00ed la verdadera construcci\u00f3n del convento. Por fin, tras grandes esfuerzos, se finaliz\u00f3 el 16 de febrero de 1640 y los veintid\u00f3s frailes Capuchinos se establecieron en el convento.<\/p>\n","protected":false},"excerpt":{"rendered":"<p>EL CONVENTO DE LOS PADRES CAPUCHINOS DE GUBBIO, O CONVENTO DE SAN NICOL\u00c1S. La primera piedra para la construcci\u00f3n de la iglesia- dedicada a\u00a0San Nicol\u00e1s de Bari\u00a0\u2013 fue depositada en\u00a01631\u00a0por el\u00a0Obispo de Gubbio,\u00a0Ulderico de Carpegna, el cual fue nombrado posteriormente Cardinal por el Papa Urbano VIII. Existe una inscripci\u00f3n en piedra, citada por el historiador [&hellip;]<\/p>\n","protected":false},"author":36,"featured_media":0,"parent":31,"menu_order":5,"comment_status":"closed","ping_status":"closed","template":"template-default-2.php","meta":{"footnotes":""},"class_list":["post-1264","page","type-page","status-publish","hentry"],"yoast_head":"<!-- This site is optimized with the Yoast SEO plugin v26.9 - https:\/\/yoast.com\/product\/yoast-seo-wordpress\/ -->\n<title>La Historia del Convento - Park Hotel Ai Cappuccini -<\/title>\n<meta name=\"description\" content=\"EL CONVENTO DE LOS PADRES CAPUCHINOS DE GUBBIO, O CONVENTO DE SAN NICOL\u00c1S.  La primera piedra para la construcci\u00f3n de la iglesia- dedicada a\u00a0San Nicol\u00e1s de Bari\u00a0\u2013 fue depositada en\u00a01631\u00a0por el\u00a0Obispo de Gubbio,\u00a0Ulderico de Carpegna, el cual fue nombrado posteriormente Cardinal por el Papa Urbano VIII. Existe una inscripci\u00f3n en piedra, citada por el historiador Oderisi Lucarelli, en memoria de este acontecimiento, que se encuentra en la entrada de la actual sala Capogrossi.  Poco despu\u00e9s el alcalde apost\u00f3lico de los antedichos padres, el se\u00f1or\u00a0Giovanni Bernardino Buttelli, compr\u00f3 por cuenta de la Santa Sede, a las hermanas Vittoria, Lucrezia y Agreppina Negri de Gubbio, un terreno con acta de compra con fecha\u00a08 de octubre de 1634 ante el Notario Guido Vagnozzi\" \/>\n<meta name=\"robots\" content=\"index, follow, max-snippet:-1, max-image-preview:large, max-video-preview:-1\" \/>\n<link rel=\"canonical\" href=\"https:\/\/www.parkhotelaicappuccini.it\/es\/hotel\/la-historia-del-convento\/\" \/>\n<meta property=\"og:locale\" content=\"es_ES\" \/>\n<meta property=\"og:type\" content=\"article\" \/>\n<meta property=\"og:title\" content=\"La Historia del Convento - Park Hotel Ai Cappuccini -\" \/>\n<meta property=\"og:description\" content=\"EL CONVENTO DE LOS PADRES CAPUCHINOS DE GUBBIO, O CONVENTO DE SAN NICOL\u00c1S.  La primera piedra para la construcci\u00f3n de la iglesia- dedicada a\u00a0San Nicol\u00e1s de Bari\u00a0\u2013 fue depositada en\u00a01631\u00a0por el\u00a0Obispo de Gubbio,\u00a0Ulderico de Carpegna, el cual fue nombrado posteriormente Cardinal por el Papa Urbano VIII. Existe una inscripci\u00f3n en piedra, citada por el historiador Oderisi Lucarelli, en memoria de este acontecimiento, que se encuentra en la entrada de la actual sala Capogrossi.  Poco despu\u00e9s el alcalde apost\u00f3lico de los antedichos padres, el se\u00f1or\u00a0Giovanni Bernardino Buttelli, compr\u00f3 por cuenta de la Santa Sede, a las hermanas Vittoria, Lucrezia y Agreppina Negri de Gubbio, un terreno con acta de compra con fecha\u00a08 de octubre de 1634 ante el Notario Guido Vagnozzi\" \/>\n<meta property=\"og:url\" content=\"https:\/\/www.parkhotelaicappuccini.it\/es\/hotel\/la-historia-del-convento\/\" \/>\n<meta property=\"og:site_name\" content=\"Park Hotel Ai Cappuccini\" \/>\n<meta property=\"og:image\" content=\"https:\/\/www.parkhotelaicappuccini.it\/wp-content\/uploads\/sites\/385\/2021\/12\/Parco-Acque-6.jpg\" \/>\n\t<meta property=\"og:image:width\" content=\"1200\" \/>\n\t<meta property=\"og:image:height\" content=\"666\" \/>\n\t<meta property=\"og:image:type\" content=\"image\/jpeg\" \/>\n<meta name=\"twitter:card\" content=\"summary_large_image\" \/>\n<meta name=\"twitter:label1\" content=\"Tiempo de lectura\" \/>\n\t<meta name=\"twitter:data1\" content=\"1 minuto\" \/>\n<script type=\"application\/ld+json\" class=\"yoast-schema-graph\">{\"@context\":\"https:\/\/schema.org\",\"@graph\":[{\"@type\":\"WebPage\",\"@id\":\"https:\/\/www.parkhotelaicappuccini.it\/es\/hotel\/la-historia-del-convento\/\",\"url\":\"https:\/\/www.parkhotelaicappuccini.it\/es\/hotel\/la-historia-del-convento\/\",\"name\":\"La Historia del Convento - Park Hotel Ai Cappuccini -\",\"isPartOf\":{\"@id\":\"https:\/\/www.parkhotelaicappuccini.it\/es\/#website\"},\"datePublished\":\"2022-01-10T10:44:13+00:00\",\"description\":\"EL CONVENTO DE LOS PADRES CAPUCHINOS DE GUBBIO, O CONVENTO DE SAN NICOL\u00c1S. La primera piedra para la construcci\u00f3n de la iglesia- dedicada a\u00a0San Nicol\u00e1s de Bari\u00a0\u2013 fue depositada en\u00a01631\u00a0por el\u00a0Obispo de Gubbio,\u00a0Ulderico de Carpegna, el cual fue nombrado posteriormente Cardinal por el Papa Urbano VIII. Existe una inscripci\u00f3n en piedra, citada por el historiador Oderisi Lucarelli, en memoria de este acontecimiento, que se encuentra en la entrada de la actual sala Capogrossi. Poco despu\u00e9s el alcalde apost\u00f3lico de los antedichos padres, el se\u00f1or\u00a0Giovanni Bernardino Buttelli, compr\u00f3 por cuenta de la Santa Sede, a las hermanas Vittoria, Lucrezia y Agreppina Negri de Gubbio, un terreno con acta de compra con fecha\u00a08 de octubre de 1634 ante el Notario Guido Vagnozzi\",\"breadcrumb\":{\"@id\":\"https:\/\/www.parkhotelaicappuccini.it\/es\/hotel\/la-historia-del-convento\/#breadcrumb\"},\"inLanguage\":\"es\",\"potentialAction\":[{\"@type\":\"ReadAction\",\"target\":[\"https:\/\/www.parkhotelaicappuccini.it\/es\/hotel\/la-historia-del-convento\/\"]}]},{\"@type\":\"BreadcrumbList\",\"@id\":\"https:\/\/www.parkhotelaicappuccini.it\/es\/hotel\/la-historia-del-convento\/#breadcrumb\",\"itemListElement\":[{\"@type\":\"ListItem\",\"position\":1,\"name\":\"Home\",\"item\":\"https:\/\/www.parkhotelaicappuccini.it\/es\/\"},{\"@type\":\"ListItem\",\"position\":2,\"name\":\"Hotel\",\"item\":\"https:\/\/www.parkhotelaicappuccini.it\/es\/hotel\/\"},{\"@type\":\"ListItem\",\"position\":3,\"name\":\"La Historia del Convento\"}]},{\"@type\":\"WebSite\",\"@id\":\"https:\/\/www.parkhotelaicappuccini.it\/es\/#website\",\"url\":\"https:\/\/www.parkhotelaicappuccini.it\/es\/\",\"name\":\"Park Hotel Ai Cappuccini\",\"description\":\"Just another ms.decms.eu site\",\"potentialAction\":[{\"@type\":\"SearchAction\",\"target\":{\"@type\":\"EntryPoint\",\"urlTemplate\":\"https:\/\/www.parkhotelaicappuccini.it\/es\/?s={search_term_string}\"},\"query-input\":{\"@type\":\"PropertyValueSpecification\",\"valueRequired\":true,\"valueName\":\"search_term_string\"}}],\"inLanguage\":\"es\"}]}<\/script>\n<!-- \/ Yoast SEO plugin. -->","yoast_head_json":{"title":"La Historia del Convento - Park Hotel Ai Cappuccini -","description":"EL CONVENTO DE LOS PADRES CAPUCHINOS DE GUBBIO, O CONVENTO DE SAN NICOL\u00c1S.  La primera piedra para la construcci\u00f3n de la iglesia- dedicada a\u00a0San Nicol\u00e1s de Bari\u00a0\u2013 fue depositada en\u00a01631\u00a0por el\u00a0Obispo de Gubbio,\u00a0Ulderico de Carpegna, el cual fue nombrado posteriormente Cardinal por el Papa Urbano VIII. Existe una inscripci\u00f3n en piedra, citada por el historiador Oderisi Lucarelli, en memoria de este acontecimiento, que se encuentra en la entrada de la actual sala Capogrossi.  Poco despu\u00e9s el alcalde apost\u00f3lico de los antedichos padres, el se\u00f1or\u00a0Giovanni Bernardino Buttelli, compr\u00f3 por cuenta de la Santa Sede, a las hermanas Vittoria, Lucrezia y Agreppina Negri de Gubbio, un terreno con acta de compra con fecha\u00a08 de octubre de 1634 ante el Notario Guido Vagnozzi","robots":{"index":"index","follow":"follow","max-snippet":"max-snippet:-1","max-image-preview":"max-image-preview:large","max-video-preview":"max-video-preview:-1"},"canonical":"https:\/\/www.parkhotelaicappuccini.it\/es\/hotel\/la-historia-del-convento\/","og_locale":"es_ES","og_type":"article","og_title":"La Historia del Convento - Park Hotel Ai Cappuccini -","og_description":"EL CONVENTO DE LOS PADRES CAPUCHINOS DE GUBBIO, O CONVENTO DE SAN NICOL\u00c1S.  La primera piedra para la construcci\u00f3n de la iglesia- dedicada a\u00a0San Nicol\u00e1s de Bari\u00a0\u2013 fue depositada en\u00a01631\u00a0por el\u00a0Obispo de Gubbio,\u00a0Ulderico de Carpegna, el cual fue nombrado posteriormente Cardinal por el Papa Urbano VIII. Existe una inscripci\u00f3n en piedra, citada por el historiador Oderisi Lucarelli, en memoria de este acontecimiento, que se encuentra en la entrada de la actual sala Capogrossi.  Poco despu\u00e9s el alcalde apost\u00f3lico de los antedichos padres, el se\u00f1or\u00a0Giovanni Bernardino Buttelli, compr\u00f3 por cuenta de la Santa Sede, a las hermanas Vittoria, Lucrezia y Agreppina Negri de Gubbio, un terreno con acta de compra con fecha\u00a08 de octubre de 1634 ante el Notario Guido Vagnozzi","og_url":"https:\/\/www.parkhotelaicappuccini.it\/es\/hotel\/la-historia-del-convento\/","og_site_name":"Park Hotel Ai Cappuccini","og_image":[{"width":1200,"height":666,"url":"https:\/\/www.parkhotelaicappuccini.it\/wp-content\/uploads\/sites\/385\/2021\/12\/Parco-Acque-6.jpg","type":"image\/jpeg"}],"twitter_card":"summary_large_image","twitter_misc":{"Tiempo de lectura":"1 minuto"},"schema":{"@context":"https:\/\/schema.org","@graph":[{"@type":"WebPage","@id":"https:\/\/www.parkhotelaicappuccini.it\/es\/hotel\/la-historia-del-convento\/","url":"https:\/\/www.parkhotelaicappuccini.it\/es\/hotel\/la-historia-del-convento\/","name":"La Historia del Convento - Park Hotel Ai Cappuccini -","isPartOf":{"@id":"https:\/\/www.parkhotelaicappuccini.it\/es\/#website"},"datePublished":"2022-01-10T10:44:13+00:00","description":"EL CONVENTO DE LOS PADRES CAPUCHINOS DE GUBBIO, O CONVENTO DE SAN NICOL\u00c1S. La primera piedra para la construcci\u00f3n de la iglesia- dedicada a\u00a0San Nicol\u00e1s de Bari\u00a0\u2013 fue depositada en\u00a01631\u00a0por el\u00a0Obispo de Gubbio,\u00a0Ulderico de Carpegna, el cual fue nombrado posteriormente Cardinal por el Papa Urbano VIII. Existe una inscripci\u00f3n en piedra, citada por el historiador Oderisi Lucarelli, en memoria de este acontecimiento, que se encuentra en la entrada de la actual sala Capogrossi. Poco despu\u00e9s el alcalde apost\u00f3lico de los antedichos padres, el se\u00f1or\u00a0Giovanni Bernardino Buttelli, compr\u00f3 por cuenta de la Santa Sede, a las hermanas Vittoria, Lucrezia y Agreppina Negri de Gubbio, un terreno con acta de compra con fecha\u00a08 de octubre de 1634 ante el Notario Guido Vagnozzi","breadcrumb":{"@id":"https:\/\/www.parkhotelaicappuccini.it\/es\/hotel\/la-historia-del-convento\/#breadcrumb"},"inLanguage":"es","potentialAction":[{"@type":"ReadAction","target":["https:\/\/www.parkhotelaicappuccini.it\/es\/hotel\/la-historia-del-convento\/"]}]},{"@type":"BreadcrumbList","@id":"https:\/\/www.parkhotelaicappuccini.it\/es\/hotel\/la-historia-del-convento\/#breadcrumb","itemListElement":[{"@type":"ListItem","position":1,"name":"Home","item":"https:\/\/www.parkhotelaicappuccini.it\/es\/"},{"@type":"ListItem","position":2,"name":"Hotel","item":"https:\/\/www.parkhotelaicappuccini.it\/es\/hotel\/"},{"@type":"ListItem","position":3,"name":"La Historia del Convento"}]},{"@type":"WebSite","@id":"https:\/\/www.parkhotelaicappuccini.it\/es\/#website","url":"https:\/\/www.parkhotelaicappuccini.it\/es\/","name":"Park Hotel Ai Cappuccini","description":"Just another ms.decms.eu site","potentialAction":[{"@type":"SearchAction","target":{"@type":"EntryPoint","urlTemplate":"https:\/\/www.parkhotelaicappuccini.it\/es\/?s={search_term_string}"},"query-input":{"@type":"PropertyValueSpecification","valueRequired":true,"valueName":"search_term_string"}}],"inLanguage":"es"}]}},"acf":[],"_links":{"self":[{"href":"https:\/\/www.parkhotelaicappuccini.it\/es\/wp-json\/wp\/v2\/pages\/1264","targetHints":{"allow":["GET"]}}],"collection":[{"href":"https:\/\/www.parkhotelaicappuccini.it\/es\/wp-json\/wp\/v2\/pages"}],"about":[{"href":"https:\/\/www.parkhotelaicappuccini.it\/es\/wp-json\/wp\/v2\/types\/page"}],"author":[{"embeddable":true,"href":"https:\/\/www.parkhotelaicappuccini.it\/es\/wp-json\/wp\/v2\/users\/36"}],"replies":[{"embeddable":true,"href":"https:\/\/www.parkhotelaicappuccini.it\/es\/wp-json\/wp\/v2\/comments?post=1264"}],"version-history":[{"count":0,"href":"https:\/\/www.parkhotelaicappuccini.it\/es\/wp-json\/wp\/v2\/pages\/1264\/revisions"}],"up":[{"embeddable":true,"href":"https:\/\/www.parkhotelaicappuccini.it\/es\/wp-json\/wp\/v2\/pages\/31"}],"wp:attachment":[{"href":"https:\/\/www.parkhotelaicappuccini.it\/es\/wp-json\/wp\/v2\/media?parent=1264"}],"curies":[{"name":"wp","href":"https:\/\/api.w.org\/{rel}","templated":true}]}}