{"id":1233,"date":"2022-01-07T14:55:15","date_gmt":"2022-01-07T14:55:15","guid":{"rendered":"https:\/\/park-hotel-ai-cappuccini.ms.decms.eu\/?page_id=1233"},"modified":"2022-01-07T14:55:15","modified_gmt":"2022-01-07T14:55:15","slug":"filosofia","status":"publish","type":"page","link":"https:\/\/www.parkhotelaicappuccini.it\/es\/marc-messegue\/filosofia\/","title":{"rendered":"Filosof\u00eda"},"content":{"rendered":"<p>La idea fundamental del pensamiento de Mess\u00e9gu\u00e9 se basa en concebir el malestar y las patolog\u00edas, no como simples problemas por resolver, sino como situaciones de padecimiento que afectan a las personas y que por lo tanto deben tratarse con terapias personales y exclusivas, integrando tambi\u00e9n, si fuese necesario, la medicina tradicional. El fuerte apego de Marc a la naturaleza incontaminada de Umbr\u00eda y las virtudes de las hierbas son el hilo conductor que ha dado lugar a la colaboraci\u00f3n predestinada entre el Park Hotel ai Cappuccini y Marc Mess\u00e9gu\u00e9.<\/p>\n<p>En la tradici\u00f3n mon\u00e1stica medieval, el estudio de las hierbas y su cultivo eran actividades tradicionales, necesarias para la subsistencia del monasterio el cual, por razones de car\u00e1cter religioso, se encontraba aislado del contexto social. En todos los monasterios exist\u00eda un hortus sanitatis del que se encargaban los monjes herbolarios los cuales cultivaban las plantas medicinales con las que preparaban las medicinas para curar a los enfermos. Tras varios siglos, esta antigua sabidur\u00eda, ya utilizada en el Cappucini Wellness &amp; Spa (en el que junto con los tratamientos Aveda se han introducido nuevos principios activos obtenidos de los ingredientes naturales provenientes del restaurado hortus sanitatis del convento) y en la Farmacia del Convento, se ampl\u00eda a\u00fan m\u00e1s con las propuestas de tratamiento \u201cMarc Mess\u00e9gu\u00e9 en el Cappuccini\u201d.<\/p>\n<p>Esta elecci\u00f3n representa la voluntad de reiterar la conexi\u00f3n cada vez m\u00e1s fuerte con el territorio y con sus recursos que convierte en absolutamente \u00fanico el enfoque hol\u00edstico del Park Hotel ai Cappuccini.<\/p>\n","protected":false},"excerpt":{"rendered":"<p>La idea fundamental del pensamiento de Mess\u00e9gu\u00e9 se basa en concebir el malestar y las patolog\u00edas, no como simples problemas por resolver, sino como situaciones de padecimiento que afectan a las personas y que por lo tanto deben tratarse con terapias personales y exclusivas, integrando tambi\u00e9n, si fuese necesario, la medicina tradicional. El fuerte apego [&hellip;]<\/p>\n","protected":false},"author":36,"featured_media":0,"parent":734,"menu_order":15,"comment_status":"closed","ping_status":"closed","template":"template-default-3.php","meta":{"footnotes":""},"class_list":["post-1233","page","type-page","status-publish","hentry"],"yoast_head":"<!-- This site is optimized with the Yoast SEO plugin v26.9 - https:\/\/yoast.com\/product\/yoast-seo-wordpress\/ -->\n<title>Filosof\u00eda - Park Hotel Ai Cappuccini -<\/title>\n<meta name=\"description\" content=\"La idea fundamental del pensamiento de Mess\u00e9gu\u00e9 se basa en concebir el malestar y las patolog\u00edas, no como simples problemas por resolver, sino como situaciones de padecimiento que afectan a las personas y que por lo tanto deben tratarse con terapias personales y exclusivas, integrando tambi\u00e9n, si fuese necesario, la medicina tradicional. El fuerte apego de Marc a la naturaleza incontaminada de Umbr\u00eda y las virtudes de las hierbas son el hilo conductor que ha dado lugar a la colaboraci\u00f3n predestinada entre el Park Hotel ai Cappuccini y Marc Mess\u00e9gu\u00e9.  En la tradici\u00f3n mon\u00e1stica medieval, el estudio de las hierbas y su cultivo eran actividades tradicionales, necesarias para la subsistencia del monasterio el cual, por razones de car\u00e1cter religioso, se encontraba aislado del contexto social\" \/>\n<meta name=\"robots\" content=\"index, follow, max-snippet:-1, max-image-preview:large, max-video-preview:-1\" \/>\n<link rel=\"canonical\" href=\"https:\/\/www.parkhotelaicappuccini.it\/es\/marc-messegue\/filosofia\/\" \/>\n<meta property=\"og:locale\" content=\"es_ES\" \/>\n<meta property=\"og:type\" content=\"article\" \/>\n<meta property=\"og:title\" content=\"Filosof\u00eda - Park Hotel Ai Cappuccini -\" \/>\n<meta property=\"og:description\" content=\"La idea fundamental del pensamiento de Mess\u00e9gu\u00e9 se basa en concebir el malestar y las patolog\u00edas, no como simples problemas por resolver, sino como situaciones de padecimiento que afectan a las personas y que por lo tanto deben tratarse con terapias personales y exclusivas, integrando tambi\u00e9n, si fuese necesario, la medicina tradicional. El fuerte apego de Marc a la naturaleza incontaminada de Umbr\u00eda y las virtudes de las hierbas son el hilo conductor que ha dado lugar a la colaboraci\u00f3n predestinada entre el Park Hotel ai Cappuccini y Marc Mess\u00e9gu\u00e9.  En la tradici\u00f3n mon\u00e1stica medieval, el estudio de las hierbas y su cultivo eran actividades tradicionales, necesarias para la subsistencia del monasterio el cual, por razones de car\u00e1cter religioso, se encontraba aislado del contexto social\" \/>\n<meta property=\"og:url\" content=\"https:\/\/www.parkhotelaicappuccini.it\/es\/marc-messegue\/filosofia\/\" \/>\n<meta property=\"og:site_name\" content=\"Park Hotel Ai Cappuccini\" \/>\n<meta property=\"og:image\" content=\"https:\/\/www.parkhotelaicappuccini.it\/wp-content\/uploads\/sites\/385\/2021\/12\/Parco-Acque-6.jpg\" \/>\n\t<meta property=\"og:image:width\" content=\"1200\" \/>\n\t<meta property=\"og:image:height\" content=\"666\" \/>\n\t<meta property=\"og:image:type\" content=\"image\/jpeg\" \/>\n<meta name=\"twitter:card\" content=\"summary_large_image\" \/>\n<meta name=\"twitter:label1\" content=\"Tiempo de lectura\" \/>\n\t<meta name=\"twitter:data1\" content=\"2 minutos\" \/>\n<script type=\"application\/ld+json\" class=\"yoast-schema-graph\">{\"@context\":\"https:\/\/schema.org\",\"@graph\":[{\"@type\":\"WebPage\",\"@id\":\"https:\/\/www.parkhotelaicappuccini.it\/es\/marc-messegue\/filosofia\/\",\"url\":\"https:\/\/www.parkhotelaicappuccini.it\/es\/marc-messegue\/filosofia\/\",\"name\":\"Filosof\u00eda - Park Hotel Ai Cappuccini -\",\"isPartOf\":{\"@id\":\"https:\/\/www.parkhotelaicappuccini.it\/es\/#website\"},\"datePublished\":\"2022-01-07T14:55:15+00:00\",\"description\":\"La idea fundamental del pensamiento de Mess\u00e9gu\u00e9 se basa en concebir el malestar y las patolog\u00edas, no como simples problemas por resolver, sino como situaciones de padecimiento que afectan a las personas y que por lo tanto deben tratarse con terapias personales y exclusivas, integrando tambi\u00e9n, si fuese necesario, la medicina tradicional. El fuerte apego de Marc a la naturaleza incontaminada de Umbr\u00eda y las virtudes de las hierbas son el hilo conductor que ha dado lugar a la colaboraci\u00f3n predestinada entre el Park Hotel ai Cappuccini y Marc Mess\u00e9gu\u00e9. En la tradici\u00f3n mon\u00e1stica medieval, el estudio de las hierbas y su cultivo eran actividades tradicionales, necesarias para la subsistencia del monasterio el cual, por razones de car\u00e1cter religioso, se encontraba aislado del contexto social\",\"breadcrumb\":{\"@id\":\"https:\/\/www.parkhotelaicappuccini.it\/es\/marc-messegue\/filosofia\/#breadcrumb\"},\"inLanguage\":\"es\",\"potentialAction\":[{\"@type\":\"ReadAction\",\"target\":[\"https:\/\/www.parkhotelaicappuccini.it\/es\/marc-messegue\/filosofia\/\"]}]},{\"@type\":\"BreadcrumbList\",\"@id\":\"https:\/\/www.parkhotelaicappuccini.it\/es\/marc-messegue\/filosofia\/#breadcrumb\",\"itemListElement\":[{\"@type\":\"ListItem\",\"position\":1,\"name\":\"Home\",\"item\":\"https:\/\/www.parkhotelaicappuccini.it\/es\/\"},{\"@type\":\"ListItem\",\"position\":2,\"name\":\"Marc Mess\u00e9gu\u00e9\",\"item\":\"https:\/\/www.parkhotelaicappuccini.it\/es\/marc-messegue\/\"},{\"@type\":\"ListItem\",\"position\":3,\"name\":\"Filosof\u00eda\"}]},{\"@type\":\"WebSite\",\"@id\":\"https:\/\/www.parkhotelaicappuccini.it\/es\/#website\",\"url\":\"https:\/\/www.parkhotelaicappuccini.it\/es\/\",\"name\":\"Park Hotel Ai Cappuccini\",\"description\":\"Just another ms.decms.eu site\",\"potentialAction\":[{\"@type\":\"SearchAction\",\"target\":{\"@type\":\"EntryPoint\",\"urlTemplate\":\"https:\/\/www.parkhotelaicappuccini.it\/es\/?s={search_term_string}\"},\"query-input\":{\"@type\":\"PropertyValueSpecification\",\"valueRequired\":true,\"valueName\":\"search_term_string\"}}],\"inLanguage\":\"es\"}]}<\/script>\n<!-- \/ Yoast SEO plugin. -->","yoast_head_json":{"title":"Filosof\u00eda - Park Hotel Ai Cappuccini -","description":"La idea fundamental del pensamiento de Mess\u00e9gu\u00e9 se basa en concebir el malestar y las patolog\u00edas, no como simples problemas por resolver, sino como situaciones de padecimiento que afectan a las personas y que por lo tanto deben tratarse con terapias personales y exclusivas, integrando tambi\u00e9n, si fuese necesario, la medicina tradicional. El fuerte apego de Marc a la naturaleza incontaminada de Umbr\u00eda y las virtudes de las hierbas son el hilo conductor que ha dado lugar a la colaboraci\u00f3n predestinada entre el Park Hotel ai Cappuccini y Marc Mess\u00e9gu\u00e9.  En la tradici\u00f3n mon\u00e1stica medieval, el estudio de las hierbas y su cultivo eran actividades tradicionales, necesarias para la subsistencia del monasterio el cual, por razones de car\u00e1cter religioso, se encontraba aislado del contexto social","robots":{"index":"index","follow":"follow","max-snippet":"max-snippet:-1","max-image-preview":"max-image-preview:large","max-video-preview":"max-video-preview:-1"},"canonical":"https:\/\/www.parkhotelaicappuccini.it\/es\/marc-messegue\/filosofia\/","og_locale":"es_ES","og_type":"article","og_title":"Filosof\u00eda - Park Hotel Ai Cappuccini -","og_description":"La idea fundamental del pensamiento de Mess\u00e9gu\u00e9 se basa en concebir el malestar y las patolog\u00edas, no como simples problemas por resolver, sino como situaciones de padecimiento que afectan a las personas y que por lo tanto deben tratarse con terapias personales y exclusivas, integrando tambi\u00e9n, si fuese necesario, la medicina tradicional. El fuerte apego de Marc a la naturaleza incontaminada de Umbr\u00eda y las virtudes de las hierbas son el hilo conductor que ha dado lugar a la colaboraci\u00f3n predestinada entre el Park Hotel ai Cappuccini y Marc Mess\u00e9gu\u00e9.  En la tradici\u00f3n mon\u00e1stica medieval, el estudio de las hierbas y su cultivo eran actividades tradicionales, necesarias para la subsistencia del monasterio el cual, por razones de car\u00e1cter religioso, se encontraba aislado del contexto social","og_url":"https:\/\/www.parkhotelaicappuccini.it\/es\/marc-messegue\/filosofia\/","og_site_name":"Park Hotel Ai Cappuccini","og_image":[{"width":1200,"height":666,"url":"https:\/\/www.parkhotelaicappuccini.it\/wp-content\/uploads\/sites\/385\/2021\/12\/Parco-Acque-6.jpg","type":"image\/jpeg"}],"twitter_card":"summary_large_image","twitter_misc":{"Tiempo de lectura":"2 minutos"},"schema":{"@context":"https:\/\/schema.org","@graph":[{"@type":"WebPage","@id":"https:\/\/www.parkhotelaicappuccini.it\/es\/marc-messegue\/filosofia\/","url":"https:\/\/www.parkhotelaicappuccini.it\/es\/marc-messegue\/filosofia\/","name":"Filosof\u00eda - Park Hotel Ai Cappuccini -","isPartOf":{"@id":"https:\/\/www.parkhotelaicappuccini.it\/es\/#website"},"datePublished":"2022-01-07T14:55:15+00:00","description":"La idea fundamental del pensamiento de Mess\u00e9gu\u00e9 se basa en concebir el malestar y las patolog\u00edas, no como simples problemas por resolver, sino como situaciones de padecimiento que afectan a las personas y que por lo tanto deben tratarse con terapias personales y exclusivas, integrando tambi\u00e9n, si fuese necesario, la medicina tradicional. El fuerte apego de Marc a la naturaleza incontaminada de Umbr\u00eda y las virtudes de las hierbas son el hilo conductor que ha dado lugar a la colaboraci\u00f3n predestinada entre el Park Hotel ai Cappuccini y Marc Mess\u00e9gu\u00e9. En la tradici\u00f3n mon\u00e1stica medieval, el estudio de las hierbas y su cultivo eran actividades tradicionales, necesarias para la subsistencia del monasterio el cual, por razones de car\u00e1cter religioso, se encontraba aislado del contexto social","breadcrumb":{"@id":"https:\/\/www.parkhotelaicappuccini.it\/es\/marc-messegue\/filosofia\/#breadcrumb"},"inLanguage":"es","potentialAction":[{"@type":"ReadAction","target":["https:\/\/www.parkhotelaicappuccini.it\/es\/marc-messegue\/filosofia\/"]}]},{"@type":"BreadcrumbList","@id":"https:\/\/www.parkhotelaicappuccini.it\/es\/marc-messegue\/filosofia\/#breadcrumb","itemListElement":[{"@type":"ListItem","position":1,"name":"Home","item":"https:\/\/www.parkhotelaicappuccini.it\/es\/"},{"@type":"ListItem","position":2,"name":"Marc Mess\u00e9gu\u00e9","item":"https:\/\/www.parkhotelaicappuccini.it\/es\/marc-messegue\/"},{"@type":"ListItem","position":3,"name":"Filosof\u00eda"}]},{"@type":"WebSite","@id":"https:\/\/www.parkhotelaicappuccini.it\/es\/#website","url":"https:\/\/www.parkhotelaicappuccini.it\/es\/","name":"Park Hotel Ai Cappuccini","description":"Just another ms.decms.eu site","potentialAction":[{"@type":"SearchAction","target":{"@type":"EntryPoint","urlTemplate":"https:\/\/www.parkhotelaicappuccini.it\/es\/?s={search_term_string}"},"query-input":{"@type":"PropertyValueSpecification","valueRequired":true,"valueName":"search_term_string"}}],"inLanguage":"es"}]}},"acf":[],"_links":{"self":[{"href":"https:\/\/www.parkhotelaicappuccini.it\/es\/wp-json\/wp\/v2\/pages\/1233","targetHints":{"allow":["GET"]}}],"collection":[{"href":"https:\/\/www.parkhotelaicappuccini.it\/es\/wp-json\/wp\/v2\/pages"}],"about":[{"href":"https:\/\/www.parkhotelaicappuccini.it\/es\/wp-json\/wp\/v2\/types\/page"}],"author":[{"embeddable":true,"href":"https:\/\/www.parkhotelaicappuccini.it\/es\/wp-json\/wp\/v2\/users\/36"}],"replies":[{"embeddable":true,"href":"https:\/\/www.parkhotelaicappuccini.it\/es\/wp-json\/wp\/v2\/comments?post=1233"}],"version-history":[{"count":0,"href":"https:\/\/www.parkhotelaicappuccini.it\/es\/wp-json\/wp\/v2\/pages\/1233\/revisions"}],"up":[{"embeddable":true,"href":"https:\/\/www.parkhotelaicappuccini.it\/es\/wp-json\/wp\/v2\/pages\/734"}],"wp:attachment":[{"href":"https:\/\/www.parkhotelaicappuccini.it\/es\/wp-json\/wp\/v2\/media?parent=1233"}],"curies":[{"name":"wp","href":"https:\/\/api.w.org\/{rel}","templated":true}]}}