{"id":759,"date":"2021-12-24T14:07:03","date_gmt":"2021-12-24T14:07:03","guid":{"rendered":"https:\/\/park-hotel-ai-cappuccini.ms.decms.eu\/?page_id=759"},"modified":"2021-12-24T14:08:48","modified_gmt":"2021-12-24T14:08:48","slug":"who-is-marc-messegue","status":"publish","type":"page","link":"https:\/\/www.parkhotelaicappuccini.it\/en\/marc-messegue\/who-is-marc-messegue\/","title":{"rendered":"Who is Marc Mess\u00e9gu\u00e9"},"content":{"rendered":"<p>Marc Mess\u00e9gu\u00e9, French born but Umbrian by choice, boasts a long history of experience in the field of phytotherapy and herbal medicine, which are true family traditions. He has been committed to raising awareness for the importance of diet in order to better the quality of life, by restoring the natural and harmonious mental-physical balance. It was he who created the revolutionary diet, One Day Light, which allows one to find their natural form, thanks to only one day of diet per week. Continuous research and study bring him to always peruse new paths aimed at integrating wise ancient practices of natural medicine with modern therapies.<\/p>\n<p>\u201c<em>Passionate research, constant study, and tenacity in perusing and idea, have made the Mess\u00e9gu\u00e9 name a reference point in all the world for all that is natural. This is the precious legacy left behind by my father, the greatest gift he has given us: his name, the very name that we, his children, carry on and my children as well, a name that Maurice Mess\u00e9gu\u00e9 honored throughout his professional life, which we try to honor by trying to better the quality of life<\/em>\u201d (Marc Mess\u00e9gu\u00e9).<\/p>\n","protected":false},"excerpt":{"rendered":"<p>Marc Mess\u00e9gu\u00e9, French born but Umbrian by choice, boasts a long history of experience in the field of phytotherapy and herbal medicine, which are true family traditions. He has been committed to raising awareness for the importance of diet in order to better the quality of life, by restoring the natural and harmonious mental-physical balance. [&hellip;]<\/p>\n","protected":false},"author":36,"featured_media":0,"parent":730,"menu_order":10,"comment_status":"closed","ping_status":"closed","template":"template-default-3.php","meta":{"footnotes":""},"class_list":["post-759","page","type-page","status-publish","hentry"],"yoast_head":"<!-- This site is optimized with the Yoast SEO plugin v26.9 - https:\/\/yoast.com\/product\/yoast-seo-wordpress\/ -->\n<title>Who is Marc Mess\u00e9gu\u00e9 - Park Hotel Ai Cappuccini -<\/title>\n<meta name=\"description\" content=\"Marc Mess\u00e9gu\u00e9, French born but Umbrian by choice, boasts a long history of experience in the field of phytotherapy and herbal medicine, which are true family traditions. He has been committed to raising awareness for the importance of diet in order to better the quality of life, by restoring the natural and harmonious mental-physical balance\" \/>\n<meta name=\"robots\" content=\"index, follow, max-snippet:-1, max-image-preview:large, max-video-preview:-1\" \/>\n<link rel=\"canonical\" href=\"https:\/\/www.parkhotelaicappuccini.it\/en\/marc-messegue\/who-is-marc-messegue\/\" \/>\n<meta property=\"og:locale\" content=\"en_US\" \/>\n<meta property=\"og:type\" content=\"article\" \/>\n<meta property=\"og:title\" content=\"Who is Marc Mess\u00e9gu\u00e9 - Park Hotel Ai Cappuccini -\" \/>\n<meta property=\"og:description\" content=\"Marc Mess\u00e9gu\u00e9, French born but Umbrian by choice, boasts a long history of experience in the field of phytotherapy and herbal medicine, which are true family traditions. He has been committed to raising awareness for the importance of diet in order to better the quality of life, by restoring the natural and harmonious mental-physical balance\" \/>\n<meta property=\"og:url\" content=\"https:\/\/www.parkhotelaicappuccini.it\/en\/marc-messegue\/who-is-marc-messegue\/\" \/>\n<meta property=\"og:site_name\" content=\"Park Hotel Ai Cappuccini\" \/>\n<meta property=\"article:modified_time\" content=\"2021-12-24T14:08:48+00:00\" \/>\n<meta property=\"og:image\" content=\"https:\/\/www.parkhotelaicappuccini.it\/wp-content\/uploads\/sites\/385\/2021\/12\/Parco-Acque-6.jpg\" \/>\n\t<meta property=\"og:image:width\" content=\"1200\" \/>\n\t<meta property=\"og:image:height\" content=\"666\" \/>\n\t<meta property=\"og:image:type\" content=\"image\/jpeg\" \/>\n<meta name=\"twitter:card\" content=\"summary_large_image\" \/>\n<meta name=\"twitter:label1\" content=\"Est. reading time\" \/>\n\t<meta name=\"twitter:data1\" content=\"1 minute\" \/>\n<script type=\"application\/ld+json\" class=\"yoast-schema-graph\">{\"@context\":\"https:\/\/schema.org\",\"@graph\":[{\"@type\":\"WebPage\",\"@id\":\"https:\/\/www.parkhotelaicappuccini.it\/en\/marc-messegue\/who-is-marc-messegue\/\",\"url\":\"https:\/\/www.parkhotelaicappuccini.it\/en\/marc-messegue\/who-is-marc-messegue\/\",\"name\":\"Who is Marc Mess\u00e9gu\u00e9 - Park Hotel Ai Cappuccini -\",\"isPartOf\":{\"@id\":\"https:\/\/www.parkhotelaicappuccini.it\/en\/#website\"},\"datePublished\":\"2021-12-24T14:07:03+00:00\",\"dateModified\":\"2021-12-24T14:08:48+00:00\",\"description\":\"Marc Mess\u00e9gu\u00e9, French born but Umbrian by choice, boasts a long history of experience in the field of phytotherapy and herbal medicine, which are true family traditions. He has been committed to raising awareness for the importance of diet in order to better the quality of life, by restoring the natural and harmonious mental-physical balance\",\"breadcrumb\":{\"@id\":\"https:\/\/www.parkhotelaicappuccini.it\/en\/marc-messegue\/who-is-marc-messegue\/#breadcrumb\"},\"inLanguage\":\"en-US\",\"potentialAction\":[{\"@type\":\"ReadAction\",\"target\":[\"https:\/\/www.parkhotelaicappuccini.it\/en\/marc-messegue\/who-is-marc-messegue\/\"]}]},{\"@type\":\"BreadcrumbList\",\"@id\":\"https:\/\/www.parkhotelaicappuccini.it\/en\/marc-messegue\/who-is-marc-messegue\/#breadcrumb\",\"itemListElement\":[{\"@type\":\"ListItem\",\"position\":1,\"name\":\"Home\",\"item\":\"https:\/\/www.parkhotelaicappuccini.it\/en\/\"},{\"@type\":\"ListItem\",\"position\":2,\"name\":\"Marc Mess\u00e9gu\u00e9\",\"item\":\"https:\/\/www.parkhotelaicappuccini.it\/en\/marc-messegue\/\"},{\"@type\":\"ListItem\",\"position\":3,\"name\":\"Who is Marc Mess\u00e9gu\u00e9\"}]},{\"@type\":\"WebSite\",\"@id\":\"https:\/\/www.parkhotelaicappuccini.it\/en\/#website\",\"url\":\"https:\/\/www.parkhotelaicappuccini.it\/en\/\",\"name\":\"Park Hotel Ai Cappuccini\",\"description\":\"Just another ms.decms.eu site\",\"potentialAction\":[{\"@type\":\"SearchAction\",\"target\":{\"@type\":\"EntryPoint\",\"urlTemplate\":\"https:\/\/www.parkhotelaicappuccini.it\/en\/?s={search_term_string}\"},\"query-input\":{\"@type\":\"PropertyValueSpecification\",\"valueRequired\":true,\"valueName\":\"search_term_string\"}}],\"inLanguage\":\"en-US\"}]}<\/script>\n<!-- \/ Yoast SEO plugin. -->","yoast_head_json":{"title":"Who is Marc Mess\u00e9gu\u00e9 - Park Hotel Ai Cappuccini -","description":"Marc Mess\u00e9gu\u00e9, French born but Umbrian by choice, boasts a long history of experience in the field of phytotherapy and herbal medicine, which are true family traditions. He has been committed to raising awareness for the importance of diet in order to better the quality of life, by restoring the natural and harmonious mental-physical balance","robots":{"index":"index","follow":"follow","max-snippet":"max-snippet:-1","max-image-preview":"max-image-preview:large","max-video-preview":"max-video-preview:-1"},"canonical":"https:\/\/www.parkhotelaicappuccini.it\/en\/marc-messegue\/who-is-marc-messegue\/","og_locale":"en_US","og_type":"article","og_title":"Who is Marc Mess\u00e9gu\u00e9 - Park Hotel Ai Cappuccini -","og_description":"Marc Mess\u00e9gu\u00e9, French born but Umbrian by choice, boasts a long history of experience in the field of phytotherapy and herbal medicine, which are true family traditions. He has been committed to raising awareness for the importance of diet in order to better the quality of life, by restoring the natural and harmonious mental-physical balance","og_url":"https:\/\/www.parkhotelaicappuccini.it\/en\/marc-messegue\/who-is-marc-messegue\/","og_site_name":"Park Hotel Ai Cappuccini","article_modified_time":"2021-12-24T14:08:48+00:00","og_image":[{"width":1200,"height":666,"url":"https:\/\/www.parkhotelaicappuccini.it\/wp-content\/uploads\/sites\/385\/2021\/12\/Parco-Acque-6.jpg","type":"image\/jpeg"}],"twitter_card":"summary_large_image","twitter_misc":{"Est. reading time":"1 minute"},"schema":{"@context":"https:\/\/schema.org","@graph":[{"@type":"WebPage","@id":"https:\/\/www.parkhotelaicappuccini.it\/en\/marc-messegue\/who-is-marc-messegue\/","url":"https:\/\/www.parkhotelaicappuccini.it\/en\/marc-messegue\/who-is-marc-messegue\/","name":"Who is Marc Mess\u00e9gu\u00e9 - Park Hotel Ai Cappuccini -","isPartOf":{"@id":"https:\/\/www.parkhotelaicappuccini.it\/en\/#website"},"datePublished":"2021-12-24T14:07:03+00:00","dateModified":"2021-12-24T14:08:48+00:00","description":"Marc Mess\u00e9gu\u00e9, French born but Umbrian by choice, boasts a long history of experience in the field of phytotherapy and herbal medicine, which are true family traditions. He has been committed to raising awareness for the importance of diet in order to better the quality of life, by restoring the natural and harmonious mental-physical balance","breadcrumb":{"@id":"https:\/\/www.parkhotelaicappuccini.it\/en\/marc-messegue\/who-is-marc-messegue\/#breadcrumb"},"inLanguage":"en-US","potentialAction":[{"@type":"ReadAction","target":["https:\/\/www.parkhotelaicappuccini.it\/en\/marc-messegue\/who-is-marc-messegue\/"]}]},{"@type":"BreadcrumbList","@id":"https:\/\/www.parkhotelaicappuccini.it\/en\/marc-messegue\/who-is-marc-messegue\/#breadcrumb","itemListElement":[{"@type":"ListItem","position":1,"name":"Home","item":"https:\/\/www.parkhotelaicappuccini.it\/en\/"},{"@type":"ListItem","position":2,"name":"Marc Mess\u00e9gu\u00e9","item":"https:\/\/www.parkhotelaicappuccini.it\/en\/marc-messegue\/"},{"@type":"ListItem","position":3,"name":"Who is Marc Mess\u00e9gu\u00e9"}]},{"@type":"WebSite","@id":"https:\/\/www.parkhotelaicappuccini.it\/en\/#website","url":"https:\/\/www.parkhotelaicappuccini.it\/en\/","name":"Park Hotel Ai Cappuccini","description":"Just another ms.decms.eu site","potentialAction":[{"@type":"SearchAction","target":{"@type":"EntryPoint","urlTemplate":"https:\/\/www.parkhotelaicappuccini.it\/en\/?s={search_term_string}"},"query-input":{"@type":"PropertyValueSpecification","valueRequired":true,"valueName":"search_term_string"}}],"inLanguage":"en-US"}]}},"acf":[],"_links":{"self":[{"href":"https:\/\/www.parkhotelaicappuccini.it\/en\/wp-json\/wp\/v2\/pages\/759","targetHints":{"allow":["GET"]}}],"collection":[{"href":"https:\/\/www.parkhotelaicappuccini.it\/en\/wp-json\/wp\/v2\/pages"}],"about":[{"href":"https:\/\/www.parkhotelaicappuccini.it\/en\/wp-json\/wp\/v2\/types\/page"}],"author":[{"embeddable":true,"href":"https:\/\/www.parkhotelaicappuccini.it\/en\/wp-json\/wp\/v2\/users\/36"}],"replies":[{"embeddable":true,"href":"https:\/\/www.parkhotelaicappuccini.it\/en\/wp-json\/wp\/v2\/comments?post=759"}],"version-history":[{"count":0,"href":"https:\/\/www.parkhotelaicappuccini.it\/en\/wp-json\/wp\/v2\/pages\/759\/revisions"}],"up":[{"embeddable":true,"href":"https:\/\/www.parkhotelaicappuccini.it\/en\/wp-json\/wp\/v2\/pages\/730"}],"wp:attachment":[{"href":"https:\/\/www.parkhotelaicappuccini.it\/en\/wp-json\/wp\/v2\/media?parent=759"}],"curies":[{"name":"wp","href":"https:\/\/api.w.org\/{rel}","templated":true}]}}