{"id":730,"date":"2021-12-24T13:08:09","date_gmt":"2021-12-24T13:08:09","guid":{"rendered":"https:\/\/park-hotel-ai-cappuccini.ms.decms.eu\/?page_id=730"},"modified":"2026-02-05T14:36:25","modified_gmt":"2026-02-05T14:36:25","slug":"marc-messegue","status":"publish","type":"page","link":"https:\/\/www.parkhotelaicappuccini.it\/en\/marc-messegue\/","title":{"rendered":"Marc Mess\u00e9gu\u00e9"},"content":{"rendered":"<p><strong>Unique location in Italy.<\/strong><br \/>\nSuch a collaboration with the famous Phytotherapist and Herbalist, Marc Mess\u00e9gu\u00e9, son of the great, Maurice Mess\u00e9gu\u00e9 (a pioneer of Phytotherapy), was born out of the pursuit of wellness and a privileged relationship with nature. This collaboration is destined to further enrich what the Cappuccini Wellness &amp; Spa has to offer.<\/p>\n<p>It is a revolutionary, yet age old, philosophy of wellness, in which the research and use of herbs and healthy diet are integrated into medicine, phytotherapy and beauty. The guests of the Park Hotel ai Cappuccini, can count on the constant\u00a0<strong>presence of Marc Mess\u00e9gu\u00e9 and his longtime entourage, lead by Dr. P. Roberto Merani<\/strong>, and of his daily monitoring of the progress of the\u00a0 \u201ctailor made\u201d treatments, which respect the uniqueness of each person. They are based on both physical and mental detoxification, in order to get into the best shape possible.<\/p>\n","protected":false},"excerpt":{"rendered":"<p>Unique location in Italy. Such a collaboration with the famous Phytotherapist and Herbalist, Marc Mess\u00e9gu\u00e9, son of the great, Maurice Mess\u00e9gu\u00e9 (a pioneer of Phytotherapy), was born out of the pursuit of wellness and a privileged relationship with nature. This collaboration is destined to further enrich what the Cappuccini Wellness &amp; Spa has to offer. [&hellip;]<\/p>\n","protected":false},"author":644,"featured_media":0,"parent":0,"menu_order":20,"comment_status":"closed","ping_status":"closed","template":"template-default-3.php","meta":{"footnotes":""},"class_list":["post-730","page","type-page","status-publish","hentry"],"yoast_head":"<!-- This site is optimized with the Yoast SEO plugin v26.9 - https:\/\/yoast.com\/product\/yoast-seo-wordpress\/ -->\n<title>Marc Mess\u00e9gu\u00e9 - Park Hotel Ai Cappuccini -<\/title>\n<meta name=\"description\" content=\"Unique location in Italy. Such a collaboration with the famous Phytotherapist and Herbalist, Marc Mess\u00e9gu\u00e9, son of the great, Maurice Mess\u00e9gu\u00e9 (a pioneer of Phytotherapy), was born out of the pursuit of wellness and a privileged relationship with nature. This collaboration is destined to further enrich what the Cappuccini Wellness &amp; Spa has to offer.  It is a revolutionary, yet age old, philosophy of wellness, in which the research and use of herbs and healthy diet are integrated into medicine, phytotherapy and beauty\" \/>\n<meta name=\"robots\" content=\"index, follow, max-snippet:-1, max-image-preview:large, max-video-preview:-1\" \/>\n<link rel=\"canonical\" href=\"https:\/\/www.parkhotelaicappuccini.it\/en\/marc-messegue\/\" \/>\n<meta property=\"og:locale\" content=\"en_US\" \/>\n<meta property=\"og:type\" content=\"article\" \/>\n<meta property=\"og:title\" content=\"Marc Mess\u00e9gu\u00e9 - Park Hotel Ai Cappuccini -\" \/>\n<meta property=\"og:description\" content=\"Unique location in Italy. Such a collaboration with the famous Phytotherapist and Herbalist, Marc Mess\u00e9gu\u00e9, son of the great, Maurice Mess\u00e9gu\u00e9 (a pioneer of Phytotherapy), was born out of the pursuit of wellness and a privileged relationship with nature. This collaboration is destined to further enrich what the Cappuccini Wellness &amp; Spa has to offer.  It is a revolutionary, yet age old, philosophy of wellness, in which the research and use of herbs and healthy diet are integrated into medicine, phytotherapy and beauty\" \/>\n<meta property=\"og:url\" content=\"https:\/\/www.parkhotelaicappuccini.it\/en\/marc-messegue\/\" \/>\n<meta property=\"og:site_name\" content=\"Park Hotel Ai Cappuccini\" \/>\n<meta property=\"article:modified_time\" content=\"2026-02-05T14:36:25+00:00\" \/>\n<meta property=\"og:image\" content=\"https:\/\/www.parkhotelaicappuccini.it\/wp-content\/uploads\/sites\/385\/2021\/12\/Parco-Acque-6.jpg\" \/>\n\t<meta property=\"og:image:width\" content=\"1200\" \/>\n\t<meta property=\"og:image:height\" content=\"666\" \/>\n\t<meta property=\"og:image:type\" content=\"image\/jpeg\" \/>\n<meta name=\"twitter:card\" content=\"summary_large_image\" \/>\n<meta name=\"twitter:label1\" content=\"Est. reading time\" \/>\n\t<meta name=\"twitter:data1\" content=\"1 minute\" \/>\n<script type=\"application\/ld+json\" class=\"yoast-schema-graph\">{\"@context\":\"https:\/\/schema.org\",\"@graph\":[{\"@type\":\"WebPage\",\"@id\":\"https:\/\/www.parkhotelaicappuccini.it\/en\/marc-messegue\/\",\"url\":\"https:\/\/www.parkhotelaicappuccini.it\/en\/marc-messegue\/\",\"name\":\"Marc Mess\u00e9gu\u00e9 - Park Hotel Ai Cappuccini -\",\"isPartOf\":{\"@id\":\"https:\/\/www.parkhotelaicappuccini.it\/en\/#website\"},\"datePublished\":\"2021-12-24T13:08:09+00:00\",\"dateModified\":\"2026-02-05T14:36:25+00:00\",\"description\":\"Unique location in Italy. Such a collaboration with the famous Phytotherapist and Herbalist, Marc Mess\u00e9gu\u00e9, son of the great, Maurice Mess\u00e9gu\u00e9 (a pioneer of Phytotherapy), was born out of the pursuit of wellness and a privileged relationship with nature. This collaboration is destined to further enrich what the Cappuccini Wellness &amp; Spa has to offer. It is a revolutionary, yet age old, philosophy of wellness, in which the research and use of herbs and healthy diet are integrated into medicine, phytotherapy and beauty\",\"breadcrumb\":{\"@id\":\"https:\/\/www.parkhotelaicappuccini.it\/en\/marc-messegue\/#breadcrumb\"},\"inLanguage\":\"en-US\",\"potentialAction\":[{\"@type\":\"ReadAction\",\"target\":[\"https:\/\/www.parkhotelaicappuccini.it\/en\/marc-messegue\/\"]}]},{\"@type\":\"BreadcrumbList\",\"@id\":\"https:\/\/www.parkhotelaicappuccini.it\/en\/marc-messegue\/#breadcrumb\",\"itemListElement\":[{\"@type\":\"ListItem\",\"position\":1,\"name\":\"Home\",\"item\":\"https:\/\/www.parkhotelaicappuccini.it\/en\/\"},{\"@type\":\"ListItem\",\"position\":2,\"name\":\"Marc Mess\u00e9gu\u00e9\"}]},{\"@type\":\"WebSite\",\"@id\":\"https:\/\/www.parkhotelaicappuccini.it\/en\/#website\",\"url\":\"https:\/\/www.parkhotelaicappuccini.it\/en\/\",\"name\":\"Park Hotel Ai Cappuccini\",\"description\":\"Just another ms.decms.eu site\",\"potentialAction\":[{\"@type\":\"SearchAction\",\"target\":{\"@type\":\"EntryPoint\",\"urlTemplate\":\"https:\/\/www.parkhotelaicappuccini.it\/en\/?s={search_term_string}\"},\"query-input\":{\"@type\":\"PropertyValueSpecification\",\"valueRequired\":true,\"valueName\":\"search_term_string\"}}],\"inLanguage\":\"en-US\"}]}<\/script>\n<!-- \/ Yoast SEO plugin. -->","yoast_head_json":{"title":"Marc Mess\u00e9gu\u00e9 - Park Hotel Ai Cappuccini -","description":"Unique location in Italy. Such a collaboration with the famous Phytotherapist and Herbalist, Marc Mess\u00e9gu\u00e9, son of the great, Maurice Mess\u00e9gu\u00e9 (a pioneer of Phytotherapy), was born out of the pursuit of wellness and a privileged relationship with nature. This collaboration is destined to further enrich what the Cappuccini Wellness &amp; Spa has to offer.  It is a revolutionary, yet age old, philosophy of wellness, in which the research and use of herbs and healthy diet are integrated into medicine, phytotherapy and beauty","robots":{"index":"index","follow":"follow","max-snippet":"max-snippet:-1","max-image-preview":"max-image-preview:large","max-video-preview":"max-video-preview:-1"},"canonical":"https:\/\/www.parkhotelaicappuccini.it\/en\/marc-messegue\/","og_locale":"en_US","og_type":"article","og_title":"Marc Mess\u00e9gu\u00e9 - Park Hotel Ai Cappuccini -","og_description":"Unique location in Italy. Such a collaboration with the famous Phytotherapist and Herbalist, Marc Mess\u00e9gu\u00e9, son of the great, Maurice Mess\u00e9gu\u00e9 (a pioneer of Phytotherapy), was born out of the pursuit of wellness and a privileged relationship with nature. This collaboration is destined to further enrich what the Cappuccini Wellness &amp; Spa has to offer.  It is a revolutionary, yet age old, philosophy of wellness, in which the research and use of herbs and healthy diet are integrated into medicine, phytotherapy and beauty","og_url":"https:\/\/www.parkhotelaicappuccini.it\/en\/marc-messegue\/","og_site_name":"Park Hotel Ai Cappuccini","article_modified_time":"2026-02-05T14:36:25+00:00","og_image":[{"width":1200,"height":666,"url":"https:\/\/www.parkhotelaicappuccini.it\/wp-content\/uploads\/sites\/385\/2021\/12\/Parco-Acque-6.jpg","type":"image\/jpeg"}],"twitter_card":"summary_large_image","twitter_misc":{"Est. reading time":"1 minute"},"schema":{"@context":"https:\/\/schema.org","@graph":[{"@type":"WebPage","@id":"https:\/\/www.parkhotelaicappuccini.it\/en\/marc-messegue\/","url":"https:\/\/www.parkhotelaicappuccini.it\/en\/marc-messegue\/","name":"Marc Mess\u00e9gu\u00e9 - Park Hotel Ai Cappuccini -","isPartOf":{"@id":"https:\/\/www.parkhotelaicappuccini.it\/en\/#website"},"datePublished":"2021-12-24T13:08:09+00:00","dateModified":"2026-02-05T14:36:25+00:00","description":"Unique location in Italy. Such a collaboration with the famous Phytotherapist and Herbalist, Marc Mess\u00e9gu\u00e9, son of the great, Maurice Mess\u00e9gu\u00e9 (a pioneer of Phytotherapy), was born out of the pursuit of wellness and a privileged relationship with nature. This collaboration is destined to further enrich what the Cappuccini Wellness &amp; Spa has to offer. It is a revolutionary, yet age old, philosophy of wellness, in which the research and use of herbs and healthy diet are integrated into medicine, phytotherapy and beauty","breadcrumb":{"@id":"https:\/\/www.parkhotelaicappuccini.it\/en\/marc-messegue\/#breadcrumb"},"inLanguage":"en-US","potentialAction":[{"@type":"ReadAction","target":["https:\/\/www.parkhotelaicappuccini.it\/en\/marc-messegue\/"]}]},{"@type":"BreadcrumbList","@id":"https:\/\/www.parkhotelaicappuccini.it\/en\/marc-messegue\/#breadcrumb","itemListElement":[{"@type":"ListItem","position":1,"name":"Home","item":"https:\/\/www.parkhotelaicappuccini.it\/en\/"},{"@type":"ListItem","position":2,"name":"Marc Mess\u00e9gu\u00e9"}]},{"@type":"WebSite","@id":"https:\/\/www.parkhotelaicappuccini.it\/en\/#website","url":"https:\/\/www.parkhotelaicappuccini.it\/en\/","name":"Park Hotel Ai Cappuccini","description":"Just another ms.decms.eu site","potentialAction":[{"@type":"SearchAction","target":{"@type":"EntryPoint","urlTemplate":"https:\/\/www.parkhotelaicappuccini.it\/en\/?s={search_term_string}"},"query-input":{"@type":"PropertyValueSpecification","valueRequired":true,"valueName":"search_term_string"}}],"inLanguage":"en-US"}]}},"acf":[],"_links":{"self":[{"href":"https:\/\/www.parkhotelaicappuccini.it\/en\/wp-json\/wp\/v2\/pages\/730","targetHints":{"allow":["GET"]}}],"collection":[{"href":"https:\/\/www.parkhotelaicappuccini.it\/en\/wp-json\/wp\/v2\/pages"}],"about":[{"href":"https:\/\/www.parkhotelaicappuccini.it\/en\/wp-json\/wp\/v2\/types\/page"}],"author":[{"embeddable":true,"href":"https:\/\/www.parkhotelaicappuccini.it\/en\/wp-json\/wp\/v2\/users\/644"}],"replies":[{"embeddable":true,"href":"https:\/\/www.parkhotelaicappuccini.it\/en\/wp-json\/wp\/v2\/comments?post=730"}],"version-history":[{"count":0,"href":"https:\/\/www.parkhotelaicappuccini.it\/en\/wp-json\/wp\/v2\/pages\/730\/revisions"}],"wp:attachment":[{"href":"https:\/\/www.parkhotelaicappuccini.it\/en\/wp-json\/wp\/v2\/media?parent=730"}],"curies":[{"name":"wp","href":"https:\/\/api.w.org\/{rel}","templated":true}]}}