{"id":867,"date":"2021-12-27T13:28:20","date_gmt":"2021-12-27T13:28:20","guid":{"rendered":"https:\/\/park-hotel-ai-cappuccini.ms.decms.eu\/?page_id=867"},"modified":"2023-03-23T09:49:06","modified_gmt":"2023-03-23T09:49:06","slug":"link","status":"publish","type":"page","link":"https:\/\/www.parkhotelaicappuccini.it\/de\/link\/","title":{"rendered":"Link"},"content":{"rendered":"<p><strong>Institutionelle Webseiten<\/strong><\/p>\n<p>Webseite der Gemeinde Gubbio:<br \/>\n<a href=\"http:\/\/www.comune.gubbio.pg.it\" target=\"_blank\" rel=\"noopener\">www.comune.gubbio.pg.it<\/a><\/p>\n<p>Webseite der Region Umbrien:<br \/>\n<a href=\"http:\/\/www.regione.umbria.it\" target=\"_blank\" rel=\"noopener\">www.regione.umbria.it<\/a><\/p>\n<p>Portal der Region Umbrien f\u00fcr Tourismus, Umwelt und Kultur:<br \/>\n<a href=\"http:\/\/www.umbriatourism.it\/de\/homepage\">www.umbriatourism.it\/de\/homepage<\/a><\/p>\n<p>Portal der italienischen Regierung f\u00fcr Tourismus:<br \/>\n<a href=\"http:\/\/www.italia.it\" target=\"_blank\" rel=\"noopener\">www.italia.it<\/a><\/p>\n<p><strong>N\u00fctzliche Webseiten f\u00fcr Reisende<\/strong><\/p>\n<p>Webseite f\u00fcr Zugreisen in Italien:<br \/>\n<a href=\"http:\/\/www.ferroviedellostato.it\" target=\"_blank\" rel=\"noopener\">www.ferroviedellostato.it<\/a><\/p>\n<p>Webseite der Trainline:<br \/>\nhttps:\/\/www.thetrainline.com\/en-us<\/p>\n<p>Webseite f\u00fcr Autobahnen in Italien:<br \/>\n<a href=\"http:\/\/www.autostrade.it\" target=\"_blank\" rel=\"noopener\">www.autostrade.it<\/a><\/p>\n<p>Webseite des Flughafens Perugia-S.Egidio:<br \/>\n<a href=\"http:\/\/www.airport.umbria.it\" target=\"_blank\" rel=\"noopener\">www.airport.umbria.it<\/a><\/p>\n<p>Webseite des Flughafens Ancona-Falconara:<br \/>\n<a href=\"http:\/\/www.ancona-airport.com\" target=\"_blank\" rel=\"noopener\">www.ancona-airport.com<\/a><\/p>\n<p>Webseite der Flugh\u00e4fen von Rom (Fiumicino und Ciampino)<br \/>\n<a href=\"http:\/\/www.adr.it\" target=\"_blank\" rel=\"noopener\">www.adr.it<\/a><\/p>\n<p>Webseite Avis Autovermietung:<br \/>\n<a href=\"http:\/\/www.avisautonoleggio.it\" target=\"_blank\" rel=\"noopener\">https:\/\/www.avisautonoleggio.it\/<\/a><\/p>\n<p>Webseite ViaMichelin:<br \/>\n<a href=\"http:\/\/www.viamichelin.it\" target=\"_blank\" rel=\"noopener\">www.viamichelin.it<\/a><\/p>\n<p>Webseite f\u00fcr den Wetterbericht:<br \/>\n<a href=\"http:\/\/www.meteo.it\" target=\"_blank\" rel=\"noopener\">www.meteo.it<\/a><\/p>\n<p>Webseite Small Luxury Hotels of the World:<br \/>\n<a href=\"http:\/\/www.slh.com\" target=\"_blank\" rel=\"noopener\">www.slh.com<\/a><\/p>\n<p>Webseite Wellness in Umbrien:<br \/>\n<a href=\"http:\/\/www.umbriabenessere.eu\" target=\"_blank\" rel=\"noopener\">www.umbriabenessere.eu<\/a><\/p>\n<p>&nbsp;<\/p>\n<p><strong>Geschichte, Folklore und Kuriosit\u00e4ten<\/strong><\/p>\n<p>Webseite des Festes der \u201eCeri\u201c:<br \/>\n<a href=\"http:\/\/www.ceri.it\" target=\"_blank\" rel=\"noopener\">www.ceri.it<\/a><\/p>\n<p>Webseite des Weihnachtsbaums von Gubbio:<br \/>\n<a href=\"http:\/\/www.alberodigubbio.com\" target=\"_blank\" rel=\"noopener\">www.alberodigubbio.com<\/a><\/p>\n<p>Webseite der Menschen aus Gubbio in aller Welt:<br \/>\n<a href=\"http:\/\/www.eugubininelmondo.it\" target=\"_blank\" rel=\"noopener\">www.eugubininelmondo.it<\/a><\/p>\n<p>Webseite der Armbrustsch\u00fctzen von Gubbio:<br \/>\n<a href=\"http:\/\/www.balestrierigubbio.it\" target=\"_blank\" rel=\"noopener\">www.balestrierigubbio.it<\/a><\/p>\n<p>Webseite der Fahnenschwinger von Gubbio:<br \/>\n<a href=\"http:\/\/www.sbandieratori.com\" target=\"_blank\" rel=\"noopener\">www.sbandieratori.com<\/a><\/p>\n","protected":false},"excerpt":{"rendered":"<p>Institutionelle Webseiten Webseite der Gemeinde Gubbio: www.comune.gubbio.pg.it Webseite der Region Umbrien: www.regione.umbria.it Portal der Region Umbrien f\u00fcr Tourismus, Umwelt und Kultur: www.umbriatourism.it\/de\/homepage Portal der italienischen Regierung f\u00fcr Tourismus: www.italia.it N\u00fctzliche Webseiten f\u00fcr Reisende Webseite f\u00fcr Zugreisen in Italien: www.ferroviedellostato.it Webseite der Trainline: https:\/\/www.thetrainline.com\/en-us Webseite f\u00fcr Autobahnen in Italien: www.autostrade.it Webseite des Flughafens Perugia-S.Egidio: www.airport.umbria.it Webseite [&hellip;]<\/p>\n","protected":false},"author":36,"featured_media":0,"parent":0,"menu_order":999,"comment_status":"closed","ping_status":"closed","template":"","meta":{"footnotes":""},"class_list":["post-867","page","type-page","status-publish","hentry"],"yoast_head":"<!-- This site is optimized with the Yoast SEO plugin v26.9 - https:\/\/yoast.com\/product\/yoast-seo-wordpress\/ -->\n<title>Link - Park Hotel Ai Cappuccini -<\/title>\n<meta name=\"description\" content=\"Institutionelle Webseiten  Webseite der Gemeinde Gubbio: www.comune.gubbio.pg.it  Webseite der Region Umbrien: www.regione.umbria.it  Portal der Region Umbrien f\u00fcr Tourismus, Umwelt und Kultur: www.umbriatourism.it\/de\/homepage  Portal der italienischen Regierung f\u00fcr Tourismus: www.italia.it  N\u00fctzliche Webseiten f\u00fcr Reisende  Webseite f\u00fcr Zugreisen in Italien: www.ferroviedellostato.it  Webseite der Trainline: https:\/\/www.thetrainline.com\/en-us  Webseite f\u00fcr Autobahnen in Italien: www.autostrade.it  Webseite des Flughafens Perugia-S.Egidio: www.airport.umbria.it  Webseite des Flughafens Ancona-Falconara: www.ancona-airport.com  Webseite der Flugh\u00e4fen von Rom (Fiumicino und Ciampino) www.adr.it  Webseite Avis Autovermietung: https:\/\/www.avisautonoleggio.it\/  Webseite ViaMichelin: www.viamichelin.it  Webseite f\u00fcr den Wetterbericht: www.meteo.it  Webseite Small Luxury Hotels of the World: www.slh.com  Webseite Wellness in Umbrien: www.umbriabenessere.eu  &nbsp;  Geschichte, Folklore und Kuriosit\u00e4ten  Webseite des Festes der \u201eCeri\u201c: www.ceri.it  Webseite des Weihnachtsbaums von Gubbio: www.alberodigubbio.com  Webseite der Menschen aus Gubbio in aller Welt: www.eugubininelmondo.it  Webseite der Armbrustsch\u00fctzen von Gubbio: www.balestrierigubbio.it  Webseite der Fahnenschwinger von Gubbio: www.sbandieratori.com.\" \/>\n<meta name=\"robots\" content=\"index, follow, max-snippet:-1, max-image-preview:large, max-video-preview:-1\" \/>\n<link rel=\"canonical\" href=\"https:\/\/www.parkhotelaicappuccini.it\/de\/link\/\" \/>\n<meta property=\"og:locale\" content=\"de_DE\" \/>\n<meta property=\"og:type\" content=\"article\" \/>\n<meta property=\"og:title\" content=\"Link - Park Hotel Ai Cappuccini -\" \/>\n<meta property=\"og:description\" content=\"Institutionelle Webseiten  Webseite der Gemeinde Gubbio: www.comune.gubbio.pg.it  Webseite der Region Umbrien: www.regione.umbria.it  Portal der Region Umbrien f\u00fcr Tourismus, Umwelt und Kultur: www.umbriatourism.it\/de\/homepage  Portal der italienischen Regierung f\u00fcr Tourismus: www.italia.it  N\u00fctzliche Webseiten f\u00fcr Reisende  Webseite f\u00fcr Zugreisen in Italien: www.ferroviedellostato.it  Webseite der Trainline: https:\/\/www.thetrainline.com\/en-us  Webseite f\u00fcr Autobahnen in Italien: www.autostrade.it  Webseite des Flughafens Perugia-S.Egidio: www.airport.umbria.it  Webseite des Flughafens Ancona-Falconara: www.ancona-airport.com  Webseite der Flugh\u00e4fen von Rom (Fiumicino und Ciampino) www.adr.it  Webseite Avis Autovermietung: https:\/\/www.avisautonoleggio.it\/  Webseite ViaMichelin: www.viamichelin.it  Webseite f\u00fcr den Wetterbericht: www.meteo.it  Webseite Small Luxury Hotels of the World: www.slh.com  Webseite Wellness in Umbrien: www.umbriabenessere.eu  &nbsp;  Geschichte, Folklore und Kuriosit\u00e4ten  Webseite des Festes der \u201eCeri\u201c: www.ceri.it  Webseite des Weihnachtsbaums von Gubbio: www.alberodigubbio.com  Webseite der Menschen aus Gubbio in aller Welt: www.eugubininelmondo.it  Webseite der Armbrustsch\u00fctzen von Gubbio: www.balestrierigubbio.it  Webseite der Fahnenschwinger von Gubbio: www.sbandieratori.com.\" \/>\n<meta property=\"og:url\" content=\"https:\/\/www.parkhotelaicappuccini.it\/de\/link\/\" \/>\n<meta property=\"og:site_name\" content=\"Park Hotel Ai Cappuccini\" \/>\n<meta property=\"article:modified_time\" content=\"2023-03-23T09:49:06+00:00\" \/>\n<meta property=\"og:image\" content=\"https:\/\/www.parkhotelaicappuccini.it\/wp-content\/uploads\/sites\/385\/2021\/12\/Parco-Acque-6.jpg\" \/>\n\t<meta property=\"og:image:width\" content=\"1200\" \/>\n\t<meta property=\"og:image:height\" content=\"666\" \/>\n\t<meta property=\"og:image:type\" content=\"image\/jpeg\" \/>\n<meta name=\"twitter:card\" content=\"summary_large_image\" \/>\n<meta name=\"twitter:label1\" content=\"Gesch\u00e4tzte Lesezeit\" \/>\n\t<meta name=\"twitter:data1\" content=\"1 Minute\" \/>\n<script type=\"application\/ld+json\" class=\"yoast-schema-graph\">{\"@context\":\"https:\/\/schema.org\",\"@graph\":[{\"@type\":\"WebPage\",\"@id\":\"https:\/\/www.parkhotelaicappuccini.it\/de\/link\/\",\"url\":\"https:\/\/www.parkhotelaicappuccini.it\/de\/link\/\",\"name\":\"Link - Park Hotel Ai Cappuccini -\",\"isPartOf\":{\"@id\":\"https:\/\/www.parkhotelaicappuccini.it\/de\/#website\"},\"datePublished\":\"2021-12-27T13:28:20+00:00\",\"dateModified\":\"2023-03-23T09:49:06+00:00\",\"description\":\"Institutionelle Webseiten Webseite der Gemeinde Gubbio: www.comune.gubbio.pg.it Webseite der Region Umbrien: www.regione.umbria.it Portal der Region Umbrien f\u00fcr Tourismus, Umwelt und Kultur: www.umbriatourism.it\/de\/homepage Portal der italienischen Regierung f\u00fcr Tourismus: www.italia.it N\u00fctzliche Webseiten f\u00fcr Reisende Webseite f\u00fcr Zugreisen in Italien: www.ferroviedellostato.it Webseite der Trainline: https:\/\/www.thetrainline.com\/en-us Webseite f\u00fcr Autobahnen in Italien: www.autostrade.it Webseite des Flughafens Perugia-S.Egidio: www.airport.umbria.it Webseite des Flughafens Ancona-Falconara: www.ancona-airport.com Webseite der Flugh\u00e4fen von Rom (Fiumicino und Ciampino) www.adr.it Webseite Avis Autovermietung: https:\/\/www.avisautonoleggio.it\/ Webseite ViaMichelin: www.viamichelin.it Webseite f\u00fcr den Wetterbericht: www.meteo.it Webseite Small Luxury Hotels of the World: www.slh.com Webseite Wellness in Umbrien: www.umbriabenessere.eu &nbsp; Geschichte, Folklore und Kuriosit\u00e4ten Webseite des Festes der \u201eCeri\u201c: www.ceri.it Webseite des Weihnachtsbaums von Gubbio: www.alberodigubbio.com Webseite der Menschen aus Gubbio in aller Welt: www.eugubininelmondo.it Webseite der Armbrustsch\u00fctzen von Gubbio: www.balestrierigubbio.it Webseite der Fahnenschwinger von Gubbio: www.sbandieratori.com.\",\"breadcrumb\":{\"@id\":\"https:\/\/www.parkhotelaicappuccini.it\/de\/link\/#breadcrumb\"},\"inLanguage\":\"de-DE\",\"potentialAction\":[{\"@type\":\"ReadAction\",\"target\":[\"https:\/\/www.parkhotelaicappuccini.it\/de\/link\/\"]}]},{\"@type\":\"BreadcrumbList\",\"@id\":\"https:\/\/www.parkhotelaicappuccini.it\/de\/link\/#breadcrumb\",\"itemListElement\":[{\"@type\":\"ListItem\",\"position\":1,\"name\":\"Home\",\"item\":\"https:\/\/www.parkhotelaicappuccini.it\/de\/\"},{\"@type\":\"ListItem\",\"position\":2,\"name\":\"Link\"}]},{\"@type\":\"WebSite\",\"@id\":\"https:\/\/www.parkhotelaicappuccini.it\/de\/#website\",\"url\":\"https:\/\/www.parkhotelaicappuccini.it\/de\/\",\"name\":\"Park Hotel Ai Cappuccini\",\"description\":\"Just another ms.decms.eu site\",\"potentialAction\":[{\"@type\":\"SearchAction\",\"target\":{\"@type\":\"EntryPoint\",\"urlTemplate\":\"https:\/\/www.parkhotelaicappuccini.it\/de\/?s={search_term_string}\"},\"query-input\":{\"@type\":\"PropertyValueSpecification\",\"valueRequired\":true,\"valueName\":\"search_term_string\"}}],\"inLanguage\":\"de-DE\"}]}<\/script>\n<!-- \/ Yoast SEO plugin. -->","yoast_head_json":{"title":"Link - Park Hotel Ai Cappuccini -","description":"Institutionelle Webseiten  Webseite der Gemeinde Gubbio: www.comune.gubbio.pg.it  Webseite der Region Umbrien: www.regione.umbria.it  Portal der Region Umbrien f\u00fcr Tourismus, Umwelt und Kultur: www.umbriatourism.it\/de\/homepage  Portal der italienischen Regierung f\u00fcr Tourismus: www.italia.it  N\u00fctzliche Webseiten f\u00fcr Reisende  Webseite f\u00fcr Zugreisen in Italien: www.ferroviedellostato.it  Webseite der Trainline: https:\/\/www.thetrainline.com\/en-us  Webseite f\u00fcr Autobahnen in Italien: www.autostrade.it  Webseite des Flughafens Perugia-S.Egidio: www.airport.umbria.it  Webseite des Flughafens Ancona-Falconara: www.ancona-airport.com  Webseite der Flugh\u00e4fen von Rom (Fiumicino und Ciampino) www.adr.it  Webseite Avis Autovermietung: https:\/\/www.avisautonoleggio.it\/  Webseite ViaMichelin: www.viamichelin.it  Webseite f\u00fcr den Wetterbericht: www.meteo.it  Webseite Small Luxury Hotels of the World: www.slh.com  Webseite Wellness in Umbrien: www.umbriabenessere.eu  &nbsp;  Geschichte, Folklore und Kuriosit\u00e4ten  Webseite des Festes der \u201eCeri\u201c: www.ceri.it  Webseite des Weihnachtsbaums von Gubbio: www.alberodigubbio.com  Webseite der Menschen aus Gubbio in aller Welt: www.eugubininelmondo.it  Webseite der Armbrustsch\u00fctzen von Gubbio: www.balestrierigubbio.it  Webseite der Fahnenschwinger von Gubbio: www.sbandieratori.com.","robots":{"index":"index","follow":"follow","max-snippet":"max-snippet:-1","max-image-preview":"max-image-preview:large","max-video-preview":"max-video-preview:-1"},"canonical":"https:\/\/www.parkhotelaicappuccini.it\/de\/link\/","og_locale":"de_DE","og_type":"article","og_title":"Link - Park Hotel Ai Cappuccini -","og_description":"Institutionelle Webseiten  Webseite der Gemeinde Gubbio: www.comune.gubbio.pg.it  Webseite der Region Umbrien: www.regione.umbria.it  Portal der Region Umbrien f\u00fcr Tourismus, Umwelt und Kultur: www.umbriatourism.it\/de\/homepage  Portal der italienischen Regierung f\u00fcr Tourismus: www.italia.it  N\u00fctzliche Webseiten f\u00fcr Reisende  Webseite f\u00fcr Zugreisen in Italien: www.ferroviedellostato.it  Webseite der Trainline: https:\/\/www.thetrainline.com\/en-us  Webseite f\u00fcr Autobahnen in Italien: www.autostrade.it  Webseite des Flughafens Perugia-S.Egidio: www.airport.umbria.it  Webseite des Flughafens Ancona-Falconara: www.ancona-airport.com  Webseite der Flugh\u00e4fen von Rom (Fiumicino und Ciampino) www.adr.it  Webseite Avis Autovermietung: https:\/\/www.avisautonoleggio.it\/  Webseite ViaMichelin: www.viamichelin.it  Webseite f\u00fcr den Wetterbericht: www.meteo.it  Webseite Small Luxury Hotels of the World: www.slh.com  Webseite Wellness in Umbrien: www.umbriabenessere.eu  &nbsp;  Geschichte, Folklore und Kuriosit\u00e4ten  Webseite des Festes der \u201eCeri\u201c: www.ceri.it  Webseite des Weihnachtsbaums von Gubbio: www.alberodigubbio.com  Webseite der Menschen aus Gubbio in aller Welt: www.eugubininelmondo.it  Webseite der Armbrustsch\u00fctzen von Gubbio: www.balestrierigubbio.it  Webseite der Fahnenschwinger von Gubbio: www.sbandieratori.com.","og_url":"https:\/\/www.parkhotelaicappuccini.it\/de\/link\/","og_site_name":"Park Hotel Ai Cappuccini","article_modified_time":"2023-03-23T09:49:06+00:00","og_image":[{"width":1200,"height":666,"url":"https:\/\/www.parkhotelaicappuccini.it\/wp-content\/uploads\/sites\/385\/2021\/12\/Parco-Acque-6.jpg","type":"image\/jpeg"}],"twitter_card":"summary_large_image","twitter_misc":{"Gesch\u00e4tzte Lesezeit":"1 Minute"},"schema":{"@context":"https:\/\/schema.org","@graph":[{"@type":"WebPage","@id":"https:\/\/www.parkhotelaicappuccini.it\/de\/link\/","url":"https:\/\/www.parkhotelaicappuccini.it\/de\/link\/","name":"Link - Park Hotel Ai Cappuccini -","isPartOf":{"@id":"https:\/\/www.parkhotelaicappuccini.it\/de\/#website"},"datePublished":"2021-12-27T13:28:20+00:00","dateModified":"2023-03-23T09:49:06+00:00","description":"Institutionelle Webseiten Webseite der Gemeinde Gubbio: www.comune.gubbio.pg.it Webseite der Region Umbrien: www.regione.umbria.it Portal der Region Umbrien f\u00fcr Tourismus, Umwelt und Kultur: www.umbriatourism.it\/de\/homepage Portal der italienischen Regierung f\u00fcr Tourismus: www.italia.it N\u00fctzliche Webseiten f\u00fcr Reisende Webseite f\u00fcr Zugreisen in Italien: www.ferroviedellostato.it Webseite der Trainline: https:\/\/www.thetrainline.com\/en-us Webseite f\u00fcr Autobahnen in Italien: www.autostrade.it Webseite des Flughafens Perugia-S.Egidio: www.airport.umbria.it Webseite des Flughafens Ancona-Falconara: www.ancona-airport.com Webseite der Flugh\u00e4fen von Rom (Fiumicino und Ciampino) www.adr.it Webseite Avis Autovermietung: https:\/\/www.avisautonoleggio.it\/ Webseite ViaMichelin: www.viamichelin.it Webseite f\u00fcr den Wetterbericht: www.meteo.it Webseite Small Luxury Hotels of the World: www.slh.com Webseite Wellness in Umbrien: www.umbriabenessere.eu &nbsp; Geschichte, Folklore und Kuriosit\u00e4ten Webseite des Festes der \u201eCeri\u201c: www.ceri.it Webseite des Weihnachtsbaums von Gubbio: www.alberodigubbio.com Webseite der Menschen aus Gubbio in aller Welt: www.eugubininelmondo.it Webseite der Armbrustsch\u00fctzen von Gubbio: www.balestrierigubbio.it Webseite der Fahnenschwinger von Gubbio: www.sbandieratori.com.","breadcrumb":{"@id":"https:\/\/www.parkhotelaicappuccini.it\/de\/link\/#breadcrumb"},"inLanguage":"de-DE","potentialAction":[{"@type":"ReadAction","target":["https:\/\/www.parkhotelaicappuccini.it\/de\/link\/"]}]},{"@type":"BreadcrumbList","@id":"https:\/\/www.parkhotelaicappuccini.it\/de\/link\/#breadcrumb","itemListElement":[{"@type":"ListItem","position":1,"name":"Home","item":"https:\/\/www.parkhotelaicappuccini.it\/de\/"},{"@type":"ListItem","position":2,"name":"Link"}]},{"@type":"WebSite","@id":"https:\/\/www.parkhotelaicappuccini.it\/de\/#website","url":"https:\/\/www.parkhotelaicappuccini.it\/de\/","name":"Park Hotel Ai Cappuccini","description":"Just another ms.decms.eu site","potentialAction":[{"@type":"SearchAction","target":{"@type":"EntryPoint","urlTemplate":"https:\/\/www.parkhotelaicappuccini.it\/de\/?s={search_term_string}"},"query-input":{"@type":"PropertyValueSpecification","valueRequired":true,"valueName":"search_term_string"}}],"inLanguage":"de-DE"}]}},"acf":[],"_links":{"self":[{"href":"https:\/\/www.parkhotelaicappuccini.it\/de\/wp-json\/wp\/v2\/pages\/867","targetHints":{"allow":["GET"]}}],"collection":[{"href":"https:\/\/www.parkhotelaicappuccini.it\/de\/wp-json\/wp\/v2\/pages"}],"about":[{"href":"https:\/\/www.parkhotelaicappuccini.it\/de\/wp-json\/wp\/v2\/types\/page"}],"author":[{"embeddable":true,"href":"https:\/\/www.parkhotelaicappuccini.it\/de\/wp-json\/wp\/v2\/users\/36"}],"replies":[{"embeddable":true,"href":"https:\/\/www.parkhotelaicappuccini.it\/de\/wp-json\/wp\/v2\/comments?post=867"}],"version-history":[{"count":0,"href":"https:\/\/www.parkhotelaicappuccini.it\/de\/wp-json\/wp\/v2\/pages\/867\/revisions"}],"wp:attachment":[{"href":"https:\/\/www.parkhotelaicappuccini.it\/de\/wp-json\/wp\/v2\/media?parent=867"}],"curies":[{"name":"wp","href":"https:\/\/api.w.org\/{rel}","templated":true}]}}