{"id":815,"date":"2021-12-27T10:23:34","date_gmt":"2021-12-27T10:23:34","guid":{"rendered":"https:\/\/park-hotel-ai-cappuccini.ms.decms.eu\/?page_id=815"},"modified":"2021-12-27T10:23:34","modified_gmt":"2021-12-27T10:23:34","slug":"misano-world-circuit","status":"publish","type":"page","link":"https:\/\/www.parkhotelaicappuccini.it\/de\/andere-strukturen\/misano-world-circuit\/","title":{"rendered":"Misano World Circuit"},"content":{"rendered":"<p>Der Misano World Circuit ist ein gro\u00dfer Park zum Thema Motorsport an der Riviera von Rimini, in dem Sportevents von weltweiter Bedeutung organisiert werden: ein Bezugspunkt f\u00fcr die verbreitete Leidenschaft f\u00fcr den Motorsport, die charakteristisch f\u00fcr diese Gegend ist.<\/p>\n","protected":false},"excerpt":{"rendered":"<p>Der Misano World Circuit ist ein gro\u00dfer Park zum Thema Motorsport an der Riviera von Rimini, in dem Sportevents von weltweiter Bedeutung organisiert werden: ein Bezugspunkt f\u00fcr die verbreitete Leidenschaft f\u00fcr den Motorsport, die charakteristisch f\u00fcr diese Gegend ist.<\/p>\n","protected":false},"author":36,"featured_media":0,"parent":780,"menu_order":25,"comment_status":"closed","ping_status":"closed","template":"template-default-4.php","meta":{"footnotes":""},"class_list":["post-815","page","type-page","status-publish","hentry"],"yoast_head":"<!-- This site is optimized with the Yoast SEO plugin v26.9 - https:\/\/yoast.com\/product\/yoast-seo-wordpress\/ -->\n<title>Misano World Circuit - Park Hotel Ai Cappuccini -<\/title>\n<meta name=\"description\" content=\"Der Misano World Circuit ist ein gro\u00dfer Park zum Thema Motorsport an der Riviera von Rimini, in dem Sportevents von weltweiter Bedeutung organisiert werden: ein Bezugspunkt f\u00fcr die verbreitete Leidenschaft f\u00fcr den Motorsport, die charakteristisch f\u00fcr diese Gegend ist..\" \/>\n<meta name=\"robots\" content=\"index, follow, max-snippet:-1, max-image-preview:large, max-video-preview:-1\" \/>\n<link rel=\"canonical\" href=\"https:\/\/www.parkhotelaicappuccini.it\/de\/andere-strukturen\/misano-world-circuit\/\" \/>\n<meta property=\"og:locale\" content=\"de_DE\" \/>\n<meta property=\"og:type\" content=\"article\" \/>\n<meta property=\"og:title\" content=\"Misano World Circuit - Park Hotel Ai Cappuccini -\" \/>\n<meta property=\"og:description\" content=\"Der Misano World Circuit ist ein gro\u00dfer Park zum Thema Motorsport an der Riviera von Rimini, in dem Sportevents von weltweiter Bedeutung organisiert werden: ein Bezugspunkt f\u00fcr die verbreitete Leidenschaft f\u00fcr den Motorsport, die charakteristisch f\u00fcr diese Gegend ist..\" \/>\n<meta property=\"og:url\" content=\"https:\/\/www.parkhotelaicappuccini.it\/de\/andere-strukturen\/misano-world-circuit\/\" \/>\n<meta property=\"og:site_name\" content=\"Park Hotel Ai Cappuccini\" \/>\n<meta property=\"og:image\" content=\"https:\/\/www.parkhotelaicappuccini.it\/wp-content\/uploads\/sites\/385\/2021\/12\/Parco-Acque-6.jpg\" \/>\n\t<meta property=\"og:image:width\" content=\"1200\" \/>\n\t<meta property=\"og:image:height\" content=\"666\" \/>\n\t<meta property=\"og:image:type\" content=\"image\/jpeg\" \/>\n<meta name=\"twitter:card\" content=\"summary_large_image\" \/>\n<meta name=\"twitter:label1\" content=\"Gesch\u00e4tzte Lesezeit\" \/>\n\t<meta name=\"twitter:data1\" content=\"1 Minute\" \/>\n<script type=\"application\/ld+json\" class=\"yoast-schema-graph\">{\"@context\":\"https:\/\/schema.org\",\"@graph\":[{\"@type\":\"WebPage\",\"@id\":\"https:\/\/www.parkhotelaicappuccini.it\/de\/andere-strukturen\/misano-world-circuit\/\",\"url\":\"https:\/\/www.parkhotelaicappuccini.it\/de\/andere-strukturen\/misano-world-circuit\/\",\"name\":\"Misano World Circuit - Park Hotel Ai Cappuccini -\",\"isPartOf\":{\"@id\":\"https:\/\/www.parkhotelaicappuccini.it\/de\/#website\"},\"datePublished\":\"2021-12-27T10:23:34+00:00\",\"description\":\"Der Misano World Circuit ist ein gro\u00dfer Park zum Thema Motorsport an der Riviera von Rimini, in dem Sportevents von weltweiter Bedeutung organisiert werden: ein Bezugspunkt f\u00fcr die verbreitete Leidenschaft f\u00fcr den Motorsport, die charakteristisch f\u00fcr diese Gegend ist..\",\"breadcrumb\":{\"@id\":\"https:\/\/www.parkhotelaicappuccini.it\/de\/andere-strukturen\/misano-world-circuit\/#breadcrumb\"},\"inLanguage\":\"de-DE\",\"potentialAction\":[{\"@type\":\"ReadAction\",\"target\":[\"https:\/\/www.parkhotelaicappuccini.it\/de\/andere-strukturen\/misano-world-circuit\/\"]}]},{\"@type\":\"BreadcrumbList\",\"@id\":\"https:\/\/www.parkhotelaicappuccini.it\/de\/andere-strukturen\/misano-world-circuit\/#breadcrumb\",\"itemListElement\":[{\"@type\":\"ListItem\",\"position\":1,\"name\":\"Home\",\"item\":\"https:\/\/www.parkhotelaicappuccini.it\/de\/\"},{\"@type\":\"ListItem\",\"position\":2,\"name\":\"Unser Urlaub auf dem Land\",\"item\":\"https:\/\/www.parkhotelaicappuccini.it\/de\/andere-strukturen\/\"},{\"@type\":\"ListItem\",\"position\":3,\"name\":\"Misano World Circuit\"}]},{\"@type\":\"WebSite\",\"@id\":\"https:\/\/www.parkhotelaicappuccini.it\/de\/#website\",\"url\":\"https:\/\/www.parkhotelaicappuccini.it\/de\/\",\"name\":\"Park Hotel Ai Cappuccini\",\"description\":\"Just another ms.decms.eu site\",\"potentialAction\":[{\"@type\":\"SearchAction\",\"target\":{\"@type\":\"EntryPoint\",\"urlTemplate\":\"https:\/\/www.parkhotelaicappuccini.it\/de\/?s={search_term_string}\"},\"query-input\":{\"@type\":\"PropertyValueSpecification\",\"valueRequired\":true,\"valueName\":\"search_term_string\"}}],\"inLanguage\":\"de-DE\"}]}<\/script>\n<!-- \/ Yoast SEO plugin. -->","yoast_head_json":{"title":"Misano World Circuit - Park Hotel Ai Cappuccini -","description":"Der Misano World Circuit ist ein gro\u00dfer Park zum Thema Motorsport an der Riviera von Rimini, in dem Sportevents von weltweiter Bedeutung organisiert werden: ein Bezugspunkt f\u00fcr die verbreitete Leidenschaft f\u00fcr den Motorsport, die charakteristisch f\u00fcr diese Gegend ist..","robots":{"index":"index","follow":"follow","max-snippet":"max-snippet:-1","max-image-preview":"max-image-preview:large","max-video-preview":"max-video-preview:-1"},"canonical":"https:\/\/www.parkhotelaicappuccini.it\/de\/andere-strukturen\/misano-world-circuit\/","og_locale":"de_DE","og_type":"article","og_title":"Misano World Circuit - Park Hotel Ai Cappuccini -","og_description":"Der Misano World Circuit ist ein gro\u00dfer Park zum Thema Motorsport an der Riviera von Rimini, in dem Sportevents von weltweiter Bedeutung organisiert werden: ein Bezugspunkt f\u00fcr die verbreitete Leidenschaft f\u00fcr den Motorsport, die charakteristisch f\u00fcr diese Gegend ist..","og_url":"https:\/\/www.parkhotelaicappuccini.it\/de\/andere-strukturen\/misano-world-circuit\/","og_site_name":"Park Hotel Ai Cappuccini","og_image":[{"width":1200,"height":666,"url":"https:\/\/www.parkhotelaicappuccini.it\/wp-content\/uploads\/sites\/385\/2021\/12\/Parco-Acque-6.jpg","type":"image\/jpeg"}],"twitter_card":"summary_large_image","twitter_misc":{"Gesch\u00e4tzte Lesezeit":"1 Minute"},"schema":{"@context":"https:\/\/schema.org","@graph":[{"@type":"WebPage","@id":"https:\/\/www.parkhotelaicappuccini.it\/de\/andere-strukturen\/misano-world-circuit\/","url":"https:\/\/www.parkhotelaicappuccini.it\/de\/andere-strukturen\/misano-world-circuit\/","name":"Misano World Circuit - Park Hotel Ai Cappuccini -","isPartOf":{"@id":"https:\/\/www.parkhotelaicappuccini.it\/de\/#website"},"datePublished":"2021-12-27T10:23:34+00:00","description":"Der Misano World Circuit ist ein gro\u00dfer Park zum Thema Motorsport an der Riviera von Rimini, in dem Sportevents von weltweiter Bedeutung organisiert werden: ein Bezugspunkt f\u00fcr die verbreitete Leidenschaft f\u00fcr den Motorsport, die charakteristisch f\u00fcr diese Gegend ist..","breadcrumb":{"@id":"https:\/\/www.parkhotelaicappuccini.it\/de\/andere-strukturen\/misano-world-circuit\/#breadcrumb"},"inLanguage":"de-DE","potentialAction":[{"@type":"ReadAction","target":["https:\/\/www.parkhotelaicappuccini.it\/de\/andere-strukturen\/misano-world-circuit\/"]}]},{"@type":"BreadcrumbList","@id":"https:\/\/www.parkhotelaicappuccini.it\/de\/andere-strukturen\/misano-world-circuit\/#breadcrumb","itemListElement":[{"@type":"ListItem","position":1,"name":"Home","item":"https:\/\/www.parkhotelaicappuccini.it\/de\/"},{"@type":"ListItem","position":2,"name":"Unser Urlaub auf dem Land","item":"https:\/\/www.parkhotelaicappuccini.it\/de\/andere-strukturen\/"},{"@type":"ListItem","position":3,"name":"Misano World Circuit"}]},{"@type":"WebSite","@id":"https:\/\/www.parkhotelaicappuccini.it\/de\/#website","url":"https:\/\/www.parkhotelaicappuccini.it\/de\/","name":"Park Hotel Ai Cappuccini","description":"Just another ms.decms.eu site","potentialAction":[{"@type":"SearchAction","target":{"@type":"EntryPoint","urlTemplate":"https:\/\/www.parkhotelaicappuccini.it\/de\/?s={search_term_string}"},"query-input":{"@type":"PropertyValueSpecification","valueRequired":true,"valueName":"search_term_string"}}],"inLanguage":"de-DE"}]}},"acf":[],"_links":{"self":[{"href":"https:\/\/www.parkhotelaicappuccini.it\/de\/wp-json\/wp\/v2\/pages\/815","targetHints":{"allow":["GET"]}}],"collection":[{"href":"https:\/\/www.parkhotelaicappuccini.it\/de\/wp-json\/wp\/v2\/pages"}],"about":[{"href":"https:\/\/www.parkhotelaicappuccini.it\/de\/wp-json\/wp\/v2\/types\/page"}],"author":[{"embeddable":true,"href":"https:\/\/www.parkhotelaicappuccini.it\/de\/wp-json\/wp\/v2\/users\/36"}],"replies":[{"embeddable":true,"href":"https:\/\/www.parkhotelaicappuccini.it\/de\/wp-json\/wp\/v2\/comments?post=815"}],"version-history":[{"count":0,"href":"https:\/\/www.parkhotelaicappuccini.it\/de\/wp-json\/wp\/v2\/pages\/815\/revisions"}],"up":[{"embeddable":true,"href":"https:\/\/www.parkhotelaicappuccini.it\/de\/wp-json\/wp\/v2\/pages\/780"}],"wp:attachment":[{"href":"https:\/\/www.parkhotelaicappuccini.it\/de\/wp-json\/wp\/v2\/media?parent=815"}],"curies":[{"name":"wp","href":"https:\/\/api.w.org\/{rel}","templated":true}]}}