{"id":807,"date":"2021-12-27T10:01:44","date_gmt":"2021-12-27T10:01:44","guid":{"rendered":"https:\/\/park-hotel-ai-cappuccini.ms.decms.eu\/?page_id=807"},"modified":"2025-01-13T15:00:28","modified_gmt":"2025-01-13T15:00:28","slug":"i-casali-di-villa-benveduti","status":"publish","type":"page","link":"https:\/\/www.parkhotelaicappuccini.it\/de\/andere-strukturen\/i-casali-di-villa-benveduti\/","title":{"rendered":"I Casali di Villa Benveduti"},"content":{"rendered":"<p style=\"text-align: center\">GUBBIO<\/p>\n<p>Die auf den sanften H\u00fcgeln der umbrischen Landschaft in der N\u00e4he des historischen Stadtzentrums von Gubbio gelegenen Bauernh\u00e4user wurden vor kurzem nach den l\u00e4ndlichen Traditionen der Bauernh\u00e4user aus Stein, Terrakotta und Holz renoviert. Die Landh\u00e4user befinden sich auf dem gr\u00f6\u00dften Grundst\u00fcck der Villa Benveduti, das an der ber\u00fchmten &#8222;Via di Francesco&#8220; (Franziskusweg) liegt, die durch Gubbio f\u00fchrt und La Verna mit Assisi verbindet. Dies ist der perfekte Urlaubsort f\u00fcr alle, die auf der Suche nach Natur sind, nach Zeit, die sie in einer unber\u00fchrten Landschaft von un\u00fcbertroffener Sch\u00f6nheit verbringen k\u00f6nnen. Ein Ort, an dem man wieder in den langsamen Rhythmus der Jahreszeiten eintauchen kann, weit weg von der Hektik und dem Stress des Alltags.<\/p>\n<p>infobooking: <a href=\"mailto:icasali@villabenveduti.it\">icasali@villabenveduti.it<\/a><br \/>\n<a href=\"https:\/\/www.villabenveduti.it\/casali%20en.html\">website<\/a><br \/>\nI Casali di Villa Benveduti CIR: 054024B404031703 &#8211; CIN: IT054024B404031703<\/p>\n","protected":false},"excerpt":{"rendered":"<p>GUBBIO Die auf den sanften H\u00fcgeln der umbrischen Landschaft in der N\u00e4he des historischen Stadtzentrums von Gubbio gelegenen Bauernh\u00e4user wurden vor kurzem nach den l\u00e4ndlichen Traditionen der Bauernh\u00e4user aus Stein, Terrakotta und Holz renoviert. Die Landh\u00e4user befinden sich auf dem gr\u00f6\u00dften Grundst\u00fcck der Villa Benveduti, das an der ber\u00fchmten &#8222;Via di Francesco&#8220; (Franziskusweg) liegt, die [&hellip;]<\/p>\n","protected":false},"author":36,"featured_media":0,"parent":780,"menu_order":15,"comment_status":"closed","ping_status":"closed","template":"template-default-4.php","meta":{"footnotes":""},"class_list":["post-807","page","type-page","status-publish","hentry"],"yoast_head":"<!-- This site is optimized with the Yoast SEO plugin v26.9 - https:\/\/yoast.com\/product\/yoast-seo-wordpress\/ -->\n<title>I Casali di Villa Benveduti - Park Hotel Ai Cappuccini -<\/title>\n<meta name=\"description\" content=\"GUBBIO Die auf den sanften H\u00fcgeln der umbrischen Landschaft in der N\u00e4he des historischen Stadtzentrums von Gubbio gelegenen Bauernh\u00e4user wurden vor kurzem nach den l\u00e4ndlichen Traditionen der Bauernh\u00e4user aus Stein, Terrakotta und Holz renoviert. Die Landh\u00e4user befinden sich auf dem gr\u00f6\u00dften Grundst\u00fcck der Villa Benveduti, das an der ber\u00fchmten &quot;Via di Francesco&quot; (Franziskusweg) liegt, die durch Gubbio f\u00fchrt und La Verna mit Assisi verbindet\" \/>\n<meta name=\"robots\" content=\"index, follow, max-snippet:-1, max-image-preview:large, max-video-preview:-1\" \/>\n<link rel=\"canonical\" href=\"https:\/\/www.parkhotelaicappuccini.it\/de\/andere-strukturen\/i-casali-di-villa-benveduti\/\" \/>\n<meta property=\"og:locale\" content=\"de_DE\" \/>\n<meta property=\"og:type\" content=\"article\" \/>\n<meta property=\"og:title\" content=\"I Casali di Villa Benveduti - Park Hotel Ai Cappuccini -\" \/>\n<meta property=\"og:description\" content=\"GUBBIO Die auf den sanften H\u00fcgeln der umbrischen Landschaft in der N\u00e4he des historischen Stadtzentrums von Gubbio gelegenen Bauernh\u00e4user wurden vor kurzem nach den l\u00e4ndlichen Traditionen der Bauernh\u00e4user aus Stein, Terrakotta und Holz renoviert. Die Landh\u00e4user befinden sich auf dem gr\u00f6\u00dften Grundst\u00fcck der Villa Benveduti, das an der ber\u00fchmten &quot;Via di Francesco&quot; (Franziskusweg) liegt, die durch Gubbio f\u00fchrt und La Verna mit Assisi verbindet\" \/>\n<meta property=\"og:url\" content=\"https:\/\/www.parkhotelaicappuccini.it\/de\/andere-strukturen\/i-casali-di-villa-benveduti\/\" \/>\n<meta property=\"og:site_name\" content=\"Park Hotel Ai Cappuccini\" \/>\n<meta property=\"article:modified_time\" content=\"2025-01-13T15:00:28+00:00\" \/>\n<meta property=\"og:image\" content=\"https:\/\/www.parkhotelaicappuccini.it\/wp-content\/uploads\/sites\/385\/2021\/12\/Parco-Acque-6.jpg\" \/>\n\t<meta property=\"og:image:width\" content=\"1200\" \/>\n\t<meta property=\"og:image:height\" content=\"666\" \/>\n\t<meta property=\"og:image:type\" content=\"image\/jpeg\" \/>\n<meta name=\"twitter:card\" content=\"summary_large_image\" \/>\n<meta name=\"twitter:label1\" content=\"Gesch\u00e4tzte Lesezeit\" \/>\n\t<meta name=\"twitter:data1\" content=\"1 Minute\" \/>\n<script type=\"application\/ld+json\" class=\"yoast-schema-graph\">{\"@context\":\"https:\/\/schema.org\",\"@graph\":[{\"@type\":\"WebPage\",\"@id\":\"https:\/\/www.parkhotelaicappuccini.it\/de\/andere-strukturen\/i-casali-di-villa-benveduti\/\",\"url\":\"https:\/\/www.parkhotelaicappuccini.it\/de\/andere-strukturen\/i-casali-di-villa-benveduti\/\",\"name\":\"I Casali di Villa Benveduti - Park Hotel Ai Cappuccini -\",\"isPartOf\":{\"@id\":\"https:\/\/www.parkhotelaicappuccini.it\/de\/#website\"},\"datePublished\":\"2021-12-27T10:01:44+00:00\",\"dateModified\":\"2025-01-13T15:00:28+00:00\",\"description\":\"GUBBIO Die auf den sanften H\u00fcgeln der umbrischen Landschaft in der N\u00e4he des historischen Stadtzentrums von Gubbio gelegenen Bauernh\u00e4user wurden vor kurzem nach den l\u00e4ndlichen Traditionen der Bauernh\u00e4user aus Stein, Terrakotta und Holz renoviert. Die Landh\u00e4user befinden sich auf dem gr\u00f6\u00dften Grundst\u00fcck der Villa Benveduti, das an der ber\u00fchmten \\\"Via di Francesco\\\" (Franziskusweg) liegt, die durch Gubbio f\u00fchrt und La Verna mit Assisi verbindet\",\"breadcrumb\":{\"@id\":\"https:\/\/www.parkhotelaicappuccini.it\/de\/andere-strukturen\/i-casali-di-villa-benveduti\/#breadcrumb\"},\"inLanguage\":\"de-DE\",\"potentialAction\":[{\"@type\":\"ReadAction\",\"target\":[\"https:\/\/www.parkhotelaicappuccini.it\/de\/andere-strukturen\/i-casali-di-villa-benveduti\/\"]}]},{\"@type\":\"BreadcrumbList\",\"@id\":\"https:\/\/www.parkhotelaicappuccini.it\/de\/andere-strukturen\/i-casali-di-villa-benveduti\/#breadcrumb\",\"itemListElement\":[{\"@type\":\"ListItem\",\"position\":1,\"name\":\"Home\",\"item\":\"https:\/\/www.parkhotelaicappuccini.it\/de\/\"},{\"@type\":\"ListItem\",\"position\":2,\"name\":\"Unser Urlaub auf dem Land\",\"item\":\"https:\/\/www.parkhotelaicappuccini.it\/de\/andere-strukturen\/\"},{\"@type\":\"ListItem\",\"position\":3,\"name\":\"I Casali di Villa Benveduti\"}]},{\"@type\":\"WebSite\",\"@id\":\"https:\/\/www.parkhotelaicappuccini.it\/de\/#website\",\"url\":\"https:\/\/www.parkhotelaicappuccini.it\/de\/\",\"name\":\"Park Hotel Ai Cappuccini\",\"description\":\"Just another ms.decms.eu site\",\"potentialAction\":[{\"@type\":\"SearchAction\",\"target\":{\"@type\":\"EntryPoint\",\"urlTemplate\":\"https:\/\/www.parkhotelaicappuccini.it\/de\/?s={search_term_string}\"},\"query-input\":{\"@type\":\"PropertyValueSpecification\",\"valueRequired\":true,\"valueName\":\"search_term_string\"}}],\"inLanguage\":\"de-DE\"}]}<\/script>\n<!-- \/ Yoast SEO plugin. -->","yoast_head_json":{"title":"I Casali di Villa Benveduti - Park Hotel Ai Cappuccini -","description":"GUBBIO Die auf den sanften H\u00fcgeln der umbrischen Landschaft in der N\u00e4he des historischen Stadtzentrums von Gubbio gelegenen Bauernh\u00e4user wurden vor kurzem nach den l\u00e4ndlichen Traditionen der Bauernh\u00e4user aus Stein, Terrakotta und Holz renoviert. Die Landh\u00e4user befinden sich auf dem gr\u00f6\u00dften Grundst\u00fcck der Villa Benveduti, das an der ber\u00fchmten \"Via di Francesco\" (Franziskusweg) liegt, die durch Gubbio f\u00fchrt und La Verna mit Assisi verbindet","robots":{"index":"index","follow":"follow","max-snippet":"max-snippet:-1","max-image-preview":"max-image-preview:large","max-video-preview":"max-video-preview:-1"},"canonical":"https:\/\/www.parkhotelaicappuccini.it\/de\/andere-strukturen\/i-casali-di-villa-benveduti\/","og_locale":"de_DE","og_type":"article","og_title":"I Casali di Villa Benveduti - Park Hotel Ai Cappuccini -","og_description":"GUBBIO Die auf den sanften H\u00fcgeln der umbrischen Landschaft in der N\u00e4he des historischen Stadtzentrums von Gubbio gelegenen Bauernh\u00e4user wurden vor kurzem nach den l\u00e4ndlichen Traditionen der Bauernh\u00e4user aus Stein, Terrakotta und Holz renoviert. Die Landh\u00e4user befinden sich auf dem gr\u00f6\u00dften Grundst\u00fcck der Villa Benveduti, das an der ber\u00fchmten \"Via di Francesco\" (Franziskusweg) liegt, die durch Gubbio f\u00fchrt und La Verna mit Assisi verbindet","og_url":"https:\/\/www.parkhotelaicappuccini.it\/de\/andere-strukturen\/i-casali-di-villa-benveduti\/","og_site_name":"Park Hotel Ai Cappuccini","article_modified_time":"2025-01-13T15:00:28+00:00","og_image":[{"width":1200,"height":666,"url":"https:\/\/www.parkhotelaicappuccini.it\/wp-content\/uploads\/sites\/385\/2021\/12\/Parco-Acque-6.jpg","type":"image\/jpeg"}],"twitter_card":"summary_large_image","twitter_misc":{"Gesch\u00e4tzte Lesezeit":"1 Minute"},"schema":{"@context":"https:\/\/schema.org","@graph":[{"@type":"WebPage","@id":"https:\/\/www.parkhotelaicappuccini.it\/de\/andere-strukturen\/i-casali-di-villa-benveduti\/","url":"https:\/\/www.parkhotelaicappuccini.it\/de\/andere-strukturen\/i-casali-di-villa-benveduti\/","name":"I Casali di Villa Benveduti - Park Hotel Ai Cappuccini -","isPartOf":{"@id":"https:\/\/www.parkhotelaicappuccini.it\/de\/#website"},"datePublished":"2021-12-27T10:01:44+00:00","dateModified":"2025-01-13T15:00:28+00:00","description":"GUBBIO Die auf den sanften H\u00fcgeln der umbrischen Landschaft in der N\u00e4he des historischen Stadtzentrums von Gubbio gelegenen Bauernh\u00e4user wurden vor kurzem nach den l\u00e4ndlichen Traditionen der Bauernh\u00e4user aus Stein, Terrakotta und Holz renoviert. Die Landh\u00e4user befinden sich auf dem gr\u00f6\u00dften Grundst\u00fcck der Villa Benveduti, das an der ber\u00fchmten \"Via di Francesco\" (Franziskusweg) liegt, die durch Gubbio f\u00fchrt und La Verna mit Assisi verbindet","breadcrumb":{"@id":"https:\/\/www.parkhotelaicappuccini.it\/de\/andere-strukturen\/i-casali-di-villa-benveduti\/#breadcrumb"},"inLanguage":"de-DE","potentialAction":[{"@type":"ReadAction","target":["https:\/\/www.parkhotelaicappuccini.it\/de\/andere-strukturen\/i-casali-di-villa-benveduti\/"]}]},{"@type":"BreadcrumbList","@id":"https:\/\/www.parkhotelaicappuccini.it\/de\/andere-strukturen\/i-casali-di-villa-benveduti\/#breadcrumb","itemListElement":[{"@type":"ListItem","position":1,"name":"Home","item":"https:\/\/www.parkhotelaicappuccini.it\/de\/"},{"@type":"ListItem","position":2,"name":"Unser Urlaub auf dem Land","item":"https:\/\/www.parkhotelaicappuccini.it\/de\/andere-strukturen\/"},{"@type":"ListItem","position":3,"name":"I Casali di Villa Benveduti"}]},{"@type":"WebSite","@id":"https:\/\/www.parkhotelaicappuccini.it\/de\/#website","url":"https:\/\/www.parkhotelaicappuccini.it\/de\/","name":"Park Hotel Ai Cappuccini","description":"Just another ms.decms.eu site","potentialAction":[{"@type":"SearchAction","target":{"@type":"EntryPoint","urlTemplate":"https:\/\/www.parkhotelaicappuccini.it\/de\/?s={search_term_string}"},"query-input":{"@type":"PropertyValueSpecification","valueRequired":true,"valueName":"search_term_string"}}],"inLanguage":"de-DE"}]}},"acf":[],"_links":{"self":[{"href":"https:\/\/www.parkhotelaicappuccini.it\/de\/wp-json\/wp\/v2\/pages\/807","targetHints":{"allow":["GET"]}}],"collection":[{"href":"https:\/\/www.parkhotelaicappuccini.it\/de\/wp-json\/wp\/v2\/pages"}],"about":[{"href":"https:\/\/www.parkhotelaicappuccini.it\/de\/wp-json\/wp\/v2\/types\/page"}],"author":[{"embeddable":true,"href":"https:\/\/www.parkhotelaicappuccini.it\/de\/wp-json\/wp\/v2\/users\/36"}],"replies":[{"embeddable":true,"href":"https:\/\/www.parkhotelaicappuccini.it\/de\/wp-json\/wp\/v2\/comments?post=807"}],"version-history":[{"count":0,"href":"https:\/\/www.parkhotelaicappuccini.it\/de\/wp-json\/wp\/v2\/pages\/807\/revisions"}],"up":[{"embeddable":true,"href":"https:\/\/www.parkhotelaicappuccini.it\/de\/wp-json\/wp\/v2\/pages\/780"}],"wp:attachment":[{"href":"https:\/\/www.parkhotelaicappuccini.it\/de\/wp-json\/wp\/v2\/media?parent=807"}],"curies":[{"name":"wp","href":"https:\/\/api.w.org\/{rel}","templated":true}]}}