{"id":761,"date":"2021-12-24T14:07:15","date_gmt":"2021-12-24T14:07:15","guid":{"rendered":"https:\/\/park-hotel-ai-cappuccini.ms.decms.eu\/?page_id=761"},"modified":"2022-01-26T09:36:44","modified_gmt":"2022-01-26T09:36:44","slug":"wer-ist-marc-messegue","status":"publish","type":"page","link":"https:\/\/www.parkhotelaicappuccini.it\/de\/marc-messegue\/wer-ist-marc-messegue\/","title":{"rendered":"Wer ist Marc Mess\u00e9gu\u00e9"},"content":{"rendered":"<p>Marc Mess\u00e9gu\u00e9, ein in Umbrien lebender geb\u00fcrtiger Franzose, kann auf eine lange Erfahrung auf dem Gebiet der Phytotherapie und der Kr\u00e4uterheilkunde zur\u00fcckblicken, die Familientraditionen darstellen. Seit Jahren engagiert er sich auf dem Gebiet der Sensibilisierung f\u00fcr die Bedeutung der Ern\u00e4hrung zur Verbesserung der Lebensqualit\u00e4t durch Wiederherstellung des nat\u00fcrlichen und harmonischen psychophysischen Gleichgewichts. Ihm verdanken wir die Erfindung der revolution\u00e4ren\u00a0<em>One Day Light<\/em>\u00a0\u2013 Di\u00e4t, durch die die nat\u00fcrliche Form mit nur einem Di\u00e4t-Tag pro Woche wiedererlangt werden kann. Konstantes Studium und fortw\u00e4hrende Forschung er\u00f6ffnen ihm immer neue Wege, um die uralten und weisen Praktiken der Naturheilkunde mit modernen Therapien zu verbinden.<\/p>\n<p>\u201e<em>Durch leidenschaftliche Forschung, konstantes Studium und das z\u00e4he Verfolgen einer Idee wurde der Name Mess\u00e9gu\u00e9 auf der ganzen Welt zu einem Bezugspunkt f\u00fcr alles, was nat\u00fcrlich ist. Dies ist das wertvolle Erbe meines Vaters, das gr\u00f6\u00dfte Geschenk, das er mir machen konnte: sein Name, der Name, den wir als seine Kinder tragen und den meine Kinder tragen, ein Name, dem Maurice Mess\u00e9gu\u00e9 in seinem Berufsleben Ehre erwiesen hat, und dem wir in dem Bestreben, die Lebensqualit\u00e4t zu verbessern, versuchen, Ehre zu erweisen<\/em>\u201c (Marc Mess\u00e9gu\u00e9).<\/p>\n","protected":false},"excerpt":{"rendered":"<p>Marc Mess\u00e9gu\u00e9, ein in Umbrien lebender geb\u00fcrtiger Franzose, kann auf eine lange Erfahrung auf dem Gebiet der Phytotherapie und der Kr\u00e4uterheilkunde zur\u00fcckblicken, die Familientraditionen darstellen. Seit Jahren engagiert er sich auf dem Gebiet der Sensibilisierung f\u00fcr die Bedeutung der Ern\u00e4hrung zur Verbesserung der Lebensqualit\u00e4t durch Wiederherstellung des nat\u00fcrlichen und harmonischen psychophysischen Gleichgewichts. Ihm verdanken wir [&hellip;]<\/p>\n","protected":false},"author":36,"featured_media":0,"parent":732,"menu_order":10,"comment_status":"closed","ping_status":"closed","template":"template-default-3.php","meta":{"footnotes":""},"class_list":["post-761","page","type-page","status-publish","hentry"],"yoast_head":"<!-- This site is optimized with the Yoast SEO plugin v26.9 - https:\/\/yoast.com\/product\/yoast-seo-wordpress\/ -->\n<title>Wer ist Marc Mess\u00e9gu\u00e9 - Park Hotel Ai Cappuccini -<\/title>\n<meta name=\"description\" content=\"Marc Mess\u00e9gu\u00e9, ein in Umbrien lebender geb\u00fcrtiger Franzose, kann auf eine lange Erfahrung auf dem Gebiet der Phytotherapie und der Kr\u00e4uterheilkunde zur\u00fcckblicken, die Familientraditionen darstellen. Seit Jahren engagiert er sich auf dem Gebiet der Sensibilisierung f\u00fcr die Bedeutung der Ern\u00e4hrung zur Verbesserung der Lebensqualit\u00e4t durch Wiederherstellung des nat\u00fcrlichen und harmonischen psychophysischen Gleichgewichts\" \/>\n<meta name=\"robots\" content=\"index, follow, max-snippet:-1, max-image-preview:large, max-video-preview:-1\" \/>\n<link rel=\"canonical\" href=\"https:\/\/www.parkhotelaicappuccini.it\/de\/marc-messegue\/wer-ist-marc-messegue\/\" \/>\n<meta property=\"og:locale\" content=\"de_DE\" \/>\n<meta property=\"og:type\" content=\"article\" \/>\n<meta property=\"og:title\" content=\"Wer ist Marc Mess\u00e9gu\u00e9 - Park Hotel Ai Cappuccini -\" \/>\n<meta property=\"og:description\" content=\"Marc Mess\u00e9gu\u00e9, ein in Umbrien lebender geb\u00fcrtiger Franzose, kann auf eine lange Erfahrung auf dem Gebiet der Phytotherapie und der Kr\u00e4uterheilkunde zur\u00fcckblicken, die Familientraditionen darstellen. Seit Jahren engagiert er sich auf dem Gebiet der Sensibilisierung f\u00fcr die Bedeutung der Ern\u00e4hrung zur Verbesserung der Lebensqualit\u00e4t durch Wiederherstellung des nat\u00fcrlichen und harmonischen psychophysischen Gleichgewichts\" \/>\n<meta property=\"og:url\" content=\"https:\/\/www.parkhotelaicappuccini.it\/de\/marc-messegue\/wer-ist-marc-messegue\/\" \/>\n<meta property=\"og:site_name\" content=\"Park Hotel Ai Cappuccini\" \/>\n<meta property=\"article:modified_time\" content=\"2022-01-26T09:36:44+00:00\" \/>\n<meta property=\"og:image\" content=\"https:\/\/www.parkhotelaicappuccini.it\/wp-content\/uploads\/sites\/385\/2021\/12\/Parco-Acque-6.jpg\" \/>\n\t<meta property=\"og:image:width\" content=\"1200\" \/>\n\t<meta property=\"og:image:height\" content=\"666\" \/>\n\t<meta property=\"og:image:type\" content=\"image\/jpeg\" \/>\n<meta name=\"twitter:card\" content=\"summary_large_image\" \/>\n<meta name=\"twitter:label1\" content=\"Gesch\u00e4tzte Lesezeit\" \/>\n\t<meta name=\"twitter:data1\" content=\"1 Minute\" \/>\n<script type=\"application\/ld+json\" class=\"yoast-schema-graph\">{\"@context\":\"https:\/\/schema.org\",\"@graph\":[{\"@type\":\"WebPage\",\"@id\":\"https:\/\/www.parkhotelaicappuccini.it\/de\/marc-messegue\/wer-ist-marc-messegue\/\",\"url\":\"https:\/\/www.parkhotelaicappuccini.it\/de\/marc-messegue\/wer-ist-marc-messegue\/\",\"name\":\"Wer ist Marc Mess\u00e9gu\u00e9 - Park Hotel Ai Cappuccini -\",\"isPartOf\":{\"@id\":\"https:\/\/www.parkhotelaicappuccini.it\/de\/#website\"},\"datePublished\":\"2021-12-24T14:07:15+00:00\",\"dateModified\":\"2022-01-26T09:36:44+00:00\",\"description\":\"Marc Mess\u00e9gu\u00e9, ein in Umbrien lebender geb\u00fcrtiger Franzose, kann auf eine lange Erfahrung auf dem Gebiet der Phytotherapie und der Kr\u00e4uterheilkunde zur\u00fcckblicken, die Familientraditionen darstellen. Seit Jahren engagiert er sich auf dem Gebiet der Sensibilisierung f\u00fcr die Bedeutung der Ern\u00e4hrung zur Verbesserung der Lebensqualit\u00e4t durch Wiederherstellung des nat\u00fcrlichen und harmonischen psychophysischen Gleichgewichts\",\"breadcrumb\":{\"@id\":\"https:\/\/www.parkhotelaicappuccini.it\/de\/marc-messegue\/wer-ist-marc-messegue\/#breadcrumb\"},\"inLanguage\":\"de-DE\",\"potentialAction\":[{\"@type\":\"ReadAction\",\"target\":[\"https:\/\/www.parkhotelaicappuccini.it\/de\/marc-messegue\/wer-ist-marc-messegue\/\"]}]},{\"@type\":\"BreadcrumbList\",\"@id\":\"https:\/\/www.parkhotelaicappuccini.it\/de\/marc-messegue\/wer-ist-marc-messegue\/#breadcrumb\",\"itemListElement\":[{\"@type\":\"ListItem\",\"position\":1,\"name\":\"Home\",\"item\":\"https:\/\/www.parkhotelaicappuccini.it\/de\/\"},{\"@type\":\"ListItem\",\"position\":2,\"name\":\"Marc Mess\u00e9gu\u00e9\",\"item\":\"https:\/\/www.parkhotelaicappuccini.it\/de\/marc-messegue\/\"},{\"@type\":\"ListItem\",\"position\":3,\"name\":\"Wer ist Marc Mess\u00e9gu\u00e9\"}]},{\"@type\":\"WebSite\",\"@id\":\"https:\/\/www.parkhotelaicappuccini.it\/de\/#website\",\"url\":\"https:\/\/www.parkhotelaicappuccini.it\/de\/\",\"name\":\"Park Hotel Ai Cappuccini\",\"description\":\"Just another ms.decms.eu site\",\"potentialAction\":[{\"@type\":\"SearchAction\",\"target\":{\"@type\":\"EntryPoint\",\"urlTemplate\":\"https:\/\/www.parkhotelaicappuccini.it\/de\/?s={search_term_string}\"},\"query-input\":{\"@type\":\"PropertyValueSpecification\",\"valueRequired\":true,\"valueName\":\"search_term_string\"}}],\"inLanguage\":\"de-DE\"}]}<\/script>\n<!-- \/ Yoast SEO plugin. -->","yoast_head_json":{"title":"Wer ist Marc Mess\u00e9gu\u00e9 - Park Hotel Ai Cappuccini -","description":"Marc Mess\u00e9gu\u00e9, ein in Umbrien lebender geb\u00fcrtiger Franzose, kann auf eine lange Erfahrung auf dem Gebiet der Phytotherapie und der Kr\u00e4uterheilkunde zur\u00fcckblicken, die Familientraditionen darstellen. Seit Jahren engagiert er sich auf dem Gebiet der Sensibilisierung f\u00fcr die Bedeutung der Ern\u00e4hrung zur Verbesserung der Lebensqualit\u00e4t durch Wiederherstellung des nat\u00fcrlichen und harmonischen psychophysischen Gleichgewichts","robots":{"index":"index","follow":"follow","max-snippet":"max-snippet:-1","max-image-preview":"max-image-preview:large","max-video-preview":"max-video-preview:-1"},"canonical":"https:\/\/www.parkhotelaicappuccini.it\/de\/marc-messegue\/wer-ist-marc-messegue\/","og_locale":"de_DE","og_type":"article","og_title":"Wer ist Marc Mess\u00e9gu\u00e9 - Park Hotel Ai Cappuccini -","og_description":"Marc Mess\u00e9gu\u00e9, ein in Umbrien lebender geb\u00fcrtiger Franzose, kann auf eine lange Erfahrung auf dem Gebiet der Phytotherapie und der Kr\u00e4uterheilkunde zur\u00fcckblicken, die Familientraditionen darstellen. Seit Jahren engagiert er sich auf dem Gebiet der Sensibilisierung f\u00fcr die Bedeutung der Ern\u00e4hrung zur Verbesserung der Lebensqualit\u00e4t durch Wiederherstellung des nat\u00fcrlichen und harmonischen psychophysischen Gleichgewichts","og_url":"https:\/\/www.parkhotelaicappuccini.it\/de\/marc-messegue\/wer-ist-marc-messegue\/","og_site_name":"Park Hotel Ai Cappuccini","article_modified_time":"2022-01-26T09:36:44+00:00","og_image":[{"width":1200,"height":666,"url":"https:\/\/www.parkhotelaicappuccini.it\/wp-content\/uploads\/sites\/385\/2021\/12\/Parco-Acque-6.jpg","type":"image\/jpeg"}],"twitter_card":"summary_large_image","twitter_misc":{"Gesch\u00e4tzte Lesezeit":"1 Minute"},"schema":{"@context":"https:\/\/schema.org","@graph":[{"@type":"WebPage","@id":"https:\/\/www.parkhotelaicappuccini.it\/de\/marc-messegue\/wer-ist-marc-messegue\/","url":"https:\/\/www.parkhotelaicappuccini.it\/de\/marc-messegue\/wer-ist-marc-messegue\/","name":"Wer ist Marc Mess\u00e9gu\u00e9 - Park Hotel Ai Cappuccini -","isPartOf":{"@id":"https:\/\/www.parkhotelaicappuccini.it\/de\/#website"},"datePublished":"2021-12-24T14:07:15+00:00","dateModified":"2022-01-26T09:36:44+00:00","description":"Marc Mess\u00e9gu\u00e9, ein in Umbrien lebender geb\u00fcrtiger Franzose, kann auf eine lange Erfahrung auf dem Gebiet der Phytotherapie und der Kr\u00e4uterheilkunde zur\u00fcckblicken, die Familientraditionen darstellen. Seit Jahren engagiert er sich auf dem Gebiet der Sensibilisierung f\u00fcr die Bedeutung der Ern\u00e4hrung zur Verbesserung der Lebensqualit\u00e4t durch Wiederherstellung des nat\u00fcrlichen und harmonischen psychophysischen Gleichgewichts","breadcrumb":{"@id":"https:\/\/www.parkhotelaicappuccini.it\/de\/marc-messegue\/wer-ist-marc-messegue\/#breadcrumb"},"inLanguage":"de-DE","potentialAction":[{"@type":"ReadAction","target":["https:\/\/www.parkhotelaicappuccini.it\/de\/marc-messegue\/wer-ist-marc-messegue\/"]}]},{"@type":"BreadcrumbList","@id":"https:\/\/www.parkhotelaicappuccini.it\/de\/marc-messegue\/wer-ist-marc-messegue\/#breadcrumb","itemListElement":[{"@type":"ListItem","position":1,"name":"Home","item":"https:\/\/www.parkhotelaicappuccini.it\/de\/"},{"@type":"ListItem","position":2,"name":"Marc Mess\u00e9gu\u00e9","item":"https:\/\/www.parkhotelaicappuccini.it\/de\/marc-messegue\/"},{"@type":"ListItem","position":3,"name":"Wer ist Marc Mess\u00e9gu\u00e9"}]},{"@type":"WebSite","@id":"https:\/\/www.parkhotelaicappuccini.it\/de\/#website","url":"https:\/\/www.parkhotelaicappuccini.it\/de\/","name":"Park Hotel Ai Cappuccini","description":"Just another ms.decms.eu site","potentialAction":[{"@type":"SearchAction","target":{"@type":"EntryPoint","urlTemplate":"https:\/\/www.parkhotelaicappuccini.it\/de\/?s={search_term_string}"},"query-input":{"@type":"PropertyValueSpecification","valueRequired":true,"valueName":"search_term_string"}}],"inLanguage":"de-DE"}]}},"acf":[],"_links":{"self":[{"href":"https:\/\/www.parkhotelaicappuccini.it\/de\/wp-json\/wp\/v2\/pages\/761","targetHints":{"allow":["GET"]}}],"collection":[{"href":"https:\/\/www.parkhotelaicappuccini.it\/de\/wp-json\/wp\/v2\/pages"}],"about":[{"href":"https:\/\/www.parkhotelaicappuccini.it\/de\/wp-json\/wp\/v2\/types\/page"}],"author":[{"embeddable":true,"href":"https:\/\/www.parkhotelaicappuccini.it\/de\/wp-json\/wp\/v2\/users\/36"}],"replies":[{"embeddable":true,"href":"https:\/\/www.parkhotelaicappuccini.it\/de\/wp-json\/wp\/v2\/comments?post=761"}],"version-history":[{"count":0,"href":"https:\/\/www.parkhotelaicappuccini.it\/de\/wp-json\/wp\/v2\/pages\/761\/revisions"}],"up":[{"embeddable":true,"href":"https:\/\/www.parkhotelaicappuccini.it\/de\/wp-json\/wp\/v2\/pages\/732"}],"wp:attachment":[{"href":"https:\/\/www.parkhotelaicappuccini.it\/de\/wp-json\/wp\/v2\/media?parent=761"}],"curies":[{"name":"wp","href":"https:\/\/api.w.org\/{rel}","templated":true}]}}