{"id":752,"date":"2021-12-24T13:44:24","date_gmt":"2021-12-24T13:44:24","guid":{"rendered":"https:\/\/park-hotel-ai-cappuccini.ms.decms.eu\/?page_id=752"},"modified":"2021-12-24T13:45:44","modified_gmt":"2021-12-24T13:45:44","slug":"methode-marc-messegue","status":"publish","type":"page","link":"https:\/\/www.parkhotelaicappuccini.it\/de\/marc-messegue\/methode-marc-messegue\/","title":{"rendered":"M\u00e9thode Marc Messegue"},"content":{"rendered":"<p>Das Marc Mess\u00e9gu\u00e9 im Cappuccini von Gubbio ist ein Ort, wo Phytotherapie und allopathische Medizin mit Ern\u00e4hrungslehre und Physiotherapie verschmelzen. Es ist ein Ort f\u00fcr alle, die Probleme wie \u00dcbergewicht, Bluthochdruck, St\u00f6rungen des Glucose-und Lipid-Stoffwechsels, Leber- und Darmerkrankungen oder Kreislaufst\u00f6rungen bek\u00e4mpfen oder einfach nur Form und psychophysisches Wohlbefinden wiederfinden wollen, ohne Medikamente, aber unter st\u00e4ndiger strenger\u00a0 fachmedizinischer Kontrolle, beginnend mit einer kardiologischen Untersuchung und Laborkontrollen (h\u00e4matologische, h\u00e4matochemische und bio-impedenziometrischeTests), die f\u00fcr den Beginn der Therapien Voraussetzung sind. Kr\u00e4utertees, Absude, Kapseln mit mikronisierten Heilkr\u00e4utern und fl\u00fcssige Ausz\u00fcge sind die Basis eines Therapiezyklus, w\u00e4hrend dessen wir uns um unsere Patienten k\u00fcmmern und f\u00fcr jeden einzelnen individuelle phytotherapeutische Rezepte, Ern\u00e4hrungspl\u00e4ne, medizinische Kontrollen und Bewegungstherapie-Programme erstellen. Alle zur Anwendung kommenden Heilpflanzen und Gew\u00fcrze werden dar\u00fcber hinaus vorab in chemischer und biologischer Hinsicht analysiert, um sicherzustellen, dass sie frei von chemischen Zus\u00e4tzen und Pestiziden sind: alle tragen das Siegel M.R.L. (Maximum Residue Limit), das die enthaltenen R\u00fcckstandsh\u00f6chstmengen ausweist.<\/p>\n<p>Wer sich ans Marc Mess\u00e9gu\u00e9 im Cappuccini wendet, wird mit einem genauen Bewegungstherapie-Programm betreut: als Unterst\u00fctzung zum Di\u00e4tplan, als Korrektur und auch als Besch\u00e4ftigungstherapie, um den Patienten eine best\u00e4ndige entspannende Aufgabe zu geben und damit ihren Tagesablauf auszuf\u00fcllen. Jeden Tag sind therapeutische Hand- und Fu\u00dfb\u00e4der sowie Kr\u00e4uterinhalationen vorgesehen. Eine ganze Stunde am Tag ist der manuellen Lymphdrainage oder der Bindegewebsmassage gewidmet, oder einer Massage, die mit physikalisch-chemischem Peeling kombiniert wird, je nach den individuellen Bed\u00fcrfnissen. Eine weitere Stunde am Tag wird einer Whirlpool-Massage mit Magnesium und Kalium oder Salzvollb\u00e4dern gewidmet, eine Stunde der Bewegungstherapie im Fitness-Studio, der physiotherapeutischen Wassergymnastik und einem Gruppenspaziergang. Eine gro\u00dfe Anzahl von Sch\u00f6nheitstherapien und -behandlungen k\u00f6nnen schlie\u00dflich auf angenehme Weise den Tag unserer G\u00e4ste beenden. Wer eine Therapie im Marc Mess\u00e9gu\u00e9 im Cappuccini in Anspruch nimmt, wird dar\u00fcber hinaus mit einem genauen Di\u00e4tprogramm betreut, das auf den Ern\u00e4hrungsprinzipien der Naturheilkunde basiert und den pers\u00f6nlichen Vorlieben angepasst werden kann.<\/p>\n<p><strong>Es gibt drei Basis-Ern\u00e4hrungsprogramme<\/strong>, die den Grundbed\u00fcrfnissen des Organismus Rechnung tragen:<\/p>\n<ul>\n<li>salz-, fett-, zucker- und kalorienreduzierte Di\u00e4t: 3 Mahlzeiten pro Tag mit einer durchschnittlichen Gesamtkalorienzahl von 900\/1000 Kcal.<\/li>\n<li>salz- und fettreduzierte Di\u00e4t\u00a0 mit normalem Kaloriengehalt: : 4 Mahlzeiten pro Tag mit einer durchschnittlichen Gesamtkalorienzahl von 1500\/1600 Kcal.<\/li>\n<li>ausgewogene Aufbaudi\u00e4t: 4 Mahlzeiten pro Tag mit einer durchschnittlichen Gesamtkalorienzahl von 2800 Kcal.<\/li>\n<\/ul>\n<p>Alle Di\u00e4tpl\u00e4ne k\u00f6nnen den pers\u00f6nlichen Vorlieben und\/oder Lebensmittelunvertr\u00e4glichkeiten der einzelnen Patienten angepasst werden und sind so angelegt, dass auch bei strengster Schlankheitskur die mindestens n\u00f6tige Versorgung an Proteinen, Vitaminen, Mineralsalzen und Kohlenhydraten sichergestellt wird.<\/p>\n","protected":false},"excerpt":{"rendered":"<p>Das Marc Mess\u00e9gu\u00e9 im Cappuccini von Gubbio ist ein Ort, wo Phytotherapie und allopathische Medizin mit Ern\u00e4hrungslehre und Physiotherapie verschmelzen. Es ist ein Ort f\u00fcr alle, die Probleme wie \u00dcbergewicht, Bluthochdruck, St\u00f6rungen des Glucose-und Lipid-Stoffwechsels, Leber- und Darmerkrankungen oder Kreislaufst\u00f6rungen bek\u00e4mpfen oder einfach nur Form und psychophysisches Wohlbefinden wiederfinden wollen, ohne Medikamente, aber unter st\u00e4ndiger [&hellip;]<\/p>\n","protected":false},"author":36,"featured_media":0,"parent":732,"menu_order":5,"comment_status":"closed","ping_status":"closed","template":"template-default-3.php","meta":{"footnotes":""},"class_list":["post-752","page","type-page","status-publish","hentry"],"yoast_head":"<!-- This site is optimized with the Yoast SEO plugin v26.9 - https:\/\/yoast.com\/product\/yoast-seo-wordpress\/ -->\n<title>M\u00e9thode Marc Messegue - Park Hotel Ai Cappuccini -<\/title>\n<meta name=\"description\" content=\"Das Marc Mess\u00e9gu\u00e9 im Cappuccini von Gubbio ist ein Ort, wo Phytotherapie und allopathische Medizin mit Ern\u00e4hrungslehre und Physiotherapie verschmelzen. Es ist ein Ort f\u00fcr alle, die Probleme wie \u00dcbergewicht, Bluthochdruck, St\u00f6rungen des Glucose-und Lipid-Stoffwechsels, Leber- und Darmerkrankungen oder Kreislaufst\u00f6rungen bek\u00e4mpfen oder einfach nur Form und psychophysisches Wohlbefinden wiederfinden wollen, ohne Medikamente, aber unter st\u00e4ndiger strenger\u00a0 fachmedizinischer Kontrolle, beginnend mit einer kardiologischen Untersuchung und Laborkontrollen (h\u00e4matologische, h\u00e4matochemische und bio-impedenziometrischeTests), die f\u00fcr den Beginn der Therapien Voraussetzung sind\" \/>\n<meta name=\"robots\" content=\"index, follow, max-snippet:-1, max-image-preview:large, max-video-preview:-1\" \/>\n<link rel=\"canonical\" href=\"https:\/\/www.parkhotelaicappuccini.it\/de\/marc-messegue\/methode-marc-messegue\/\" \/>\n<meta property=\"og:locale\" content=\"de_DE\" \/>\n<meta property=\"og:type\" content=\"article\" \/>\n<meta property=\"og:title\" content=\"M\u00e9thode Marc Messegue - Park Hotel Ai Cappuccini -\" \/>\n<meta property=\"og:description\" content=\"Das Marc Mess\u00e9gu\u00e9 im Cappuccini von Gubbio ist ein Ort, wo Phytotherapie und allopathische Medizin mit Ern\u00e4hrungslehre und Physiotherapie verschmelzen. Es ist ein Ort f\u00fcr alle, die Probleme wie \u00dcbergewicht, Bluthochdruck, St\u00f6rungen des Glucose-und Lipid-Stoffwechsels, Leber- und Darmerkrankungen oder Kreislaufst\u00f6rungen bek\u00e4mpfen oder einfach nur Form und psychophysisches Wohlbefinden wiederfinden wollen, ohne Medikamente, aber unter st\u00e4ndiger strenger\u00a0 fachmedizinischer Kontrolle, beginnend mit einer kardiologischen Untersuchung und Laborkontrollen (h\u00e4matologische, h\u00e4matochemische und bio-impedenziometrischeTests), die f\u00fcr den Beginn der Therapien Voraussetzung sind\" \/>\n<meta property=\"og:url\" content=\"https:\/\/www.parkhotelaicappuccini.it\/de\/marc-messegue\/methode-marc-messegue\/\" \/>\n<meta property=\"og:site_name\" content=\"Park Hotel Ai Cappuccini\" \/>\n<meta property=\"article:modified_time\" content=\"2021-12-24T13:45:44+00:00\" \/>\n<meta property=\"og:image\" content=\"https:\/\/www.parkhotelaicappuccini.it\/wp-content\/uploads\/sites\/385\/2021\/12\/Parco-Acque-6.jpg\" \/>\n\t<meta property=\"og:image:width\" content=\"1200\" \/>\n\t<meta property=\"og:image:height\" content=\"666\" \/>\n\t<meta property=\"og:image:type\" content=\"image\/jpeg\" \/>\n<meta name=\"twitter:card\" content=\"summary_large_image\" \/>\n<meta name=\"twitter:label1\" content=\"Gesch\u00e4tzte Lesezeit\" \/>\n\t<meta name=\"twitter:data1\" content=\"2 Minuten\" \/>\n<script type=\"application\/ld+json\" class=\"yoast-schema-graph\">{\"@context\":\"https:\/\/schema.org\",\"@graph\":[{\"@type\":\"WebPage\",\"@id\":\"https:\/\/www.parkhotelaicappuccini.it\/de\/marc-messegue\/methode-marc-messegue\/\",\"url\":\"https:\/\/www.parkhotelaicappuccini.it\/de\/marc-messegue\/methode-marc-messegue\/\",\"name\":\"M\u00e9thode Marc Messegue - Park Hotel Ai Cappuccini -\",\"isPartOf\":{\"@id\":\"https:\/\/www.parkhotelaicappuccini.it\/de\/#website\"},\"datePublished\":\"2021-12-24T13:44:24+00:00\",\"dateModified\":\"2021-12-24T13:45:44+00:00\",\"description\":\"Das Marc Mess\u00e9gu\u00e9 im Cappuccini von Gubbio ist ein Ort, wo Phytotherapie und allopathische Medizin mit Ern\u00e4hrungslehre und Physiotherapie verschmelzen. Es ist ein Ort f\u00fcr alle, die Probleme wie \u00dcbergewicht, Bluthochdruck, St\u00f6rungen des Glucose-und Lipid-Stoffwechsels, Leber- und Darmerkrankungen oder Kreislaufst\u00f6rungen bek\u00e4mpfen oder einfach nur Form und psychophysisches Wohlbefinden wiederfinden wollen, ohne Medikamente, aber unter st\u00e4ndiger strenger\u00a0 fachmedizinischer Kontrolle, beginnend mit einer kardiologischen Untersuchung und Laborkontrollen (h\u00e4matologische, h\u00e4matochemische und bio-impedenziometrischeTests), die f\u00fcr den Beginn der Therapien Voraussetzung sind\",\"breadcrumb\":{\"@id\":\"https:\/\/www.parkhotelaicappuccini.it\/de\/marc-messegue\/methode-marc-messegue\/#breadcrumb\"},\"inLanguage\":\"de-DE\",\"potentialAction\":[{\"@type\":\"ReadAction\",\"target\":[\"https:\/\/www.parkhotelaicappuccini.it\/de\/marc-messegue\/methode-marc-messegue\/\"]}]},{\"@type\":\"BreadcrumbList\",\"@id\":\"https:\/\/www.parkhotelaicappuccini.it\/de\/marc-messegue\/methode-marc-messegue\/#breadcrumb\",\"itemListElement\":[{\"@type\":\"ListItem\",\"position\":1,\"name\":\"Home\",\"item\":\"https:\/\/www.parkhotelaicappuccini.it\/de\/\"},{\"@type\":\"ListItem\",\"position\":2,\"name\":\"Marc Mess\u00e9gu\u00e9\",\"item\":\"https:\/\/www.parkhotelaicappuccini.it\/de\/marc-messegue\/\"},{\"@type\":\"ListItem\",\"position\":3,\"name\":\"M\u00e9thode Marc Messegue\"}]},{\"@type\":\"WebSite\",\"@id\":\"https:\/\/www.parkhotelaicappuccini.it\/de\/#website\",\"url\":\"https:\/\/www.parkhotelaicappuccini.it\/de\/\",\"name\":\"Park Hotel Ai Cappuccini\",\"description\":\"Just another ms.decms.eu site\",\"potentialAction\":[{\"@type\":\"SearchAction\",\"target\":{\"@type\":\"EntryPoint\",\"urlTemplate\":\"https:\/\/www.parkhotelaicappuccini.it\/de\/?s={search_term_string}\"},\"query-input\":{\"@type\":\"PropertyValueSpecification\",\"valueRequired\":true,\"valueName\":\"search_term_string\"}}],\"inLanguage\":\"de-DE\"}]}<\/script>\n<!-- \/ Yoast SEO plugin. -->","yoast_head_json":{"title":"M\u00e9thode Marc Messegue - Park Hotel Ai Cappuccini -","description":"Das Marc Mess\u00e9gu\u00e9 im Cappuccini von Gubbio ist ein Ort, wo Phytotherapie und allopathische Medizin mit Ern\u00e4hrungslehre und Physiotherapie verschmelzen. Es ist ein Ort f\u00fcr alle, die Probleme wie \u00dcbergewicht, Bluthochdruck, St\u00f6rungen des Glucose-und Lipid-Stoffwechsels, Leber- und Darmerkrankungen oder Kreislaufst\u00f6rungen bek\u00e4mpfen oder einfach nur Form und psychophysisches Wohlbefinden wiederfinden wollen, ohne Medikamente, aber unter st\u00e4ndiger strenger\u00a0 fachmedizinischer Kontrolle, beginnend mit einer kardiologischen Untersuchung und Laborkontrollen (h\u00e4matologische, h\u00e4matochemische und bio-impedenziometrischeTests), die f\u00fcr den Beginn der Therapien Voraussetzung sind","robots":{"index":"index","follow":"follow","max-snippet":"max-snippet:-1","max-image-preview":"max-image-preview:large","max-video-preview":"max-video-preview:-1"},"canonical":"https:\/\/www.parkhotelaicappuccini.it\/de\/marc-messegue\/methode-marc-messegue\/","og_locale":"de_DE","og_type":"article","og_title":"M\u00e9thode Marc Messegue - Park Hotel Ai Cappuccini -","og_description":"Das Marc Mess\u00e9gu\u00e9 im Cappuccini von Gubbio ist ein Ort, wo Phytotherapie und allopathische Medizin mit Ern\u00e4hrungslehre und Physiotherapie verschmelzen. Es ist ein Ort f\u00fcr alle, die Probleme wie \u00dcbergewicht, Bluthochdruck, St\u00f6rungen des Glucose-und Lipid-Stoffwechsels, Leber- und Darmerkrankungen oder Kreislaufst\u00f6rungen bek\u00e4mpfen oder einfach nur Form und psychophysisches Wohlbefinden wiederfinden wollen, ohne Medikamente, aber unter st\u00e4ndiger strenger\u00a0 fachmedizinischer Kontrolle, beginnend mit einer kardiologischen Untersuchung und Laborkontrollen (h\u00e4matologische, h\u00e4matochemische und bio-impedenziometrischeTests), die f\u00fcr den Beginn der Therapien Voraussetzung sind","og_url":"https:\/\/www.parkhotelaicappuccini.it\/de\/marc-messegue\/methode-marc-messegue\/","og_site_name":"Park Hotel Ai Cappuccini","article_modified_time":"2021-12-24T13:45:44+00:00","og_image":[{"width":1200,"height":666,"url":"https:\/\/www.parkhotelaicappuccini.it\/wp-content\/uploads\/sites\/385\/2021\/12\/Parco-Acque-6.jpg","type":"image\/jpeg"}],"twitter_card":"summary_large_image","twitter_misc":{"Gesch\u00e4tzte Lesezeit":"2 Minuten"},"schema":{"@context":"https:\/\/schema.org","@graph":[{"@type":"WebPage","@id":"https:\/\/www.parkhotelaicappuccini.it\/de\/marc-messegue\/methode-marc-messegue\/","url":"https:\/\/www.parkhotelaicappuccini.it\/de\/marc-messegue\/methode-marc-messegue\/","name":"M\u00e9thode Marc Messegue - Park Hotel Ai Cappuccini -","isPartOf":{"@id":"https:\/\/www.parkhotelaicappuccini.it\/de\/#website"},"datePublished":"2021-12-24T13:44:24+00:00","dateModified":"2021-12-24T13:45:44+00:00","description":"Das Marc Mess\u00e9gu\u00e9 im Cappuccini von Gubbio ist ein Ort, wo Phytotherapie und allopathische Medizin mit Ern\u00e4hrungslehre und Physiotherapie verschmelzen. Es ist ein Ort f\u00fcr alle, die Probleme wie \u00dcbergewicht, Bluthochdruck, St\u00f6rungen des Glucose-und Lipid-Stoffwechsels, Leber- und Darmerkrankungen oder Kreislaufst\u00f6rungen bek\u00e4mpfen oder einfach nur Form und psychophysisches Wohlbefinden wiederfinden wollen, ohne Medikamente, aber unter st\u00e4ndiger strenger\u00a0 fachmedizinischer Kontrolle, beginnend mit einer kardiologischen Untersuchung und Laborkontrollen (h\u00e4matologische, h\u00e4matochemische und bio-impedenziometrischeTests), die f\u00fcr den Beginn der Therapien Voraussetzung sind","breadcrumb":{"@id":"https:\/\/www.parkhotelaicappuccini.it\/de\/marc-messegue\/methode-marc-messegue\/#breadcrumb"},"inLanguage":"de-DE","potentialAction":[{"@type":"ReadAction","target":["https:\/\/www.parkhotelaicappuccini.it\/de\/marc-messegue\/methode-marc-messegue\/"]}]},{"@type":"BreadcrumbList","@id":"https:\/\/www.parkhotelaicappuccini.it\/de\/marc-messegue\/methode-marc-messegue\/#breadcrumb","itemListElement":[{"@type":"ListItem","position":1,"name":"Home","item":"https:\/\/www.parkhotelaicappuccini.it\/de\/"},{"@type":"ListItem","position":2,"name":"Marc Mess\u00e9gu\u00e9","item":"https:\/\/www.parkhotelaicappuccini.it\/de\/marc-messegue\/"},{"@type":"ListItem","position":3,"name":"M\u00e9thode Marc Messegue"}]},{"@type":"WebSite","@id":"https:\/\/www.parkhotelaicappuccini.it\/de\/#website","url":"https:\/\/www.parkhotelaicappuccini.it\/de\/","name":"Park Hotel Ai Cappuccini","description":"Just another ms.decms.eu site","potentialAction":[{"@type":"SearchAction","target":{"@type":"EntryPoint","urlTemplate":"https:\/\/www.parkhotelaicappuccini.it\/de\/?s={search_term_string}"},"query-input":{"@type":"PropertyValueSpecification","valueRequired":true,"valueName":"search_term_string"}}],"inLanguage":"de-DE"}]}},"acf":[],"_links":{"self":[{"href":"https:\/\/www.parkhotelaicappuccini.it\/de\/wp-json\/wp\/v2\/pages\/752","targetHints":{"allow":["GET"]}}],"collection":[{"href":"https:\/\/www.parkhotelaicappuccini.it\/de\/wp-json\/wp\/v2\/pages"}],"about":[{"href":"https:\/\/www.parkhotelaicappuccini.it\/de\/wp-json\/wp\/v2\/types\/page"}],"author":[{"embeddable":true,"href":"https:\/\/www.parkhotelaicappuccini.it\/de\/wp-json\/wp\/v2\/users\/36"}],"replies":[{"embeddable":true,"href":"https:\/\/www.parkhotelaicappuccini.it\/de\/wp-json\/wp\/v2\/comments?post=752"}],"version-history":[{"count":0,"href":"https:\/\/www.parkhotelaicappuccini.it\/de\/wp-json\/wp\/v2\/pages\/752\/revisions"}],"up":[{"embeddable":true,"href":"https:\/\/www.parkhotelaicappuccini.it\/de\/wp-json\/wp\/v2\/pages\/732"}],"wp:attachment":[{"href":"https:\/\/www.parkhotelaicappuccini.it\/de\/wp-json\/wp\/v2\/media?parent=752"}],"curies":[{"name":"wp","href":"https:\/\/api.w.org\/{rel}","templated":true}]}}