{"id":732,"date":"2021-12-24T13:08:17","date_gmt":"2021-12-24T13:08:17","guid":{"rendered":"https:\/\/park-hotel-ai-cappuccini.ms.decms.eu\/?page_id=732"},"modified":"2026-02-05T14:37:08","modified_gmt":"2026-02-05T14:37:08","slug":"marc-messegue","status":"publish","type":"page","link":"https:\/\/www.parkhotelaicappuccini.it\/de\/marc-messegue\/","title":{"rendered":"Marc Mess\u00e9gu\u00e9"},"content":{"rendered":"<p><strong>Der einzige Standort in Italien.<\/strong><br \/>\nDie Idee, auf der Suche nach Wohlbefinden von einer intensiven Beziehung mit der Natur auszugehen, f\u00fchrte zur Zusammenarbeit mit dem ber\u00fchmten Phytotherapeuten und Heilkr\u00e4uterexperten Marc Mess\u00e9gu\u00e9 \u2013 dem Sohn von Maurice Mess\u00e9gu\u00e9, Pionier der Phytotherapie \u2013 die das Angebot des Cappuccini Wellness &amp; Spa weiter bereichern wird.<\/p>\n<p>Eine revolution\u00e4re und doch uralte Philosophie des Wohlbefindens, die die Erforschung und Anwendung von Heilkr\u00e4utern und eine gesunde Ern\u00e4hrung mit Medizin, Physiotherapie und \u04d2sthetik vereint. Die G\u00e4ste des Park Hotel ai Cappuccini k\u00f6nnen auf die fortw\u00e4hrende Anwesenheit von Marc Mess\u00e9gu\u00e9 und seinem historischen Staff mit Dr. Pier Roberto Merani an der Spitze z\u00e4hlen und auf eine t\u00e4gliche \u00dcberwachung des Verlaufs einer \u201ema\u00dfgeschneiderten\u201c Therapie, die die Einzigartigkeit jeder Person respektiert, um durch die Entgiftung von K\u00f6rper und Geist die bestm\u00f6gliche Form wiederzufinden.<\/p>\n","protected":false},"excerpt":{"rendered":"<p>Der einzige Standort in Italien. Die Idee, auf der Suche nach Wohlbefinden von einer intensiven Beziehung mit der Natur auszugehen, f\u00fchrte zur Zusammenarbeit mit dem ber\u00fchmten Phytotherapeuten und Heilkr\u00e4uterexperten Marc Mess\u00e9gu\u00e9 \u2013 dem Sohn von Maurice Mess\u00e9gu\u00e9, Pionier der Phytotherapie \u2013 die das Angebot des Cappuccini Wellness &amp; Spa weiter bereichern wird. Eine revolution\u00e4re und [&hellip;]<\/p>\n","protected":false},"author":36,"featured_media":0,"parent":0,"menu_order":20,"comment_status":"closed","ping_status":"closed","template":"template-default-3.php","meta":{"footnotes":""},"class_list":["post-732","page","type-page","status-publish","hentry"],"yoast_head":"<!-- This site is optimized with the Yoast SEO plugin v26.9 - https:\/\/yoast.com\/product\/yoast-seo-wordpress\/ -->\n<title>Marc Mess\u00e9gu\u00e9 - Park Hotel Ai Cappuccini -<\/title>\n<meta name=\"description\" content=\"Der einzige Standort in Italien. Die Idee, auf der Suche nach Wohlbefinden von einer intensiven Beziehung mit der Natur auszugehen, f\u00fchrte zur Zusammenarbeit mit dem ber\u00fchmten Phytotherapeuten und Heilkr\u00e4uterexperten Marc Mess\u00e9gu\u00e9 \u2013 dem Sohn von Maurice Mess\u00e9gu\u00e9, Pionier der Phytotherapie \u2013 die das Angebot des Cappuccini Wellness &amp; Spa weiter bereichern wird.  Eine revolution\u00e4re und doch uralte Philosophie des Wohlbefindens, die die Erforschung und Anwendung von Heilkr\u00e4utern und eine gesunde Ern\u00e4hrung mit Medizin, Physiotherapie und \u04d2sthetik vereint. Die G\u00e4ste des Park Hotel ai Cappuccini k\u00f6nnen auf die fortw\u00e4hrende Anwesenheit von Marc Mess\u00e9gu\u00e9 und seinem historischen Staff mit Dr\" \/>\n<meta name=\"robots\" content=\"index, follow, max-snippet:-1, max-image-preview:large, max-video-preview:-1\" \/>\n<link rel=\"canonical\" href=\"https:\/\/www.parkhotelaicappuccini.it\/de\/marc-messegue\/\" \/>\n<meta property=\"og:locale\" content=\"de_DE\" \/>\n<meta property=\"og:type\" content=\"article\" \/>\n<meta property=\"og:title\" content=\"Marc Mess\u00e9gu\u00e9 - Park Hotel Ai Cappuccini -\" \/>\n<meta property=\"og:description\" content=\"Der einzige Standort in Italien. Die Idee, auf der Suche nach Wohlbefinden von einer intensiven Beziehung mit der Natur auszugehen, f\u00fchrte zur Zusammenarbeit mit dem ber\u00fchmten Phytotherapeuten und Heilkr\u00e4uterexperten Marc Mess\u00e9gu\u00e9 \u2013 dem Sohn von Maurice Mess\u00e9gu\u00e9, Pionier der Phytotherapie \u2013 die das Angebot des Cappuccini Wellness &amp; Spa weiter bereichern wird.  Eine revolution\u00e4re und doch uralte Philosophie des Wohlbefindens, die die Erforschung und Anwendung von Heilkr\u00e4utern und eine gesunde Ern\u00e4hrung mit Medizin, Physiotherapie und \u04d2sthetik vereint. Die G\u00e4ste des Park Hotel ai Cappuccini k\u00f6nnen auf die fortw\u00e4hrende Anwesenheit von Marc Mess\u00e9gu\u00e9 und seinem historischen Staff mit Dr\" \/>\n<meta property=\"og:url\" content=\"https:\/\/www.parkhotelaicappuccini.it\/de\/marc-messegue\/\" \/>\n<meta property=\"og:site_name\" content=\"Park Hotel Ai Cappuccini\" \/>\n<meta property=\"article:modified_time\" content=\"2026-02-05T14:37:08+00:00\" \/>\n<meta property=\"og:image\" content=\"https:\/\/www.parkhotelaicappuccini.it\/wp-content\/uploads\/sites\/385\/2021\/12\/Parco-Acque-6.jpg\" \/>\n\t<meta property=\"og:image:width\" content=\"1200\" \/>\n\t<meta property=\"og:image:height\" content=\"666\" \/>\n\t<meta property=\"og:image:type\" content=\"image\/jpeg\" \/>\n<meta name=\"twitter:card\" content=\"summary_large_image\" \/>\n<meta name=\"twitter:label1\" content=\"Gesch\u00e4tzte Lesezeit\" \/>\n\t<meta name=\"twitter:data1\" content=\"1 Minute\" \/>\n<script type=\"application\/ld+json\" class=\"yoast-schema-graph\">{\"@context\":\"https:\/\/schema.org\",\"@graph\":[{\"@type\":\"WebPage\",\"@id\":\"https:\/\/www.parkhotelaicappuccini.it\/de\/marc-messegue\/\",\"url\":\"https:\/\/www.parkhotelaicappuccini.it\/de\/marc-messegue\/\",\"name\":\"Marc Mess\u00e9gu\u00e9 - Park Hotel Ai Cappuccini -\",\"isPartOf\":{\"@id\":\"https:\/\/www.parkhotelaicappuccini.it\/de\/#website\"},\"datePublished\":\"2021-12-24T13:08:17+00:00\",\"dateModified\":\"2026-02-05T14:37:08+00:00\",\"description\":\"Der einzige Standort in Italien. Die Idee, auf der Suche nach Wohlbefinden von einer intensiven Beziehung mit der Natur auszugehen, f\u00fchrte zur Zusammenarbeit mit dem ber\u00fchmten Phytotherapeuten und Heilkr\u00e4uterexperten Marc Mess\u00e9gu\u00e9 \u2013 dem Sohn von Maurice Mess\u00e9gu\u00e9, Pionier der Phytotherapie \u2013 die das Angebot des Cappuccini Wellness &amp; Spa weiter bereichern wird. Eine revolution\u00e4re und doch uralte Philosophie des Wohlbefindens, die die Erforschung und Anwendung von Heilkr\u00e4utern und eine gesunde Ern\u00e4hrung mit Medizin, Physiotherapie und \u04d2sthetik vereint. Die G\u00e4ste des Park Hotel ai Cappuccini k\u00f6nnen auf die fortw\u00e4hrende Anwesenheit von Marc Mess\u00e9gu\u00e9 und seinem historischen Staff mit Dr\",\"breadcrumb\":{\"@id\":\"https:\/\/www.parkhotelaicappuccini.it\/de\/marc-messegue\/#breadcrumb\"},\"inLanguage\":\"de-DE\",\"potentialAction\":[{\"@type\":\"ReadAction\",\"target\":[\"https:\/\/www.parkhotelaicappuccini.it\/de\/marc-messegue\/\"]}]},{\"@type\":\"BreadcrumbList\",\"@id\":\"https:\/\/www.parkhotelaicappuccini.it\/de\/marc-messegue\/#breadcrumb\",\"itemListElement\":[{\"@type\":\"ListItem\",\"position\":1,\"name\":\"Home\",\"item\":\"https:\/\/www.parkhotelaicappuccini.it\/de\/\"},{\"@type\":\"ListItem\",\"position\":2,\"name\":\"Marc Mess\u00e9gu\u00e9\"}]},{\"@type\":\"WebSite\",\"@id\":\"https:\/\/www.parkhotelaicappuccini.it\/de\/#website\",\"url\":\"https:\/\/www.parkhotelaicappuccini.it\/de\/\",\"name\":\"Park Hotel Ai Cappuccini\",\"description\":\"Just another ms.decms.eu site\",\"potentialAction\":[{\"@type\":\"SearchAction\",\"target\":{\"@type\":\"EntryPoint\",\"urlTemplate\":\"https:\/\/www.parkhotelaicappuccini.it\/de\/?s={search_term_string}\"},\"query-input\":{\"@type\":\"PropertyValueSpecification\",\"valueRequired\":true,\"valueName\":\"search_term_string\"}}],\"inLanguage\":\"de-DE\"}]}<\/script>\n<!-- \/ Yoast SEO plugin. -->","yoast_head_json":{"title":"Marc Mess\u00e9gu\u00e9 - Park Hotel Ai Cappuccini -","description":"Der einzige Standort in Italien. Die Idee, auf der Suche nach Wohlbefinden von einer intensiven Beziehung mit der Natur auszugehen, f\u00fchrte zur Zusammenarbeit mit dem ber\u00fchmten Phytotherapeuten und Heilkr\u00e4uterexperten Marc Mess\u00e9gu\u00e9 \u2013 dem Sohn von Maurice Mess\u00e9gu\u00e9, Pionier der Phytotherapie \u2013 die das Angebot des Cappuccini Wellness &amp; Spa weiter bereichern wird.  Eine revolution\u00e4re und doch uralte Philosophie des Wohlbefindens, die die Erforschung und Anwendung von Heilkr\u00e4utern und eine gesunde Ern\u00e4hrung mit Medizin, Physiotherapie und \u04d2sthetik vereint. Die G\u00e4ste des Park Hotel ai Cappuccini k\u00f6nnen auf die fortw\u00e4hrende Anwesenheit von Marc Mess\u00e9gu\u00e9 und seinem historischen Staff mit Dr","robots":{"index":"index","follow":"follow","max-snippet":"max-snippet:-1","max-image-preview":"max-image-preview:large","max-video-preview":"max-video-preview:-1"},"canonical":"https:\/\/www.parkhotelaicappuccini.it\/de\/marc-messegue\/","og_locale":"de_DE","og_type":"article","og_title":"Marc Mess\u00e9gu\u00e9 - Park Hotel Ai Cappuccini -","og_description":"Der einzige Standort in Italien. Die Idee, auf der Suche nach Wohlbefinden von einer intensiven Beziehung mit der Natur auszugehen, f\u00fchrte zur Zusammenarbeit mit dem ber\u00fchmten Phytotherapeuten und Heilkr\u00e4uterexperten Marc Mess\u00e9gu\u00e9 \u2013 dem Sohn von Maurice Mess\u00e9gu\u00e9, Pionier der Phytotherapie \u2013 die das Angebot des Cappuccini Wellness &amp; Spa weiter bereichern wird.  Eine revolution\u00e4re und doch uralte Philosophie des Wohlbefindens, die die Erforschung und Anwendung von Heilkr\u00e4utern und eine gesunde Ern\u00e4hrung mit Medizin, Physiotherapie und \u04d2sthetik vereint. Die G\u00e4ste des Park Hotel ai Cappuccini k\u00f6nnen auf die fortw\u00e4hrende Anwesenheit von Marc Mess\u00e9gu\u00e9 und seinem historischen Staff mit Dr","og_url":"https:\/\/www.parkhotelaicappuccini.it\/de\/marc-messegue\/","og_site_name":"Park Hotel Ai Cappuccini","article_modified_time":"2026-02-05T14:37:08+00:00","og_image":[{"width":1200,"height":666,"url":"https:\/\/www.parkhotelaicappuccini.it\/wp-content\/uploads\/sites\/385\/2021\/12\/Parco-Acque-6.jpg","type":"image\/jpeg"}],"twitter_card":"summary_large_image","twitter_misc":{"Gesch\u00e4tzte Lesezeit":"1 Minute"},"schema":{"@context":"https:\/\/schema.org","@graph":[{"@type":"WebPage","@id":"https:\/\/www.parkhotelaicappuccini.it\/de\/marc-messegue\/","url":"https:\/\/www.parkhotelaicappuccini.it\/de\/marc-messegue\/","name":"Marc Mess\u00e9gu\u00e9 - Park Hotel Ai Cappuccini -","isPartOf":{"@id":"https:\/\/www.parkhotelaicappuccini.it\/de\/#website"},"datePublished":"2021-12-24T13:08:17+00:00","dateModified":"2026-02-05T14:37:08+00:00","description":"Der einzige Standort in Italien. Die Idee, auf der Suche nach Wohlbefinden von einer intensiven Beziehung mit der Natur auszugehen, f\u00fchrte zur Zusammenarbeit mit dem ber\u00fchmten Phytotherapeuten und Heilkr\u00e4uterexperten Marc Mess\u00e9gu\u00e9 \u2013 dem Sohn von Maurice Mess\u00e9gu\u00e9, Pionier der Phytotherapie \u2013 die das Angebot des Cappuccini Wellness &amp; Spa weiter bereichern wird. Eine revolution\u00e4re und doch uralte Philosophie des Wohlbefindens, die die Erforschung und Anwendung von Heilkr\u00e4utern und eine gesunde Ern\u00e4hrung mit Medizin, Physiotherapie und \u04d2sthetik vereint. Die G\u00e4ste des Park Hotel ai Cappuccini k\u00f6nnen auf die fortw\u00e4hrende Anwesenheit von Marc Mess\u00e9gu\u00e9 und seinem historischen Staff mit Dr","breadcrumb":{"@id":"https:\/\/www.parkhotelaicappuccini.it\/de\/marc-messegue\/#breadcrumb"},"inLanguage":"de-DE","potentialAction":[{"@type":"ReadAction","target":["https:\/\/www.parkhotelaicappuccini.it\/de\/marc-messegue\/"]}]},{"@type":"BreadcrumbList","@id":"https:\/\/www.parkhotelaicappuccini.it\/de\/marc-messegue\/#breadcrumb","itemListElement":[{"@type":"ListItem","position":1,"name":"Home","item":"https:\/\/www.parkhotelaicappuccini.it\/de\/"},{"@type":"ListItem","position":2,"name":"Marc Mess\u00e9gu\u00e9"}]},{"@type":"WebSite","@id":"https:\/\/www.parkhotelaicappuccini.it\/de\/#website","url":"https:\/\/www.parkhotelaicappuccini.it\/de\/","name":"Park Hotel Ai Cappuccini","description":"Just another ms.decms.eu site","potentialAction":[{"@type":"SearchAction","target":{"@type":"EntryPoint","urlTemplate":"https:\/\/www.parkhotelaicappuccini.it\/de\/?s={search_term_string}"},"query-input":{"@type":"PropertyValueSpecification","valueRequired":true,"valueName":"search_term_string"}}],"inLanguage":"de-DE"}]}},"acf":[],"_links":{"self":[{"href":"https:\/\/www.parkhotelaicappuccini.it\/de\/wp-json\/wp\/v2\/pages\/732","targetHints":{"allow":["GET"]}}],"collection":[{"href":"https:\/\/www.parkhotelaicappuccini.it\/de\/wp-json\/wp\/v2\/pages"}],"about":[{"href":"https:\/\/www.parkhotelaicappuccini.it\/de\/wp-json\/wp\/v2\/types\/page"}],"author":[{"embeddable":true,"href":"https:\/\/www.parkhotelaicappuccini.it\/de\/wp-json\/wp\/v2\/users\/36"}],"replies":[{"embeddable":true,"href":"https:\/\/www.parkhotelaicappuccini.it\/de\/wp-json\/wp\/v2\/comments?post=732"}],"version-history":[{"count":0,"href":"https:\/\/www.parkhotelaicappuccini.it\/de\/wp-json\/wp\/v2\/pages\/732\/revisions"}],"wp:attachment":[{"href":"https:\/\/www.parkhotelaicappuccini.it\/de\/wp-json\/wp\/v2\/media?parent=732"}],"curies":[{"name":"wp","href":"https:\/\/api.w.org\/{rel}","templated":true}]}}