{"id":667,"date":"2021-12-23T16:31:14","date_gmt":"2021-12-23T16:31:14","guid":{"rendered":"https:\/\/park-hotel-ai-cappuccini.ms.decms.eu\/?page_id=667"},"modified":"2021-12-23T16:31:14","modified_gmt":"2021-12-23T16:31:14","slug":"gubbio-und-umbrien","status":"publish","type":"page","link":"https:\/\/www.parkhotelaicappuccini.it\/de\/gubbio-und-umbrien\/","title":{"rendered":"Gubbio und Umbrien"},"content":{"rendered":"<p>In der Rubrik TERMINE stellen wir Ihnen wichtige Veranstaltungen vor, die das ganze Jahr \u00fcber in Gubbio stattfinden und die Sie nicht verpassen sollten.<\/p>\n<p>In der Rubrik Was man in Gubbio tun kann, schlagen wir Ihnen einige Freizeitaktivit\u00e4ten vor, die Sie w\u00e4hrend Ihres Aufenthalts in Gubbio unternehmen k\u00f6nnen und die Ihren Aufenthalt sehr angenehm machen werden (einige Aktivit\u00e4ten k\u00f6nnen in Zusammenarbeit mit einem Vermittler durchgef\u00fchrt werden).<\/p>\n","protected":false},"excerpt":{"rendered":"<p>In der Rubrik TERMINE stellen wir Ihnen wichtige Veranstaltungen vor, die das ganze Jahr \u00fcber in Gubbio stattfinden und die Sie nicht verpassen sollten. In der Rubrik Was man in Gubbio tun kann, schlagen wir Ihnen einige Freizeitaktivit\u00e4ten vor, die Sie w\u00e4hrend Ihres Aufenthalts in Gubbio unternehmen k\u00f6nnen und die Ihren Aufenthalt sehr angenehm machen [&hellip;]<\/p>\n","protected":false},"author":36,"featured_media":0,"parent":0,"menu_order":70,"comment_status":"closed","ping_status":"closed","template":"template-surroundings.php","meta":{"footnotes":""},"class_list":["post-667","page","type-page","status-publish","hentry"],"yoast_head":"<!-- This site is optimized with the Yoast SEO plugin v26.9 - https:\/\/yoast.com\/product\/yoast-seo-wordpress\/ -->\n<title>Gubbio und Umbrien - Park Hotel Ai Cappuccini -<\/title>\n<meta name=\"description\" content=\"In der Rubrik TERMINE stellen wir Ihnen wichtige Veranstaltungen vor, die das ganze Jahr \u00fcber in Gubbio stattfinden und die Sie nicht verpassen sollten.  In der Rubrik Was man in Gubbio tun kann, schlagen wir Ihnen einige Freizeitaktivit\u00e4ten vor, die Sie w\u00e4hrend Ihres Aufenthalts in Gubbio unternehmen k\u00f6nnen und die Ihren Aufenthalt sehr angenehm machen werden (einige Aktivit\u00e4ten k\u00f6nnen in Zusammenarbeit mit einem Vermittler durchgef\u00fchrt werden)..\" \/>\n<meta name=\"robots\" content=\"index, follow, max-snippet:-1, max-image-preview:large, max-video-preview:-1\" \/>\n<link rel=\"canonical\" href=\"https:\/\/www.parkhotelaicappuccini.it\/de\/gubbio-und-umbrien\/\" \/>\n<meta property=\"og:locale\" content=\"de_DE\" \/>\n<meta property=\"og:type\" content=\"article\" \/>\n<meta property=\"og:title\" content=\"Gubbio und Umbrien - Park Hotel Ai Cappuccini -\" \/>\n<meta property=\"og:description\" content=\"In der Rubrik TERMINE stellen wir Ihnen wichtige Veranstaltungen vor, die das ganze Jahr \u00fcber in Gubbio stattfinden und die Sie nicht verpassen sollten.  In der Rubrik Was man in Gubbio tun kann, schlagen wir Ihnen einige Freizeitaktivit\u00e4ten vor, die Sie w\u00e4hrend Ihres Aufenthalts in Gubbio unternehmen k\u00f6nnen und die Ihren Aufenthalt sehr angenehm machen werden (einige Aktivit\u00e4ten k\u00f6nnen in Zusammenarbeit mit einem Vermittler durchgef\u00fchrt werden)..\" \/>\n<meta property=\"og:url\" content=\"https:\/\/www.parkhotelaicappuccini.it\/de\/gubbio-und-umbrien\/\" \/>\n<meta property=\"og:site_name\" content=\"Park Hotel Ai Cappuccini\" \/>\n<meta property=\"og:image\" content=\"https:\/\/www.parkhotelaicappuccini.it\/wp-content\/uploads\/sites\/385\/2021\/12\/Parco-Acque-6.jpg\" \/>\n\t<meta property=\"og:image:width\" content=\"1200\" \/>\n\t<meta property=\"og:image:height\" content=\"666\" \/>\n\t<meta property=\"og:image:type\" content=\"image\/jpeg\" \/>\n<meta name=\"twitter:card\" content=\"summary_large_image\" \/>\n<meta name=\"twitter:label1\" content=\"Gesch\u00e4tzte Lesezeit\" \/>\n\t<meta name=\"twitter:data1\" content=\"1 Minute\" \/>\n<script type=\"application\/ld+json\" class=\"yoast-schema-graph\">{\"@context\":\"https:\/\/schema.org\",\"@graph\":[{\"@type\":\"WebPage\",\"@id\":\"https:\/\/www.parkhotelaicappuccini.it\/de\/gubbio-und-umbrien\/\",\"url\":\"https:\/\/www.parkhotelaicappuccini.it\/de\/gubbio-und-umbrien\/\",\"name\":\"Gubbio und Umbrien - Park Hotel Ai Cappuccini -\",\"isPartOf\":{\"@id\":\"https:\/\/www.parkhotelaicappuccini.it\/de\/#website\"},\"datePublished\":\"2021-12-23T16:31:14+00:00\",\"description\":\"In der Rubrik TERMINE stellen wir Ihnen wichtige Veranstaltungen vor, die das ganze Jahr \u00fcber in Gubbio stattfinden und die Sie nicht verpassen sollten. In der Rubrik Was man in Gubbio tun kann, schlagen wir Ihnen einige Freizeitaktivit\u00e4ten vor, die Sie w\u00e4hrend Ihres Aufenthalts in Gubbio unternehmen k\u00f6nnen und die Ihren Aufenthalt sehr angenehm machen werden (einige Aktivit\u00e4ten k\u00f6nnen in Zusammenarbeit mit einem Vermittler durchgef\u00fchrt werden)..\",\"breadcrumb\":{\"@id\":\"https:\/\/www.parkhotelaicappuccini.it\/de\/gubbio-und-umbrien\/#breadcrumb\"},\"inLanguage\":\"de-DE\",\"potentialAction\":[{\"@type\":\"ReadAction\",\"target\":[\"https:\/\/www.parkhotelaicappuccini.it\/de\/gubbio-und-umbrien\/\"]}]},{\"@type\":\"BreadcrumbList\",\"@id\":\"https:\/\/www.parkhotelaicappuccini.it\/de\/gubbio-und-umbrien\/#breadcrumb\",\"itemListElement\":[{\"@type\":\"ListItem\",\"position\":1,\"name\":\"Home\",\"item\":\"https:\/\/www.parkhotelaicappuccini.it\/de\/\"},{\"@type\":\"ListItem\",\"position\":2,\"name\":\"Gubbio und Umbrien\"}]},{\"@type\":\"WebSite\",\"@id\":\"https:\/\/www.parkhotelaicappuccini.it\/de\/#website\",\"url\":\"https:\/\/www.parkhotelaicappuccini.it\/de\/\",\"name\":\"Park Hotel Ai Cappuccini\",\"description\":\"Just another ms.decms.eu site\",\"potentialAction\":[{\"@type\":\"SearchAction\",\"target\":{\"@type\":\"EntryPoint\",\"urlTemplate\":\"https:\/\/www.parkhotelaicappuccini.it\/de\/?s={search_term_string}\"},\"query-input\":{\"@type\":\"PropertyValueSpecification\",\"valueRequired\":true,\"valueName\":\"search_term_string\"}}],\"inLanguage\":\"de-DE\"}]}<\/script>\n<!-- \/ Yoast SEO plugin. -->","yoast_head_json":{"title":"Gubbio und Umbrien - Park Hotel Ai Cappuccini -","description":"In der Rubrik TERMINE stellen wir Ihnen wichtige Veranstaltungen vor, die das ganze Jahr \u00fcber in Gubbio stattfinden und die Sie nicht verpassen sollten.  In der Rubrik Was man in Gubbio tun kann, schlagen wir Ihnen einige Freizeitaktivit\u00e4ten vor, die Sie w\u00e4hrend Ihres Aufenthalts in Gubbio unternehmen k\u00f6nnen und die Ihren Aufenthalt sehr angenehm machen werden (einige Aktivit\u00e4ten k\u00f6nnen in Zusammenarbeit mit einem Vermittler durchgef\u00fchrt werden)..","robots":{"index":"index","follow":"follow","max-snippet":"max-snippet:-1","max-image-preview":"max-image-preview:large","max-video-preview":"max-video-preview:-1"},"canonical":"https:\/\/www.parkhotelaicappuccini.it\/de\/gubbio-und-umbrien\/","og_locale":"de_DE","og_type":"article","og_title":"Gubbio und Umbrien - Park Hotel Ai Cappuccini -","og_description":"In der Rubrik TERMINE stellen wir Ihnen wichtige Veranstaltungen vor, die das ganze Jahr \u00fcber in Gubbio stattfinden und die Sie nicht verpassen sollten.  In der Rubrik Was man in Gubbio tun kann, schlagen wir Ihnen einige Freizeitaktivit\u00e4ten vor, die Sie w\u00e4hrend Ihres Aufenthalts in Gubbio unternehmen k\u00f6nnen und die Ihren Aufenthalt sehr angenehm machen werden (einige Aktivit\u00e4ten k\u00f6nnen in Zusammenarbeit mit einem Vermittler durchgef\u00fchrt werden)..","og_url":"https:\/\/www.parkhotelaicappuccini.it\/de\/gubbio-und-umbrien\/","og_site_name":"Park Hotel Ai Cappuccini","og_image":[{"width":1200,"height":666,"url":"https:\/\/www.parkhotelaicappuccini.it\/wp-content\/uploads\/sites\/385\/2021\/12\/Parco-Acque-6.jpg","type":"image\/jpeg"}],"twitter_card":"summary_large_image","twitter_misc":{"Gesch\u00e4tzte Lesezeit":"1 Minute"},"schema":{"@context":"https:\/\/schema.org","@graph":[{"@type":"WebPage","@id":"https:\/\/www.parkhotelaicappuccini.it\/de\/gubbio-und-umbrien\/","url":"https:\/\/www.parkhotelaicappuccini.it\/de\/gubbio-und-umbrien\/","name":"Gubbio und Umbrien - Park Hotel Ai Cappuccini -","isPartOf":{"@id":"https:\/\/www.parkhotelaicappuccini.it\/de\/#website"},"datePublished":"2021-12-23T16:31:14+00:00","description":"In der Rubrik TERMINE stellen wir Ihnen wichtige Veranstaltungen vor, die das ganze Jahr \u00fcber in Gubbio stattfinden und die Sie nicht verpassen sollten. In der Rubrik Was man in Gubbio tun kann, schlagen wir Ihnen einige Freizeitaktivit\u00e4ten vor, die Sie w\u00e4hrend Ihres Aufenthalts in Gubbio unternehmen k\u00f6nnen und die Ihren Aufenthalt sehr angenehm machen werden (einige Aktivit\u00e4ten k\u00f6nnen in Zusammenarbeit mit einem Vermittler durchgef\u00fchrt werden)..","breadcrumb":{"@id":"https:\/\/www.parkhotelaicappuccini.it\/de\/gubbio-und-umbrien\/#breadcrumb"},"inLanguage":"de-DE","potentialAction":[{"@type":"ReadAction","target":["https:\/\/www.parkhotelaicappuccini.it\/de\/gubbio-und-umbrien\/"]}]},{"@type":"BreadcrumbList","@id":"https:\/\/www.parkhotelaicappuccini.it\/de\/gubbio-und-umbrien\/#breadcrumb","itemListElement":[{"@type":"ListItem","position":1,"name":"Home","item":"https:\/\/www.parkhotelaicappuccini.it\/de\/"},{"@type":"ListItem","position":2,"name":"Gubbio und Umbrien"}]},{"@type":"WebSite","@id":"https:\/\/www.parkhotelaicappuccini.it\/de\/#website","url":"https:\/\/www.parkhotelaicappuccini.it\/de\/","name":"Park Hotel Ai Cappuccini","description":"Just another ms.decms.eu site","potentialAction":[{"@type":"SearchAction","target":{"@type":"EntryPoint","urlTemplate":"https:\/\/www.parkhotelaicappuccini.it\/de\/?s={search_term_string}"},"query-input":{"@type":"PropertyValueSpecification","valueRequired":true,"valueName":"search_term_string"}}],"inLanguage":"de-DE"}]}},"acf":[],"_links":{"self":[{"href":"https:\/\/www.parkhotelaicappuccini.it\/de\/wp-json\/wp\/v2\/pages\/667","targetHints":{"allow":["GET"]}}],"collection":[{"href":"https:\/\/www.parkhotelaicappuccini.it\/de\/wp-json\/wp\/v2\/pages"}],"about":[{"href":"https:\/\/www.parkhotelaicappuccini.it\/de\/wp-json\/wp\/v2\/types\/page"}],"author":[{"embeddable":true,"href":"https:\/\/www.parkhotelaicappuccini.it\/de\/wp-json\/wp\/v2\/users\/36"}],"replies":[{"embeddable":true,"href":"https:\/\/www.parkhotelaicappuccini.it\/de\/wp-json\/wp\/v2\/comments?post=667"}],"version-history":[{"count":0,"href":"https:\/\/www.parkhotelaicappuccini.it\/de\/wp-json\/wp\/v2\/pages\/667\/revisions"}],"wp:attachment":[{"href":"https:\/\/www.parkhotelaicappuccini.it\/de\/wp-json\/wp\/v2\/media?parent=667"}],"curies":[{"name":"wp","href":"https:\/\/api.w.org\/{rel}","templated":true}]}}