{"id":570,"date":"2021-12-21T08:35:52","date_gmt":"2021-12-21T08:35:52","guid":{"rendered":"https:\/\/park-hotel-ai-cappuccini.ms.decms.eu\/?page_id=570"},"modified":"2022-01-26T09:08:24","modified_gmt":"2022-01-26T09:08:24","slug":"wasserpark","status":"publish","type":"page","link":"https:\/\/www.parkhotelaicappuccini.it\/de\/spa-fitness\/wasserpark\/","title":{"rendered":"Wasserpark"},"content":{"rendered":"<p>Der\u00a0Wasserpark Cappuccini Wellness &amp; Spa besteht aus zwei R\u00e4umen: einem 350 qm-Raum mit\u00a0 freiem Zugang und Acque Emozionali (Wasserspa\u00df) genannt, der mit Bahnen-Pool, Baby-Becken, Gegenstromanlage und Whirlpool mit einer Wassertemperatur von 28\/29\u00b0C ausgestattet ist; der zweite Raum ist anheimelnd und diskreter, der Whirlpool-Raum verf\u00fcgt \u00fcber einen runden und einen archenf\u00f6rmigen Whirlpool mit Wasser, reich an Magnesium und Kalium, und \u00fcber einen Thalassotherapie-Pool.<\/p>\n","protected":false},"excerpt":{"rendered":"<p>Der\u00a0Wasserpark Cappuccini Wellness &amp; Spa besteht aus zwei R\u00e4umen: einem 350 qm-Raum mit\u00a0 freiem Zugang und Acque Emozionali (Wasserspa\u00df) genannt, der mit Bahnen-Pool, Baby-Becken, Gegenstromanlage und Whirlpool mit einer Wassertemperatur von 28\/29\u00b0C ausgestattet ist; der zweite Raum ist anheimelnd und diskreter, der Whirlpool-Raum verf\u00fcgt \u00fcber einen runden und einen archenf\u00f6rmigen Whirlpool mit Wasser, reich an [&hellip;]<\/p>\n","protected":false},"author":36,"featured_media":0,"parent":474,"menu_order":10,"comment_status":"closed","ping_status":"closed","template":"template-single-spa.php","meta":{"footnotes":""},"class_list":["post-570","page","type-page","status-publish","hentry"],"yoast_head":"<!-- This site is optimized with the Yoast SEO plugin v26.9 - https:\/\/yoast.com\/product\/yoast-seo-wordpress\/ -->\n<title>Wasserpark - Park Hotel Ai Cappuccini -<\/title>\n<meta name=\"description\" content=\"Der\u00a0Wasserpark Cappuccini Wellness &amp; Spa besteht aus zwei R\u00e4umen: einem 350 qm-Raum mit\u00a0 freiem Zugang und Acque Emozionali (Wasserspa\u00df) genannt, der mit Bahnen-Pool, Baby-Becken, Gegenstromanlage und Whirlpool mit einer Wassertemperatur von 28\/29\u00b0C ausgestattet ist; der zweite Raum ist anheimelnd und diskreter, der Whirlpool-Raum verf\u00fcgt \u00fcber einen runden und einen archenf\u00f6rmigen Whirlpool mit Wasser, reich an Magnesium und Kalium, und \u00fcber einen Thalassotherapie-Pool..\" \/>\n<meta name=\"robots\" content=\"index, follow, max-snippet:-1, max-image-preview:large, max-video-preview:-1\" \/>\n<link rel=\"canonical\" href=\"https:\/\/www.parkhotelaicappuccini.it\/de\/spa-fitness\/wasserpark\/\" \/>\n<meta property=\"og:locale\" content=\"de_DE\" \/>\n<meta property=\"og:type\" content=\"article\" \/>\n<meta property=\"og:title\" content=\"Wasserpark - Park Hotel Ai Cappuccini -\" \/>\n<meta property=\"og:description\" content=\"Der\u00a0Wasserpark Cappuccini Wellness &amp; Spa besteht aus zwei R\u00e4umen: einem 350 qm-Raum mit\u00a0 freiem Zugang und Acque Emozionali (Wasserspa\u00df) genannt, der mit Bahnen-Pool, Baby-Becken, Gegenstromanlage und Whirlpool mit einer Wassertemperatur von 28\/29\u00b0C ausgestattet ist; der zweite Raum ist anheimelnd und diskreter, der Whirlpool-Raum verf\u00fcgt \u00fcber einen runden und einen archenf\u00f6rmigen Whirlpool mit Wasser, reich an Magnesium und Kalium, und \u00fcber einen Thalassotherapie-Pool..\" \/>\n<meta property=\"og:url\" content=\"https:\/\/www.parkhotelaicappuccini.it\/de\/spa-fitness\/wasserpark\/\" \/>\n<meta property=\"og:site_name\" content=\"Park Hotel Ai Cappuccini\" \/>\n<meta property=\"article:modified_time\" content=\"2022-01-26T09:08:24+00:00\" \/>\n<meta property=\"og:image\" content=\"https:\/\/www.parkhotelaicappuccini.it\/wp-content\/uploads\/sites\/385\/2021\/12\/Parco-Acque-6.jpg\" \/>\n\t<meta property=\"og:image:width\" content=\"1200\" \/>\n\t<meta property=\"og:image:height\" content=\"666\" \/>\n\t<meta property=\"og:image:type\" content=\"image\/jpeg\" \/>\n<meta name=\"twitter:card\" content=\"summary_large_image\" \/>\n<meta name=\"twitter:label1\" content=\"Gesch\u00e4tzte Lesezeit\" \/>\n\t<meta name=\"twitter:data1\" content=\"1 Minute\" \/>\n<script type=\"application\/ld+json\" class=\"yoast-schema-graph\">{\"@context\":\"https:\/\/schema.org\",\"@graph\":[{\"@type\":\"WebPage\",\"@id\":\"https:\/\/www.parkhotelaicappuccini.it\/de\/spa-fitness\/wasserpark\/\",\"url\":\"https:\/\/www.parkhotelaicappuccini.it\/de\/spa-fitness\/wasserpark\/\",\"name\":\"Wasserpark - Park Hotel Ai Cappuccini -\",\"isPartOf\":{\"@id\":\"https:\/\/www.parkhotelaicappuccini.it\/de\/#website\"},\"datePublished\":\"2021-12-21T08:35:52+00:00\",\"dateModified\":\"2022-01-26T09:08:24+00:00\",\"description\":\"Der\u00a0Wasserpark Cappuccini Wellness &amp; Spa besteht aus zwei R\u00e4umen: einem 350 qm-Raum mit\u00a0 freiem Zugang und Acque Emozionali (Wasserspa\u00df) genannt, der mit Bahnen-Pool, Baby-Becken, Gegenstromanlage und Whirlpool mit einer Wassertemperatur von 28\/29\u00b0C ausgestattet ist; der zweite Raum ist anheimelnd und diskreter, der Whirlpool-Raum verf\u00fcgt \u00fcber einen runden und einen archenf\u00f6rmigen Whirlpool mit Wasser, reich an Magnesium und Kalium, und \u00fcber einen Thalassotherapie-Pool..\",\"breadcrumb\":{\"@id\":\"https:\/\/www.parkhotelaicappuccini.it\/de\/spa-fitness\/wasserpark\/#breadcrumb\"},\"inLanguage\":\"de-DE\",\"potentialAction\":[{\"@type\":\"ReadAction\",\"target\":[\"https:\/\/www.parkhotelaicappuccini.it\/de\/spa-fitness\/wasserpark\/\"]}]},{\"@type\":\"BreadcrumbList\",\"@id\":\"https:\/\/www.parkhotelaicappuccini.it\/de\/spa-fitness\/wasserpark\/#breadcrumb\",\"itemListElement\":[{\"@type\":\"ListItem\",\"position\":1,\"name\":\"Home\",\"item\":\"https:\/\/www.parkhotelaicappuccini.it\/de\/\"},{\"@type\":\"ListItem\",\"position\":2,\"name\":\"Spa &amp; fitness\",\"item\":\"https:\/\/www.parkhotelaicappuccini.it\/de\/spa-fitness\/\"},{\"@type\":\"ListItem\",\"position\":3,\"name\":\"Wasserpark\"}]},{\"@type\":\"WebSite\",\"@id\":\"https:\/\/www.parkhotelaicappuccini.it\/de\/#website\",\"url\":\"https:\/\/www.parkhotelaicappuccini.it\/de\/\",\"name\":\"Park Hotel Ai Cappuccini\",\"description\":\"Just another ms.decms.eu site\",\"potentialAction\":[{\"@type\":\"SearchAction\",\"target\":{\"@type\":\"EntryPoint\",\"urlTemplate\":\"https:\/\/www.parkhotelaicappuccini.it\/de\/?s={search_term_string}\"},\"query-input\":{\"@type\":\"PropertyValueSpecification\",\"valueRequired\":true,\"valueName\":\"search_term_string\"}}],\"inLanguage\":\"de-DE\"}]}<\/script>\n<!-- \/ Yoast SEO plugin. -->","yoast_head_json":{"title":"Wasserpark - Park Hotel Ai Cappuccini -","description":"Der\u00a0Wasserpark Cappuccini Wellness &amp; Spa besteht aus zwei R\u00e4umen: einem 350 qm-Raum mit\u00a0 freiem Zugang und Acque Emozionali (Wasserspa\u00df) genannt, der mit Bahnen-Pool, Baby-Becken, Gegenstromanlage und Whirlpool mit einer Wassertemperatur von 28\/29\u00b0C ausgestattet ist; der zweite Raum ist anheimelnd und diskreter, der Whirlpool-Raum verf\u00fcgt \u00fcber einen runden und einen archenf\u00f6rmigen Whirlpool mit Wasser, reich an Magnesium und Kalium, und \u00fcber einen Thalassotherapie-Pool..","robots":{"index":"index","follow":"follow","max-snippet":"max-snippet:-1","max-image-preview":"max-image-preview:large","max-video-preview":"max-video-preview:-1"},"canonical":"https:\/\/www.parkhotelaicappuccini.it\/de\/spa-fitness\/wasserpark\/","og_locale":"de_DE","og_type":"article","og_title":"Wasserpark - Park Hotel Ai Cappuccini -","og_description":"Der\u00a0Wasserpark Cappuccini Wellness &amp; Spa besteht aus zwei R\u00e4umen: einem 350 qm-Raum mit\u00a0 freiem Zugang und Acque Emozionali (Wasserspa\u00df) genannt, der mit Bahnen-Pool, Baby-Becken, Gegenstromanlage und Whirlpool mit einer Wassertemperatur von 28\/29\u00b0C ausgestattet ist; der zweite Raum ist anheimelnd und diskreter, der Whirlpool-Raum verf\u00fcgt \u00fcber einen runden und einen archenf\u00f6rmigen Whirlpool mit Wasser, reich an Magnesium und Kalium, und \u00fcber einen Thalassotherapie-Pool..","og_url":"https:\/\/www.parkhotelaicappuccini.it\/de\/spa-fitness\/wasserpark\/","og_site_name":"Park Hotel Ai Cappuccini","article_modified_time":"2022-01-26T09:08:24+00:00","og_image":[{"width":1200,"height":666,"url":"https:\/\/www.parkhotelaicappuccini.it\/wp-content\/uploads\/sites\/385\/2021\/12\/Parco-Acque-6.jpg","type":"image\/jpeg"}],"twitter_card":"summary_large_image","twitter_misc":{"Gesch\u00e4tzte Lesezeit":"1 Minute"},"schema":{"@context":"https:\/\/schema.org","@graph":[{"@type":"WebPage","@id":"https:\/\/www.parkhotelaicappuccini.it\/de\/spa-fitness\/wasserpark\/","url":"https:\/\/www.parkhotelaicappuccini.it\/de\/spa-fitness\/wasserpark\/","name":"Wasserpark - Park Hotel Ai Cappuccini -","isPartOf":{"@id":"https:\/\/www.parkhotelaicappuccini.it\/de\/#website"},"datePublished":"2021-12-21T08:35:52+00:00","dateModified":"2022-01-26T09:08:24+00:00","description":"Der\u00a0Wasserpark Cappuccini Wellness &amp; Spa besteht aus zwei R\u00e4umen: einem 350 qm-Raum mit\u00a0 freiem Zugang und Acque Emozionali (Wasserspa\u00df) genannt, der mit Bahnen-Pool, Baby-Becken, Gegenstromanlage und Whirlpool mit einer Wassertemperatur von 28\/29\u00b0C ausgestattet ist; der zweite Raum ist anheimelnd und diskreter, der Whirlpool-Raum verf\u00fcgt \u00fcber einen runden und einen archenf\u00f6rmigen Whirlpool mit Wasser, reich an Magnesium und Kalium, und \u00fcber einen Thalassotherapie-Pool..","breadcrumb":{"@id":"https:\/\/www.parkhotelaicappuccini.it\/de\/spa-fitness\/wasserpark\/#breadcrumb"},"inLanguage":"de-DE","potentialAction":[{"@type":"ReadAction","target":["https:\/\/www.parkhotelaicappuccini.it\/de\/spa-fitness\/wasserpark\/"]}]},{"@type":"BreadcrumbList","@id":"https:\/\/www.parkhotelaicappuccini.it\/de\/spa-fitness\/wasserpark\/#breadcrumb","itemListElement":[{"@type":"ListItem","position":1,"name":"Home","item":"https:\/\/www.parkhotelaicappuccini.it\/de\/"},{"@type":"ListItem","position":2,"name":"Spa &amp; fitness","item":"https:\/\/www.parkhotelaicappuccini.it\/de\/spa-fitness\/"},{"@type":"ListItem","position":3,"name":"Wasserpark"}]},{"@type":"WebSite","@id":"https:\/\/www.parkhotelaicappuccini.it\/de\/#website","url":"https:\/\/www.parkhotelaicappuccini.it\/de\/","name":"Park Hotel Ai Cappuccini","description":"Just another ms.decms.eu site","potentialAction":[{"@type":"SearchAction","target":{"@type":"EntryPoint","urlTemplate":"https:\/\/www.parkhotelaicappuccini.it\/de\/?s={search_term_string}"},"query-input":{"@type":"PropertyValueSpecification","valueRequired":true,"valueName":"search_term_string"}}],"inLanguage":"de-DE"}]}},"acf":[],"_links":{"self":[{"href":"https:\/\/www.parkhotelaicappuccini.it\/de\/wp-json\/wp\/v2\/pages\/570","targetHints":{"allow":["GET"]}}],"collection":[{"href":"https:\/\/www.parkhotelaicappuccini.it\/de\/wp-json\/wp\/v2\/pages"}],"about":[{"href":"https:\/\/www.parkhotelaicappuccini.it\/de\/wp-json\/wp\/v2\/types\/page"}],"author":[{"embeddable":true,"href":"https:\/\/www.parkhotelaicappuccini.it\/de\/wp-json\/wp\/v2\/users\/36"}],"replies":[{"embeddable":true,"href":"https:\/\/www.parkhotelaicappuccini.it\/de\/wp-json\/wp\/v2\/comments?post=570"}],"version-history":[{"count":0,"href":"https:\/\/www.parkhotelaicappuccini.it\/de\/wp-json\/wp\/v2\/pages\/570\/revisions"}],"up":[{"embeddable":true,"href":"https:\/\/www.parkhotelaicappuccini.it\/de\/wp-json\/wp\/v2\/pages\/474"}],"wp:attachment":[{"href":"https:\/\/www.parkhotelaicappuccini.it\/de\/wp-json\/wp\/v2\/media?parent=570"}],"curies":[{"name":"wp","href":"https:\/\/api.w.org\/{rel}","templated":true}]}}