{"id":514,"date":"2021-12-20T16:27:44","date_gmt":"2021-12-20T16:27:44","guid":{"rendered":"https:\/\/park-hotel-ai-cappuccini.ms.decms.eu\/?page_id=514"},"modified":"2021-12-20T16:27:44","modified_gmt":"2021-12-20T16:27:44","slug":"raxul","status":"publish","type":"page","link":"https:\/\/www.parkhotelaicappuccini.it\/de\/spa-fitness\/spa\/raxul\/","title":{"rendered":"Raxul"},"content":{"rendered":"<p>Wenn Sie das Besondere suchen, k\u00f6nnen Sie die Grenzen des Wohlbefindens mit Raxul erreichen, einem Raum, der sich an den Methoden der antiken r\u00f6mischen als echte \u201eTempel des Genusses\u201c konzipieren Thermen orientiert, und durch Bioklimatologie der Gesundheit erstaunlichen Nutzen bringt und zu einem Zustand der Entspannung f\u00fchrt, der alle Sinne mit einbezieht.<\/p>\n<p>Au\u00dferdem erwartet Sie der f\u00fcr gezielte Behandlungen erw\u00e4rmte Marmortisch, die Packungen und die angenehme und abschlie\u00dfende \u201eSavonage\u201c.<\/p>\n","protected":false},"excerpt":{"rendered":"<p>Wenn Sie das Besondere suchen, k\u00f6nnen Sie die Grenzen des Wohlbefindens mit Raxul erreichen, einem Raum, der sich an den Methoden der antiken r\u00f6mischen als echte \u201eTempel des Genusses\u201c konzipieren Thermen orientiert, und durch Bioklimatologie der Gesundheit erstaunlichen Nutzen bringt und zu einem Zustand der Entspannung f\u00fchrt, der alle Sinne mit einbezieht. Au\u00dferdem erwartet Sie [&hellip;]<\/p>\n","protected":false},"author":36,"featured_media":0,"parent":494,"menu_order":10,"comment_status":"closed","ping_status":"closed","template":"template-default-3.php","meta":{"footnotes":""},"class_list":["post-514","page","type-page","status-publish","hentry"],"yoast_head":"<!-- This site is optimized with the Yoast SEO plugin v26.9 - https:\/\/yoast.com\/product\/yoast-seo-wordpress\/ -->\n<title>Raxul - Park Hotel Ai Cappuccini -<\/title>\n<meta name=\"description\" content=\"Wenn Sie das Besondere suchen, k\u00f6nnen Sie die Grenzen des Wohlbefindens mit Raxul erreichen, einem Raum, der sich an den Methoden der antiken r\u00f6mischen als echte \u201eTempel des Genusses\u201c konzipieren Thermen orientiert, und durch Bioklimatologie der Gesundheit erstaunlichen Nutzen bringt und zu einem Zustand der Entspannung f\u00fchrt, der alle Sinne mit einbezieht.  Au\u00dferdem erwartet Sie der f\u00fcr gezielte Behandlungen erw\u00e4rmte Marmortisch, die Packungen und die angenehme und abschlie\u00dfende \u201eSavonage\u201c..\" \/>\n<meta name=\"robots\" content=\"index, follow, max-snippet:-1, max-image-preview:large, max-video-preview:-1\" \/>\n<link rel=\"canonical\" href=\"https:\/\/www.parkhotelaicappuccini.it\/de\/spa-fitness\/spa\/raxul\/\" \/>\n<meta property=\"og:locale\" content=\"de_DE\" \/>\n<meta property=\"og:type\" content=\"article\" \/>\n<meta property=\"og:title\" content=\"Raxul - Park Hotel Ai Cappuccini -\" \/>\n<meta property=\"og:description\" content=\"Wenn Sie das Besondere suchen, k\u00f6nnen Sie die Grenzen des Wohlbefindens mit Raxul erreichen, einem Raum, der sich an den Methoden der antiken r\u00f6mischen als echte \u201eTempel des Genusses\u201c konzipieren Thermen orientiert, und durch Bioklimatologie der Gesundheit erstaunlichen Nutzen bringt und zu einem Zustand der Entspannung f\u00fchrt, der alle Sinne mit einbezieht.  Au\u00dferdem erwartet Sie der f\u00fcr gezielte Behandlungen erw\u00e4rmte Marmortisch, die Packungen und die angenehme und abschlie\u00dfende \u201eSavonage\u201c..\" \/>\n<meta property=\"og:url\" content=\"https:\/\/www.parkhotelaicappuccini.it\/de\/spa-fitness\/spa\/raxul\/\" \/>\n<meta property=\"og:site_name\" content=\"Park Hotel Ai Cappuccini\" \/>\n<meta property=\"og:image\" content=\"https:\/\/www.parkhotelaicappuccini.it\/wp-content\/uploads\/sites\/385\/2021\/12\/Parco-Acque-6.jpg\" \/>\n\t<meta property=\"og:image:width\" content=\"1200\" \/>\n\t<meta property=\"og:image:height\" content=\"666\" \/>\n\t<meta property=\"og:image:type\" content=\"image\/jpeg\" \/>\n<meta name=\"twitter:card\" content=\"summary_large_image\" \/>\n<meta name=\"twitter:label1\" content=\"Gesch\u00e4tzte Lesezeit\" \/>\n\t<meta name=\"twitter:data1\" content=\"1 Minute\" \/>\n<script type=\"application\/ld+json\" class=\"yoast-schema-graph\">{\"@context\":\"https:\/\/schema.org\",\"@graph\":[{\"@type\":\"WebPage\",\"@id\":\"https:\/\/www.parkhotelaicappuccini.it\/de\/spa-fitness\/spa\/raxul\/\",\"url\":\"https:\/\/www.parkhotelaicappuccini.it\/de\/spa-fitness\/spa\/raxul\/\",\"name\":\"Raxul - Park Hotel Ai Cappuccini -\",\"isPartOf\":{\"@id\":\"https:\/\/www.parkhotelaicappuccini.it\/de\/#website\"},\"datePublished\":\"2021-12-20T16:27:44+00:00\",\"description\":\"Wenn Sie das Besondere suchen, k\u00f6nnen Sie die Grenzen des Wohlbefindens mit Raxul erreichen, einem Raum, der sich an den Methoden der antiken r\u00f6mischen als echte \u201eTempel des Genusses\u201c konzipieren Thermen orientiert, und durch Bioklimatologie der Gesundheit erstaunlichen Nutzen bringt und zu einem Zustand der Entspannung f\u00fchrt, der alle Sinne mit einbezieht. Au\u00dferdem erwartet Sie der f\u00fcr gezielte Behandlungen erw\u00e4rmte Marmortisch, die Packungen und die angenehme und abschlie\u00dfende \u201eSavonage\u201c..\",\"breadcrumb\":{\"@id\":\"https:\/\/www.parkhotelaicappuccini.it\/de\/spa-fitness\/spa\/raxul\/#breadcrumb\"},\"inLanguage\":\"de-DE\",\"potentialAction\":[{\"@type\":\"ReadAction\",\"target\":[\"https:\/\/www.parkhotelaicappuccini.it\/de\/spa-fitness\/spa\/raxul\/\"]}]},{\"@type\":\"BreadcrumbList\",\"@id\":\"https:\/\/www.parkhotelaicappuccini.it\/de\/spa-fitness\/spa\/raxul\/#breadcrumb\",\"itemListElement\":[{\"@type\":\"ListItem\",\"position\":1,\"name\":\"Home\",\"item\":\"https:\/\/www.parkhotelaicappuccini.it\/de\/\"},{\"@type\":\"ListItem\",\"position\":2,\"name\":\"Spa &amp; fitness\",\"item\":\"https:\/\/www.parkhotelaicappuccini.it\/de\/spa-fitness\/\"},{\"@type\":\"ListItem\",\"position\":3,\"name\":\"Spa\",\"item\":\"https:\/\/www.parkhotelaicappuccini.it\/de\/spa-fitness\/spa\/\"},{\"@type\":\"ListItem\",\"position\":4,\"name\":\"Raxul\"}]},{\"@type\":\"WebSite\",\"@id\":\"https:\/\/www.parkhotelaicappuccini.it\/de\/#website\",\"url\":\"https:\/\/www.parkhotelaicappuccini.it\/de\/\",\"name\":\"Park Hotel Ai Cappuccini\",\"description\":\"Just another ms.decms.eu site\",\"potentialAction\":[{\"@type\":\"SearchAction\",\"target\":{\"@type\":\"EntryPoint\",\"urlTemplate\":\"https:\/\/www.parkhotelaicappuccini.it\/de\/?s={search_term_string}\"},\"query-input\":{\"@type\":\"PropertyValueSpecification\",\"valueRequired\":true,\"valueName\":\"search_term_string\"}}],\"inLanguage\":\"de-DE\"}]}<\/script>\n<!-- \/ Yoast SEO plugin. -->","yoast_head_json":{"title":"Raxul - Park Hotel Ai Cappuccini -","description":"Wenn Sie das Besondere suchen, k\u00f6nnen Sie die Grenzen des Wohlbefindens mit Raxul erreichen, einem Raum, der sich an den Methoden der antiken r\u00f6mischen als echte \u201eTempel des Genusses\u201c konzipieren Thermen orientiert, und durch Bioklimatologie der Gesundheit erstaunlichen Nutzen bringt und zu einem Zustand der Entspannung f\u00fchrt, der alle Sinne mit einbezieht.  Au\u00dferdem erwartet Sie der f\u00fcr gezielte Behandlungen erw\u00e4rmte Marmortisch, die Packungen und die angenehme und abschlie\u00dfende \u201eSavonage\u201c..","robots":{"index":"index","follow":"follow","max-snippet":"max-snippet:-1","max-image-preview":"max-image-preview:large","max-video-preview":"max-video-preview:-1"},"canonical":"https:\/\/www.parkhotelaicappuccini.it\/de\/spa-fitness\/spa\/raxul\/","og_locale":"de_DE","og_type":"article","og_title":"Raxul - Park Hotel Ai Cappuccini -","og_description":"Wenn Sie das Besondere suchen, k\u00f6nnen Sie die Grenzen des Wohlbefindens mit Raxul erreichen, einem Raum, der sich an den Methoden der antiken r\u00f6mischen als echte \u201eTempel des Genusses\u201c konzipieren Thermen orientiert, und durch Bioklimatologie der Gesundheit erstaunlichen Nutzen bringt und zu einem Zustand der Entspannung f\u00fchrt, der alle Sinne mit einbezieht.  Au\u00dferdem erwartet Sie der f\u00fcr gezielte Behandlungen erw\u00e4rmte Marmortisch, die Packungen und die angenehme und abschlie\u00dfende \u201eSavonage\u201c..","og_url":"https:\/\/www.parkhotelaicappuccini.it\/de\/spa-fitness\/spa\/raxul\/","og_site_name":"Park Hotel Ai Cappuccini","og_image":[{"width":1200,"height":666,"url":"https:\/\/www.parkhotelaicappuccini.it\/wp-content\/uploads\/sites\/385\/2021\/12\/Parco-Acque-6.jpg","type":"image\/jpeg"}],"twitter_card":"summary_large_image","twitter_misc":{"Gesch\u00e4tzte Lesezeit":"1 Minute"},"schema":{"@context":"https:\/\/schema.org","@graph":[{"@type":"WebPage","@id":"https:\/\/www.parkhotelaicappuccini.it\/de\/spa-fitness\/spa\/raxul\/","url":"https:\/\/www.parkhotelaicappuccini.it\/de\/spa-fitness\/spa\/raxul\/","name":"Raxul - Park Hotel Ai Cappuccini -","isPartOf":{"@id":"https:\/\/www.parkhotelaicappuccini.it\/de\/#website"},"datePublished":"2021-12-20T16:27:44+00:00","description":"Wenn Sie das Besondere suchen, k\u00f6nnen Sie die Grenzen des Wohlbefindens mit Raxul erreichen, einem Raum, der sich an den Methoden der antiken r\u00f6mischen als echte \u201eTempel des Genusses\u201c konzipieren Thermen orientiert, und durch Bioklimatologie der Gesundheit erstaunlichen Nutzen bringt und zu einem Zustand der Entspannung f\u00fchrt, der alle Sinne mit einbezieht. Au\u00dferdem erwartet Sie der f\u00fcr gezielte Behandlungen erw\u00e4rmte Marmortisch, die Packungen und die angenehme und abschlie\u00dfende \u201eSavonage\u201c..","breadcrumb":{"@id":"https:\/\/www.parkhotelaicappuccini.it\/de\/spa-fitness\/spa\/raxul\/#breadcrumb"},"inLanguage":"de-DE","potentialAction":[{"@type":"ReadAction","target":["https:\/\/www.parkhotelaicappuccini.it\/de\/spa-fitness\/spa\/raxul\/"]}]},{"@type":"BreadcrumbList","@id":"https:\/\/www.parkhotelaicappuccini.it\/de\/spa-fitness\/spa\/raxul\/#breadcrumb","itemListElement":[{"@type":"ListItem","position":1,"name":"Home","item":"https:\/\/www.parkhotelaicappuccini.it\/de\/"},{"@type":"ListItem","position":2,"name":"Spa &amp; fitness","item":"https:\/\/www.parkhotelaicappuccini.it\/de\/spa-fitness\/"},{"@type":"ListItem","position":3,"name":"Spa","item":"https:\/\/www.parkhotelaicappuccini.it\/de\/spa-fitness\/spa\/"},{"@type":"ListItem","position":4,"name":"Raxul"}]},{"@type":"WebSite","@id":"https:\/\/www.parkhotelaicappuccini.it\/de\/#website","url":"https:\/\/www.parkhotelaicappuccini.it\/de\/","name":"Park Hotel Ai Cappuccini","description":"Just another ms.decms.eu site","potentialAction":[{"@type":"SearchAction","target":{"@type":"EntryPoint","urlTemplate":"https:\/\/www.parkhotelaicappuccini.it\/de\/?s={search_term_string}"},"query-input":{"@type":"PropertyValueSpecification","valueRequired":true,"valueName":"search_term_string"}}],"inLanguage":"de-DE"}]}},"acf":[],"_links":{"self":[{"href":"https:\/\/www.parkhotelaicappuccini.it\/de\/wp-json\/wp\/v2\/pages\/514","targetHints":{"allow":["GET"]}}],"collection":[{"href":"https:\/\/www.parkhotelaicappuccini.it\/de\/wp-json\/wp\/v2\/pages"}],"about":[{"href":"https:\/\/www.parkhotelaicappuccini.it\/de\/wp-json\/wp\/v2\/types\/page"}],"author":[{"embeddable":true,"href":"https:\/\/www.parkhotelaicappuccini.it\/de\/wp-json\/wp\/v2\/users\/36"}],"replies":[{"embeddable":true,"href":"https:\/\/www.parkhotelaicappuccini.it\/de\/wp-json\/wp\/v2\/comments?post=514"}],"version-history":[{"count":0,"href":"https:\/\/www.parkhotelaicappuccini.it\/de\/wp-json\/wp\/v2\/pages\/514\/revisions"}],"up":[{"embeddable":true,"href":"https:\/\/www.parkhotelaicappuccini.it\/de\/wp-json\/wp\/v2\/pages\/494"}],"wp:attachment":[{"href":"https:\/\/www.parkhotelaicappuccini.it\/de\/wp-json\/wp\/v2\/media?parent=514"}],"curies":[{"name":"wp","href":"https:\/\/api.w.org\/{rel}","templated":true}]}}