{"id":506,"date":"2021-12-20T16:20:52","date_gmt":"2021-12-20T16:20:52","guid":{"rendered":"https:\/\/park-hotel-ai-cappuccini.ms.decms.eu\/?page_id=506"},"modified":"2023-10-03T09:27:03","modified_gmt":"2023-10-03T09:27:03","slug":"das-spa","status":"publish","type":"page","link":"https:\/\/www.parkhotelaicappuccini.it\/de\/spa-fitness\/spa\/das-spa\/","title":{"rendered":"Das Spa"},"content":{"rendered":"<p>Im Wellness-Bereich erreicht man das angenehme Gef\u00fchl von Relax und Entspannung der Muskulatur bereits beim \u00dcbertreten der Schwelle: beim Ausstrecken im mediterranen Bad; bei der Reinigung in der finnischen Sauna und im t\u00fcrkischen Bad; beim Hinlegen im Relax-Saal, an einem Kr\u00e4utertee nippend, eingeh\u00fcllt in milde W\u00e4rme, um sich zu erw\u00e4rmen ohne zu erm\u00fcden; beim erquickenden Gang durch die anregenden Duschen und das Wasserparadies mit der Aroma-Farbtherapie, wo tropische Aromen von einer lauen Dusche begleitet werden, die an warme Tage an fernen Str\u00e4nden erinnern, nur von kurzen, duftenden Gewittern unterbrochen, w\u00e4hrend die kalten Wasser mit Minze-Essenzen die eisigen Gletscher des Nordens ins Ged\u00e4chtnis rufen.<\/p>\n","protected":false},"excerpt":{"rendered":"<p>Im Wellness-Bereich erreicht man das angenehme Gef\u00fchl von Relax und Entspannung der Muskulatur bereits beim \u00dcbertreten der Schwelle: beim Ausstrecken im mediterranen Bad; bei der Reinigung in der finnischen Sauna und im t\u00fcrkischen Bad; beim Hinlegen im Relax-Saal, an einem Kr\u00e4utertee nippend, eingeh\u00fcllt in milde W\u00e4rme, um sich zu erw\u00e4rmen ohne zu erm\u00fcden; beim erquickenden [&hellip;]<\/p>\n","protected":false},"author":36,"featured_media":0,"parent":494,"menu_order":5,"comment_status":"closed","ping_status":"closed","template":"template-default-3.php","meta":{"footnotes":""},"class_list":["post-506","page","type-page","status-publish","hentry"],"yoast_head":"<!-- This site is optimized with the Yoast SEO plugin v26.9 - https:\/\/yoast.com\/product\/yoast-seo-wordpress\/ -->\n<title>Das Spa - Park Hotel Ai Cappuccini -<\/title>\n<meta name=\"description\" content=\"Im Wellness-Bereich erreicht man das angenehme Gef\u00fchl von Relax und Entspannung der Muskulatur bereits beim \u00dcbertreten der Schwelle: beim Ausstrecken im mediterranen Bad; bei der Reinigung in der finnischen Sauna und im t\u00fcrkischen Bad; beim Hinlegen im Relax-Saal, an einem Kr\u00e4utertee nippend, eingeh\u00fcllt in milde W\u00e4rme, um sich zu erw\u00e4rmen ohne zu erm\u00fcden; beim erquickenden Gang durch die anregenden Duschen und das Wasserparadies mit der Aroma-Farbtherapie, wo tropische Aromen von einer lauen Dusche begleitet werden, die an warme Tage an fernen Str\u00e4nden erinnern, nur von kurzen, duftenden Gewittern unterbrochen, w\u00e4hrend die kalten Wasser mit Minze-Essenzen die eisigen Gletscher des Nordens ins Ged\u00e4chtnis rufen..\" \/>\n<meta name=\"robots\" content=\"index, follow, max-snippet:-1, max-image-preview:large, max-video-preview:-1\" \/>\n<link rel=\"canonical\" href=\"https:\/\/www.parkhotelaicappuccini.it\/de\/spa-fitness\/spa\/das-spa\/\" \/>\n<meta property=\"og:locale\" content=\"de_DE\" \/>\n<meta property=\"og:type\" content=\"article\" \/>\n<meta property=\"og:title\" content=\"Das Spa - Park Hotel Ai Cappuccini -\" \/>\n<meta property=\"og:description\" content=\"Im Wellness-Bereich erreicht man das angenehme Gef\u00fchl von Relax und Entspannung der Muskulatur bereits beim \u00dcbertreten der Schwelle: beim Ausstrecken im mediterranen Bad; bei der Reinigung in der finnischen Sauna und im t\u00fcrkischen Bad; beim Hinlegen im Relax-Saal, an einem Kr\u00e4utertee nippend, eingeh\u00fcllt in milde W\u00e4rme, um sich zu erw\u00e4rmen ohne zu erm\u00fcden; beim erquickenden Gang durch die anregenden Duschen und das Wasserparadies mit der Aroma-Farbtherapie, wo tropische Aromen von einer lauen Dusche begleitet werden, die an warme Tage an fernen Str\u00e4nden erinnern, nur von kurzen, duftenden Gewittern unterbrochen, w\u00e4hrend die kalten Wasser mit Minze-Essenzen die eisigen Gletscher des Nordens ins Ged\u00e4chtnis rufen..\" \/>\n<meta property=\"og:url\" content=\"https:\/\/www.parkhotelaicappuccini.it\/de\/spa-fitness\/spa\/das-spa\/\" \/>\n<meta property=\"og:site_name\" content=\"Park Hotel Ai Cappuccini\" \/>\n<meta property=\"article:modified_time\" content=\"2023-10-03T09:27:03+00:00\" \/>\n<meta property=\"og:image\" content=\"https:\/\/www.parkhotelaicappuccini.it\/wp-content\/uploads\/sites\/385\/2021\/12\/Parco-Acque-6.jpg\" \/>\n\t<meta property=\"og:image:width\" content=\"1200\" \/>\n\t<meta property=\"og:image:height\" content=\"666\" \/>\n\t<meta property=\"og:image:type\" content=\"image\/jpeg\" \/>\n<meta name=\"twitter:card\" content=\"summary_large_image\" \/>\n<meta name=\"twitter:label1\" content=\"Gesch\u00e4tzte Lesezeit\" \/>\n\t<meta name=\"twitter:data1\" content=\"1 Minute\" \/>\n<script type=\"application\/ld+json\" class=\"yoast-schema-graph\">{\"@context\":\"https:\/\/schema.org\",\"@graph\":[{\"@type\":\"WebPage\",\"@id\":\"https:\/\/www.parkhotelaicappuccini.it\/de\/spa-fitness\/spa\/das-spa\/\",\"url\":\"https:\/\/www.parkhotelaicappuccini.it\/de\/spa-fitness\/spa\/das-spa\/\",\"name\":\"Das Spa - Park Hotel Ai Cappuccini -\",\"isPartOf\":{\"@id\":\"https:\/\/www.parkhotelaicappuccini.it\/de\/#website\"},\"datePublished\":\"2021-12-20T16:20:52+00:00\",\"dateModified\":\"2023-10-03T09:27:03+00:00\",\"description\":\"Im Wellness-Bereich erreicht man das angenehme Gef\u00fchl von Relax und Entspannung der Muskulatur bereits beim \u00dcbertreten der Schwelle: beim Ausstrecken im mediterranen Bad; bei der Reinigung in der finnischen Sauna und im t\u00fcrkischen Bad; beim Hinlegen im Relax-Saal, an einem Kr\u00e4utertee nippend, eingeh\u00fcllt in milde W\u00e4rme, um sich zu erw\u00e4rmen ohne zu erm\u00fcden; beim erquickenden Gang durch die anregenden Duschen und das Wasserparadies mit der Aroma-Farbtherapie, wo tropische Aromen von einer lauen Dusche begleitet werden, die an warme Tage an fernen Str\u00e4nden erinnern, nur von kurzen, duftenden Gewittern unterbrochen, w\u00e4hrend die kalten Wasser mit Minze-Essenzen die eisigen Gletscher des Nordens ins Ged\u00e4chtnis rufen..\",\"breadcrumb\":{\"@id\":\"https:\/\/www.parkhotelaicappuccini.it\/de\/spa-fitness\/spa\/das-spa\/#breadcrumb\"},\"inLanguage\":\"de-DE\",\"potentialAction\":[{\"@type\":\"ReadAction\",\"target\":[\"https:\/\/www.parkhotelaicappuccini.it\/de\/spa-fitness\/spa\/das-spa\/\"]}]},{\"@type\":\"BreadcrumbList\",\"@id\":\"https:\/\/www.parkhotelaicappuccini.it\/de\/spa-fitness\/spa\/das-spa\/#breadcrumb\",\"itemListElement\":[{\"@type\":\"ListItem\",\"position\":1,\"name\":\"Home\",\"item\":\"https:\/\/www.parkhotelaicappuccini.it\/de\/\"},{\"@type\":\"ListItem\",\"position\":2,\"name\":\"Spa &amp; fitness\",\"item\":\"https:\/\/www.parkhotelaicappuccini.it\/de\/spa-fitness\/\"},{\"@type\":\"ListItem\",\"position\":3,\"name\":\"Spa\",\"item\":\"https:\/\/www.parkhotelaicappuccini.it\/de\/spa-fitness\/spa\/\"},{\"@type\":\"ListItem\",\"position\":4,\"name\":\"Das Spa\"}]},{\"@type\":\"WebSite\",\"@id\":\"https:\/\/www.parkhotelaicappuccini.it\/de\/#website\",\"url\":\"https:\/\/www.parkhotelaicappuccini.it\/de\/\",\"name\":\"Park Hotel Ai Cappuccini\",\"description\":\"Just another ms.decms.eu site\",\"potentialAction\":[{\"@type\":\"SearchAction\",\"target\":{\"@type\":\"EntryPoint\",\"urlTemplate\":\"https:\/\/www.parkhotelaicappuccini.it\/de\/?s={search_term_string}\"},\"query-input\":{\"@type\":\"PropertyValueSpecification\",\"valueRequired\":true,\"valueName\":\"search_term_string\"}}],\"inLanguage\":\"de-DE\"}]}<\/script>\n<!-- \/ Yoast SEO plugin. -->","yoast_head_json":{"title":"Das Spa - Park Hotel Ai Cappuccini -","description":"Im Wellness-Bereich erreicht man das angenehme Gef\u00fchl von Relax und Entspannung der Muskulatur bereits beim \u00dcbertreten der Schwelle: beim Ausstrecken im mediterranen Bad; bei der Reinigung in der finnischen Sauna und im t\u00fcrkischen Bad; beim Hinlegen im Relax-Saal, an einem Kr\u00e4utertee nippend, eingeh\u00fcllt in milde W\u00e4rme, um sich zu erw\u00e4rmen ohne zu erm\u00fcden; beim erquickenden Gang durch die anregenden Duschen und das Wasserparadies mit der Aroma-Farbtherapie, wo tropische Aromen von einer lauen Dusche begleitet werden, die an warme Tage an fernen Str\u00e4nden erinnern, nur von kurzen, duftenden Gewittern unterbrochen, w\u00e4hrend die kalten Wasser mit Minze-Essenzen die eisigen Gletscher des Nordens ins Ged\u00e4chtnis rufen..","robots":{"index":"index","follow":"follow","max-snippet":"max-snippet:-1","max-image-preview":"max-image-preview:large","max-video-preview":"max-video-preview:-1"},"canonical":"https:\/\/www.parkhotelaicappuccini.it\/de\/spa-fitness\/spa\/das-spa\/","og_locale":"de_DE","og_type":"article","og_title":"Das Spa - Park Hotel Ai Cappuccini -","og_description":"Im Wellness-Bereich erreicht man das angenehme Gef\u00fchl von Relax und Entspannung der Muskulatur bereits beim \u00dcbertreten der Schwelle: beim Ausstrecken im mediterranen Bad; bei der Reinigung in der finnischen Sauna und im t\u00fcrkischen Bad; beim Hinlegen im Relax-Saal, an einem Kr\u00e4utertee nippend, eingeh\u00fcllt in milde W\u00e4rme, um sich zu erw\u00e4rmen ohne zu erm\u00fcden; beim erquickenden Gang durch die anregenden Duschen und das Wasserparadies mit der Aroma-Farbtherapie, wo tropische Aromen von einer lauen Dusche begleitet werden, die an warme Tage an fernen Str\u00e4nden erinnern, nur von kurzen, duftenden Gewittern unterbrochen, w\u00e4hrend die kalten Wasser mit Minze-Essenzen die eisigen Gletscher des Nordens ins Ged\u00e4chtnis rufen..","og_url":"https:\/\/www.parkhotelaicappuccini.it\/de\/spa-fitness\/spa\/das-spa\/","og_site_name":"Park Hotel Ai Cappuccini","article_modified_time":"2023-10-03T09:27:03+00:00","og_image":[{"width":1200,"height":666,"url":"https:\/\/www.parkhotelaicappuccini.it\/wp-content\/uploads\/sites\/385\/2021\/12\/Parco-Acque-6.jpg","type":"image\/jpeg"}],"twitter_card":"summary_large_image","twitter_misc":{"Gesch\u00e4tzte Lesezeit":"1 Minute"},"schema":{"@context":"https:\/\/schema.org","@graph":[{"@type":"WebPage","@id":"https:\/\/www.parkhotelaicappuccini.it\/de\/spa-fitness\/spa\/das-spa\/","url":"https:\/\/www.parkhotelaicappuccini.it\/de\/spa-fitness\/spa\/das-spa\/","name":"Das Spa - Park Hotel Ai Cappuccini -","isPartOf":{"@id":"https:\/\/www.parkhotelaicappuccini.it\/de\/#website"},"datePublished":"2021-12-20T16:20:52+00:00","dateModified":"2023-10-03T09:27:03+00:00","description":"Im Wellness-Bereich erreicht man das angenehme Gef\u00fchl von Relax und Entspannung der Muskulatur bereits beim \u00dcbertreten der Schwelle: beim Ausstrecken im mediterranen Bad; bei der Reinigung in der finnischen Sauna und im t\u00fcrkischen Bad; beim Hinlegen im Relax-Saal, an einem Kr\u00e4utertee nippend, eingeh\u00fcllt in milde W\u00e4rme, um sich zu erw\u00e4rmen ohne zu erm\u00fcden; beim erquickenden Gang durch die anregenden Duschen und das Wasserparadies mit der Aroma-Farbtherapie, wo tropische Aromen von einer lauen Dusche begleitet werden, die an warme Tage an fernen Str\u00e4nden erinnern, nur von kurzen, duftenden Gewittern unterbrochen, w\u00e4hrend die kalten Wasser mit Minze-Essenzen die eisigen Gletscher des Nordens ins Ged\u00e4chtnis rufen..","breadcrumb":{"@id":"https:\/\/www.parkhotelaicappuccini.it\/de\/spa-fitness\/spa\/das-spa\/#breadcrumb"},"inLanguage":"de-DE","potentialAction":[{"@type":"ReadAction","target":["https:\/\/www.parkhotelaicappuccini.it\/de\/spa-fitness\/spa\/das-spa\/"]}]},{"@type":"BreadcrumbList","@id":"https:\/\/www.parkhotelaicappuccini.it\/de\/spa-fitness\/spa\/das-spa\/#breadcrumb","itemListElement":[{"@type":"ListItem","position":1,"name":"Home","item":"https:\/\/www.parkhotelaicappuccini.it\/de\/"},{"@type":"ListItem","position":2,"name":"Spa &amp; fitness","item":"https:\/\/www.parkhotelaicappuccini.it\/de\/spa-fitness\/"},{"@type":"ListItem","position":3,"name":"Spa","item":"https:\/\/www.parkhotelaicappuccini.it\/de\/spa-fitness\/spa\/"},{"@type":"ListItem","position":4,"name":"Das Spa"}]},{"@type":"WebSite","@id":"https:\/\/www.parkhotelaicappuccini.it\/de\/#website","url":"https:\/\/www.parkhotelaicappuccini.it\/de\/","name":"Park Hotel Ai Cappuccini","description":"Just another ms.decms.eu site","potentialAction":[{"@type":"SearchAction","target":{"@type":"EntryPoint","urlTemplate":"https:\/\/www.parkhotelaicappuccini.it\/de\/?s={search_term_string}"},"query-input":{"@type":"PropertyValueSpecification","valueRequired":true,"valueName":"search_term_string"}}],"inLanguage":"de-DE"}]}},"acf":[],"_links":{"self":[{"href":"https:\/\/www.parkhotelaicappuccini.it\/de\/wp-json\/wp\/v2\/pages\/506","targetHints":{"allow":["GET"]}}],"collection":[{"href":"https:\/\/www.parkhotelaicappuccini.it\/de\/wp-json\/wp\/v2\/pages"}],"about":[{"href":"https:\/\/www.parkhotelaicappuccini.it\/de\/wp-json\/wp\/v2\/types\/page"}],"author":[{"embeddable":true,"href":"https:\/\/www.parkhotelaicappuccini.it\/de\/wp-json\/wp\/v2\/users\/36"}],"replies":[{"embeddable":true,"href":"https:\/\/www.parkhotelaicappuccini.it\/de\/wp-json\/wp\/v2\/comments?post=506"}],"version-history":[{"count":0,"href":"https:\/\/www.parkhotelaicappuccini.it\/de\/wp-json\/wp\/v2\/pages\/506\/revisions"}],"up":[{"embeddable":true,"href":"https:\/\/www.parkhotelaicappuccini.it\/de\/wp-json\/wp\/v2\/pages\/494"}],"wp:attachment":[{"href":"https:\/\/www.parkhotelaicappuccini.it\/de\/wp-json\/wp\/v2\/media?parent=506"}],"curies":[{"name":"wp","href":"https:\/\/api.w.org\/{rel}","templated":true}]}}