{"id":494,"date":"2021-12-20T15:34:10","date_gmt":"2021-12-20T15:34:10","guid":{"rendered":"https:\/\/park-hotel-ai-cappuccini.ms.decms.eu\/?page_id=494"},"modified":"2026-01-08T16:14:22","modified_gmt":"2026-01-08T16:14:22","slug":"spa","status":"publish","type":"page","link":"https:\/\/www.parkhotelaicappuccini.it\/de\/spa-fitness\/spa\/","title":{"rendered":"Spa"},"content":{"rendered":"<p>Hier kommt eine neue Philosophie zum Tragen, die es sich zum Ziel setzt, Harmonie und Sch\u00f6nheit durch die wohltuenden Eigenschaften der Pflanzenwelt wieder zu finden, in einer perfekten Symbiose von Technologie und Natur.<\/p>\n<p>In einem modernen Ambiente, eingerahmt von warmen Holzt\u00f6nen, durchdrungen vom nat\u00fcrlichen Duft der Essenzen aus der Umgebung und den Produkten auf Pflanzen- und Bl\u00fctenbasis anbietet, findet der K\u00f6rper sein Gleichgewicht wieder.<\/p>\n<p>Der Spa-Pfad umfasst folgende Leistungen: SPA (Saunen, T\u00fcrkisches Bad, Mittelmeerbad, Erlebnisduschen, Ruhebereich); Hydromassageraum; Oasi del Parco (34\u00b0C warmes Hallen-\/Au\u00dfenschwimmbad, Kneipp-Pfad, Ruhe- und Entspannungsbereich); Spa kit. Preis ab 50,00 Euro pro Person<\/p>\n","protected":false},"excerpt":{"rendered":"<p>Hier kommt eine neue Philosophie zum Tragen, die es sich zum Ziel setzt, Harmonie und Sch\u00f6nheit durch die wohltuenden Eigenschaften der Pflanzenwelt wieder zu finden, in einer perfekten Symbiose von Technologie und Natur. In einem modernen Ambiente, eingerahmt von warmen Holzt\u00f6nen, durchdrungen vom nat\u00fcrlichen Duft der Essenzen aus der Umgebung und den Produkten auf Pflanzen- [&hellip;]<\/p>\n","protected":false},"author":36,"featured_media":0,"parent":474,"menu_order":5,"comment_status":"closed","ping_status":"closed","template":"template-single-spa.php","meta":{"footnotes":""},"class_list":["post-494","page","type-page","status-publish","hentry"],"yoast_head":"<!-- This site is optimized with the Yoast SEO plugin v26.9 - https:\/\/yoast.com\/product\/yoast-seo-wordpress\/ -->\n<title>Spa - Park Hotel Ai Cappuccini -<\/title>\n<meta name=\"description\" content=\"Hier kommt eine neue Philosophie zum Tragen, die es sich zum Ziel setzt, Harmonie und Sch\u00f6nheit durch die wohltuenden Eigenschaften der Pflanzenwelt wieder zu finden, in einer perfekten Symbiose von Technologie und Natur.  In einem modernen Ambiente, eingerahmt von warmen Holzt\u00f6nen, durchdrungen vom nat\u00fcrlichen Duft der Essenzen aus der Umgebung und den Produkten auf Pflanzen- und Bl\u00fctenbasis anbietet, findet der K\u00f6rper sein Gleichgewicht wieder.  Der Spa-Pfad umfasst folgende Leistungen: SPA (Saunen, T\u00fcrkisches Bad, Mittelmeerbad, Erlebnisduschen, Ruhebereich); Hydromassageraum; Oasi del Parco (34\u00b0C warmes Hallen-\/Au\u00dfenschwimmbad, Kneipp-Pfad, Ruhe- und Entspannungsbereich); Spa kit. Preis ab 50,00 Euro pro Person\" \/>\n<meta name=\"robots\" content=\"index, follow, max-snippet:-1, max-image-preview:large, max-video-preview:-1\" \/>\n<link rel=\"canonical\" href=\"https:\/\/www.parkhotelaicappuccini.it\/de\/spa-fitness\/spa\/\" \/>\n<meta property=\"og:locale\" content=\"de_DE\" \/>\n<meta property=\"og:type\" content=\"article\" \/>\n<meta property=\"og:title\" content=\"Spa - Park Hotel Ai Cappuccini -\" \/>\n<meta property=\"og:description\" content=\"Hier kommt eine neue Philosophie zum Tragen, die es sich zum Ziel setzt, Harmonie und Sch\u00f6nheit durch die wohltuenden Eigenschaften der Pflanzenwelt wieder zu finden, in einer perfekten Symbiose von Technologie und Natur.  In einem modernen Ambiente, eingerahmt von warmen Holzt\u00f6nen, durchdrungen vom nat\u00fcrlichen Duft der Essenzen aus der Umgebung und den Produkten auf Pflanzen- und Bl\u00fctenbasis anbietet, findet der K\u00f6rper sein Gleichgewicht wieder.  Der Spa-Pfad umfasst folgende Leistungen: SPA (Saunen, T\u00fcrkisches Bad, Mittelmeerbad, Erlebnisduschen, Ruhebereich); Hydromassageraum; Oasi del Parco (34\u00b0C warmes Hallen-\/Au\u00dfenschwimmbad, Kneipp-Pfad, Ruhe- und Entspannungsbereich); Spa kit. Preis ab 50,00 Euro pro Person\" \/>\n<meta property=\"og:url\" content=\"https:\/\/www.parkhotelaicappuccini.it\/de\/spa-fitness\/spa\/\" \/>\n<meta property=\"og:site_name\" content=\"Park Hotel Ai Cappuccini\" \/>\n<meta property=\"article:modified_time\" content=\"2026-01-08T16:14:22+00:00\" \/>\n<meta property=\"og:image\" content=\"https:\/\/www.parkhotelaicappuccini.it\/wp-content\/uploads\/sites\/385\/2021\/12\/Parco-Acque-6.jpg\" \/>\n\t<meta property=\"og:image:width\" content=\"1200\" \/>\n\t<meta property=\"og:image:height\" content=\"666\" \/>\n\t<meta property=\"og:image:type\" content=\"image\/jpeg\" \/>\n<meta name=\"twitter:card\" content=\"summary_large_image\" \/>\n<meta name=\"twitter:label1\" content=\"Gesch\u00e4tzte Lesezeit\" \/>\n\t<meta name=\"twitter:data1\" content=\"1 Minute\" \/>\n<script type=\"application\/ld+json\" class=\"yoast-schema-graph\">{\"@context\":\"https:\/\/schema.org\",\"@graph\":[{\"@type\":\"WebPage\",\"@id\":\"https:\/\/www.parkhotelaicappuccini.it\/de\/spa-fitness\/spa\/\",\"url\":\"https:\/\/www.parkhotelaicappuccini.it\/de\/spa-fitness\/spa\/\",\"name\":\"Spa - Park Hotel Ai Cappuccini -\",\"isPartOf\":{\"@id\":\"https:\/\/www.parkhotelaicappuccini.it\/de\/#website\"},\"datePublished\":\"2021-12-20T15:34:10+00:00\",\"dateModified\":\"2026-01-08T16:14:22+00:00\",\"description\":\"Hier kommt eine neue Philosophie zum Tragen, die es sich zum Ziel setzt, Harmonie und Sch\u00f6nheit durch die wohltuenden Eigenschaften der Pflanzenwelt wieder zu finden, in einer perfekten Symbiose von Technologie und Natur. In einem modernen Ambiente, eingerahmt von warmen Holzt\u00f6nen, durchdrungen vom nat\u00fcrlichen Duft der Essenzen aus der Umgebung und den Produkten auf Pflanzen- und Bl\u00fctenbasis anbietet, findet der K\u00f6rper sein Gleichgewicht wieder. Der Spa-Pfad umfasst folgende Leistungen: SPA (Saunen, T\u00fcrkisches Bad, Mittelmeerbad, Erlebnisduschen, Ruhebereich); Hydromassageraum; Oasi del Parco (34\u00b0C warmes Hallen-\/Au\u00dfenschwimmbad, Kneipp-Pfad, Ruhe- und Entspannungsbereich); Spa kit. Preis ab 50,00 Euro pro Person\",\"breadcrumb\":{\"@id\":\"https:\/\/www.parkhotelaicappuccini.it\/de\/spa-fitness\/spa\/#breadcrumb\"},\"inLanguage\":\"de-DE\",\"potentialAction\":[{\"@type\":\"ReadAction\",\"target\":[\"https:\/\/www.parkhotelaicappuccini.it\/de\/spa-fitness\/spa\/\"]}]},{\"@type\":\"BreadcrumbList\",\"@id\":\"https:\/\/www.parkhotelaicappuccini.it\/de\/spa-fitness\/spa\/#breadcrumb\",\"itemListElement\":[{\"@type\":\"ListItem\",\"position\":1,\"name\":\"Home\",\"item\":\"https:\/\/www.parkhotelaicappuccini.it\/de\/\"},{\"@type\":\"ListItem\",\"position\":2,\"name\":\"Spa &amp; fitness\",\"item\":\"https:\/\/www.parkhotelaicappuccini.it\/de\/spa-fitness\/\"},{\"@type\":\"ListItem\",\"position\":3,\"name\":\"Spa\"}]},{\"@type\":\"WebSite\",\"@id\":\"https:\/\/www.parkhotelaicappuccini.it\/de\/#website\",\"url\":\"https:\/\/www.parkhotelaicappuccini.it\/de\/\",\"name\":\"Park Hotel Ai Cappuccini\",\"description\":\"Just another ms.decms.eu site\",\"potentialAction\":[{\"@type\":\"SearchAction\",\"target\":{\"@type\":\"EntryPoint\",\"urlTemplate\":\"https:\/\/www.parkhotelaicappuccini.it\/de\/?s={search_term_string}\"},\"query-input\":{\"@type\":\"PropertyValueSpecification\",\"valueRequired\":true,\"valueName\":\"search_term_string\"}}],\"inLanguage\":\"de-DE\"}]}<\/script>\n<!-- \/ Yoast SEO plugin. -->","yoast_head_json":{"title":"Spa - Park Hotel Ai Cappuccini -","description":"Hier kommt eine neue Philosophie zum Tragen, die es sich zum Ziel setzt, Harmonie und Sch\u00f6nheit durch die wohltuenden Eigenschaften der Pflanzenwelt wieder zu finden, in einer perfekten Symbiose von Technologie und Natur.  In einem modernen Ambiente, eingerahmt von warmen Holzt\u00f6nen, durchdrungen vom nat\u00fcrlichen Duft der Essenzen aus der Umgebung und den Produkten auf Pflanzen- und Bl\u00fctenbasis anbietet, findet der K\u00f6rper sein Gleichgewicht wieder.  Der Spa-Pfad umfasst folgende Leistungen: SPA (Saunen, T\u00fcrkisches Bad, Mittelmeerbad, Erlebnisduschen, Ruhebereich); Hydromassageraum; Oasi del Parco (34\u00b0C warmes Hallen-\/Au\u00dfenschwimmbad, Kneipp-Pfad, Ruhe- und Entspannungsbereich); Spa kit. Preis ab 50,00 Euro pro Person","robots":{"index":"index","follow":"follow","max-snippet":"max-snippet:-1","max-image-preview":"max-image-preview:large","max-video-preview":"max-video-preview:-1"},"canonical":"https:\/\/www.parkhotelaicappuccini.it\/de\/spa-fitness\/spa\/","og_locale":"de_DE","og_type":"article","og_title":"Spa - Park Hotel Ai Cappuccini -","og_description":"Hier kommt eine neue Philosophie zum Tragen, die es sich zum Ziel setzt, Harmonie und Sch\u00f6nheit durch die wohltuenden Eigenschaften der Pflanzenwelt wieder zu finden, in einer perfekten Symbiose von Technologie und Natur.  In einem modernen Ambiente, eingerahmt von warmen Holzt\u00f6nen, durchdrungen vom nat\u00fcrlichen Duft der Essenzen aus der Umgebung und den Produkten auf Pflanzen- und Bl\u00fctenbasis anbietet, findet der K\u00f6rper sein Gleichgewicht wieder.  Der Spa-Pfad umfasst folgende Leistungen: SPA (Saunen, T\u00fcrkisches Bad, Mittelmeerbad, Erlebnisduschen, Ruhebereich); Hydromassageraum; Oasi del Parco (34\u00b0C warmes Hallen-\/Au\u00dfenschwimmbad, Kneipp-Pfad, Ruhe- und Entspannungsbereich); Spa kit. Preis ab 50,00 Euro pro Person","og_url":"https:\/\/www.parkhotelaicappuccini.it\/de\/spa-fitness\/spa\/","og_site_name":"Park Hotel Ai Cappuccini","article_modified_time":"2026-01-08T16:14:22+00:00","og_image":[{"width":1200,"height":666,"url":"https:\/\/www.parkhotelaicappuccini.it\/wp-content\/uploads\/sites\/385\/2021\/12\/Parco-Acque-6.jpg","type":"image\/jpeg"}],"twitter_card":"summary_large_image","twitter_misc":{"Gesch\u00e4tzte Lesezeit":"1 Minute"},"schema":{"@context":"https:\/\/schema.org","@graph":[{"@type":"WebPage","@id":"https:\/\/www.parkhotelaicappuccini.it\/de\/spa-fitness\/spa\/","url":"https:\/\/www.parkhotelaicappuccini.it\/de\/spa-fitness\/spa\/","name":"Spa - Park Hotel Ai Cappuccini -","isPartOf":{"@id":"https:\/\/www.parkhotelaicappuccini.it\/de\/#website"},"datePublished":"2021-12-20T15:34:10+00:00","dateModified":"2026-01-08T16:14:22+00:00","description":"Hier kommt eine neue Philosophie zum Tragen, die es sich zum Ziel setzt, Harmonie und Sch\u00f6nheit durch die wohltuenden Eigenschaften der Pflanzenwelt wieder zu finden, in einer perfekten Symbiose von Technologie und Natur. In einem modernen Ambiente, eingerahmt von warmen Holzt\u00f6nen, durchdrungen vom nat\u00fcrlichen Duft der Essenzen aus der Umgebung und den Produkten auf Pflanzen- und Bl\u00fctenbasis anbietet, findet der K\u00f6rper sein Gleichgewicht wieder. Der Spa-Pfad umfasst folgende Leistungen: SPA (Saunen, T\u00fcrkisches Bad, Mittelmeerbad, Erlebnisduschen, Ruhebereich); Hydromassageraum; Oasi del Parco (34\u00b0C warmes Hallen-\/Au\u00dfenschwimmbad, Kneipp-Pfad, Ruhe- und Entspannungsbereich); Spa kit. Preis ab 50,00 Euro pro Person","breadcrumb":{"@id":"https:\/\/www.parkhotelaicappuccini.it\/de\/spa-fitness\/spa\/#breadcrumb"},"inLanguage":"de-DE","potentialAction":[{"@type":"ReadAction","target":["https:\/\/www.parkhotelaicappuccini.it\/de\/spa-fitness\/spa\/"]}]},{"@type":"BreadcrumbList","@id":"https:\/\/www.parkhotelaicappuccini.it\/de\/spa-fitness\/spa\/#breadcrumb","itemListElement":[{"@type":"ListItem","position":1,"name":"Home","item":"https:\/\/www.parkhotelaicappuccini.it\/de\/"},{"@type":"ListItem","position":2,"name":"Spa &amp; fitness","item":"https:\/\/www.parkhotelaicappuccini.it\/de\/spa-fitness\/"},{"@type":"ListItem","position":3,"name":"Spa"}]},{"@type":"WebSite","@id":"https:\/\/www.parkhotelaicappuccini.it\/de\/#website","url":"https:\/\/www.parkhotelaicappuccini.it\/de\/","name":"Park Hotel Ai Cappuccini","description":"Just another ms.decms.eu site","potentialAction":[{"@type":"SearchAction","target":{"@type":"EntryPoint","urlTemplate":"https:\/\/www.parkhotelaicappuccini.it\/de\/?s={search_term_string}"},"query-input":{"@type":"PropertyValueSpecification","valueRequired":true,"valueName":"search_term_string"}}],"inLanguage":"de-DE"}]}},"acf":[],"_links":{"self":[{"href":"https:\/\/www.parkhotelaicappuccini.it\/de\/wp-json\/wp\/v2\/pages\/494","targetHints":{"allow":["GET"]}}],"collection":[{"href":"https:\/\/www.parkhotelaicappuccini.it\/de\/wp-json\/wp\/v2\/pages"}],"about":[{"href":"https:\/\/www.parkhotelaicappuccini.it\/de\/wp-json\/wp\/v2\/types\/page"}],"author":[{"embeddable":true,"href":"https:\/\/www.parkhotelaicappuccini.it\/de\/wp-json\/wp\/v2\/users\/36"}],"replies":[{"embeddable":true,"href":"https:\/\/www.parkhotelaicappuccini.it\/de\/wp-json\/wp\/v2\/comments?post=494"}],"version-history":[{"count":0,"href":"https:\/\/www.parkhotelaicappuccini.it\/de\/wp-json\/wp\/v2\/pages\/494\/revisions"}],"up":[{"embeddable":true,"href":"https:\/\/www.parkhotelaicappuccini.it\/de\/wp-json\/wp\/v2\/pages\/474"}],"wp:attachment":[{"href":"https:\/\/www.parkhotelaicappuccini.it\/de\/wp-json\/wp\/v2\/media?parent=494"}],"curies":[{"name":"wp","href":"https:\/\/api.w.org\/{rel}","templated":true}]}}