{"id":411,"date":"2021-12-20T13:58:11","date_gmt":"2021-12-20T13:58:11","guid":{"rendered":"https:\/\/park-hotel-ai-cappuccini.ms.decms.eu\/?page_id=411"},"modified":"2021-12-20T14:04:29","modified_gmt":"2021-12-20T14:04:29","slug":"die-saele-des-hotels","status":"publish","type":"page","link":"https:\/\/www.parkhotelaicappuccini.it\/de\/evenements-hochzeit\/hochzeit\/die-saele-des-hotels\/","title":{"rendered":"Die s\u00e4le des hotels"},"content":{"rendered":"<p>Das Hotel verf\u00fcgt \u00fcber stimmungsvolle Innenr\u00e4ume von betr\u00e4chtlicher Kapazit\u00e4t und weitl\u00e4ufige Au\u00dfenbereiche in einem wundervollen Park, um gro\u00dfe Empf\u00e4nge und kleine Gesellschaften oder Produkt- und Buchpr\u00e4sentationen abzuhalten. F\u00fcr jede Gelegenheit die richtige Wahl.<\/p>\n","protected":false},"excerpt":{"rendered":"<p>Das Hotel verf\u00fcgt \u00fcber stimmungsvolle Innenr\u00e4ume von betr\u00e4chtlicher Kapazit\u00e4t und weitl\u00e4ufige Au\u00dfenbereiche in einem wundervollen Park, um gro\u00dfe Empf\u00e4nge und kleine Gesellschaften oder Produkt- und Buchpr\u00e4sentationen abzuhalten. F\u00fcr jede Gelegenheit die richtige Wahl.<\/p>\n","protected":false},"author":36,"featured_media":0,"parent":382,"menu_order":5,"comment_status":"closed","ping_status":"closed","template":"template-single-wedding.php","meta":{"footnotes":""},"class_list":["post-411","page","type-page","status-publish","hentry"],"yoast_head":"<!-- This site is optimized with the Yoast SEO plugin v26.9 - https:\/\/yoast.com\/product\/yoast-seo-wordpress\/ -->\n<title>Die s\u00e4le des hotels - Park Hotel Ai Cappuccini -<\/title>\n<meta name=\"description\" content=\"Das Hotel verf\u00fcgt \u00fcber stimmungsvolle Innenr\u00e4ume von betr\u00e4chtlicher Kapazit\u00e4t und weitl\u00e4ufige Au\u00dfenbereiche in einem wundervollen Park, um gro\u00dfe Empf\u00e4nge und kleine Gesellschaften oder Produkt- und Buchpr\u00e4sentationen abzuhalten. F\u00fcr jede Gelegenheit die richtige Wahl.\" \/>\n<meta name=\"robots\" content=\"index, follow, max-snippet:-1, max-image-preview:large, max-video-preview:-1\" \/>\n<link rel=\"canonical\" href=\"https:\/\/www.parkhotelaicappuccini.it\/de\/evenements-hochzeit\/hochzeit\/die-saele-des-hotels\/\" \/>\n<meta property=\"og:locale\" content=\"de_DE\" \/>\n<meta property=\"og:type\" content=\"article\" \/>\n<meta property=\"og:title\" content=\"Die s\u00e4le des hotels - Park Hotel Ai Cappuccini -\" \/>\n<meta property=\"og:description\" content=\"Das Hotel verf\u00fcgt \u00fcber stimmungsvolle Innenr\u00e4ume von betr\u00e4chtlicher Kapazit\u00e4t und weitl\u00e4ufige Au\u00dfenbereiche in einem wundervollen Park, um gro\u00dfe Empf\u00e4nge und kleine Gesellschaften oder Produkt- und Buchpr\u00e4sentationen abzuhalten. F\u00fcr jede Gelegenheit die richtige Wahl.\" \/>\n<meta property=\"og:url\" content=\"https:\/\/www.parkhotelaicappuccini.it\/de\/evenements-hochzeit\/hochzeit\/die-saele-des-hotels\/\" \/>\n<meta property=\"og:site_name\" content=\"Park Hotel Ai Cappuccini\" \/>\n<meta property=\"article:modified_time\" content=\"2021-12-20T14:04:29+00:00\" \/>\n<meta property=\"og:image\" content=\"https:\/\/www.parkhotelaicappuccini.it\/wp-content\/uploads\/sites\/385\/2021\/12\/Parco-Acque-6.jpg\" \/>\n\t<meta property=\"og:image:width\" content=\"1200\" \/>\n\t<meta property=\"og:image:height\" content=\"666\" \/>\n\t<meta property=\"og:image:type\" content=\"image\/jpeg\" \/>\n<meta name=\"twitter:card\" content=\"summary_large_image\" \/>\n<meta name=\"twitter:label1\" content=\"Gesch\u00e4tzte Lesezeit\" \/>\n\t<meta name=\"twitter:data1\" content=\"1 Minute\" \/>\n<script type=\"application\/ld+json\" class=\"yoast-schema-graph\">{\"@context\":\"https:\/\/schema.org\",\"@graph\":[{\"@type\":\"WebPage\",\"@id\":\"https:\/\/www.parkhotelaicappuccini.it\/de\/evenements-hochzeit\/hochzeit\/die-saele-des-hotels\/\",\"url\":\"https:\/\/www.parkhotelaicappuccini.it\/de\/evenements-hochzeit\/hochzeit\/die-saele-des-hotels\/\",\"name\":\"Die s\u00e4le des hotels - Park Hotel Ai Cappuccini -\",\"isPartOf\":{\"@id\":\"https:\/\/www.parkhotelaicappuccini.it\/de\/#website\"},\"datePublished\":\"2021-12-20T13:58:11+00:00\",\"dateModified\":\"2021-12-20T14:04:29+00:00\",\"description\":\"Das Hotel verf\u00fcgt \u00fcber stimmungsvolle Innenr\u00e4ume von betr\u00e4chtlicher Kapazit\u00e4t und weitl\u00e4ufige Au\u00dfenbereiche in einem wundervollen Park, um gro\u00dfe Empf\u00e4nge und kleine Gesellschaften oder Produkt- und Buchpr\u00e4sentationen abzuhalten. F\u00fcr jede Gelegenheit die richtige Wahl.\",\"breadcrumb\":{\"@id\":\"https:\/\/www.parkhotelaicappuccini.it\/de\/evenements-hochzeit\/hochzeit\/die-saele-des-hotels\/#breadcrumb\"},\"inLanguage\":\"de-DE\",\"potentialAction\":[{\"@type\":\"ReadAction\",\"target\":[\"https:\/\/www.parkhotelaicappuccini.it\/de\/evenements-hochzeit\/hochzeit\/die-saele-des-hotels\/\"]}]},{\"@type\":\"BreadcrumbList\",\"@id\":\"https:\/\/www.parkhotelaicappuccini.it\/de\/evenements-hochzeit\/hochzeit\/die-saele-des-hotels\/#breadcrumb\",\"itemListElement\":[{\"@type\":\"ListItem\",\"position\":1,\"name\":\"Home\",\"item\":\"https:\/\/www.parkhotelaicappuccini.it\/de\/\"},{\"@type\":\"ListItem\",\"position\":2,\"name\":\"\u00c9v\u00e9nements &#038; Hochzeit\",\"item\":\"https:\/\/www.parkhotelaicappuccini.it\/de\/evenements-hochzeit\/\"},{\"@type\":\"ListItem\",\"position\":3,\"name\":\"Hochzeit\",\"item\":\"https:\/\/www.parkhotelaicappuccini.it\/de\/evenements-hochzeit\/hochzeit\/\"},{\"@type\":\"ListItem\",\"position\":4,\"name\":\"Die s\u00e4le des hotels\"}]},{\"@type\":\"WebSite\",\"@id\":\"https:\/\/www.parkhotelaicappuccini.it\/de\/#website\",\"url\":\"https:\/\/www.parkhotelaicappuccini.it\/de\/\",\"name\":\"Park Hotel Ai Cappuccini\",\"description\":\"Just another ms.decms.eu site\",\"potentialAction\":[{\"@type\":\"SearchAction\",\"target\":{\"@type\":\"EntryPoint\",\"urlTemplate\":\"https:\/\/www.parkhotelaicappuccini.it\/de\/?s={search_term_string}\"},\"query-input\":{\"@type\":\"PropertyValueSpecification\",\"valueRequired\":true,\"valueName\":\"search_term_string\"}}],\"inLanguage\":\"de-DE\"}]}<\/script>\n<!-- \/ Yoast SEO plugin. -->","yoast_head_json":{"title":"Die s\u00e4le des hotels - Park Hotel Ai Cappuccini -","description":"Das Hotel verf\u00fcgt \u00fcber stimmungsvolle Innenr\u00e4ume von betr\u00e4chtlicher Kapazit\u00e4t und weitl\u00e4ufige Au\u00dfenbereiche in einem wundervollen Park, um gro\u00dfe Empf\u00e4nge und kleine Gesellschaften oder Produkt- und Buchpr\u00e4sentationen abzuhalten. F\u00fcr jede Gelegenheit die richtige Wahl.","robots":{"index":"index","follow":"follow","max-snippet":"max-snippet:-1","max-image-preview":"max-image-preview:large","max-video-preview":"max-video-preview:-1"},"canonical":"https:\/\/www.parkhotelaicappuccini.it\/de\/evenements-hochzeit\/hochzeit\/die-saele-des-hotels\/","og_locale":"de_DE","og_type":"article","og_title":"Die s\u00e4le des hotels - Park Hotel Ai Cappuccini -","og_description":"Das Hotel verf\u00fcgt \u00fcber stimmungsvolle Innenr\u00e4ume von betr\u00e4chtlicher Kapazit\u00e4t und weitl\u00e4ufige Au\u00dfenbereiche in einem wundervollen Park, um gro\u00dfe Empf\u00e4nge und kleine Gesellschaften oder Produkt- und Buchpr\u00e4sentationen abzuhalten. F\u00fcr jede Gelegenheit die richtige Wahl.","og_url":"https:\/\/www.parkhotelaicappuccini.it\/de\/evenements-hochzeit\/hochzeit\/die-saele-des-hotels\/","og_site_name":"Park Hotel Ai Cappuccini","article_modified_time":"2021-12-20T14:04:29+00:00","og_image":[{"width":1200,"height":666,"url":"https:\/\/www.parkhotelaicappuccini.it\/wp-content\/uploads\/sites\/385\/2021\/12\/Parco-Acque-6.jpg","type":"image\/jpeg"}],"twitter_card":"summary_large_image","twitter_misc":{"Gesch\u00e4tzte Lesezeit":"1 Minute"},"schema":{"@context":"https:\/\/schema.org","@graph":[{"@type":"WebPage","@id":"https:\/\/www.parkhotelaicappuccini.it\/de\/evenements-hochzeit\/hochzeit\/die-saele-des-hotels\/","url":"https:\/\/www.parkhotelaicappuccini.it\/de\/evenements-hochzeit\/hochzeit\/die-saele-des-hotels\/","name":"Die s\u00e4le des hotels - Park Hotel Ai Cappuccini -","isPartOf":{"@id":"https:\/\/www.parkhotelaicappuccini.it\/de\/#website"},"datePublished":"2021-12-20T13:58:11+00:00","dateModified":"2021-12-20T14:04:29+00:00","description":"Das Hotel verf\u00fcgt \u00fcber stimmungsvolle Innenr\u00e4ume von betr\u00e4chtlicher Kapazit\u00e4t und weitl\u00e4ufige Au\u00dfenbereiche in einem wundervollen Park, um gro\u00dfe Empf\u00e4nge und kleine Gesellschaften oder Produkt- und Buchpr\u00e4sentationen abzuhalten. F\u00fcr jede Gelegenheit die richtige Wahl.","breadcrumb":{"@id":"https:\/\/www.parkhotelaicappuccini.it\/de\/evenements-hochzeit\/hochzeit\/die-saele-des-hotels\/#breadcrumb"},"inLanguage":"de-DE","potentialAction":[{"@type":"ReadAction","target":["https:\/\/www.parkhotelaicappuccini.it\/de\/evenements-hochzeit\/hochzeit\/die-saele-des-hotels\/"]}]},{"@type":"BreadcrumbList","@id":"https:\/\/www.parkhotelaicappuccini.it\/de\/evenements-hochzeit\/hochzeit\/die-saele-des-hotels\/#breadcrumb","itemListElement":[{"@type":"ListItem","position":1,"name":"Home","item":"https:\/\/www.parkhotelaicappuccini.it\/de\/"},{"@type":"ListItem","position":2,"name":"\u00c9v\u00e9nements &#038; Hochzeit","item":"https:\/\/www.parkhotelaicappuccini.it\/de\/evenements-hochzeit\/"},{"@type":"ListItem","position":3,"name":"Hochzeit","item":"https:\/\/www.parkhotelaicappuccini.it\/de\/evenements-hochzeit\/hochzeit\/"},{"@type":"ListItem","position":4,"name":"Die s\u00e4le des hotels"}]},{"@type":"WebSite","@id":"https:\/\/www.parkhotelaicappuccini.it\/de\/#website","url":"https:\/\/www.parkhotelaicappuccini.it\/de\/","name":"Park Hotel Ai Cappuccini","description":"Just another ms.decms.eu site","potentialAction":[{"@type":"SearchAction","target":{"@type":"EntryPoint","urlTemplate":"https:\/\/www.parkhotelaicappuccini.it\/de\/?s={search_term_string}"},"query-input":{"@type":"PropertyValueSpecification","valueRequired":true,"valueName":"search_term_string"}}],"inLanguage":"de-DE"}]}},"acf":[],"_links":{"self":[{"href":"https:\/\/www.parkhotelaicappuccini.it\/de\/wp-json\/wp\/v2\/pages\/411","targetHints":{"allow":["GET"]}}],"collection":[{"href":"https:\/\/www.parkhotelaicappuccini.it\/de\/wp-json\/wp\/v2\/pages"}],"about":[{"href":"https:\/\/www.parkhotelaicappuccini.it\/de\/wp-json\/wp\/v2\/types\/page"}],"author":[{"embeddable":true,"href":"https:\/\/www.parkhotelaicappuccini.it\/de\/wp-json\/wp\/v2\/users\/36"}],"replies":[{"embeddable":true,"href":"https:\/\/www.parkhotelaicappuccini.it\/de\/wp-json\/wp\/v2\/comments?post=411"}],"version-history":[{"count":0,"href":"https:\/\/www.parkhotelaicappuccini.it\/de\/wp-json\/wp\/v2\/pages\/411\/revisions"}],"up":[{"embeddable":true,"href":"https:\/\/www.parkhotelaicappuccini.it\/de\/wp-json\/wp\/v2\/pages\/382"}],"wp:attachment":[{"href":"https:\/\/www.parkhotelaicappuccini.it\/de\/wp-json\/wp\/v2\/media?parent=411"}],"curies":[{"name":"wp","href":"https:\/\/api.w.org\/{rel}","templated":true}]}}