{"id":367,"date":"2021-12-17T16:34:25","date_gmt":"2021-12-17T16:34:25","guid":{"rendered":"https:\/\/park-hotel-ai-cappuccini.ms.decms.eu\/?page_id=367"},"modified":"2021-12-17T16:52:27","modified_gmt":"2021-12-17T16:52:27","slug":"workshop","status":"publish","type":"page","link":"https:\/\/www.parkhotelaicappuccini.it\/de\/evenements-hochzeit\/meeting\/workshop\/","title":{"rendered":"Workshop"},"content":{"rendered":"<p>Diese Gruppe von vier S\u00e4len ist besonders f\u00fcr Versammlungen von Unterkommissionen oder f\u00fcr kleinere Versammlungen geeignet.<\/p>\n<p>Die kleinen S\u00e4le, die fast alle mit einem einzigen zentralen Tisch ausgestattet sind, werden auf Anfrage mit technischem Material versehen.<\/p>\n<p><img loading=\"lazy\" decoding=\"async\" class=\"alignnone size-medium wp-image-363\" src=\"https:\/\/park-hotel-ai-cappuccini.ms.decms.eu\/wp-content\/uploads\/sites\/385\/2021\/12\/Piantasalepiccole-234x300.jpg\" alt=\"\" width=\"234\" height=\"300\" srcset=\"https:\/\/www.parkhotelaicappuccini.it\/wp-content\/uploads\/sites\/385\/2021\/12\/Piantasalepiccole-234x300.jpg 234w, https:\/\/www.parkhotelaicappuccini.it\/wp-content\/uploads\/sites\/385\/2021\/12\/Piantasalepiccole-200x257.jpg 200w, https:\/\/www.parkhotelaicappuccini.it\/wp-content\/uploads\/sites\/385\/2021\/12\/Piantasalepiccole.jpg 250w\" sizes=\"auto, (max-width: 234px) 100vw, 234px\" \/><\/p>\n<p>PAX 8 &#8211; Sala Iridio &#8211; mq. 22<br \/>\nPAX 6 &#8211; Sala Sbandieratori &#8211; mq. 15<br \/>\nPAX 12 &#8211; Sala Crociate &#8211; mq. 28<br \/>\nPAX 12 &#8211; Sala Corporazioni &#8211; mq. 28<\/p>\n","protected":false},"excerpt":{"rendered":"<p>Diese Gruppe von vier S\u00e4len ist besonders f\u00fcr Versammlungen von Unterkommissionen oder f\u00fcr kleinere Versammlungen geeignet. Die kleinen S\u00e4le, die fast alle mit einem einzigen zentralen Tisch ausgestattet sind, werden auf Anfrage mit technischem Material versehen. PAX 8 &#8211; Sala Iridio &#8211; mq. 22 PAX 6 &#8211; Sala Sbandieratori &#8211; mq. 15 PAX 12 &#8211; [&hellip;]<\/p>\n","protected":false},"author":36,"featured_media":0,"parent":287,"menu_order":25,"comment_status":"closed","ping_status":"closed","template":"template-default-3.php","meta":{"footnotes":""},"class_list":["post-367","page","type-page","status-publish","hentry"],"yoast_head":"<!-- This site is optimized with the Yoast SEO plugin v26.9 - https:\/\/yoast.com\/product\/yoast-seo-wordpress\/ -->\n<title>Workshop - Park Hotel Ai Cappuccini -<\/title>\n<meta name=\"description\" content=\"Diese Gruppe von vier S\u00e4len ist besonders f\u00fcr Versammlungen von Unterkommissionen oder f\u00fcr kleinere Versammlungen geeignet.  Die kleinen S\u00e4le, die fast alle mit einem einzigen zentralen Tisch ausgestattet sind, werden auf Anfrage mit technischem Material versehen.    PAX 8 - Sala Iridio - mq. 22 PAX 6 - Sala Sbandieratori - mq\" \/>\n<meta name=\"robots\" content=\"index, follow, max-snippet:-1, max-image-preview:large, max-video-preview:-1\" \/>\n<link rel=\"canonical\" href=\"https:\/\/www.parkhotelaicappuccini.it\/de\/evenements-hochzeit\/meeting\/workshop\/\" \/>\n<meta property=\"og:locale\" content=\"de_DE\" \/>\n<meta property=\"og:type\" content=\"article\" \/>\n<meta property=\"og:title\" content=\"Workshop - Park Hotel Ai Cappuccini -\" \/>\n<meta property=\"og:description\" content=\"Diese Gruppe von vier S\u00e4len ist besonders f\u00fcr Versammlungen von Unterkommissionen oder f\u00fcr kleinere Versammlungen geeignet.  Die kleinen S\u00e4le, die fast alle mit einem einzigen zentralen Tisch ausgestattet sind, werden auf Anfrage mit technischem Material versehen.    PAX 8 - Sala Iridio - mq. 22 PAX 6 - Sala Sbandieratori - mq\" \/>\n<meta property=\"og:url\" content=\"https:\/\/www.parkhotelaicappuccini.it\/de\/evenements-hochzeit\/meeting\/workshop\/\" \/>\n<meta property=\"og:site_name\" content=\"Park Hotel Ai Cappuccini\" \/>\n<meta property=\"article:modified_time\" content=\"2021-12-17T16:52:27+00:00\" \/>\n<meta property=\"og:image\" content=\"https:\/\/park-hotel-ai-cappuccini.ms.decms.eu\/wp-content\/uploads\/sites\/385\/2021\/12\/Piantasalepiccole-234x300.jpg\" \/>\n<meta name=\"twitter:card\" content=\"summary_large_image\" \/>\n<meta name=\"twitter:label1\" content=\"Gesch\u00e4tzte Lesezeit\" \/>\n\t<meta name=\"twitter:data1\" content=\"1 Minute\" \/>\n<script type=\"application\/ld+json\" class=\"yoast-schema-graph\">{\"@context\":\"https:\/\/schema.org\",\"@graph\":[{\"@type\":\"WebPage\",\"@id\":\"https:\/\/www.parkhotelaicappuccini.it\/de\/evenements-hochzeit\/meeting\/workshop\/\",\"url\":\"https:\/\/www.parkhotelaicappuccini.it\/de\/evenements-hochzeit\/meeting\/workshop\/\",\"name\":\"Workshop - Park Hotel Ai Cappuccini -\",\"isPartOf\":{\"@id\":\"https:\/\/www.parkhotelaicappuccini.it\/de\/#website\"},\"primaryImageOfPage\":{\"@id\":\"https:\/\/www.parkhotelaicappuccini.it\/de\/evenements-hochzeit\/meeting\/workshop\/#primaryimage\"},\"image\":{\"@id\":\"https:\/\/www.parkhotelaicappuccini.it\/de\/evenements-hochzeit\/meeting\/workshop\/#primaryimage\"},\"thumbnailUrl\":\"https:\/\/park-hotel-ai-cappuccini.ms.decms.eu\/wp-content\/uploads\/sites\/385\/2021\/12\/Piantasalepiccole-234x300.jpg\",\"datePublished\":\"2021-12-17T16:34:25+00:00\",\"dateModified\":\"2021-12-17T16:52:27+00:00\",\"description\":\"Diese Gruppe von vier S\u00e4len ist besonders f\u00fcr Versammlungen von Unterkommissionen oder f\u00fcr kleinere Versammlungen geeignet. Die kleinen S\u00e4le, die fast alle mit einem einzigen zentralen Tisch ausgestattet sind, werden auf Anfrage mit technischem Material versehen. PAX 8 - Sala Iridio - mq. 22 PAX 6 - Sala Sbandieratori - mq\",\"breadcrumb\":{\"@id\":\"https:\/\/www.parkhotelaicappuccini.it\/de\/evenements-hochzeit\/meeting\/workshop\/#breadcrumb\"},\"inLanguage\":\"de-DE\",\"potentialAction\":[{\"@type\":\"ReadAction\",\"target\":[\"https:\/\/www.parkhotelaicappuccini.it\/de\/evenements-hochzeit\/meeting\/workshop\/\"]}]},{\"@type\":\"ImageObject\",\"inLanguage\":\"de-DE\",\"@id\":\"https:\/\/www.parkhotelaicappuccini.it\/de\/evenements-hochzeit\/meeting\/workshop\/#primaryimage\",\"url\":\"https:\/\/park-hotel-ai-cappuccini.ms.decms.eu\/wp-content\/uploads\/sites\/385\/2021\/12\/Piantasalepiccole-234x300.jpg\",\"contentUrl\":\"https:\/\/park-hotel-ai-cappuccini.ms.decms.eu\/wp-content\/uploads\/sites\/385\/2021\/12\/Piantasalepiccole-234x300.jpg\"},{\"@type\":\"BreadcrumbList\",\"@id\":\"https:\/\/www.parkhotelaicappuccini.it\/de\/evenements-hochzeit\/meeting\/workshop\/#breadcrumb\",\"itemListElement\":[{\"@type\":\"ListItem\",\"position\":1,\"name\":\"Home\",\"item\":\"https:\/\/www.parkhotelaicappuccini.it\/de\/\"},{\"@type\":\"ListItem\",\"position\":2,\"name\":\"\u00c9v\u00e9nements &#038; Hochzeit\",\"item\":\"https:\/\/www.parkhotelaicappuccini.it\/de\/evenements-hochzeit\/\"},{\"@type\":\"ListItem\",\"position\":3,\"name\":\"Meeting\",\"item\":\"https:\/\/www.parkhotelaicappuccini.it\/de\/evenements-hochzeit\/meeting\/\"},{\"@type\":\"ListItem\",\"position\":4,\"name\":\"Workshop\"}]},{\"@type\":\"WebSite\",\"@id\":\"https:\/\/www.parkhotelaicappuccini.it\/de\/#website\",\"url\":\"https:\/\/www.parkhotelaicappuccini.it\/de\/\",\"name\":\"Park Hotel Ai Cappuccini\",\"description\":\"Just another ms.decms.eu site\",\"potentialAction\":[{\"@type\":\"SearchAction\",\"target\":{\"@type\":\"EntryPoint\",\"urlTemplate\":\"https:\/\/www.parkhotelaicappuccini.it\/de\/?s={search_term_string}\"},\"query-input\":{\"@type\":\"PropertyValueSpecification\",\"valueRequired\":true,\"valueName\":\"search_term_string\"}}],\"inLanguage\":\"de-DE\"}]}<\/script>\n<!-- \/ Yoast SEO plugin. -->","yoast_head_json":{"title":"Workshop - Park Hotel Ai Cappuccini -","description":"Diese Gruppe von vier S\u00e4len ist besonders f\u00fcr Versammlungen von Unterkommissionen oder f\u00fcr kleinere Versammlungen geeignet.  Die kleinen S\u00e4le, die fast alle mit einem einzigen zentralen Tisch ausgestattet sind, werden auf Anfrage mit technischem Material versehen.    PAX 8 - Sala Iridio - mq. 22 PAX 6 - Sala Sbandieratori - mq","robots":{"index":"index","follow":"follow","max-snippet":"max-snippet:-1","max-image-preview":"max-image-preview:large","max-video-preview":"max-video-preview:-1"},"canonical":"https:\/\/www.parkhotelaicappuccini.it\/de\/evenements-hochzeit\/meeting\/workshop\/","og_locale":"de_DE","og_type":"article","og_title":"Workshop - Park Hotel Ai Cappuccini -","og_description":"Diese Gruppe von vier S\u00e4len ist besonders f\u00fcr Versammlungen von Unterkommissionen oder f\u00fcr kleinere Versammlungen geeignet.  Die kleinen S\u00e4le, die fast alle mit einem einzigen zentralen Tisch ausgestattet sind, werden auf Anfrage mit technischem Material versehen.    PAX 8 - Sala Iridio - mq. 22 PAX 6 - Sala Sbandieratori - mq","og_url":"https:\/\/www.parkhotelaicappuccini.it\/de\/evenements-hochzeit\/meeting\/workshop\/","og_site_name":"Park Hotel Ai Cappuccini","article_modified_time":"2021-12-17T16:52:27+00:00","og_image":[{"url":"https:\/\/park-hotel-ai-cappuccini.ms.decms.eu\/wp-content\/uploads\/sites\/385\/2021\/12\/Piantasalepiccole-234x300.jpg","type":"","width":"","height":""}],"twitter_card":"summary_large_image","twitter_misc":{"Gesch\u00e4tzte Lesezeit":"1 Minute"},"schema":{"@context":"https:\/\/schema.org","@graph":[{"@type":"WebPage","@id":"https:\/\/www.parkhotelaicappuccini.it\/de\/evenements-hochzeit\/meeting\/workshop\/","url":"https:\/\/www.parkhotelaicappuccini.it\/de\/evenements-hochzeit\/meeting\/workshop\/","name":"Workshop - Park Hotel Ai Cappuccini -","isPartOf":{"@id":"https:\/\/www.parkhotelaicappuccini.it\/de\/#website"},"primaryImageOfPage":{"@id":"https:\/\/www.parkhotelaicappuccini.it\/de\/evenements-hochzeit\/meeting\/workshop\/#primaryimage"},"image":{"@id":"https:\/\/www.parkhotelaicappuccini.it\/de\/evenements-hochzeit\/meeting\/workshop\/#primaryimage"},"thumbnailUrl":"https:\/\/park-hotel-ai-cappuccini.ms.decms.eu\/wp-content\/uploads\/sites\/385\/2021\/12\/Piantasalepiccole-234x300.jpg","datePublished":"2021-12-17T16:34:25+00:00","dateModified":"2021-12-17T16:52:27+00:00","description":"Diese Gruppe von vier S\u00e4len ist besonders f\u00fcr Versammlungen von Unterkommissionen oder f\u00fcr kleinere Versammlungen geeignet. Die kleinen S\u00e4le, die fast alle mit einem einzigen zentralen Tisch ausgestattet sind, werden auf Anfrage mit technischem Material versehen. PAX 8 - Sala Iridio - mq. 22 PAX 6 - Sala Sbandieratori - mq","breadcrumb":{"@id":"https:\/\/www.parkhotelaicappuccini.it\/de\/evenements-hochzeit\/meeting\/workshop\/#breadcrumb"},"inLanguage":"de-DE","potentialAction":[{"@type":"ReadAction","target":["https:\/\/www.parkhotelaicappuccini.it\/de\/evenements-hochzeit\/meeting\/workshop\/"]}]},{"@type":"ImageObject","inLanguage":"de-DE","@id":"https:\/\/www.parkhotelaicappuccini.it\/de\/evenements-hochzeit\/meeting\/workshop\/#primaryimage","url":"https:\/\/park-hotel-ai-cappuccini.ms.decms.eu\/wp-content\/uploads\/sites\/385\/2021\/12\/Piantasalepiccole-234x300.jpg","contentUrl":"https:\/\/park-hotel-ai-cappuccini.ms.decms.eu\/wp-content\/uploads\/sites\/385\/2021\/12\/Piantasalepiccole-234x300.jpg"},{"@type":"BreadcrumbList","@id":"https:\/\/www.parkhotelaicappuccini.it\/de\/evenements-hochzeit\/meeting\/workshop\/#breadcrumb","itemListElement":[{"@type":"ListItem","position":1,"name":"Home","item":"https:\/\/www.parkhotelaicappuccini.it\/de\/"},{"@type":"ListItem","position":2,"name":"\u00c9v\u00e9nements &#038; Hochzeit","item":"https:\/\/www.parkhotelaicappuccini.it\/de\/evenements-hochzeit\/"},{"@type":"ListItem","position":3,"name":"Meeting","item":"https:\/\/www.parkhotelaicappuccini.it\/de\/evenements-hochzeit\/meeting\/"},{"@type":"ListItem","position":4,"name":"Workshop"}]},{"@type":"WebSite","@id":"https:\/\/www.parkhotelaicappuccini.it\/de\/#website","url":"https:\/\/www.parkhotelaicappuccini.it\/de\/","name":"Park Hotel Ai Cappuccini","description":"Just another ms.decms.eu site","potentialAction":[{"@type":"SearchAction","target":{"@type":"EntryPoint","urlTemplate":"https:\/\/www.parkhotelaicappuccini.it\/de\/?s={search_term_string}"},"query-input":{"@type":"PropertyValueSpecification","valueRequired":true,"valueName":"search_term_string"}}],"inLanguage":"de-DE"}]}},"acf":[],"_links":{"self":[{"href":"https:\/\/www.parkhotelaicappuccini.it\/de\/wp-json\/wp\/v2\/pages\/367","targetHints":{"allow":["GET"]}}],"collection":[{"href":"https:\/\/www.parkhotelaicappuccini.it\/de\/wp-json\/wp\/v2\/pages"}],"about":[{"href":"https:\/\/www.parkhotelaicappuccini.it\/de\/wp-json\/wp\/v2\/types\/page"}],"author":[{"embeddable":true,"href":"https:\/\/www.parkhotelaicappuccini.it\/de\/wp-json\/wp\/v2\/users\/36"}],"replies":[{"embeddable":true,"href":"https:\/\/www.parkhotelaicappuccini.it\/de\/wp-json\/wp\/v2\/comments?post=367"}],"version-history":[{"count":0,"href":"https:\/\/www.parkhotelaicappuccini.it\/de\/wp-json\/wp\/v2\/pages\/367\/revisions"}],"up":[{"embeddable":true,"href":"https:\/\/www.parkhotelaicappuccini.it\/de\/wp-json\/wp\/v2\/pages\/287"}],"wp:attachment":[{"href":"https:\/\/www.parkhotelaicappuccini.it\/de\/wp-json\/wp\/v2\/media?parent=367"}],"curies":[{"name":"wp","href":"https:\/\/api.w.org\/{rel}","templated":true}]}}