{"id":349,"date":"2021-12-17T15:24:33","date_gmt":"2021-12-17T15:24:33","guid":{"rendered":"https:\/\/park-hotel-ai-cappuccini.ms.decms.eu\/?page_id=349"},"modified":"2022-01-10T08:39:49","modified_gmt":"2022-01-10T08:39:49","slug":"verette-saal","status":"publish","type":"page","link":"https:\/\/www.parkhotelaicappuccini.it\/de\/evenements-hochzeit\/meeting\/verette-saal\/","title":{"rendered":"VERETTE SAAL"},"content":{"rendered":"<p>Der Verette Saal liegt gleich neben dem B\u00fcro des Europasaals und kann entweder als zus\u00e4tzlicher Saal oder als autonomer Saal f\u00fcr Versammlungen und Treffen verwendet werden. Der Name \u201eVerette\u201c kommt von der Bezeichnung f\u00fcr den Pfeil (auch Veretta oder Verettone), der mit der Armbrust geschossen wird.<\/p>\n<p>Noch heute wird in Gubbio der antike Wettbewerb zwischen den Armbrustsch\u00fctzen von Gubbio und Sansepolcro abgehalten, der eine sehr lebendige und tief empfundene Tradition darstellt.<\/p>\n<p><img loading=\"lazy\" decoding=\"async\" class=\"alignnone size-medium wp-image-352\" src=\"https:\/\/park-hotel-ai-cappuccini.ms.decms.eu\/wp-content\/uploads\/sites\/385\/2021\/12\/PiantaSalaVerette-95x300.jpg\" alt=\"\" width=\"95\" height=\"300\" srcset=\"https:\/\/www.parkhotelaicappuccini.it\/wp-content\/uploads\/sites\/385\/2021\/12\/PiantaSalaVerette-95x300.jpg 95w, https:\/\/www.parkhotelaicappuccini.it\/wp-content\/uploads\/sites\/385\/2021\/12\/PiantaSalaVerette.jpg 150w\" sizes=\"auto, (max-width: 95px) 100vw, 95px\" \/><\/p>\n<p>PAX 20 &#8211; Tavolo unico &#8211; mq. 51<\/p>\n<p>PAX 28 &#8211; Platea &#8211; mq. 51<\/p>\n<p>PAX 15\/18 &#8211; Ferro di cavallo &#8211; mq. 51<\/p>\n","protected":false},"excerpt":{"rendered":"<p>Der Verette Saal liegt gleich neben dem B\u00fcro des Europasaals und kann entweder als zus\u00e4tzlicher Saal oder als autonomer Saal f\u00fcr Versammlungen und Treffen verwendet werden. Der Name \u201eVerette\u201c kommt von der Bezeichnung f\u00fcr den Pfeil (auch Veretta oder Verettone), der mit der Armbrust geschossen wird. Noch heute wird in Gubbio der antike Wettbewerb zwischen [&hellip;]<\/p>\n","protected":false},"author":36,"featured_media":0,"parent":287,"menu_order":20,"comment_status":"closed","ping_status":"closed","template":"template-meeting.php","meta":{"footnotes":""},"class_list":["post-349","page","type-page","status-publish","hentry"],"yoast_head":"<!-- This site is optimized with the Yoast SEO plugin v26.9 - https:\/\/yoast.com\/product\/yoast-seo-wordpress\/ -->\n<title>VERETTE SAAL - Park Hotel Ai Cappuccini -<\/title>\n<meta name=\"description\" content=\"Der Verette Saal liegt gleich neben dem B\u00fcro des Europasaals und kann entweder als zus\u00e4tzlicher Saal oder als autonomer Saal f\u00fcr Versammlungen und Treffen verwendet werden. Der Name \u201eVerette\u201c kommt von der Bezeichnung f\u00fcr den Pfeil (auch Veretta oder Verettone), der mit der Armbrust geschossen wird.  Noch heute wird in Gubbio der antike Wettbewerb zwischen den Armbrustsch\u00fctzen von Gubbio und Sansepolcro abgehalten, der eine sehr lebendige und tief empfundene Tradition darstellt.    PAX 20 - Tavolo unico - mq\" \/>\n<meta name=\"robots\" content=\"index, follow, max-snippet:-1, max-image-preview:large, max-video-preview:-1\" \/>\n<link rel=\"canonical\" href=\"https:\/\/www.parkhotelaicappuccini.it\/de\/evenements-hochzeit\/meeting\/verette-saal\/\" \/>\n<meta property=\"og:locale\" content=\"de_DE\" \/>\n<meta property=\"og:type\" content=\"article\" \/>\n<meta property=\"og:title\" content=\"VERETTE SAAL - Park Hotel Ai Cappuccini -\" \/>\n<meta property=\"og:description\" content=\"Der Verette Saal liegt gleich neben dem B\u00fcro des Europasaals und kann entweder als zus\u00e4tzlicher Saal oder als autonomer Saal f\u00fcr Versammlungen und Treffen verwendet werden. Der Name \u201eVerette\u201c kommt von der Bezeichnung f\u00fcr den Pfeil (auch Veretta oder Verettone), der mit der Armbrust geschossen wird.  Noch heute wird in Gubbio der antike Wettbewerb zwischen den Armbrustsch\u00fctzen von Gubbio und Sansepolcro abgehalten, der eine sehr lebendige und tief empfundene Tradition darstellt.    PAX 20 - Tavolo unico - mq\" \/>\n<meta property=\"og:url\" content=\"https:\/\/www.parkhotelaicappuccini.it\/de\/evenements-hochzeit\/meeting\/verette-saal\/\" \/>\n<meta property=\"og:site_name\" content=\"Park Hotel Ai Cappuccini\" \/>\n<meta property=\"article:modified_time\" content=\"2022-01-10T08:39:49+00:00\" \/>\n<meta property=\"og:image\" content=\"https:\/\/park-hotel-ai-cappuccini.ms.decms.eu\/wp-content\/uploads\/sites\/385\/2021\/12\/PiantaSalaVerette-95x300.jpg\" \/>\n<meta name=\"twitter:card\" content=\"summary_large_image\" \/>\n<meta name=\"twitter:label1\" content=\"Gesch\u00e4tzte Lesezeit\" \/>\n\t<meta name=\"twitter:data1\" content=\"1 Minute\" \/>\n<script type=\"application\/ld+json\" class=\"yoast-schema-graph\">{\"@context\":\"https:\/\/schema.org\",\"@graph\":[{\"@type\":\"WebPage\",\"@id\":\"https:\/\/www.parkhotelaicappuccini.it\/de\/evenements-hochzeit\/meeting\/verette-saal\/\",\"url\":\"https:\/\/www.parkhotelaicappuccini.it\/de\/evenements-hochzeit\/meeting\/verette-saal\/\",\"name\":\"VERETTE SAAL - Park Hotel Ai Cappuccini -\",\"isPartOf\":{\"@id\":\"https:\/\/www.parkhotelaicappuccini.it\/de\/#website\"},\"primaryImageOfPage\":{\"@id\":\"https:\/\/www.parkhotelaicappuccini.it\/de\/evenements-hochzeit\/meeting\/verette-saal\/#primaryimage\"},\"image\":{\"@id\":\"https:\/\/www.parkhotelaicappuccini.it\/de\/evenements-hochzeit\/meeting\/verette-saal\/#primaryimage\"},\"thumbnailUrl\":\"https:\/\/park-hotel-ai-cappuccini.ms.decms.eu\/wp-content\/uploads\/sites\/385\/2021\/12\/PiantaSalaVerette-95x300.jpg\",\"datePublished\":\"2021-12-17T15:24:33+00:00\",\"dateModified\":\"2022-01-10T08:39:49+00:00\",\"description\":\"Der Verette Saal liegt gleich neben dem B\u00fcro des Europasaals und kann entweder als zus\u00e4tzlicher Saal oder als autonomer Saal f\u00fcr Versammlungen und Treffen verwendet werden. Der Name \u201eVerette\u201c kommt von der Bezeichnung f\u00fcr den Pfeil (auch Veretta oder Verettone), der mit der Armbrust geschossen wird. Noch heute wird in Gubbio der antike Wettbewerb zwischen den Armbrustsch\u00fctzen von Gubbio und Sansepolcro abgehalten, der eine sehr lebendige und tief empfundene Tradition darstellt. PAX 20 - Tavolo unico - mq\",\"breadcrumb\":{\"@id\":\"https:\/\/www.parkhotelaicappuccini.it\/de\/evenements-hochzeit\/meeting\/verette-saal\/#breadcrumb\"},\"inLanguage\":\"de-DE\",\"potentialAction\":[{\"@type\":\"ReadAction\",\"target\":[\"https:\/\/www.parkhotelaicappuccini.it\/de\/evenements-hochzeit\/meeting\/verette-saal\/\"]}]},{\"@type\":\"ImageObject\",\"inLanguage\":\"de-DE\",\"@id\":\"https:\/\/www.parkhotelaicappuccini.it\/de\/evenements-hochzeit\/meeting\/verette-saal\/#primaryimage\",\"url\":\"https:\/\/park-hotel-ai-cappuccini.ms.decms.eu\/wp-content\/uploads\/sites\/385\/2021\/12\/PiantaSalaVerette-95x300.jpg\",\"contentUrl\":\"https:\/\/park-hotel-ai-cappuccini.ms.decms.eu\/wp-content\/uploads\/sites\/385\/2021\/12\/PiantaSalaVerette-95x300.jpg\"},{\"@type\":\"BreadcrumbList\",\"@id\":\"https:\/\/www.parkhotelaicappuccini.it\/de\/evenements-hochzeit\/meeting\/verette-saal\/#breadcrumb\",\"itemListElement\":[{\"@type\":\"ListItem\",\"position\":1,\"name\":\"Home\",\"item\":\"https:\/\/www.parkhotelaicappuccini.it\/de\/\"},{\"@type\":\"ListItem\",\"position\":2,\"name\":\"\u00c9v\u00e9nements &#038; Hochzeit\",\"item\":\"https:\/\/www.parkhotelaicappuccini.it\/de\/evenements-hochzeit\/\"},{\"@type\":\"ListItem\",\"position\":3,\"name\":\"Meeting\",\"item\":\"https:\/\/www.parkhotelaicappuccini.it\/de\/evenements-hochzeit\/meeting\/\"},{\"@type\":\"ListItem\",\"position\":4,\"name\":\"VERETTE SAAL\"}]},{\"@type\":\"WebSite\",\"@id\":\"https:\/\/www.parkhotelaicappuccini.it\/de\/#website\",\"url\":\"https:\/\/www.parkhotelaicappuccini.it\/de\/\",\"name\":\"Park Hotel Ai Cappuccini\",\"description\":\"Just another ms.decms.eu site\",\"potentialAction\":[{\"@type\":\"SearchAction\",\"target\":{\"@type\":\"EntryPoint\",\"urlTemplate\":\"https:\/\/www.parkhotelaicappuccini.it\/de\/?s={search_term_string}\"},\"query-input\":{\"@type\":\"PropertyValueSpecification\",\"valueRequired\":true,\"valueName\":\"search_term_string\"}}],\"inLanguage\":\"de-DE\"}]}<\/script>\n<!-- \/ Yoast SEO plugin. -->","yoast_head_json":{"title":"VERETTE SAAL - Park Hotel Ai Cappuccini -","description":"Der Verette Saal liegt gleich neben dem B\u00fcro des Europasaals und kann entweder als zus\u00e4tzlicher Saal oder als autonomer Saal f\u00fcr Versammlungen und Treffen verwendet werden. Der Name \u201eVerette\u201c kommt von der Bezeichnung f\u00fcr den Pfeil (auch Veretta oder Verettone), der mit der Armbrust geschossen wird.  Noch heute wird in Gubbio der antike Wettbewerb zwischen den Armbrustsch\u00fctzen von Gubbio und Sansepolcro abgehalten, der eine sehr lebendige und tief empfundene Tradition darstellt.    PAX 20 - Tavolo unico - mq","robots":{"index":"index","follow":"follow","max-snippet":"max-snippet:-1","max-image-preview":"max-image-preview:large","max-video-preview":"max-video-preview:-1"},"canonical":"https:\/\/www.parkhotelaicappuccini.it\/de\/evenements-hochzeit\/meeting\/verette-saal\/","og_locale":"de_DE","og_type":"article","og_title":"VERETTE SAAL - Park Hotel Ai Cappuccini -","og_description":"Der Verette Saal liegt gleich neben dem B\u00fcro des Europasaals und kann entweder als zus\u00e4tzlicher Saal oder als autonomer Saal f\u00fcr Versammlungen und Treffen verwendet werden. Der Name \u201eVerette\u201c kommt von der Bezeichnung f\u00fcr den Pfeil (auch Veretta oder Verettone), der mit der Armbrust geschossen wird.  Noch heute wird in Gubbio der antike Wettbewerb zwischen den Armbrustsch\u00fctzen von Gubbio und Sansepolcro abgehalten, der eine sehr lebendige und tief empfundene Tradition darstellt.    PAX 20 - Tavolo unico - mq","og_url":"https:\/\/www.parkhotelaicappuccini.it\/de\/evenements-hochzeit\/meeting\/verette-saal\/","og_site_name":"Park Hotel Ai Cappuccini","article_modified_time":"2022-01-10T08:39:49+00:00","og_image":[{"url":"https:\/\/park-hotel-ai-cappuccini.ms.decms.eu\/wp-content\/uploads\/sites\/385\/2021\/12\/PiantaSalaVerette-95x300.jpg","type":"","width":"","height":""}],"twitter_card":"summary_large_image","twitter_misc":{"Gesch\u00e4tzte Lesezeit":"1 Minute"},"schema":{"@context":"https:\/\/schema.org","@graph":[{"@type":"WebPage","@id":"https:\/\/www.parkhotelaicappuccini.it\/de\/evenements-hochzeit\/meeting\/verette-saal\/","url":"https:\/\/www.parkhotelaicappuccini.it\/de\/evenements-hochzeit\/meeting\/verette-saal\/","name":"VERETTE SAAL - Park Hotel Ai Cappuccini -","isPartOf":{"@id":"https:\/\/www.parkhotelaicappuccini.it\/de\/#website"},"primaryImageOfPage":{"@id":"https:\/\/www.parkhotelaicappuccini.it\/de\/evenements-hochzeit\/meeting\/verette-saal\/#primaryimage"},"image":{"@id":"https:\/\/www.parkhotelaicappuccini.it\/de\/evenements-hochzeit\/meeting\/verette-saal\/#primaryimage"},"thumbnailUrl":"https:\/\/park-hotel-ai-cappuccini.ms.decms.eu\/wp-content\/uploads\/sites\/385\/2021\/12\/PiantaSalaVerette-95x300.jpg","datePublished":"2021-12-17T15:24:33+00:00","dateModified":"2022-01-10T08:39:49+00:00","description":"Der Verette Saal liegt gleich neben dem B\u00fcro des Europasaals und kann entweder als zus\u00e4tzlicher Saal oder als autonomer Saal f\u00fcr Versammlungen und Treffen verwendet werden. Der Name \u201eVerette\u201c kommt von der Bezeichnung f\u00fcr den Pfeil (auch Veretta oder Verettone), der mit der Armbrust geschossen wird. Noch heute wird in Gubbio der antike Wettbewerb zwischen den Armbrustsch\u00fctzen von Gubbio und Sansepolcro abgehalten, der eine sehr lebendige und tief empfundene Tradition darstellt. PAX 20 - Tavolo unico - mq","breadcrumb":{"@id":"https:\/\/www.parkhotelaicappuccini.it\/de\/evenements-hochzeit\/meeting\/verette-saal\/#breadcrumb"},"inLanguage":"de-DE","potentialAction":[{"@type":"ReadAction","target":["https:\/\/www.parkhotelaicappuccini.it\/de\/evenements-hochzeit\/meeting\/verette-saal\/"]}]},{"@type":"ImageObject","inLanguage":"de-DE","@id":"https:\/\/www.parkhotelaicappuccini.it\/de\/evenements-hochzeit\/meeting\/verette-saal\/#primaryimage","url":"https:\/\/park-hotel-ai-cappuccini.ms.decms.eu\/wp-content\/uploads\/sites\/385\/2021\/12\/PiantaSalaVerette-95x300.jpg","contentUrl":"https:\/\/park-hotel-ai-cappuccini.ms.decms.eu\/wp-content\/uploads\/sites\/385\/2021\/12\/PiantaSalaVerette-95x300.jpg"},{"@type":"BreadcrumbList","@id":"https:\/\/www.parkhotelaicappuccini.it\/de\/evenements-hochzeit\/meeting\/verette-saal\/#breadcrumb","itemListElement":[{"@type":"ListItem","position":1,"name":"Home","item":"https:\/\/www.parkhotelaicappuccini.it\/de\/"},{"@type":"ListItem","position":2,"name":"\u00c9v\u00e9nements &#038; Hochzeit","item":"https:\/\/www.parkhotelaicappuccini.it\/de\/evenements-hochzeit\/"},{"@type":"ListItem","position":3,"name":"Meeting","item":"https:\/\/www.parkhotelaicappuccini.it\/de\/evenements-hochzeit\/meeting\/"},{"@type":"ListItem","position":4,"name":"VERETTE SAAL"}]},{"@type":"WebSite","@id":"https:\/\/www.parkhotelaicappuccini.it\/de\/#website","url":"https:\/\/www.parkhotelaicappuccini.it\/de\/","name":"Park Hotel Ai Cappuccini","description":"Just another ms.decms.eu site","potentialAction":[{"@type":"SearchAction","target":{"@type":"EntryPoint","urlTemplate":"https:\/\/www.parkhotelaicappuccini.it\/de\/?s={search_term_string}"},"query-input":{"@type":"PropertyValueSpecification","valueRequired":true,"valueName":"search_term_string"}}],"inLanguage":"de-DE"}]}},"acf":[],"_links":{"self":[{"href":"https:\/\/www.parkhotelaicappuccini.it\/de\/wp-json\/wp\/v2\/pages\/349","targetHints":{"allow":["GET"]}}],"collection":[{"href":"https:\/\/www.parkhotelaicappuccini.it\/de\/wp-json\/wp\/v2\/pages"}],"about":[{"href":"https:\/\/www.parkhotelaicappuccini.it\/de\/wp-json\/wp\/v2\/types\/page"}],"author":[{"embeddable":true,"href":"https:\/\/www.parkhotelaicappuccini.it\/de\/wp-json\/wp\/v2\/users\/36"}],"replies":[{"embeddable":true,"href":"https:\/\/www.parkhotelaicappuccini.it\/de\/wp-json\/wp\/v2\/comments?post=349"}],"version-history":[{"count":0,"href":"https:\/\/www.parkhotelaicappuccini.it\/de\/wp-json\/wp\/v2\/pages\/349\/revisions"}],"up":[{"embeddable":true,"href":"https:\/\/www.parkhotelaicappuccini.it\/de\/wp-json\/wp\/v2\/pages\/287"}],"wp:attachment":[{"href":"https:\/\/www.parkhotelaicappuccini.it\/de\/wp-json\/wp\/v2\/media?parent=349"}],"curies":[{"name":"wp","href":"https:\/\/api.w.org\/{rel}","templated":true}]}}