{"id":314,"date":"2021-12-16T16:28:15","date_gmt":"2021-12-16T16:28:15","guid":{"rendered":"https:\/\/park-hotel-ai-cappuccini.ms.decms.eu\/?page_id=314"},"modified":"2022-01-10T08:26:54","modified_gmt":"2022-01-10T08:26:54","slug":"saal-der-tafeln-von-gubbio","status":"publish","type":"page","link":"https:\/\/www.parkhotelaicappuccini.it\/de\/evenements-hochzeit\/meeting\/saal-der-tafeln-von-gubbio\/","title":{"rendered":"SAAL DER TAFELN VON GUBBIO"},"content":{"rendered":"<p>Dieser Saal ist sicher der stimmungsvollste im Kongresszentrum. Seinen Namen hat er von den bronzenen Tafeln von Gubbio, die die religi\u00f6sen Riten der antiken Umbrer beschreiben und aus dem 3. &#8211; 1. Jahrhundert v. Chr. stammen. Im Jahr 1444 entdeckt, werden sie im Palazzo dei Consoli aufbewahrt.<\/p>\n<p>Der Saal befindet sich im ersten Stock gegen\u00fcber dem Kreuzgang und hat eine Decke, deren B\u00f6gen und Gew\u00f6lbe zur G\u00e4nze aus Ziegeln bestehen und Ausdruck der mystischen kl\u00f6sterlichen Einfachheit sind. Durch die kleinen, nebeneinander liegenden Fenster dringt viel Licht, das die architektonische Sch\u00f6nheit noch hervorhebt.<br \/>\n<img loading=\"lazy\" decoding=\"async\" class=\"alignnone size-medium wp-image-354\" src=\"https:\/\/park-hotel-ai-cappuccini.ms.decms.eu\/wp-content\/uploads\/sites\/385\/2021\/12\/PiantaSalaTavole-234x300.jpg\" alt=\"\" width=\"234\" height=\"300\" srcset=\"https:\/\/www.parkhotelaicappuccini.it\/wp-content\/uploads\/sites\/385\/2021\/12\/PiantaSalaTavole-234x300.jpg 234w, https:\/\/www.parkhotelaicappuccini.it\/wp-content\/uploads\/sites\/385\/2021\/12\/PiantaSalaTavole-200x256.jpg 200w, https:\/\/www.parkhotelaicappuccini.it\/wp-content\/uploads\/sites\/385\/2021\/12\/PiantaSalaTavole.jpg 250w\" sizes=\"auto, (max-width: 234px) 100vw, 234px\" \/><br \/>\nPAX 82 &#8211; Platea &#8211; mq. 110<\/p>\n<p>PAX 54 &#8211; Shool &#8211; mq. 110<\/p>\n<p>PAX 39 &#8211; U-shape &#8211; mq. 110<\/p>\n","protected":false},"excerpt":{"rendered":"<p>Dieser Saal ist sicher der stimmungsvollste im Kongresszentrum. Seinen Namen hat er von den bronzenen Tafeln von Gubbio, die die religi\u00f6sen Riten der antiken Umbrer beschreiben und aus dem 3. &#8211; 1. Jahrhundert v. Chr. stammen. Im Jahr 1444 entdeckt, werden sie im Palazzo dei Consoli aufbewahrt. Der Saal befindet sich im ersten Stock gegen\u00fcber [&hellip;]<\/p>\n","protected":false},"author":36,"featured_media":0,"parent":287,"menu_order":10,"comment_status":"closed","ping_status":"closed","template":"template-meeting.php","meta":{"footnotes":""},"class_list":["post-314","page","type-page","status-publish","hentry"],"yoast_head":"<!-- This site is optimized with the Yoast SEO plugin v26.9 - https:\/\/yoast.com\/product\/yoast-seo-wordpress\/ -->\n<title>SAAL DER TAFELN VON GUBBIO - Park Hotel Ai Cappuccini -<\/title>\n<meta name=\"description\" content=\"Dieser Saal ist sicher der stimmungsvollste im Kongresszentrum. Seinen Namen hat er von den bronzenen Tafeln von Gubbio, die die religi\u00f6sen Riten der antiken Umbrer beschreiben und aus dem 3\" \/>\n<meta name=\"robots\" content=\"index, follow, max-snippet:-1, max-image-preview:large, max-video-preview:-1\" \/>\n<link rel=\"canonical\" href=\"https:\/\/www.parkhotelaicappuccini.it\/de\/evenements-hochzeit\/meeting\/saal-der-tafeln-von-gubbio\/\" \/>\n<meta property=\"og:locale\" content=\"de_DE\" \/>\n<meta property=\"og:type\" content=\"article\" \/>\n<meta property=\"og:title\" content=\"SAAL DER TAFELN VON GUBBIO - Park Hotel Ai Cappuccini -\" \/>\n<meta property=\"og:description\" content=\"Dieser Saal ist sicher der stimmungsvollste im Kongresszentrum. Seinen Namen hat er von den bronzenen Tafeln von Gubbio, die die religi\u00f6sen Riten der antiken Umbrer beschreiben und aus dem 3\" \/>\n<meta property=\"og:url\" content=\"https:\/\/www.parkhotelaicappuccini.it\/de\/evenements-hochzeit\/meeting\/saal-der-tafeln-von-gubbio\/\" \/>\n<meta property=\"og:site_name\" content=\"Park Hotel Ai Cappuccini\" \/>\n<meta property=\"article:modified_time\" content=\"2022-01-10T08:26:54+00:00\" \/>\n<meta property=\"og:image\" content=\"https:\/\/park-hotel-ai-cappuccini.ms.decms.eu\/wp-content\/uploads\/sites\/385\/2021\/12\/PiantaSalaTavole-234x300.jpg\" \/>\n<meta name=\"twitter:card\" content=\"summary_large_image\" \/>\n<meta name=\"twitter:label1\" content=\"Gesch\u00e4tzte Lesezeit\" \/>\n\t<meta name=\"twitter:data1\" content=\"1 Minute\" \/>\n<script type=\"application\/ld+json\" class=\"yoast-schema-graph\">{\"@context\":\"https:\/\/schema.org\",\"@graph\":[{\"@type\":\"WebPage\",\"@id\":\"https:\/\/www.parkhotelaicappuccini.it\/de\/evenements-hochzeit\/meeting\/saal-der-tafeln-von-gubbio\/\",\"url\":\"https:\/\/www.parkhotelaicappuccini.it\/de\/evenements-hochzeit\/meeting\/saal-der-tafeln-von-gubbio\/\",\"name\":\"SAAL DER TAFELN VON GUBBIO - Park Hotel Ai Cappuccini -\",\"isPartOf\":{\"@id\":\"https:\/\/www.parkhotelaicappuccini.it\/de\/#website\"},\"primaryImageOfPage\":{\"@id\":\"https:\/\/www.parkhotelaicappuccini.it\/de\/evenements-hochzeit\/meeting\/saal-der-tafeln-von-gubbio\/#primaryimage\"},\"image\":{\"@id\":\"https:\/\/www.parkhotelaicappuccini.it\/de\/evenements-hochzeit\/meeting\/saal-der-tafeln-von-gubbio\/#primaryimage\"},\"thumbnailUrl\":\"https:\/\/park-hotel-ai-cappuccini.ms.decms.eu\/wp-content\/uploads\/sites\/385\/2021\/12\/PiantaSalaTavole-234x300.jpg\",\"datePublished\":\"2021-12-16T16:28:15+00:00\",\"dateModified\":\"2022-01-10T08:26:54+00:00\",\"description\":\"Dieser Saal ist sicher der stimmungsvollste im Kongresszentrum. Seinen Namen hat er von den bronzenen Tafeln von Gubbio, die die religi\u00f6sen Riten der antiken Umbrer beschreiben und aus dem 3\",\"breadcrumb\":{\"@id\":\"https:\/\/www.parkhotelaicappuccini.it\/de\/evenements-hochzeit\/meeting\/saal-der-tafeln-von-gubbio\/#breadcrumb\"},\"inLanguage\":\"de-DE\",\"potentialAction\":[{\"@type\":\"ReadAction\",\"target\":[\"https:\/\/www.parkhotelaicappuccini.it\/de\/evenements-hochzeit\/meeting\/saal-der-tafeln-von-gubbio\/\"]}]},{\"@type\":\"ImageObject\",\"inLanguage\":\"de-DE\",\"@id\":\"https:\/\/www.parkhotelaicappuccini.it\/de\/evenements-hochzeit\/meeting\/saal-der-tafeln-von-gubbio\/#primaryimage\",\"url\":\"https:\/\/park-hotel-ai-cappuccini.ms.decms.eu\/wp-content\/uploads\/sites\/385\/2021\/12\/PiantaSalaTavole-234x300.jpg\",\"contentUrl\":\"https:\/\/park-hotel-ai-cappuccini.ms.decms.eu\/wp-content\/uploads\/sites\/385\/2021\/12\/PiantaSalaTavole-234x300.jpg\"},{\"@type\":\"BreadcrumbList\",\"@id\":\"https:\/\/www.parkhotelaicappuccini.it\/de\/evenements-hochzeit\/meeting\/saal-der-tafeln-von-gubbio\/#breadcrumb\",\"itemListElement\":[{\"@type\":\"ListItem\",\"position\":1,\"name\":\"Home\",\"item\":\"https:\/\/www.parkhotelaicappuccini.it\/de\/\"},{\"@type\":\"ListItem\",\"position\":2,\"name\":\"\u00c9v\u00e9nements &#038; Hochzeit\",\"item\":\"https:\/\/www.parkhotelaicappuccini.it\/de\/evenements-hochzeit\/\"},{\"@type\":\"ListItem\",\"position\":3,\"name\":\"Meeting\",\"item\":\"https:\/\/www.parkhotelaicappuccini.it\/de\/evenements-hochzeit\/meeting\/\"},{\"@type\":\"ListItem\",\"position\":4,\"name\":\"SAAL DER TAFELN VON GUBBIO\"}]},{\"@type\":\"WebSite\",\"@id\":\"https:\/\/www.parkhotelaicappuccini.it\/de\/#website\",\"url\":\"https:\/\/www.parkhotelaicappuccini.it\/de\/\",\"name\":\"Park Hotel Ai Cappuccini\",\"description\":\"Just another ms.decms.eu site\",\"potentialAction\":[{\"@type\":\"SearchAction\",\"target\":{\"@type\":\"EntryPoint\",\"urlTemplate\":\"https:\/\/www.parkhotelaicappuccini.it\/de\/?s={search_term_string}\"},\"query-input\":{\"@type\":\"PropertyValueSpecification\",\"valueRequired\":true,\"valueName\":\"search_term_string\"}}],\"inLanguage\":\"de-DE\"}]}<\/script>\n<!-- \/ Yoast SEO plugin. -->","yoast_head_json":{"title":"SAAL DER TAFELN VON GUBBIO - Park Hotel Ai Cappuccini -","description":"Dieser Saal ist sicher der stimmungsvollste im Kongresszentrum. Seinen Namen hat er von den bronzenen Tafeln von Gubbio, die die religi\u00f6sen Riten der antiken Umbrer beschreiben und aus dem 3","robots":{"index":"index","follow":"follow","max-snippet":"max-snippet:-1","max-image-preview":"max-image-preview:large","max-video-preview":"max-video-preview:-1"},"canonical":"https:\/\/www.parkhotelaicappuccini.it\/de\/evenements-hochzeit\/meeting\/saal-der-tafeln-von-gubbio\/","og_locale":"de_DE","og_type":"article","og_title":"SAAL DER TAFELN VON GUBBIO - Park Hotel Ai Cappuccini -","og_description":"Dieser Saal ist sicher der stimmungsvollste im Kongresszentrum. Seinen Namen hat er von den bronzenen Tafeln von Gubbio, die die religi\u00f6sen Riten der antiken Umbrer beschreiben und aus dem 3","og_url":"https:\/\/www.parkhotelaicappuccini.it\/de\/evenements-hochzeit\/meeting\/saal-der-tafeln-von-gubbio\/","og_site_name":"Park Hotel Ai Cappuccini","article_modified_time":"2022-01-10T08:26:54+00:00","og_image":[{"url":"https:\/\/park-hotel-ai-cappuccini.ms.decms.eu\/wp-content\/uploads\/sites\/385\/2021\/12\/PiantaSalaTavole-234x300.jpg","type":"","width":"","height":""}],"twitter_card":"summary_large_image","twitter_misc":{"Gesch\u00e4tzte Lesezeit":"1 Minute"},"schema":{"@context":"https:\/\/schema.org","@graph":[{"@type":"WebPage","@id":"https:\/\/www.parkhotelaicappuccini.it\/de\/evenements-hochzeit\/meeting\/saal-der-tafeln-von-gubbio\/","url":"https:\/\/www.parkhotelaicappuccini.it\/de\/evenements-hochzeit\/meeting\/saal-der-tafeln-von-gubbio\/","name":"SAAL DER TAFELN VON GUBBIO - Park Hotel Ai Cappuccini -","isPartOf":{"@id":"https:\/\/www.parkhotelaicappuccini.it\/de\/#website"},"primaryImageOfPage":{"@id":"https:\/\/www.parkhotelaicappuccini.it\/de\/evenements-hochzeit\/meeting\/saal-der-tafeln-von-gubbio\/#primaryimage"},"image":{"@id":"https:\/\/www.parkhotelaicappuccini.it\/de\/evenements-hochzeit\/meeting\/saal-der-tafeln-von-gubbio\/#primaryimage"},"thumbnailUrl":"https:\/\/park-hotel-ai-cappuccini.ms.decms.eu\/wp-content\/uploads\/sites\/385\/2021\/12\/PiantaSalaTavole-234x300.jpg","datePublished":"2021-12-16T16:28:15+00:00","dateModified":"2022-01-10T08:26:54+00:00","description":"Dieser Saal ist sicher der stimmungsvollste im Kongresszentrum. Seinen Namen hat er von den bronzenen Tafeln von Gubbio, die die religi\u00f6sen Riten der antiken Umbrer beschreiben und aus dem 3","breadcrumb":{"@id":"https:\/\/www.parkhotelaicappuccini.it\/de\/evenements-hochzeit\/meeting\/saal-der-tafeln-von-gubbio\/#breadcrumb"},"inLanguage":"de-DE","potentialAction":[{"@type":"ReadAction","target":["https:\/\/www.parkhotelaicappuccini.it\/de\/evenements-hochzeit\/meeting\/saal-der-tafeln-von-gubbio\/"]}]},{"@type":"ImageObject","inLanguage":"de-DE","@id":"https:\/\/www.parkhotelaicappuccini.it\/de\/evenements-hochzeit\/meeting\/saal-der-tafeln-von-gubbio\/#primaryimage","url":"https:\/\/park-hotel-ai-cappuccini.ms.decms.eu\/wp-content\/uploads\/sites\/385\/2021\/12\/PiantaSalaTavole-234x300.jpg","contentUrl":"https:\/\/park-hotel-ai-cappuccini.ms.decms.eu\/wp-content\/uploads\/sites\/385\/2021\/12\/PiantaSalaTavole-234x300.jpg"},{"@type":"BreadcrumbList","@id":"https:\/\/www.parkhotelaicappuccini.it\/de\/evenements-hochzeit\/meeting\/saal-der-tafeln-von-gubbio\/#breadcrumb","itemListElement":[{"@type":"ListItem","position":1,"name":"Home","item":"https:\/\/www.parkhotelaicappuccini.it\/de\/"},{"@type":"ListItem","position":2,"name":"\u00c9v\u00e9nements &#038; Hochzeit","item":"https:\/\/www.parkhotelaicappuccini.it\/de\/evenements-hochzeit\/"},{"@type":"ListItem","position":3,"name":"Meeting","item":"https:\/\/www.parkhotelaicappuccini.it\/de\/evenements-hochzeit\/meeting\/"},{"@type":"ListItem","position":4,"name":"SAAL DER TAFELN VON GUBBIO"}]},{"@type":"WebSite","@id":"https:\/\/www.parkhotelaicappuccini.it\/de\/#website","url":"https:\/\/www.parkhotelaicappuccini.it\/de\/","name":"Park Hotel Ai Cappuccini","description":"Just another ms.decms.eu site","potentialAction":[{"@type":"SearchAction","target":{"@type":"EntryPoint","urlTemplate":"https:\/\/www.parkhotelaicappuccini.it\/de\/?s={search_term_string}"},"query-input":{"@type":"PropertyValueSpecification","valueRequired":true,"valueName":"search_term_string"}}],"inLanguage":"de-DE"}]}},"acf":[],"_links":{"self":[{"href":"https:\/\/www.parkhotelaicappuccini.it\/de\/wp-json\/wp\/v2\/pages\/314","targetHints":{"allow":["GET"]}}],"collection":[{"href":"https:\/\/www.parkhotelaicappuccini.it\/de\/wp-json\/wp\/v2\/pages"}],"about":[{"href":"https:\/\/www.parkhotelaicappuccini.it\/de\/wp-json\/wp\/v2\/types\/page"}],"author":[{"embeddable":true,"href":"https:\/\/www.parkhotelaicappuccini.it\/de\/wp-json\/wp\/v2\/users\/36"}],"replies":[{"embeddable":true,"href":"https:\/\/www.parkhotelaicappuccini.it\/de\/wp-json\/wp\/v2\/comments?post=314"}],"version-history":[{"count":0,"href":"https:\/\/www.parkhotelaicappuccini.it\/de\/wp-json\/wp\/v2\/pages\/314\/revisions"}],"up":[{"embeddable":true,"href":"https:\/\/www.parkhotelaicappuccini.it\/de\/wp-json\/wp\/v2\/pages\/287"}],"wp:attachment":[{"href":"https:\/\/www.parkhotelaicappuccini.it\/de\/wp-json\/wp\/v2\/media?parent=314"}],"curies":[{"name":"wp","href":"https:\/\/api.w.org\/{rel}","templated":true}]}}