{"id":287,"date":"2021-12-16T10:50:16","date_gmt":"2021-12-16T10:50:16","guid":{"rendered":"https:\/\/park-hotel-ai-cappuccini.ms.decms.eu\/?page_id=287"},"modified":"2024-01-17T10:37:23","modified_gmt":"2024-01-17T10:37:23","slug":"meeting","status":"publish","type":"page","link":"https:\/\/www.parkhotelaicappuccini.it\/de\/evenements-hochzeit\/meeting\/","title":{"rendered":"Meeting"},"content":{"rendered":"<p>Die Arbeit hat in <strong>Gubbio<\/strong>, in <strong>Umbrien<\/strong>, einen tief verwurzelten Wert. Aus der Stille der Landschaft, der Beharrlichkeit und der <strong>Kreativit\u00e4t<\/strong> seiner Menschen sind die Traditionen des Handwerks entstanden, in denen heute, mit demselben Geist, neue Aktivit\u00e4ten ihren Ursprung haben.<\/p>\n<p>In der Fortsetzung dieser Berufung kann das <strong>Park Hotel ai Cappuccini<\/strong> Ihren <strong>Kongressen<\/strong>, <strong>Seminaren<\/strong>, <strong>Workshops<\/strong> und <strong>Meetings<\/strong> den Rahmen, die Atmosph\u00e4re und den Service bieten, die f\u00fcr ein perfektes Gelingen sorgen werden. 13 Tagungsr\u00e4ume f\u00fcr 6 bis 400 Personen<\/p>\n","protected":false},"excerpt":{"rendered":"<p>Die Arbeit hat in Gubbio, in Umbrien, einen tief verwurzelten Wert. Aus der Stille der Landschaft, der Beharrlichkeit und der Kreativit\u00e4t seiner Menschen sind die Traditionen des Handwerks entstanden, in denen heute, mit demselben Geist, neue Aktivit\u00e4ten ihren Ursprung haben. In der Fortsetzung dieser Berufung kann das Park Hotel ai Cappuccini Ihren Kongressen, Seminaren, Workshops [&hellip;]<\/p>\n","protected":false},"author":36,"featured_media":0,"parent":280,"menu_order":5,"comment_status":"closed","ping_status":"closed","template":"template-meeting.php","meta":{"footnotes":""},"class_list":["post-287","page","type-page","status-publish","hentry"],"yoast_head":"<!-- This site is optimized with the Yoast SEO plugin v26.9 - https:\/\/yoast.com\/product\/yoast-seo-wordpress\/ -->\n<title>Meeting - Park Hotel Ai Cappuccini -<\/title>\n<meta name=\"description\" content=\"Die Arbeit hat in Gubbio, in Umbrien, einen tief verwurzelten Wert. Aus der Stille der Landschaft, der Beharrlichkeit und der Kreativit\u00e4t seiner Menschen sind die Traditionen des Handwerks entstanden, in denen heute, mit demselben Geist, neue Aktivit\u00e4ten ihren Ursprung haben.  In der Fortsetzung dieser Berufung kann das Park Hotel ai Cappuccini Ihren Kongressen, Seminaren, Workshops und Meetings den Rahmen, die Atmosph\u00e4re und den Service bieten, die f\u00fcr ein perfektes Gelingen sorgen werden\" \/>\n<meta name=\"robots\" content=\"index, follow, max-snippet:-1, max-image-preview:large, max-video-preview:-1\" \/>\n<link rel=\"canonical\" href=\"https:\/\/www.parkhotelaicappuccini.it\/de\/evenements-hochzeit\/meeting\/\" \/>\n<meta property=\"og:locale\" content=\"de_DE\" \/>\n<meta property=\"og:type\" content=\"article\" \/>\n<meta property=\"og:title\" content=\"Meeting - Park Hotel Ai Cappuccini -\" \/>\n<meta property=\"og:description\" content=\"Die Arbeit hat in Gubbio, in Umbrien, einen tief verwurzelten Wert. Aus der Stille der Landschaft, der Beharrlichkeit und der Kreativit\u00e4t seiner Menschen sind die Traditionen des Handwerks entstanden, in denen heute, mit demselben Geist, neue Aktivit\u00e4ten ihren Ursprung haben.  In der Fortsetzung dieser Berufung kann das Park Hotel ai Cappuccini Ihren Kongressen, Seminaren, Workshops und Meetings den Rahmen, die Atmosph\u00e4re und den Service bieten, die f\u00fcr ein perfektes Gelingen sorgen werden\" \/>\n<meta property=\"og:url\" content=\"https:\/\/www.parkhotelaicappuccini.it\/de\/evenements-hochzeit\/meeting\/\" \/>\n<meta property=\"og:site_name\" content=\"Park Hotel Ai Cappuccini\" \/>\n<meta property=\"article:modified_time\" content=\"2024-01-17T10:37:23+00:00\" \/>\n<meta property=\"og:image\" content=\"https:\/\/www.parkhotelaicappuccini.it\/wp-content\/uploads\/sites\/385\/2021\/12\/Parco-Acque-6.jpg\" \/>\n\t<meta property=\"og:image:width\" content=\"1200\" \/>\n\t<meta property=\"og:image:height\" content=\"666\" \/>\n\t<meta property=\"og:image:type\" content=\"image\/jpeg\" \/>\n<meta name=\"twitter:card\" content=\"summary_large_image\" \/>\n<meta name=\"twitter:label1\" content=\"Gesch\u00e4tzte Lesezeit\" \/>\n\t<meta name=\"twitter:data1\" content=\"1 Minute\" \/>\n<script type=\"application\/ld+json\" class=\"yoast-schema-graph\">{\"@context\":\"https:\/\/schema.org\",\"@graph\":[{\"@type\":\"WebPage\",\"@id\":\"https:\/\/www.parkhotelaicappuccini.it\/de\/evenements-hochzeit\/meeting\/\",\"url\":\"https:\/\/www.parkhotelaicappuccini.it\/de\/evenements-hochzeit\/meeting\/\",\"name\":\"Meeting - Park Hotel Ai Cappuccini -\",\"isPartOf\":{\"@id\":\"https:\/\/www.parkhotelaicappuccini.it\/de\/#website\"},\"datePublished\":\"2021-12-16T10:50:16+00:00\",\"dateModified\":\"2024-01-17T10:37:23+00:00\",\"description\":\"Die Arbeit hat in Gubbio, in Umbrien, einen tief verwurzelten Wert. Aus der Stille der Landschaft, der Beharrlichkeit und der Kreativit\u00e4t seiner Menschen sind die Traditionen des Handwerks entstanden, in denen heute, mit demselben Geist, neue Aktivit\u00e4ten ihren Ursprung haben. In der Fortsetzung dieser Berufung kann das Park Hotel ai Cappuccini Ihren Kongressen, Seminaren, Workshops und Meetings den Rahmen, die Atmosph\u00e4re und den Service bieten, die f\u00fcr ein perfektes Gelingen sorgen werden\",\"breadcrumb\":{\"@id\":\"https:\/\/www.parkhotelaicappuccini.it\/de\/evenements-hochzeit\/meeting\/#breadcrumb\"},\"inLanguage\":\"de-DE\",\"potentialAction\":[{\"@type\":\"ReadAction\",\"target\":[\"https:\/\/www.parkhotelaicappuccini.it\/de\/evenements-hochzeit\/meeting\/\"]}]},{\"@type\":\"BreadcrumbList\",\"@id\":\"https:\/\/www.parkhotelaicappuccini.it\/de\/evenements-hochzeit\/meeting\/#breadcrumb\",\"itemListElement\":[{\"@type\":\"ListItem\",\"position\":1,\"name\":\"Home\",\"item\":\"https:\/\/www.parkhotelaicappuccini.it\/de\/\"},{\"@type\":\"ListItem\",\"position\":2,\"name\":\"\u00c9v\u00e9nements &#038; Hochzeit\",\"item\":\"https:\/\/www.parkhotelaicappuccini.it\/de\/evenements-hochzeit\/\"},{\"@type\":\"ListItem\",\"position\":3,\"name\":\"Meeting\"}]},{\"@type\":\"WebSite\",\"@id\":\"https:\/\/www.parkhotelaicappuccini.it\/de\/#website\",\"url\":\"https:\/\/www.parkhotelaicappuccini.it\/de\/\",\"name\":\"Park Hotel Ai Cappuccini\",\"description\":\"Just another ms.decms.eu site\",\"potentialAction\":[{\"@type\":\"SearchAction\",\"target\":{\"@type\":\"EntryPoint\",\"urlTemplate\":\"https:\/\/www.parkhotelaicappuccini.it\/de\/?s={search_term_string}\"},\"query-input\":{\"@type\":\"PropertyValueSpecification\",\"valueRequired\":true,\"valueName\":\"search_term_string\"}}],\"inLanguage\":\"de-DE\"}]}<\/script>\n<!-- \/ Yoast SEO plugin. -->","yoast_head_json":{"title":"Meeting - Park Hotel Ai Cappuccini -","description":"Die Arbeit hat in Gubbio, in Umbrien, einen tief verwurzelten Wert. Aus der Stille der Landschaft, der Beharrlichkeit und der Kreativit\u00e4t seiner Menschen sind die Traditionen des Handwerks entstanden, in denen heute, mit demselben Geist, neue Aktivit\u00e4ten ihren Ursprung haben.  In der Fortsetzung dieser Berufung kann das Park Hotel ai Cappuccini Ihren Kongressen, Seminaren, Workshops und Meetings den Rahmen, die Atmosph\u00e4re und den Service bieten, die f\u00fcr ein perfektes Gelingen sorgen werden","robots":{"index":"index","follow":"follow","max-snippet":"max-snippet:-1","max-image-preview":"max-image-preview:large","max-video-preview":"max-video-preview:-1"},"canonical":"https:\/\/www.parkhotelaicappuccini.it\/de\/evenements-hochzeit\/meeting\/","og_locale":"de_DE","og_type":"article","og_title":"Meeting - Park Hotel Ai Cappuccini -","og_description":"Die Arbeit hat in Gubbio, in Umbrien, einen tief verwurzelten Wert. Aus der Stille der Landschaft, der Beharrlichkeit und der Kreativit\u00e4t seiner Menschen sind die Traditionen des Handwerks entstanden, in denen heute, mit demselben Geist, neue Aktivit\u00e4ten ihren Ursprung haben.  In der Fortsetzung dieser Berufung kann das Park Hotel ai Cappuccini Ihren Kongressen, Seminaren, Workshops und Meetings den Rahmen, die Atmosph\u00e4re und den Service bieten, die f\u00fcr ein perfektes Gelingen sorgen werden","og_url":"https:\/\/www.parkhotelaicappuccini.it\/de\/evenements-hochzeit\/meeting\/","og_site_name":"Park Hotel Ai Cappuccini","article_modified_time":"2024-01-17T10:37:23+00:00","og_image":[{"width":1200,"height":666,"url":"https:\/\/www.parkhotelaicappuccini.it\/wp-content\/uploads\/sites\/385\/2021\/12\/Parco-Acque-6.jpg","type":"image\/jpeg"}],"twitter_card":"summary_large_image","twitter_misc":{"Gesch\u00e4tzte Lesezeit":"1 Minute"},"schema":{"@context":"https:\/\/schema.org","@graph":[{"@type":"WebPage","@id":"https:\/\/www.parkhotelaicappuccini.it\/de\/evenements-hochzeit\/meeting\/","url":"https:\/\/www.parkhotelaicappuccini.it\/de\/evenements-hochzeit\/meeting\/","name":"Meeting - Park Hotel Ai Cappuccini -","isPartOf":{"@id":"https:\/\/www.parkhotelaicappuccini.it\/de\/#website"},"datePublished":"2021-12-16T10:50:16+00:00","dateModified":"2024-01-17T10:37:23+00:00","description":"Die Arbeit hat in Gubbio, in Umbrien, einen tief verwurzelten Wert. Aus der Stille der Landschaft, der Beharrlichkeit und der Kreativit\u00e4t seiner Menschen sind die Traditionen des Handwerks entstanden, in denen heute, mit demselben Geist, neue Aktivit\u00e4ten ihren Ursprung haben. In der Fortsetzung dieser Berufung kann das Park Hotel ai Cappuccini Ihren Kongressen, Seminaren, Workshops und Meetings den Rahmen, die Atmosph\u00e4re und den Service bieten, die f\u00fcr ein perfektes Gelingen sorgen werden","breadcrumb":{"@id":"https:\/\/www.parkhotelaicappuccini.it\/de\/evenements-hochzeit\/meeting\/#breadcrumb"},"inLanguage":"de-DE","potentialAction":[{"@type":"ReadAction","target":["https:\/\/www.parkhotelaicappuccini.it\/de\/evenements-hochzeit\/meeting\/"]}]},{"@type":"BreadcrumbList","@id":"https:\/\/www.parkhotelaicappuccini.it\/de\/evenements-hochzeit\/meeting\/#breadcrumb","itemListElement":[{"@type":"ListItem","position":1,"name":"Home","item":"https:\/\/www.parkhotelaicappuccini.it\/de\/"},{"@type":"ListItem","position":2,"name":"\u00c9v\u00e9nements &#038; Hochzeit","item":"https:\/\/www.parkhotelaicappuccini.it\/de\/evenements-hochzeit\/"},{"@type":"ListItem","position":3,"name":"Meeting"}]},{"@type":"WebSite","@id":"https:\/\/www.parkhotelaicappuccini.it\/de\/#website","url":"https:\/\/www.parkhotelaicappuccini.it\/de\/","name":"Park Hotel Ai Cappuccini","description":"Just another ms.decms.eu site","potentialAction":[{"@type":"SearchAction","target":{"@type":"EntryPoint","urlTemplate":"https:\/\/www.parkhotelaicappuccini.it\/de\/?s={search_term_string}"},"query-input":{"@type":"PropertyValueSpecification","valueRequired":true,"valueName":"search_term_string"}}],"inLanguage":"de-DE"}]}},"acf":[],"_links":{"self":[{"href":"https:\/\/www.parkhotelaicappuccini.it\/de\/wp-json\/wp\/v2\/pages\/287","targetHints":{"allow":["GET"]}}],"collection":[{"href":"https:\/\/www.parkhotelaicappuccini.it\/de\/wp-json\/wp\/v2\/pages"}],"about":[{"href":"https:\/\/www.parkhotelaicappuccini.it\/de\/wp-json\/wp\/v2\/types\/page"}],"author":[{"embeddable":true,"href":"https:\/\/www.parkhotelaicappuccini.it\/de\/wp-json\/wp\/v2\/users\/36"}],"replies":[{"embeddable":true,"href":"https:\/\/www.parkhotelaicappuccini.it\/de\/wp-json\/wp\/v2\/comments?post=287"}],"version-history":[{"count":0,"href":"https:\/\/www.parkhotelaicappuccini.it\/de\/wp-json\/wp\/v2\/pages\/287\/revisions"}],"up":[{"embeddable":true,"href":"https:\/\/www.parkhotelaicappuccini.it\/de\/wp-json\/wp\/v2\/pages\/280"}],"wp:attachment":[{"href":"https:\/\/www.parkhotelaicappuccini.it\/de\/wp-json\/wp\/v2\/media?parent=287"}],"curies":[{"name":"wp","href":"https:\/\/api.w.org\/{rel}","templated":true}]}}