{"id":2292,"date":"2026-02-05T14:43:03","date_gmt":"2026-02-05T14:43:03","guid":{"rendered":"https:\/\/www.parkhotelaicappuccini.it\/accessibilita-e-comfort-per-tutti\/"},"modified":"2026-02-06T08:32:20","modified_gmt":"2026-02-06T08:32:20","slug":"barrierefreiheit-und-komfort-fuer-alle","status":"publish","type":"page","link":"https:\/\/www.parkhotelaicappuccini.it\/de\/barrierefreiheit-und-komfort-fuer-alle\/","title":{"rendered":"Barrierefreiheit und Komfort f\u00fcr alle"},"content":{"rendered":"<p>Im <strong>Park Hotel ai Cappuccini<\/strong> ist es unser oberstes Ziel, jedem Gast einen komfortablen, unabh\u00e4ngigen und sicheren Aufenthalt zu erm\u00f6glichen.<\/p>\n<p>Wir setzen uns daf\u00fcr ein, unser Hotel f\u00fcr alle zug\u00e4nglich zu gestalten und ber\u00fccksichtigen dabei insbesondere die Bed\u00fcrfnisse von G\u00e4sten mit Seh- oder H\u00f6rbeeintr\u00e4chtigungen oder eingeschr\u00e4nkter Mobilit\u00e4t. Wir haben verschiedene Verbesserungen vorgenommen, um architektonische Barrieren abzubauen und den Aufenthalt angenehmer und ruhiger zu gestalten \u2013 auch f\u00fcr \u00e4ltere G\u00e4ste oder Genesende.<\/p>\n<p>Wir m\u00f6chten, dass sich jeder Gast bei uns rundum wohlf\u00fchlt und einen unvergesslichen Aufenthalt erlebt. Deshalb sind wir dem Netzwerk V4A (Village for All) beigetreten, das sich f\u00fcr barrierefreie Gastfreundschaft in Beherbergungsbetrieben einsetzt.<\/p>\n","protected":false},"excerpt":{"rendered":"<p>Im Park Hotel ai Cappuccini ist es unser oberstes Ziel, jedem Gast einen komfortablen, unabh\u00e4ngigen und sicheren Aufenthalt zu erm\u00f6glichen. Wir setzen uns daf\u00fcr ein, unser Hotel f\u00fcr alle zug\u00e4nglich zu gestalten und ber\u00fccksichtigen dabei insbesondere die Bed\u00fcrfnisse von G\u00e4sten mit Seh- oder H\u00f6rbeeintr\u00e4chtigungen oder eingeschr\u00e4nkter Mobilit\u00e4t. Wir haben verschiedene Verbesserungen vorgenommen, um architektonische Barrieren [&hellip;]<\/p>\n","protected":false},"author":699,"featured_media":0,"parent":0,"menu_order":200,"comment_status":"closed","ping_status":"closed","template":"template-default-2.php","meta":{"footnotes":""},"class_list":["post-2292","page","type-page","status-publish","hentry"],"yoast_head":"<!-- This site is optimized with the Yoast SEO plugin v26.9 - https:\/\/yoast.com\/product\/yoast-seo-wordpress\/ -->\n<title>Barrierefreiheit und Komfort f\u00fcr alle - Park Hotel Ai Cappuccini -<\/title>\n<meta name=\"description\" content=\"Im Park Hotel ai Cappuccini ist es unser oberstes Ziel, jedem Gast einen komfortablen, unabh\u00e4ngigen und sicheren Aufenthalt zu erm\u00f6glichen.  Wir setzen uns daf\u00fcr ein, unser Hotel f\u00fcr alle zug\u00e4nglich zu gestalten und ber\u00fccksichtigen dabei insbesondere die Bed\u00fcrfnisse von G\u00e4sten mit Seh- oder H\u00f6rbeeintr\u00e4chtigungen oder eingeschr\u00e4nkter Mobilit\u00e4t. Wir haben verschiedene Verbesserungen vorgenommen, um architektonische Barrieren abzubauen und den Aufenthalt angenehmer und ruhiger zu gestalten \u2013 auch f\u00fcr \u00e4ltere G\u00e4ste oder Genesende.  Wir m\u00f6chten, dass sich jeder Gast bei uns rundum wohlf\u00fchlt und einen unvergesslichen Aufenthalt erlebt\" \/>\n<meta name=\"robots\" content=\"index, follow, max-snippet:-1, max-image-preview:large, max-video-preview:-1\" \/>\n<link rel=\"canonical\" href=\"https:\/\/www.parkhotelaicappuccini.it\/de\/barrierefreiheit-und-komfort-fuer-alle\/\" \/>\n<meta property=\"og:locale\" content=\"de_DE\" \/>\n<meta property=\"og:type\" content=\"article\" \/>\n<meta property=\"og:title\" content=\"Barrierefreiheit und Komfort f\u00fcr alle - Park Hotel Ai Cappuccini -\" \/>\n<meta property=\"og:description\" content=\"Im Park Hotel ai Cappuccini ist es unser oberstes Ziel, jedem Gast einen komfortablen, unabh\u00e4ngigen und sicheren Aufenthalt zu erm\u00f6glichen.  Wir setzen uns daf\u00fcr ein, unser Hotel f\u00fcr alle zug\u00e4nglich zu gestalten und ber\u00fccksichtigen dabei insbesondere die Bed\u00fcrfnisse von G\u00e4sten mit Seh- oder H\u00f6rbeeintr\u00e4chtigungen oder eingeschr\u00e4nkter Mobilit\u00e4t. Wir haben verschiedene Verbesserungen vorgenommen, um architektonische Barrieren abzubauen und den Aufenthalt angenehmer und ruhiger zu gestalten \u2013 auch f\u00fcr \u00e4ltere G\u00e4ste oder Genesende.  Wir m\u00f6chten, dass sich jeder Gast bei uns rundum wohlf\u00fchlt und einen unvergesslichen Aufenthalt erlebt\" \/>\n<meta property=\"og:url\" content=\"https:\/\/www.parkhotelaicappuccini.it\/de\/barrierefreiheit-und-komfort-fuer-alle\/\" \/>\n<meta property=\"og:site_name\" content=\"Park Hotel Ai Cappuccini\" \/>\n<meta property=\"article:modified_time\" content=\"2026-02-06T08:32:20+00:00\" \/>\n<meta property=\"og:image\" content=\"https:\/\/www.parkhotelaicappuccini.it\/wp-content\/uploads\/sites\/385\/2021\/12\/Parco-Acque-6.jpg\" \/>\n\t<meta property=\"og:image:width\" content=\"1200\" \/>\n\t<meta property=\"og:image:height\" content=\"666\" \/>\n\t<meta property=\"og:image:type\" content=\"image\/jpeg\" \/>\n<meta name=\"twitter:card\" content=\"summary_large_image\" \/>\n<meta name=\"twitter:label1\" content=\"Gesch\u00e4tzte Lesezeit\" \/>\n\t<meta name=\"twitter:data1\" content=\"1 Minute\" \/>\n<script type=\"application\/ld+json\" class=\"yoast-schema-graph\">{\"@context\":\"https:\/\/schema.org\",\"@graph\":[{\"@type\":\"WebPage\",\"@id\":\"https:\/\/www.parkhotelaicappuccini.it\/de\/barrierefreiheit-und-komfort-fuer-alle\/\",\"url\":\"https:\/\/www.parkhotelaicappuccini.it\/de\/barrierefreiheit-und-komfort-fuer-alle\/\",\"name\":\"Barrierefreiheit und Komfort f\u00fcr alle - Park Hotel Ai Cappuccini -\",\"isPartOf\":{\"@id\":\"https:\/\/www.parkhotelaicappuccini.it\/de\/#website\"},\"datePublished\":\"2026-02-05T14:43:03+00:00\",\"dateModified\":\"2026-02-06T08:32:20+00:00\",\"description\":\"Im Park Hotel ai Cappuccini ist es unser oberstes Ziel, jedem Gast einen komfortablen, unabh\u00e4ngigen und sicheren Aufenthalt zu erm\u00f6glichen. Wir setzen uns daf\u00fcr ein, unser Hotel f\u00fcr alle zug\u00e4nglich zu gestalten und ber\u00fccksichtigen dabei insbesondere die Bed\u00fcrfnisse von G\u00e4sten mit Seh- oder H\u00f6rbeeintr\u00e4chtigungen oder eingeschr\u00e4nkter Mobilit\u00e4t. Wir haben verschiedene Verbesserungen vorgenommen, um architektonische Barrieren abzubauen und den Aufenthalt angenehmer und ruhiger zu gestalten \u2013 auch f\u00fcr \u00e4ltere G\u00e4ste oder Genesende. Wir m\u00f6chten, dass sich jeder Gast bei uns rundum wohlf\u00fchlt und einen unvergesslichen Aufenthalt erlebt\",\"breadcrumb\":{\"@id\":\"https:\/\/www.parkhotelaicappuccini.it\/de\/barrierefreiheit-und-komfort-fuer-alle\/#breadcrumb\"},\"inLanguage\":\"de-DE\",\"potentialAction\":[{\"@type\":\"ReadAction\",\"target\":[\"https:\/\/www.parkhotelaicappuccini.it\/de\/barrierefreiheit-und-komfort-fuer-alle\/\"]}]},{\"@type\":\"BreadcrumbList\",\"@id\":\"https:\/\/www.parkhotelaicappuccini.it\/de\/barrierefreiheit-und-komfort-fuer-alle\/#breadcrumb\",\"itemListElement\":[{\"@type\":\"ListItem\",\"position\":1,\"name\":\"Home\",\"item\":\"https:\/\/www.parkhotelaicappuccini.it\/de\/\"},{\"@type\":\"ListItem\",\"position\":2,\"name\":\"Barrierefreiheit und Komfort f\u00fcr alle\"}]},{\"@type\":\"WebSite\",\"@id\":\"https:\/\/www.parkhotelaicappuccini.it\/de\/#website\",\"url\":\"https:\/\/www.parkhotelaicappuccini.it\/de\/\",\"name\":\"Park Hotel Ai Cappuccini\",\"description\":\"Just another ms.decms.eu site\",\"potentialAction\":[{\"@type\":\"SearchAction\",\"target\":{\"@type\":\"EntryPoint\",\"urlTemplate\":\"https:\/\/www.parkhotelaicappuccini.it\/de\/?s={search_term_string}\"},\"query-input\":{\"@type\":\"PropertyValueSpecification\",\"valueRequired\":true,\"valueName\":\"search_term_string\"}}],\"inLanguage\":\"de-DE\"}]}<\/script>\n<!-- \/ Yoast SEO plugin. -->","yoast_head_json":{"title":"Barrierefreiheit und Komfort f\u00fcr alle - Park Hotel Ai Cappuccini -","description":"Im Park Hotel ai Cappuccini ist es unser oberstes Ziel, jedem Gast einen komfortablen, unabh\u00e4ngigen und sicheren Aufenthalt zu erm\u00f6glichen.  Wir setzen uns daf\u00fcr ein, unser Hotel f\u00fcr alle zug\u00e4nglich zu gestalten und ber\u00fccksichtigen dabei insbesondere die Bed\u00fcrfnisse von G\u00e4sten mit Seh- oder H\u00f6rbeeintr\u00e4chtigungen oder eingeschr\u00e4nkter Mobilit\u00e4t. Wir haben verschiedene Verbesserungen vorgenommen, um architektonische Barrieren abzubauen und den Aufenthalt angenehmer und ruhiger zu gestalten \u2013 auch f\u00fcr \u00e4ltere G\u00e4ste oder Genesende.  Wir m\u00f6chten, dass sich jeder Gast bei uns rundum wohlf\u00fchlt und einen unvergesslichen Aufenthalt erlebt","robots":{"index":"index","follow":"follow","max-snippet":"max-snippet:-1","max-image-preview":"max-image-preview:large","max-video-preview":"max-video-preview:-1"},"canonical":"https:\/\/www.parkhotelaicappuccini.it\/de\/barrierefreiheit-und-komfort-fuer-alle\/","og_locale":"de_DE","og_type":"article","og_title":"Barrierefreiheit und Komfort f\u00fcr alle - Park Hotel Ai Cappuccini -","og_description":"Im Park Hotel ai Cappuccini ist es unser oberstes Ziel, jedem Gast einen komfortablen, unabh\u00e4ngigen und sicheren Aufenthalt zu erm\u00f6glichen.  Wir setzen uns daf\u00fcr ein, unser Hotel f\u00fcr alle zug\u00e4nglich zu gestalten und ber\u00fccksichtigen dabei insbesondere die Bed\u00fcrfnisse von G\u00e4sten mit Seh- oder H\u00f6rbeeintr\u00e4chtigungen oder eingeschr\u00e4nkter Mobilit\u00e4t. Wir haben verschiedene Verbesserungen vorgenommen, um architektonische Barrieren abzubauen und den Aufenthalt angenehmer und ruhiger zu gestalten \u2013 auch f\u00fcr \u00e4ltere G\u00e4ste oder Genesende.  Wir m\u00f6chten, dass sich jeder Gast bei uns rundum wohlf\u00fchlt und einen unvergesslichen Aufenthalt erlebt","og_url":"https:\/\/www.parkhotelaicappuccini.it\/de\/barrierefreiheit-und-komfort-fuer-alle\/","og_site_name":"Park Hotel Ai Cappuccini","article_modified_time":"2026-02-06T08:32:20+00:00","og_image":[{"width":1200,"height":666,"url":"https:\/\/www.parkhotelaicappuccini.it\/wp-content\/uploads\/sites\/385\/2021\/12\/Parco-Acque-6.jpg","type":"image\/jpeg"}],"twitter_card":"summary_large_image","twitter_misc":{"Gesch\u00e4tzte Lesezeit":"1 Minute"},"schema":{"@context":"https:\/\/schema.org","@graph":[{"@type":"WebPage","@id":"https:\/\/www.parkhotelaicappuccini.it\/de\/barrierefreiheit-und-komfort-fuer-alle\/","url":"https:\/\/www.parkhotelaicappuccini.it\/de\/barrierefreiheit-und-komfort-fuer-alle\/","name":"Barrierefreiheit und Komfort f\u00fcr alle - Park Hotel Ai Cappuccini -","isPartOf":{"@id":"https:\/\/www.parkhotelaicappuccini.it\/de\/#website"},"datePublished":"2026-02-05T14:43:03+00:00","dateModified":"2026-02-06T08:32:20+00:00","description":"Im Park Hotel ai Cappuccini ist es unser oberstes Ziel, jedem Gast einen komfortablen, unabh\u00e4ngigen und sicheren Aufenthalt zu erm\u00f6glichen. Wir setzen uns daf\u00fcr ein, unser Hotel f\u00fcr alle zug\u00e4nglich zu gestalten und ber\u00fccksichtigen dabei insbesondere die Bed\u00fcrfnisse von G\u00e4sten mit Seh- oder H\u00f6rbeeintr\u00e4chtigungen oder eingeschr\u00e4nkter Mobilit\u00e4t. Wir haben verschiedene Verbesserungen vorgenommen, um architektonische Barrieren abzubauen und den Aufenthalt angenehmer und ruhiger zu gestalten \u2013 auch f\u00fcr \u00e4ltere G\u00e4ste oder Genesende. Wir m\u00f6chten, dass sich jeder Gast bei uns rundum wohlf\u00fchlt und einen unvergesslichen Aufenthalt erlebt","breadcrumb":{"@id":"https:\/\/www.parkhotelaicappuccini.it\/de\/barrierefreiheit-und-komfort-fuer-alle\/#breadcrumb"},"inLanguage":"de-DE","potentialAction":[{"@type":"ReadAction","target":["https:\/\/www.parkhotelaicappuccini.it\/de\/barrierefreiheit-und-komfort-fuer-alle\/"]}]},{"@type":"BreadcrumbList","@id":"https:\/\/www.parkhotelaicappuccini.it\/de\/barrierefreiheit-und-komfort-fuer-alle\/#breadcrumb","itemListElement":[{"@type":"ListItem","position":1,"name":"Home","item":"https:\/\/www.parkhotelaicappuccini.it\/de\/"},{"@type":"ListItem","position":2,"name":"Barrierefreiheit und Komfort f\u00fcr alle"}]},{"@type":"WebSite","@id":"https:\/\/www.parkhotelaicappuccini.it\/de\/#website","url":"https:\/\/www.parkhotelaicappuccini.it\/de\/","name":"Park Hotel Ai Cappuccini","description":"Just another ms.decms.eu site","potentialAction":[{"@type":"SearchAction","target":{"@type":"EntryPoint","urlTemplate":"https:\/\/www.parkhotelaicappuccini.it\/de\/?s={search_term_string}"},"query-input":{"@type":"PropertyValueSpecification","valueRequired":true,"valueName":"search_term_string"}}],"inLanguage":"de-DE"}]}},"acf":[],"_links":{"self":[{"href":"https:\/\/www.parkhotelaicappuccini.it\/de\/wp-json\/wp\/v2\/pages\/2292","targetHints":{"allow":["GET"]}}],"collection":[{"href":"https:\/\/www.parkhotelaicappuccini.it\/de\/wp-json\/wp\/v2\/pages"}],"about":[{"href":"https:\/\/www.parkhotelaicappuccini.it\/de\/wp-json\/wp\/v2\/types\/page"}],"author":[{"embeddable":true,"href":"https:\/\/www.parkhotelaicappuccini.it\/de\/wp-json\/wp\/v2\/users\/699"}],"replies":[{"embeddable":true,"href":"https:\/\/www.parkhotelaicappuccini.it\/de\/wp-json\/wp\/v2\/comments?post=2292"}],"version-history":[{"count":0,"href":"https:\/\/www.parkhotelaicappuccini.it\/de\/wp-json\/wp\/v2\/pages\/2292\/revisions"}],"wp:attachment":[{"href":"https:\/\/www.parkhotelaicappuccini.it\/de\/wp-json\/wp\/v2\/media?parent=2292"}],"curies":[{"name":"wp","href":"https:\/\/api.w.org\/{rel}","templated":true}]}}