{"id":1785,"date":"2022-01-25T15:27:55","date_gmt":"2022-01-25T15:27:55","guid":{"rendered":"https:\/\/park-hotel-ai-cappuccini.ms.decms.eu\/?page_id=1785"},"modified":"2022-01-25T15:27:55","modified_gmt":"2022-01-25T15:27:55","slug":"philosophie","status":"publish","type":"page","link":"https:\/\/www.parkhotelaicappuccini.it\/de\/spa-fitness\/spa\/philosophie\/","title":{"rendered":"Philosophie"},"content":{"rendered":"<p>IN GUBBIO \u2026.. 360\u00b0 WELLNESS!<\/p>\n<p>Selbstachtung in jeder Hinsicht\u2026<br \/>\nDas eigene Wohlbefinden durch eine ausgewogene Kur f\u00fcr K\u00f6rper und Geist erlangen\u2026 All das mit der Unterst\u00fctzung von qualifiziertem Personal in einer neuen, anregenden und gem\u00fctlichen Umgebung in einer vornehmen, jahrhundertealten Stadt, ewiges Zeichen f\u00fcr Kultur und Zentrum jener Liebe, die weder Grenzen von Raum noch von Zeit kennt\u2026<\/p>\n<p>Unser Ziel ist Ihr Wohlbefinden\u2026vielmehr Ihre \u201eWellness\u201c!<\/p>\n","protected":false},"excerpt":{"rendered":"<p>IN GUBBIO \u2026.. 360\u00b0 WELLNESS! Selbstachtung in jeder Hinsicht\u2026 Das eigene Wohlbefinden durch eine ausgewogene Kur f\u00fcr K\u00f6rper und Geist erlangen\u2026 All das mit der Unterst\u00fctzung von qualifiziertem Personal in einer neuen, anregenden und gem\u00fctlichen Umgebung in einer vornehmen, jahrhundertealten Stadt, ewiges Zeichen f\u00fcr Kultur und Zentrum jener Liebe, die weder Grenzen von Raum noch [&hellip;]<\/p>\n","protected":false},"author":36,"featured_media":0,"parent":494,"menu_order":0,"comment_status":"closed","ping_status":"closed","template":"template-default-3.php","meta":{"footnotes":""},"class_list":["post-1785","page","type-page","status-publish","hentry"],"yoast_head":"<!-- This site is optimized with the Yoast SEO plugin v26.9 - https:\/\/yoast.com\/product\/yoast-seo-wordpress\/ -->\n<title>Philosophie - Park Hotel Ai Cappuccini -<\/title>\n<meta name=\"description\" content=\"IN GUBBIO \u2026.. 360\u00b0 WELLNESS!  Selbstachtung in jeder Hinsicht\u2026 Das eigene Wohlbefinden durch eine ausgewogene Kur f\u00fcr K\u00f6rper und Geist erlangen\u2026 All das mit der Unterst\u00fctzung von qualifiziertem Personal in einer neuen, anregenden und gem\u00fctlichen Umgebung in einer vornehmen, jahrhundertealten Stadt, ewiges Zeichen f\u00fcr Kultur und Zentrum jener Liebe, die weder Grenzen von Raum noch von Zeit kennt\u2026  Unser Ziel ist Ihr Wohlbefinden\u2026vielmehr Ihre \u201eWellness\u201c!\" \/>\n<meta name=\"robots\" content=\"index, follow, max-snippet:-1, max-image-preview:large, max-video-preview:-1\" \/>\n<link rel=\"canonical\" href=\"https:\/\/www.parkhotelaicappuccini.it\/de\/spa-fitness\/spa\/philosophie\/\" \/>\n<meta property=\"og:locale\" content=\"de_DE\" \/>\n<meta property=\"og:type\" content=\"article\" \/>\n<meta property=\"og:title\" content=\"Philosophie - Park Hotel Ai Cappuccini -\" \/>\n<meta property=\"og:description\" content=\"IN GUBBIO \u2026.. 360\u00b0 WELLNESS!  Selbstachtung in jeder Hinsicht\u2026 Das eigene Wohlbefinden durch eine ausgewogene Kur f\u00fcr K\u00f6rper und Geist erlangen\u2026 All das mit der Unterst\u00fctzung von qualifiziertem Personal in einer neuen, anregenden und gem\u00fctlichen Umgebung in einer vornehmen, jahrhundertealten Stadt, ewiges Zeichen f\u00fcr Kultur und Zentrum jener Liebe, die weder Grenzen von Raum noch von Zeit kennt\u2026  Unser Ziel ist Ihr Wohlbefinden\u2026vielmehr Ihre \u201eWellness\u201c!\" \/>\n<meta property=\"og:url\" content=\"https:\/\/www.parkhotelaicappuccini.it\/de\/spa-fitness\/spa\/philosophie\/\" \/>\n<meta property=\"og:site_name\" content=\"Park Hotel Ai Cappuccini\" \/>\n<meta property=\"og:image\" content=\"https:\/\/www.parkhotelaicappuccini.it\/wp-content\/uploads\/sites\/385\/2021\/12\/Parco-Acque-6.jpg\" \/>\n\t<meta property=\"og:image:width\" content=\"1200\" \/>\n\t<meta property=\"og:image:height\" content=\"666\" \/>\n\t<meta property=\"og:image:type\" content=\"image\/jpeg\" \/>\n<meta name=\"twitter:card\" content=\"summary_large_image\" \/>\n<script type=\"application\/ld+json\" class=\"yoast-schema-graph\">{\"@context\":\"https:\/\/schema.org\",\"@graph\":[{\"@type\":\"WebPage\",\"@id\":\"https:\/\/www.parkhotelaicappuccini.it\/de\/spa-fitness\/spa\/philosophie\/\",\"url\":\"https:\/\/www.parkhotelaicappuccini.it\/de\/spa-fitness\/spa\/philosophie\/\",\"name\":\"Philosophie - Park Hotel Ai Cappuccini -\",\"isPartOf\":{\"@id\":\"https:\/\/www.parkhotelaicappuccini.it\/de\/#website\"},\"datePublished\":\"2022-01-25T15:27:55+00:00\",\"description\":\"IN GUBBIO \u2026.. 360\u00b0 WELLNESS! Selbstachtung in jeder Hinsicht\u2026 Das eigene Wohlbefinden durch eine ausgewogene Kur f\u00fcr K\u00f6rper und Geist erlangen\u2026 All das mit der Unterst\u00fctzung von qualifiziertem Personal in einer neuen, anregenden und gem\u00fctlichen Umgebung in einer vornehmen, jahrhundertealten Stadt, ewiges Zeichen f\u00fcr Kultur und Zentrum jener Liebe, die weder Grenzen von Raum noch von Zeit kennt\u2026 Unser Ziel ist Ihr Wohlbefinden\u2026vielmehr Ihre \u201eWellness\u201c!\",\"breadcrumb\":{\"@id\":\"https:\/\/www.parkhotelaicappuccini.it\/de\/spa-fitness\/spa\/philosophie\/#breadcrumb\"},\"inLanguage\":\"de-DE\",\"potentialAction\":[{\"@type\":\"ReadAction\",\"target\":[\"https:\/\/www.parkhotelaicappuccini.it\/de\/spa-fitness\/spa\/philosophie\/\"]}]},{\"@type\":\"BreadcrumbList\",\"@id\":\"https:\/\/www.parkhotelaicappuccini.it\/de\/spa-fitness\/spa\/philosophie\/#breadcrumb\",\"itemListElement\":[{\"@type\":\"ListItem\",\"position\":1,\"name\":\"Home\",\"item\":\"https:\/\/www.parkhotelaicappuccini.it\/de\/\"},{\"@type\":\"ListItem\",\"position\":2,\"name\":\"Spa &amp; fitness\",\"item\":\"https:\/\/www.parkhotelaicappuccini.it\/de\/spa-fitness\/\"},{\"@type\":\"ListItem\",\"position\":3,\"name\":\"Spa\",\"item\":\"https:\/\/www.parkhotelaicappuccini.it\/de\/spa-fitness\/spa\/\"},{\"@type\":\"ListItem\",\"position\":4,\"name\":\"Philosophie\"}]},{\"@type\":\"WebSite\",\"@id\":\"https:\/\/www.parkhotelaicappuccini.it\/de\/#website\",\"url\":\"https:\/\/www.parkhotelaicappuccini.it\/de\/\",\"name\":\"Park Hotel Ai Cappuccini\",\"description\":\"Just another ms.decms.eu site\",\"potentialAction\":[{\"@type\":\"SearchAction\",\"target\":{\"@type\":\"EntryPoint\",\"urlTemplate\":\"https:\/\/www.parkhotelaicappuccini.it\/de\/?s={search_term_string}\"},\"query-input\":{\"@type\":\"PropertyValueSpecification\",\"valueRequired\":true,\"valueName\":\"search_term_string\"}}],\"inLanguage\":\"de-DE\"}]}<\/script>\n<!-- \/ Yoast SEO plugin. -->","yoast_head_json":{"title":"Philosophie - Park Hotel Ai Cappuccini -","description":"IN GUBBIO \u2026.. 360\u00b0 WELLNESS!  Selbstachtung in jeder Hinsicht\u2026 Das eigene Wohlbefinden durch eine ausgewogene Kur f\u00fcr K\u00f6rper und Geist erlangen\u2026 All das mit der Unterst\u00fctzung von qualifiziertem Personal in einer neuen, anregenden und gem\u00fctlichen Umgebung in einer vornehmen, jahrhundertealten Stadt, ewiges Zeichen f\u00fcr Kultur und Zentrum jener Liebe, die weder Grenzen von Raum noch von Zeit kennt\u2026  Unser Ziel ist Ihr Wohlbefinden\u2026vielmehr Ihre \u201eWellness\u201c!","robots":{"index":"index","follow":"follow","max-snippet":"max-snippet:-1","max-image-preview":"max-image-preview:large","max-video-preview":"max-video-preview:-1"},"canonical":"https:\/\/www.parkhotelaicappuccini.it\/de\/spa-fitness\/spa\/philosophie\/","og_locale":"de_DE","og_type":"article","og_title":"Philosophie - Park Hotel Ai Cappuccini -","og_description":"IN GUBBIO \u2026.. 360\u00b0 WELLNESS!  Selbstachtung in jeder Hinsicht\u2026 Das eigene Wohlbefinden durch eine ausgewogene Kur f\u00fcr K\u00f6rper und Geist erlangen\u2026 All das mit der Unterst\u00fctzung von qualifiziertem Personal in einer neuen, anregenden und gem\u00fctlichen Umgebung in einer vornehmen, jahrhundertealten Stadt, ewiges Zeichen f\u00fcr Kultur und Zentrum jener Liebe, die weder Grenzen von Raum noch von Zeit kennt\u2026  Unser Ziel ist Ihr Wohlbefinden\u2026vielmehr Ihre \u201eWellness\u201c!","og_url":"https:\/\/www.parkhotelaicappuccini.it\/de\/spa-fitness\/spa\/philosophie\/","og_site_name":"Park Hotel Ai Cappuccini","og_image":[{"width":1200,"height":666,"url":"https:\/\/www.parkhotelaicappuccini.it\/wp-content\/uploads\/sites\/385\/2021\/12\/Parco-Acque-6.jpg","type":"image\/jpeg"}],"twitter_card":"summary_large_image","schema":{"@context":"https:\/\/schema.org","@graph":[{"@type":"WebPage","@id":"https:\/\/www.parkhotelaicappuccini.it\/de\/spa-fitness\/spa\/philosophie\/","url":"https:\/\/www.parkhotelaicappuccini.it\/de\/spa-fitness\/spa\/philosophie\/","name":"Philosophie - Park Hotel Ai Cappuccini -","isPartOf":{"@id":"https:\/\/www.parkhotelaicappuccini.it\/de\/#website"},"datePublished":"2022-01-25T15:27:55+00:00","description":"IN GUBBIO \u2026.. 360\u00b0 WELLNESS! Selbstachtung in jeder Hinsicht\u2026 Das eigene Wohlbefinden durch eine ausgewogene Kur f\u00fcr K\u00f6rper und Geist erlangen\u2026 All das mit der Unterst\u00fctzung von qualifiziertem Personal in einer neuen, anregenden und gem\u00fctlichen Umgebung in einer vornehmen, jahrhundertealten Stadt, ewiges Zeichen f\u00fcr Kultur und Zentrum jener Liebe, die weder Grenzen von Raum noch von Zeit kennt\u2026 Unser Ziel ist Ihr Wohlbefinden\u2026vielmehr Ihre \u201eWellness\u201c!","breadcrumb":{"@id":"https:\/\/www.parkhotelaicappuccini.it\/de\/spa-fitness\/spa\/philosophie\/#breadcrumb"},"inLanguage":"de-DE","potentialAction":[{"@type":"ReadAction","target":["https:\/\/www.parkhotelaicappuccini.it\/de\/spa-fitness\/spa\/philosophie\/"]}]},{"@type":"BreadcrumbList","@id":"https:\/\/www.parkhotelaicappuccini.it\/de\/spa-fitness\/spa\/philosophie\/#breadcrumb","itemListElement":[{"@type":"ListItem","position":1,"name":"Home","item":"https:\/\/www.parkhotelaicappuccini.it\/de\/"},{"@type":"ListItem","position":2,"name":"Spa &amp; fitness","item":"https:\/\/www.parkhotelaicappuccini.it\/de\/spa-fitness\/"},{"@type":"ListItem","position":3,"name":"Spa","item":"https:\/\/www.parkhotelaicappuccini.it\/de\/spa-fitness\/spa\/"},{"@type":"ListItem","position":4,"name":"Philosophie"}]},{"@type":"WebSite","@id":"https:\/\/www.parkhotelaicappuccini.it\/de\/#website","url":"https:\/\/www.parkhotelaicappuccini.it\/de\/","name":"Park Hotel Ai Cappuccini","description":"Just another ms.decms.eu site","potentialAction":[{"@type":"SearchAction","target":{"@type":"EntryPoint","urlTemplate":"https:\/\/www.parkhotelaicappuccini.it\/de\/?s={search_term_string}"},"query-input":{"@type":"PropertyValueSpecification","valueRequired":true,"valueName":"search_term_string"}}],"inLanguage":"de-DE"}]}},"acf":[],"_links":{"self":[{"href":"https:\/\/www.parkhotelaicappuccini.it\/de\/wp-json\/wp\/v2\/pages\/1785","targetHints":{"allow":["GET"]}}],"collection":[{"href":"https:\/\/www.parkhotelaicappuccini.it\/de\/wp-json\/wp\/v2\/pages"}],"about":[{"href":"https:\/\/www.parkhotelaicappuccini.it\/de\/wp-json\/wp\/v2\/types\/page"}],"author":[{"embeddable":true,"href":"https:\/\/www.parkhotelaicappuccini.it\/de\/wp-json\/wp\/v2\/users\/36"}],"replies":[{"embeddable":true,"href":"https:\/\/www.parkhotelaicappuccini.it\/de\/wp-json\/wp\/v2\/comments?post=1785"}],"version-history":[{"count":0,"href":"https:\/\/www.parkhotelaicappuccini.it\/de\/wp-json\/wp\/v2\/pages\/1785\/revisions"}],"up":[{"embeddable":true,"href":"https:\/\/www.parkhotelaicappuccini.it\/de\/wp-json\/wp\/v2\/pages\/494"}],"wp:attachment":[{"href":"https:\/\/www.parkhotelaicappuccini.it\/de\/wp-json\/wp\/v2\/media?parent=1785"}],"curies":[{"name":"wp","href":"https:\/\/api.w.org\/{rel}","templated":true}]}}