{"id":1696,"date":"2022-01-14T09:30:35","date_gmt":"2022-01-14T09:30:35","guid":{"rendered":"https:\/\/park-hotel-ai-cappuccini.ms.decms.eu\/?page_id=1696"},"modified":"2022-01-14T09:30:35","modified_gmt":"2022-01-14T09:30:35","slug":"kreuzestodes-jesus-christus-karfreitags-prozession","status":"publish","type":"page","link":"https:\/\/www.parkhotelaicappuccini.it\/de\/gubbio-und-umbrien\/termine\/kreuzestodes-jesus-christus-karfreitags-prozession\/","title":{"rendered":"Kreuzestodes Jesus Christus: Karfreitags-Prozession"},"content":{"rendered":"<p>Diese Karfreitags-Prozession beginnt bei Abendd\u00e4mmerung und wird von der Bruderschaft S. Croce della Foce veranstaltet. Es handelt sich um eine symbolische Darstellung der Leidensgeschichte Christi.<\/p>\n<p>Der Umzug in den alten Stra\u00dfen der Altstadt wird von den Ordensbr\u00fcdern angef\u00fchrt, die in herk\u00f6mmliche traditionelle Kost\u00fcme mit wei\u00dfer Kapuze (Sackleinen) gekleidet sind und Statuen des toten Christus (kostbare Holzschnitzerei des 17. Jahrhunderts) und der Schmerzensmutter, den alten Rosenkranz aus Holz mit 33 Perlen (mit dem sich die Pilger f\u00fcr die S\u00fcndenvergebung gei\u00dfelten), gro\u00dfe Kreuze und Passionsgegenst\u00e4nde tragen.<\/p>\n<p>Die Stille wird nur vom Klang der \u201eBattistrangole\u201c (Art von Rasseln) und den S\u00e4ngern, die das Miserere anstimmen, ein uralter Bu\u00dfgesang, der durch m\u00fcndliche \u00dcberlieferung weitergegeben wurde, unterbrochen, w\u00e4hrend das Licht der Fackeln und der \u201eFocaroni\u201c (Leuchtfeuer) die Nacht erleuchten.<\/p>\n","protected":false},"excerpt":{"rendered":"<p>Diese Karfreitags-Prozession beginnt bei Abendd\u00e4mmerung und wird von der Bruderschaft S. Croce della Foce veranstaltet. Es handelt sich um eine symbolische Darstellung der Leidensgeschichte Christi. Der Umzug in den alten Stra\u00dfen der Altstadt wird von den Ordensbr\u00fcdern angef\u00fchrt, die in herk\u00f6mmliche traditionelle Kost\u00fcme mit wei\u00dfer Kapuze (Sackleinen) gekleidet sind und Statuen des toten Christus (kostbare [&hellip;]<\/p>\n","protected":false},"author":36,"featured_media":0,"parent":1642,"menu_order":30,"comment_status":"closed","ping_status":"closed","template":"template-default-3.php","meta":{"footnotes":""},"class_list":["post-1696","page","type-page","status-publish","hentry"],"yoast_head":"<!-- This site is optimized with the Yoast SEO plugin v26.9 - https:\/\/yoast.com\/product\/yoast-seo-wordpress\/ -->\n<title>Kreuzestodes Jesus Christus: Karfreitags-Prozession - Park Hotel Ai Cappuccini -<\/title>\n<meta name=\"description\" content=\"Diese Karfreitags-Prozession beginnt bei Abendd\u00e4mmerung und wird von der Bruderschaft S. Croce della Foce veranstaltet\" \/>\n<meta name=\"robots\" content=\"index, follow, max-snippet:-1, max-image-preview:large, max-video-preview:-1\" \/>\n<link rel=\"canonical\" href=\"https:\/\/www.parkhotelaicappuccini.it\/de\/gubbio-und-umbrien\/termine\/kreuzestodes-jesus-christus-karfreitags-prozession\/\" \/>\n<meta property=\"og:locale\" content=\"de_DE\" \/>\n<meta property=\"og:type\" content=\"article\" \/>\n<meta property=\"og:title\" content=\"Kreuzestodes Jesus Christus: Karfreitags-Prozession - Park Hotel Ai Cappuccini -\" \/>\n<meta property=\"og:description\" content=\"Diese Karfreitags-Prozession beginnt bei Abendd\u00e4mmerung und wird von der Bruderschaft S. Croce della Foce veranstaltet\" \/>\n<meta property=\"og:url\" content=\"https:\/\/www.parkhotelaicappuccini.it\/de\/gubbio-und-umbrien\/termine\/kreuzestodes-jesus-christus-karfreitags-prozession\/\" \/>\n<meta property=\"og:site_name\" content=\"Park Hotel Ai Cappuccini\" \/>\n<meta property=\"og:image\" content=\"https:\/\/www.parkhotelaicappuccini.it\/wp-content\/uploads\/sites\/385\/2021\/12\/Parco-Acque-6.jpg\" \/>\n\t<meta property=\"og:image:width\" content=\"1200\" \/>\n\t<meta property=\"og:image:height\" content=\"666\" \/>\n\t<meta property=\"og:image:type\" content=\"image\/jpeg\" \/>\n<meta name=\"twitter:card\" content=\"summary_large_image\" \/>\n<meta name=\"twitter:label1\" content=\"Gesch\u00e4tzte Lesezeit\" \/>\n\t<meta name=\"twitter:data1\" content=\"1 Minute\" \/>\n<script type=\"application\/ld+json\" class=\"yoast-schema-graph\">{\"@context\":\"https:\/\/schema.org\",\"@graph\":[{\"@type\":\"WebPage\",\"@id\":\"https:\/\/www.parkhotelaicappuccini.it\/de\/gubbio-und-umbrien\/termine\/kreuzestodes-jesus-christus-karfreitags-prozession\/\",\"url\":\"https:\/\/www.parkhotelaicappuccini.it\/de\/gubbio-und-umbrien\/termine\/kreuzestodes-jesus-christus-karfreitags-prozession\/\",\"name\":\"Kreuzestodes Jesus Christus: Karfreitags-Prozession - Park Hotel Ai Cappuccini -\",\"isPartOf\":{\"@id\":\"https:\/\/www.parkhotelaicappuccini.it\/de\/#website\"},\"datePublished\":\"2022-01-14T09:30:35+00:00\",\"description\":\"Diese Karfreitags-Prozession beginnt bei Abendd\u00e4mmerung und wird von der Bruderschaft S. Croce della Foce veranstaltet\",\"breadcrumb\":{\"@id\":\"https:\/\/www.parkhotelaicappuccini.it\/de\/gubbio-und-umbrien\/termine\/kreuzestodes-jesus-christus-karfreitags-prozession\/#breadcrumb\"},\"inLanguage\":\"de-DE\",\"potentialAction\":[{\"@type\":\"ReadAction\",\"target\":[\"https:\/\/www.parkhotelaicappuccini.it\/de\/gubbio-und-umbrien\/termine\/kreuzestodes-jesus-christus-karfreitags-prozession\/\"]}]},{\"@type\":\"BreadcrumbList\",\"@id\":\"https:\/\/www.parkhotelaicappuccini.it\/de\/gubbio-und-umbrien\/termine\/kreuzestodes-jesus-christus-karfreitags-prozession\/#breadcrumb\",\"itemListElement\":[{\"@type\":\"ListItem\",\"position\":1,\"name\":\"Home\",\"item\":\"https:\/\/www.parkhotelaicappuccini.it\/de\/\"},{\"@type\":\"ListItem\",\"position\":2,\"name\":\"Gubbio und Umbrien\",\"item\":\"https:\/\/www.parkhotelaicappuccini.it\/de\/gubbio-und-umbrien\/\"},{\"@type\":\"ListItem\",\"position\":3,\"name\":\"Termine\",\"item\":\"https:\/\/www.parkhotelaicappuccini.it\/de\/gubbio-und-umbrien\/termine\/\"},{\"@type\":\"ListItem\",\"position\":4,\"name\":\"Kreuzestodes Jesus Christus: Karfreitags-Prozession\"}]},{\"@type\":\"WebSite\",\"@id\":\"https:\/\/www.parkhotelaicappuccini.it\/de\/#website\",\"url\":\"https:\/\/www.parkhotelaicappuccini.it\/de\/\",\"name\":\"Park Hotel Ai Cappuccini\",\"description\":\"Just another ms.decms.eu site\",\"potentialAction\":[{\"@type\":\"SearchAction\",\"target\":{\"@type\":\"EntryPoint\",\"urlTemplate\":\"https:\/\/www.parkhotelaicappuccini.it\/de\/?s={search_term_string}\"},\"query-input\":{\"@type\":\"PropertyValueSpecification\",\"valueRequired\":true,\"valueName\":\"search_term_string\"}}],\"inLanguage\":\"de-DE\"}]}<\/script>\n<!-- \/ Yoast SEO plugin. -->","yoast_head_json":{"title":"Kreuzestodes Jesus Christus: Karfreitags-Prozession - Park Hotel Ai Cappuccini -","description":"Diese Karfreitags-Prozession beginnt bei Abendd\u00e4mmerung und wird von der Bruderschaft S. Croce della Foce veranstaltet","robots":{"index":"index","follow":"follow","max-snippet":"max-snippet:-1","max-image-preview":"max-image-preview:large","max-video-preview":"max-video-preview:-1"},"canonical":"https:\/\/www.parkhotelaicappuccini.it\/de\/gubbio-und-umbrien\/termine\/kreuzestodes-jesus-christus-karfreitags-prozession\/","og_locale":"de_DE","og_type":"article","og_title":"Kreuzestodes Jesus Christus: Karfreitags-Prozession - Park Hotel Ai Cappuccini -","og_description":"Diese Karfreitags-Prozession beginnt bei Abendd\u00e4mmerung und wird von der Bruderschaft S. Croce della Foce veranstaltet","og_url":"https:\/\/www.parkhotelaicappuccini.it\/de\/gubbio-und-umbrien\/termine\/kreuzestodes-jesus-christus-karfreitags-prozession\/","og_site_name":"Park Hotel Ai Cappuccini","og_image":[{"width":1200,"height":666,"url":"https:\/\/www.parkhotelaicappuccini.it\/wp-content\/uploads\/sites\/385\/2021\/12\/Parco-Acque-6.jpg","type":"image\/jpeg"}],"twitter_card":"summary_large_image","twitter_misc":{"Gesch\u00e4tzte Lesezeit":"1 Minute"},"schema":{"@context":"https:\/\/schema.org","@graph":[{"@type":"WebPage","@id":"https:\/\/www.parkhotelaicappuccini.it\/de\/gubbio-und-umbrien\/termine\/kreuzestodes-jesus-christus-karfreitags-prozession\/","url":"https:\/\/www.parkhotelaicappuccini.it\/de\/gubbio-und-umbrien\/termine\/kreuzestodes-jesus-christus-karfreitags-prozession\/","name":"Kreuzestodes Jesus Christus: Karfreitags-Prozession - Park Hotel Ai Cappuccini -","isPartOf":{"@id":"https:\/\/www.parkhotelaicappuccini.it\/de\/#website"},"datePublished":"2022-01-14T09:30:35+00:00","description":"Diese Karfreitags-Prozession beginnt bei Abendd\u00e4mmerung und wird von der Bruderschaft S. Croce della Foce veranstaltet","breadcrumb":{"@id":"https:\/\/www.parkhotelaicappuccini.it\/de\/gubbio-und-umbrien\/termine\/kreuzestodes-jesus-christus-karfreitags-prozession\/#breadcrumb"},"inLanguage":"de-DE","potentialAction":[{"@type":"ReadAction","target":["https:\/\/www.parkhotelaicappuccini.it\/de\/gubbio-und-umbrien\/termine\/kreuzestodes-jesus-christus-karfreitags-prozession\/"]}]},{"@type":"BreadcrumbList","@id":"https:\/\/www.parkhotelaicappuccini.it\/de\/gubbio-und-umbrien\/termine\/kreuzestodes-jesus-christus-karfreitags-prozession\/#breadcrumb","itemListElement":[{"@type":"ListItem","position":1,"name":"Home","item":"https:\/\/www.parkhotelaicappuccini.it\/de\/"},{"@type":"ListItem","position":2,"name":"Gubbio und Umbrien","item":"https:\/\/www.parkhotelaicappuccini.it\/de\/gubbio-und-umbrien\/"},{"@type":"ListItem","position":3,"name":"Termine","item":"https:\/\/www.parkhotelaicappuccini.it\/de\/gubbio-und-umbrien\/termine\/"},{"@type":"ListItem","position":4,"name":"Kreuzestodes Jesus Christus: Karfreitags-Prozession"}]},{"@type":"WebSite","@id":"https:\/\/www.parkhotelaicappuccini.it\/de\/#website","url":"https:\/\/www.parkhotelaicappuccini.it\/de\/","name":"Park Hotel Ai Cappuccini","description":"Just another ms.decms.eu site","potentialAction":[{"@type":"SearchAction","target":{"@type":"EntryPoint","urlTemplate":"https:\/\/www.parkhotelaicappuccini.it\/de\/?s={search_term_string}"},"query-input":{"@type":"PropertyValueSpecification","valueRequired":true,"valueName":"search_term_string"}}],"inLanguage":"de-DE"}]}},"acf":[],"_links":{"self":[{"href":"https:\/\/www.parkhotelaicappuccini.it\/de\/wp-json\/wp\/v2\/pages\/1696","targetHints":{"allow":["GET"]}}],"collection":[{"href":"https:\/\/www.parkhotelaicappuccini.it\/de\/wp-json\/wp\/v2\/pages"}],"about":[{"href":"https:\/\/www.parkhotelaicappuccini.it\/de\/wp-json\/wp\/v2\/types\/page"}],"author":[{"embeddable":true,"href":"https:\/\/www.parkhotelaicappuccini.it\/de\/wp-json\/wp\/v2\/users\/36"}],"replies":[{"embeddable":true,"href":"https:\/\/www.parkhotelaicappuccini.it\/de\/wp-json\/wp\/v2\/comments?post=1696"}],"version-history":[{"count":0,"href":"https:\/\/www.parkhotelaicappuccini.it\/de\/wp-json\/wp\/v2\/pages\/1696\/revisions"}],"up":[{"embeddable":true,"href":"https:\/\/www.parkhotelaicappuccini.it\/de\/wp-json\/wp\/v2\/pages\/1642"}],"wp:attachment":[{"href":"https:\/\/www.parkhotelaicappuccini.it\/de\/wp-json\/wp\/v2\/media?parent=1696"}],"curies":[{"name":"wp","href":"https:\/\/api.w.org\/{rel}","templated":true}]}}