{"id":1689,"date":"2022-01-14T09:25:38","date_gmt":"2022-01-14T09:25:38","guid":{"rendered":"https:\/\/park-hotel-ai-cappuccini.ms.decms.eu\/?page_id=1689"},"modified":"2022-01-14T09:25:38","modified_gmt":"2022-01-14T09:25:38","slug":"15-mai-festa-dei-ceri","status":"publish","type":"page","link":"https:\/\/www.parkhotelaicappuccini.it\/de\/gubbio-und-umbrien\/termine\/15-mai-festa-dei-ceri\/","title":{"rendered":"15. Mai: Festa dei Ceri"},"content":{"rendered":"<p>Ein Fest, an dem das Heilige und das Profane sich miteinander in einer urw\u00fcchsigen Lebensfreude verschmelzen. Warum ist es so schwer \u201eFesta dei Ceri\u201c zu erkl\u00e4ren? Weil dieses Fest sich nicht erz\u00e4hlen l\u00e4sst, man kann es nur erleben.<\/p>\n<p>Andererseits kann man auch nicht erkl\u00e4ren, warum es bei diesem Wettlauf keine Sieger gibt und keine \u00dcberholungen vorgesehen sind, dass nur der Schutzpatron von Gubbio (S. Ubaldo) auf seinem Sockel emporragt. Die Weitergabe dieser Tradition der \u201eCeri\u201c ist \u2013 trotz der vielen derzeitigen Gedenken \u2013 unerkl\u00e4rlich, sie bleibt sich treu und passt sich trotz allem den verschiedenen Zeiten an. Aus demselben Grund ist es fast unm\u00f6glich zu erkl\u00e4ren, dass das Fest keine Zuschauer hat sondern nur Teilnehmer; es folgt keine Inszenierung, aber man sp\u00fcrt den ganzen Tag lang eine starke Aufregung und Anteilnahme; es gibt weder Eintrittskarten noch Zeitnahmen oder Fotofinish&#8230;ein kein normaler Tag, der uns beherrscht und \u00fcberw\u00e4ltigt. \u201eViel, sehr, alles\u201c: mit diesen Worten fasste der verstorbene Rechtsanwalt Gini, einer der gr\u00f6\u00dften S\u00e4nger der Stadt Gubbio, am Mikrofon von Folco Quilici, im Jahr 1973, den 15. Mai. (Aus dem Blog von Giacomo Marinelli Andreoli)<\/p>\n","protected":false},"excerpt":{"rendered":"<p>Ein Fest, an dem das Heilige und das Profane sich miteinander in einer urw\u00fcchsigen Lebensfreude verschmelzen. Warum ist es so schwer \u201eFesta dei Ceri\u201c zu erkl\u00e4ren? Weil dieses Fest sich nicht erz\u00e4hlen l\u00e4sst, man kann es nur erleben. Andererseits kann man auch nicht erkl\u00e4ren, warum es bei diesem Wettlauf keine Sieger gibt und keine \u00dcberholungen [&hellip;]<\/p>\n","protected":false},"author":36,"featured_media":0,"parent":1642,"menu_order":25,"comment_status":"closed","ping_status":"closed","template":"template-default-3.php","meta":{"footnotes":""},"class_list":["post-1689","page","type-page","status-publish","hentry"],"yoast_head":"<!-- This site is optimized with the Yoast SEO plugin v26.9 - https:\/\/yoast.com\/product\/yoast-seo-wordpress\/ -->\n<title>15. Mai: Festa dei Ceri - Park Hotel Ai Cappuccini -<\/title>\n<meta name=\"description\" content=\"Ein Fest, an dem das Heilige und das Profane sich miteinander in einer urw\u00fcchsigen Lebensfreude verschmelzen. Warum ist es so schwer \u201eFesta dei Ceri\u201c zu erkl\u00e4ren? Weil dieses Fest sich nicht erz\u00e4hlen l\u00e4sst, man kann es nur erleben.  Andererseits kann man auch nicht erkl\u00e4ren, warum es bei diesem Wettlauf keine Sieger gibt und keine \u00dcberholungen vorgesehen sind, dass nur der Schutzpatron von Gubbio (S\" \/>\n<meta name=\"robots\" content=\"index, follow, max-snippet:-1, max-image-preview:large, max-video-preview:-1\" \/>\n<link rel=\"canonical\" href=\"https:\/\/www.parkhotelaicappuccini.it\/de\/gubbio-und-umbrien\/termine\/15-mai-festa-dei-ceri\/\" \/>\n<meta property=\"og:locale\" content=\"de_DE\" \/>\n<meta property=\"og:type\" content=\"article\" \/>\n<meta property=\"og:title\" content=\"15. Mai: Festa dei Ceri - Park Hotel Ai Cappuccini -\" \/>\n<meta property=\"og:description\" content=\"Ein Fest, an dem das Heilige und das Profane sich miteinander in einer urw\u00fcchsigen Lebensfreude verschmelzen. Warum ist es so schwer \u201eFesta dei Ceri\u201c zu erkl\u00e4ren? Weil dieses Fest sich nicht erz\u00e4hlen l\u00e4sst, man kann es nur erleben.  Andererseits kann man auch nicht erkl\u00e4ren, warum es bei diesem Wettlauf keine Sieger gibt und keine \u00dcberholungen vorgesehen sind, dass nur der Schutzpatron von Gubbio (S\" \/>\n<meta property=\"og:url\" content=\"https:\/\/www.parkhotelaicappuccini.it\/de\/gubbio-und-umbrien\/termine\/15-mai-festa-dei-ceri\/\" \/>\n<meta property=\"og:site_name\" content=\"Park Hotel Ai Cappuccini\" \/>\n<meta property=\"og:image\" content=\"https:\/\/www.parkhotelaicappuccini.it\/wp-content\/uploads\/sites\/385\/2021\/12\/Parco-Acque-6.jpg\" \/>\n\t<meta property=\"og:image:width\" content=\"1200\" \/>\n\t<meta property=\"og:image:height\" content=\"666\" \/>\n\t<meta property=\"og:image:type\" content=\"image\/jpeg\" \/>\n<meta name=\"twitter:card\" content=\"summary_large_image\" \/>\n<meta name=\"twitter:label1\" content=\"Gesch\u00e4tzte Lesezeit\" \/>\n\t<meta name=\"twitter:data1\" content=\"1 Minute\" \/>\n<script type=\"application\/ld+json\" class=\"yoast-schema-graph\">{\"@context\":\"https:\/\/schema.org\",\"@graph\":[{\"@type\":\"WebPage\",\"@id\":\"https:\/\/www.parkhotelaicappuccini.it\/de\/gubbio-und-umbrien\/termine\/15-mai-festa-dei-ceri\/\",\"url\":\"https:\/\/www.parkhotelaicappuccini.it\/de\/gubbio-und-umbrien\/termine\/15-mai-festa-dei-ceri\/\",\"name\":\"15. Mai: Festa dei Ceri - Park Hotel Ai Cappuccini -\",\"isPartOf\":{\"@id\":\"https:\/\/www.parkhotelaicappuccini.it\/de\/#website\"},\"datePublished\":\"2022-01-14T09:25:38+00:00\",\"description\":\"Ein Fest, an dem das Heilige und das Profane sich miteinander in einer urw\u00fcchsigen Lebensfreude verschmelzen. Warum ist es so schwer \u201eFesta dei Ceri\u201c zu erkl\u00e4ren? Weil dieses Fest sich nicht erz\u00e4hlen l\u00e4sst, man kann es nur erleben. Andererseits kann man auch nicht erkl\u00e4ren, warum es bei diesem Wettlauf keine Sieger gibt und keine \u00dcberholungen vorgesehen sind, dass nur der Schutzpatron von Gubbio (S\",\"breadcrumb\":{\"@id\":\"https:\/\/www.parkhotelaicappuccini.it\/de\/gubbio-und-umbrien\/termine\/15-mai-festa-dei-ceri\/#breadcrumb\"},\"inLanguage\":\"de-DE\",\"potentialAction\":[{\"@type\":\"ReadAction\",\"target\":[\"https:\/\/www.parkhotelaicappuccini.it\/de\/gubbio-und-umbrien\/termine\/15-mai-festa-dei-ceri\/\"]}]},{\"@type\":\"BreadcrumbList\",\"@id\":\"https:\/\/www.parkhotelaicappuccini.it\/de\/gubbio-und-umbrien\/termine\/15-mai-festa-dei-ceri\/#breadcrumb\",\"itemListElement\":[{\"@type\":\"ListItem\",\"position\":1,\"name\":\"Home\",\"item\":\"https:\/\/www.parkhotelaicappuccini.it\/de\/\"},{\"@type\":\"ListItem\",\"position\":2,\"name\":\"Gubbio und Umbrien\",\"item\":\"https:\/\/www.parkhotelaicappuccini.it\/de\/gubbio-und-umbrien\/\"},{\"@type\":\"ListItem\",\"position\":3,\"name\":\"Termine\",\"item\":\"https:\/\/www.parkhotelaicappuccini.it\/de\/gubbio-und-umbrien\/termine\/\"},{\"@type\":\"ListItem\",\"position\":4,\"name\":\"15. Mai: Festa dei Ceri\"}]},{\"@type\":\"WebSite\",\"@id\":\"https:\/\/www.parkhotelaicappuccini.it\/de\/#website\",\"url\":\"https:\/\/www.parkhotelaicappuccini.it\/de\/\",\"name\":\"Park Hotel Ai Cappuccini\",\"description\":\"Just another ms.decms.eu site\",\"potentialAction\":[{\"@type\":\"SearchAction\",\"target\":{\"@type\":\"EntryPoint\",\"urlTemplate\":\"https:\/\/www.parkhotelaicappuccini.it\/de\/?s={search_term_string}\"},\"query-input\":{\"@type\":\"PropertyValueSpecification\",\"valueRequired\":true,\"valueName\":\"search_term_string\"}}],\"inLanguage\":\"de-DE\"}]}<\/script>\n<!-- \/ Yoast SEO plugin. -->","yoast_head_json":{"title":"15. Mai: Festa dei Ceri - Park Hotel Ai Cappuccini -","description":"Ein Fest, an dem das Heilige und das Profane sich miteinander in einer urw\u00fcchsigen Lebensfreude verschmelzen. Warum ist es so schwer \u201eFesta dei Ceri\u201c zu erkl\u00e4ren? Weil dieses Fest sich nicht erz\u00e4hlen l\u00e4sst, man kann es nur erleben.  Andererseits kann man auch nicht erkl\u00e4ren, warum es bei diesem Wettlauf keine Sieger gibt und keine \u00dcberholungen vorgesehen sind, dass nur der Schutzpatron von Gubbio (S","robots":{"index":"index","follow":"follow","max-snippet":"max-snippet:-1","max-image-preview":"max-image-preview:large","max-video-preview":"max-video-preview:-1"},"canonical":"https:\/\/www.parkhotelaicappuccini.it\/de\/gubbio-und-umbrien\/termine\/15-mai-festa-dei-ceri\/","og_locale":"de_DE","og_type":"article","og_title":"15. Mai: Festa dei Ceri - Park Hotel Ai Cappuccini -","og_description":"Ein Fest, an dem das Heilige und das Profane sich miteinander in einer urw\u00fcchsigen Lebensfreude verschmelzen. Warum ist es so schwer \u201eFesta dei Ceri\u201c zu erkl\u00e4ren? Weil dieses Fest sich nicht erz\u00e4hlen l\u00e4sst, man kann es nur erleben.  Andererseits kann man auch nicht erkl\u00e4ren, warum es bei diesem Wettlauf keine Sieger gibt und keine \u00dcberholungen vorgesehen sind, dass nur der Schutzpatron von Gubbio (S","og_url":"https:\/\/www.parkhotelaicappuccini.it\/de\/gubbio-und-umbrien\/termine\/15-mai-festa-dei-ceri\/","og_site_name":"Park Hotel Ai Cappuccini","og_image":[{"width":1200,"height":666,"url":"https:\/\/www.parkhotelaicappuccini.it\/wp-content\/uploads\/sites\/385\/2021\/12\/Parco-Acque-6.jpg","type":"image\/jpeg"}],"twitter_card":"summary_large_image","twitter_misc":{"Gesch\u00e4tzte Lesezeit":"1 Minute"},"schema":{"@context":"https:\/\/schema.org","@graph":[{"@type":"WebPage","@id":"https:\/\/www.parkhotelaicappuccini.it\/de\/gubbio-und-umbrien\/termine\/15-mai-festa-dei-ceri\/","url":"https:\/\/www.parkhotelaicappuccini.it\/de\/gubbio-und-umbrien\/termine\/15-mai-festa-dei-ceri\/","name":"15. Mai: Festa dei Ceri - Park Hotel Ai Cappuccini -","isPartOf":{"@id":"https:\/\/www.parkhotelaicappuccini.it\/de\/#website"},"datePublished":"2022-01-14T09:25:38+00:00","description":"Ein Fest, an dem das Heilige und das Profane sich miteinander in einer urw\u00fcchsigen Lebensfreude verschmelzen. Warum ist es so schwer \u201eFesta dei Ceri\u201c zu erkl\u00e4ren? Weil dieses Fest sich nicht erz\u00e4hlen l\u00e4sst, man kann es nur erleben. Andererseits kann man auch nicht erkl\u00e4ren, warum es bei diesem Wettlauf keine Sieger gibt und keine \u00dcberholungen vorgesehen sind, dass nur der Schutzpatron von Gubbio (S","breadcrumb":{"@id":"https:\/\/www.parkhotelaicappuccini.it\/de\/gubbio-und-umbrien\/termine\/15-mai-festa-dei-ceri\/#breadcrumb"},"inLanguage":"de-DE","potentialAction":[{"@type":"ReadAction","target":["https:\/\/www.parkhotelaicappuccini.it\/de\/gubbio-und-umbrien\/termine\/15-mai-festa-dei-ceri\/"]}]},{"@type":"BreadcrumbList","@id":"https:\/\/www.parkhotelaicappuccini.it\/de\/gubbio-und-umbrien\/termine\/15-mai-festa-dei-ceri\/#breadcrumb","itemListElement":[{"@type":"ListItem","position":1,"name":"Home","item":"https:\/\/www.parkhotelaicappuccini.it\/de\/"},{"@type":"ListItem","position":2,"name":"Gubbio und Umbrien","item":"https:\/\/www.parkhotelaicappuccini.it\/de\/gubbio-und-umbrien\/"},{"@type":"ListItem","position":3,"name":"Termine","item":"https:\/\/www.parkhotelaicappuccini.it\/de\/gubbio-und-umbrien\/termine\/"},{"@type":"ListItem","position":4,"name":"15. Mai: Festa dei Ceri"}]},{"@type":"WebSite","@id":"https:\/\/www.parkhotelaicappuccini.it\/de\/#website","url":"https:\/\/www.parkhotelaicappuccini.it\/de\/","name":"Park Hotel Ai Cappuccini","description":"Just another ms.decms.eu site","potentialAction":[{"@type":"SearchAction","target":{"@type":"EntryPoint","urlTemplate":"https:\/\/www.parkhotelaicappuccini.it\/de\/?s={search_term_string}"},"query-input":{"@type":"PropertyValueSpecification","valueRequired":true,"valueName":"search_term_string"}}],"inLanguage":"de-DE"}]}},"acf":[],"_links":{"self":[{"href":"https:\/\/www.parkhotelaicappuccini.it\/de\/wp-json\/wp\/v2\/pages\/1689","targetHints":{"allow":["GET"]}}],"collection":[{"href":"https:\/\/www.parkhotelaicappuccini.it\/de\/wp-json\/wp\/v2\/pages"}],"about":[{"href":"https:\/\/www.parkhotelaicappuccini.it\/de\/wp-json\/wp\/v2\/types\/page"}],"author":[{"embeddable":true,"href":"https:\/\/www.parkhotelaicappuccini.it\/de\/wp-json\/wp\/v2\/users\/36"}],"replies":[{"embeddable":true,"href":"https:\/\/www.parkhotelaicappuccini.it\/de\/wp-json\/wp\/v2\/comments?post=1689"}],"version-history":[{"count":0,"href":"https:\/\/www.parkhotelaicappuccini.it\/de\/wp-json\/wp\/v2\/pages\/1689\/revisions"}],"up":[{"embeddable":true,"href":"https:\/\/www.parkhotelaicappuccini.it\/de\/wp-json\/wp\/v2\/pages\/1642"}],"wp:attachment":[{"href":"https:\/\/www.parkhotelaicappuccini.it\/de\/wp-json\/wp\/v2\/media?parent=1689"}],"curies":[{"name":"wp","href":"https:\/\/api.w.org\/{rel}","templated":true}]}}