{"id":1675,"date":"2022-01-14T08:50:08","date_gmt":"2022-01-14T08:50:08","guid":{"rendered":"https:\/\/park-hotel-ai-cappuccini.ms.decms.eu\/?page_id=1675"},"modified":"2022-01-14T08:50:08","modified_gmt":"2022-01-14T08:50:08","slug":"juli-august-sommersaison-klassischer-auffuehrungen-gubbio-summer-festival-gubbio-no-borders","status":"publish","type":"page","link":"https:\/\/www.parkhotelaicappuccini.it\/de\/gubbio-und-umbrien\/termine\/juli-august-sommersaison-klassischer-auffuehrungen-gubbio-summer-festival-gubbio-no-borders\/","title":{"rendered":"Juli\/August: Sommersaison klassischer Auff\u00fchrungen, Gubbio Summer Festival, Gubbio No Borders"},"content":{"rendered":"<p>Im prachtvollen Rahmen des R\u00f6mischen Theaters von Gubbio beginnt die Sommersaison klassischer Auff\u00fchrungen mit den gr\u00f6\u00dften Hauptdarstellern der italienischen Szene.<\/p>\n<p>Das Gubbio Summer Festival bietet Klassikkonzerte und Master Classes, die von weltber\u00fchmten Maestri geleitet werden, an. Gubbio no Borders bringt das Beste der Jazz Musik.<\/p>\n","protected":false},"excerpt":{"rendered":"<p>Im prachtvollen Rahmen des R\u00f6mischen Theaters von Gubbio beginnt die Sommersaison klassischer Auff\u00fchrungen mit den gr\u00f6\u00dften Hauptdarstellern der italienischen Szene. Das Gubbio Summer Festival bietet Klassikkonzerte und Master Classes, die von weltber\u00fchmten Maestri geleitet werden, an. Gubbio no Borders bringt das Beste der Jazz Musik.<\/p>\n","protected":false},"author":36,"featured_media":0,"parent":1642,"menu_order":15,"comment_status":"closed","ping_status":"closed","template":"template-default-3.php","meta":{"footnotes":""},"class_list":["post-1675","page","type-page","status-publish","hentry"],"yoast_head":"<!-- This site is optimized with the Yoast SEO plugin v26.9 - https:\/\/yoast.com\/product\/yoast-seo-wordpress\/ -->\n<title>Juli\/August: Sommersaison klassischer Auff\u00fchrungen, Gubbio Summer Festival, Gubbio No Borders - Park Hotel Ai Cappuccini -<\/title>\n<meta name=\"description\" content=\"Im prachtvollen Rahmen des R\u00f6mischen Theaters von Gubbio beginnt die Sommersaison klassischer Auff\u00fchrungen mit den gr\u00f6\u00dften Hauptdarstellern der italienischen Szene.  Das Gubbio Summer Festival bietet Klassikkonzerte und Master Classes, die von weltber\u00fchmten Maestri geleitet werden, an. Gubbio no Borders bringt das Beste der Jazz Musik.\" \/>\n<meta name=\"robots\" content=\"index, follow, max-snippet:-1, max-image-preview:large, max-video-preview:-1\" \/>\n<link rel=\"canonical\" href=\"https:\/\/www.parkhotelaicappuccini.it\/de\/gubbio-und-umbrien\/termine\/juli-august-sommersaison-klassischer-auffuehrungen-gubbio-summer-festival-gubbio-no-borders\/\" \/>\n<meta property=\"og:locale\" content=\"de_DE\" \/>\n<meta property=\"og:type\" content=\"article\" \/>\n<meta property=\"og:title\" content=\"Juli\/August: Sommersaison klassischer Auff\u00fchrungen, Gubbio Summer Festival, Gubbio No Borders - Park Hotel Ai Cappuccini -\" \/>\n<meta property=\"og:description\" content=\"Im prachtvollen Rahmen des R\u00f6mischen Theaters von Gubbio beginnt die Sommersaison klassischer Auff\u00fchrungen mit den gr\u00f6\u00dften Hauptdarstellern der italienischen Szene.  Das Gubbio Summer Festival bietet Klassikkonzerte und Master Classes, die von weltber\u00fchmten Maestri geleitet werden, an. Gubbio no Borders bringt das Beste der Jazz Musik.\" \/>\n<meta property=\"og:url\" content=\"https:\/\/www.parkhotelaicappuccini.it\/de\/gubbio-und-umbrien\/termine\/juli-august-sommersaison-klassischer-auffuehrungen-gubbio-summer-festival-gubbio-no-borders\/\" \/>\n<meta property=\"og:site_name\" content=\"Park Hotel Ai Cappuccini\" \/>\n<meta property=\"og:image\" content=\"https:\/\/www.parkhotelaicappuccini.it\/wp-content\/uploads\/sites\/385\/2021\/12\/Parco-Acque-6.jpg\" \/>\n\t<meta property=\"og:image:width\" content=\"1200\" \/>\n\t<meta property=\"og:image:height\" content=\"666\" \/>\n\t<meta property=\"og:image:type\" content=\"image\/jpeg\" \/>\n<meta name=\"twitter:card\" content=\"summary_large_image\" \/>\n<meta name=\"twitter:label1\" content=\"Gesch\u00e4tzte Lesezeit\" \/>\n\t<meta name=\"twitter:data1\" content=\"1 Minute\" \/>\n<script type=\"application\/ld+json\" class=\"yoast-schema-graph\">{\"@context\":\"https:\/\/schema.org\",\"@graph\":[{\"@type\":\"WebPage\",\"@id\":\"https:\/\/www.parkhotelaicappuccini.it\/de\/gubbio-und-umbrien\/termine\/juli-august-sommersaison-klassischer-auffuehrungen-gubbio-summer-festival-gubbio-no-borders\/\",\"url\":\"https:\/\/www.parkhotelaicappuccini.it\/de\/gubbio-und-umbrien\/termine\/juli-august-sommersaison-klassischer-auffuehrungen-gubbio-summer-festival-gubbio-no-borders\/\",\"name\":\"Juli\/August: Sommersaison klassischer Auff\u00fchrungen, Gubbio Summer Festival, Gubbio No Borders - Park Hotel Ai Cappuccini -\",\"isPartOf\":{\"@id\":\"https:\/\/www.parkhotelaicappuccini.it\/de\/#website\"},\"datePublished\":\"2022-01-14T08:50:08+00:00\",\"description\":\"Im prachtvollen Rahmen des R\u00f6mischen Theaters von Gubbio beginnt die Sommersaison klassischer Auff\u00fchrungen mit den gr\u00f6\u00dften Hauptdarstellern der italienischen Szene. Das Gubbio Summer Festival bietet Klassikkonzerte und Master Classes, die von weltber\u00fchmten Maestri geleitet werden, an. Gubbio no Borders bringt das Beste der Jazz Musik.\",\"breadcrumb\":{\"@id\":\"https:\/\/www.parkhotelaicappuccini.it\/de\/gubbio-und-umbrien\/termine\/juli-august-sommersaison-klassischer-auffuehrungen-gubbio-summer-festival-gubbio-no-borders\/#breadcrumb\"},\"inLanguage\":\"de-DE\",\"potentialAction\":[{\"@type\":\"ReadAction\",\"target\":[\"https:\/\/www.parkhotelaicappuccini.it\/de\/gubbio-und-umbrien\/termine\/juli-august-sommersaison-klassischer-auffuehrungen-gubbio-summer-festival-gubbio-no-borders\/\"]}]},{\"@type\":\"BreadcrumbList\",\"@id\":\"https:\/\/www.parkhotelaicappuccini.it\/de\/gubbio-und-umbrien\/termine\/juli-august-sommersaison-klassischer-auffuehrungen-gubbio-summer-festival-gubbio-no-borders\/#breadcrumb\",\"itemListElement\":[{\"@type\":\"ListItem\",\"position\":1,\"name\":\"Home\",\"item\":\"https:\/\/www.parkhotelaicappuccini.it\/de\/\"},{\"@type\":\"ListItem\",\"position\":2,\"name\":\"Gubbio und Umbrien\",\"item\":\"https:\/\/www.parkhotelaicappuccini.it\/de\/gubbio-und-umbrien\/\"},{\"@type\":\"ListItem\",\"position\":3,\"name\":\"Termine\",\"item\":\"https:\/\/www.parkhotelaicappuccini.it\/de\/gubbio-und-umbrien\/termine\/\"},{\"@type\":\"ListItem\",\"position\":4,\"name\":\"Juli\/August: Sommersaison klassischer Auff\u00fchrungen, Gubbio Summer Festival, Gubbio No Borders\"}]},{\"@type\":\"WebSite\",\"@id\":\"https:\/\/www.parkhotelaicappuccini.it\/de\/#website\",\"url\":\"https:\/\/www.parkhotelaicappuccini.it\/de\/\",\"name\":\"Park Hotel Ai Cappuccini\",\"description\":\"Just another ms.decms.eu site\",\"potentialAction\":[{\"@type\":\"SearchAction\",\"target\":{\"@type\":\"EntryPoint\",\"urlTemplate\":\"https:\/\/www.parkhotelaicappuccini.it\/de\/?s={search_term_string}\"},\"query-input\":{\"@type\":\"PropertyValueSpecification\",\"valueRequired\":true,\"valueName\":\"search_term_string\"}}],\"inLanguage\":\"de-DE\"}]}<\/script>\n<!-- \/ Yoast SEO plugin. -->","yoast_head_json":{"title":"Juli\/August: Sommersaison klassischer Auff\u00fchrungen, Gubbio Summer Festival, Gubbio No Borders - Park Hotel Ai Cappuccini -","description":"Im prachtvollen Rahmen des R\u00f6mischen Theaters von Gubbio beginnt die Sommersaison klassischer Auff\u00fchrungen mit den gr\u00f6\u00dften Hauptdarstellern der italienischen Szene.  Das Gubbio Summer Festival bietet Klassikkonzerte und Master Classes, die von weltber\u00fchmten Maestri geleitet werden, an. Gubbio no Borders bringt das Beste der Jazz Musik.","robots":{"index":"index","follow":"follow","max-snippet":"max-snippet:-1","max-image-preview":"max-image-preview:large","max-video-preview":"max-video-preview:-1"},"canonical":"https:\/\/www.parkhotelaicappuccini.it\/de\/gubbio-und-umbrien\/termine\/juli-august-sommersaison-klassischer-auffuehrungen-gubbio-summer-festival-gubbio-no-borders\/","og_locale":"de_DE","og_type":"article","og_title":"Juli\/August: Sommersaison klassischer Auff\u00fchrungen, Gubbio Summer Festival, Gubbio No Borders - Park Hotel Ai Cappuccini -","og_description":"Im prachtvollen Rahmen des R\u00f6mischen Theaters von Gubbio beginnt die Sommersaison klassischer Auff\u00fchrungen mit den gr\u00f6\u00dften Hauptdarstellern der italienischen Szene.  Das Gubbio Summer Festival bietet Klassikkonzerte und Master Classes, die von weltber\u00fchmten Maestri geleitet werden, an. Gubbio no Borders bringt das Beste der Jazz Musik.","og_url":"https:\/\/www.parkhotelaicappuccini.it\/de\/gubbio-und-umbrien\/termine\/juli-august-sommersaison-klassischer-auffuehrungen-gubbio-summer-festival-gubbio-no-borders\/","og_site_name":"Park Hotel Ai Cappuccini","og_image":[{"width":1200,"height":666,"url":"https:\/\/www.parkhotelaicappuccini.it\/wp-content\/uploads\/sites\/385\/2021\/12\/Parco-Acque-6.jpg","type":"image\/jpeg"}],"twitter_card":"summary_large_image","twitter_misc":{"Gesch\u00e4tzte Lesezeit":"1 Minute"},"schema":{"@context":"https:\/\/schema.org","@graph":[{"@type":"WebPage","@id":"https:\/\/www.parkhotelaicappuccini.it\/de\/gubbio-und-umbrien\/termine\/juli-august-sommersaison-klassischer-auffuehrungen-gubbio-summer-festival-gubbio-no-borders\/","url":"https:\/\/www.parkhotelaicappuccini.it\/de\/gubbio-und-umbrien\/termine\/juli-august-sommersaison-klassischer-auffuehrungen-gubbio-summer-festival-gubbio-no-borders\/","name":"Juli\/August: Sommersaison klassischer Auff\u00fchrungen, Gubbio Summer Festival, Gubbio No Borders - Park Hotel Ai Cappuccini -","isPartOf":{"@id":"https:\/\/www.parkhotelaicappuccini.it\/de\/#website"},"datePublished":"2022-01-14T08:50:08+00:00","description":"Im prachtvollen Rahmen des R\u00f6mischen Theaters von Gubbio beginnt die Sommersaison klassischer Auff\u00fchrungen mit den gr\u00f6\u00dften Hauptdarstellern der italienischen Szene. Das Gubbio Summer Festival bietet Klassikkonzerte und Master Classes, die von weltber\u00fchmten Maestri geleitet werden, an. Gubbio no Borders bringt das Beste der Jazz Musik.","breadcrumb":{"@id":"https:\/\/www.parkhotelaicappuccini.it\/de\/gubbio-und-umbrien\/termine\/juli-august-sommersaison-klassischer-auffuehrungen-gubbio-summer-festival-gubbio-no-borders\/#breadcrumb"},"inLanguage":"de-DE","potentialAction":[{"@type":"ReadAction","target":["https:\/\/www.parkhotelaicappuccini.it\/de\/gubbio-und-umbrien\/termine\/juli-august-sommersaison-klassischer-auffuehrungen-gubbio-summer-festival-gubbio-no-borders\/"]}]},{"@type":"BreadcrumbList","@id":"https:\/\/www.parkhotelaicappuccini.it\/de\/gubbio-und-umbrien\/termine\/juli-august-sommersaison-klassischer-auffuehrungen-gubbio-summer-festival-gubbio-no-borders\/#breadcrumb","itemListElement":[{"@type":"ListItem","position":1,"name":"Home","item":"https:\/\/www.parkhotelaicappuccini.it\/de\/"},{"@type":"ListItem","position":2,"name":"Gubbio und Umbrien","item":"https:\/\/www.parkhotelaicappuccini.it\/de\/gubbio-und-umbrien\/"},{"@type":"ListItem","position":3,"name":"Termine","item":"https:\/\/www.parkhotelaicappuccini.it\/de\/gubbio-und-umbrien\/termine\/"},{"@type":"ListItem","position":4,"name":"Juli\/August: Sommersaison klassischer Auff\u00fchrungen, Gubbio Summer Festival, Gubbio No Borders"}]},{"@type":"WebSite","@id":"https:\/\/www.parkhotelaicappuccini.it\/de\/#website","url":"https:\/\/www.parkhotelaicappuccini.it\/de\/","name":"Park Hotel Ai Cappuccini","description":"Just another ms.decms.eu site","potentialAction":[{"@type":"SearchAction","target":{"@type":"EntryPoint","urlTemplate":"https:\/\/www.parkhotelaicappuccini.it\/de\/?s={search_term_string}"},"query-input":{"@type":"PropertyValueSpecification","valueRequired":true,"valueName":"search_term_string"}}],"inLanguage":"de-DE"}]}},"acf":[],"_links":{"self":[{"href":"https:\/\/www.parkhotelaicappuccini.it\/de\/wp-json\/wp\/v2\/pages\/1675","targetHints":{"allow":["GET"]}}],"collection":[{"href":"https:\/\/www.parkhotelaicappuccini.it\/de\/wp-json\/wp\/v2\/pages"}],"about":[{"href":"https:\/\/www.parkhotelaicappuccini.it\/de\/wp-json\/wp\/v2\/types\/page"}],"author":[{"embeddable":true,"href":"https:\/\/www.parkhotelaicappuccini.it\/de\/wp-json\/wp\/v2\/users\/36"}],"replies":[{"embeddable":true,"href":"https:\/\/www.parkhotelaicappuccini.it\/de\/wp-json\/wp\/v2\/comments?post=1675"}],"version-history":[{"count":0,"href":"https:\/\/www.parkhotelaicappuccini.it\/de\/wp-json\/wp\/v2\/pages\/1675\/revisions"}],"up":[{"embeddable":true,"href":"https:\/\/www.parkhotelaicappuccini.it\/de\/wp-json\/wp\/v2\/pages\/1642"}],"wp:attachment":[{"href":"https:\/\/www.parkhotelaicappuccini.it\/de\/wp-json\/wp\/v2\/media?parent=1675"}],"curies":[{"name":"wp","href":"https:\/\/api.w.org\/{rel}","templated":true}]}}