{"id":1288,"date":"2022-01-10T11:12:16","date_gmt":"2022-01-10T11:12:16","guid":{"rendered":"https:\/\/park-hotel-ai-cappuccini.ms.decms.eu\/?page_id=1288"},"modified":"2022-01-10T11:12:16","modified_gmt":"2022-01-10T11:12:16","slug":"der-park","status":"publish","type":"page","link":"https:\/\/www.parkhotelaicappuccini.it\/de\/hotel\/der-park\/","title":{"rendered":"Der Park"},"content":{"rendered":"<p>Ziel der Restaurierungspl\u00e4ne war es, den Charakter des urspr\u00fcnglichen \u201ekl\u00f6sterlichen Komplexes\u201c hervorzuheben und den wesentlichen architektonischen Kern beizubehalten und so einen aufnahmef\u00e4higen Komplex zu schaffen, der in perfekter Harmonie mit der Umgebung steht, eingebettet in einen ausgedehnten Park mit jahrhundertealten B\u00e4umen und einem wundervollen Olivenhain.<\/p>\n<p>Der weitl\u00e4ufige Vorplatz \u00f6ffnet sich an der S\u00fcdfassade und steht f\u00fcr Buffets im Freien sowie f\u00fcr Entspannungstage zur Verf\u00fcgung und wird durch wertvolle Werke moderner Kunst bereichert, wie die &#8222;Fontana della Pace&#8220; ( Friedensbrunnen) von E. Abbozzo und die &#8222;Colonna del Viaggiatore&#8220; (S\u00e4ule des Reisenden) von A. Pomodoro.<\/p>\n","protected":false},"excerpt":{"rendered":"<p>Ziel der Restaurierungspl\u00e4ne war es, den Charakter des urspr\u00fcnglichen \u201ekl\u00f6sterlichen Komplexes\u201c hervorzuheben und den wesentlichen architektonischen Kern beizubehalten und so einen aufnahmef\u00e4higen Komplex zu schaffen, der in perfekter Harmonie mit der Umgebung steht, eingebettet in einen ausgedehnten Park mit jahrhundertealten B\u00e4umen und einem wundervollen Olivenhain. Der weitl\u00e4ufige Vorplatz \u00f6ffnet sich an der S\u00fcdfassade und steht [&hellip;]<\/p>\n","protected":false},"author":36,"featured_media":0,"parent":29,"menu_order":25,"comment_status":"closed","ping_status":"closed","template":"template-default-2.php","meta":{"footnotes":""},"class_list":["post-1288","page","type-page","status-publish","hentry"],"yoast_head":"<!-- This site is optimized with the Yoast SEO plugin v26.9 - https:\/\/yoast.com\/product\/yoast-seo-wordpress\/ -->\n<title>Der Park - Park Hotel Ai Cappuccini -<\/title>\n<meta name=\"description\" content=\"Ziel der Restaurierungspl\u00e4ne war es, den Charakter des urspr\u00fcnglichen \u201ekl\u00f6sterlichen Komplexes\u201c hervorzuheben und den wesentlichen architektonischen Kern beizubehalten und so einen aufnahmef\u00e4higen Komplex zu schaffen, der in perfekter Harmonie mit der Umgebung steht, eingebettet in einen ausgedehnten Park mit jahrhundertealten B\u00e4umen und einem wundervollen Olivenhain.  Der weitl\u00e4ufige Vorplatz \u00f6ffnet sich an der S\u00fcdfassade und steht f\u00fcr Buffets im Freien sowie f\u00fcr Entspannungstage zur Verf\u00fcgung und wird durch wertvolle Werke moderner Kunst bereichert, wie die &quot;Fontana della Pace&quot; ( Friedensbrunnen) von E. Abbozzo und die &quot;Colonna del Viaggiatore&quot; (S\u00e4ule des Reisenden) von A\" \/>\n<meta name=\"robots\" content=\"index, follow, max-snippet:-1, max-image-preview:large, max-video-preview:-1\" \/>\n<link rel=\"canonical\" href=\"https:\/\/www.parkhotelaicappuccini.it\/de\/hotel\/der-park\/\" \/>\n<meta property=\"og:locale\" content=\"de_DE\" \/>\n<meta property=\"og:type\" content=\"article\" \/>\n<meta property=\"og:title\" content=\"Der Park - Park Hotel Ai Cappuccini -\" \/>\n<meta property=\"og:description\" content=\"Ziel der Restaurierungspl\u00e4ne war es, den Charakter des urspr\u00fcnglichen \u201ekl\u00f6sterlichen Komplexes\u201c hervorzuheben und den wesentlichen architektonischen Kern beizubehalten und so einen aufnahmef\u00e4higen Komplex zu schaffen, der in perfekter Harmonie mit der Umgebung steht, eingebettet in einen ausgedehnten Park mit jahrhundertealten B\u00e4umen und einem wundervollen Olivenhain.  Der weitl\u00e4ufige Vorplatz \u00f6ffnet sich an der S\u00fcdfassade und steht f\u00fcr Buffets im Freien sowie f\u00fcr Entspannungstage zur Verf\u00fcgung und wird durch wertvolle Werke moderner Kunst bereichert, wie die &quot;Fontana della Pace&quot; ( Friedensbrunnen) von E. Abbozzo und die &quot;Colonna del Viaggiatore&quot; (S\u00e4ule des Reisenden) von A\" \/>\n<meta property=\"og:url\" content=\"https:\/\/www.parkhotelaicappuccini.it\/de\/hotel\/der-park\/\" \/>\n<meta property=\"og:site_name\" content=\"Park Hotel Ai Cappuccini\" \/>\n<meta property=\"og:image\" content=\"https:\/\/www.parkhotelaicappuccini.it\/wp-content\/uploads\/sites\/385\/2021\/12\/Parco-Acque-6.jpg\" \/>\n\t<meta property=\"og:image:width\" content=\"1200\" \/>\n\t<meta property=\"og:image:height\" content=\"666\" \/>\n\t<meta property=\"og:image:type\" content=\"image\/jpeg\" \/>\n<meta name=\"twitter:card\" content=\"summary_large_image\" \/>\n<meta name=\"twitter:label1\" content=\"Gesch\u00e4tzte Lesezeit\" \/>\n\t<meta name=\"twitter:data1\" content=\"1 Minute\" \/>\n<script type=\"application\/ld+json\" class=\"yoast-schema-graph\">{\"@context\":\"https:\/\/schema.org\",\"@graph\":[{\"@type\":\"WebPage\",\"@id\":\"https:\/\/www.parkhotelaicappuccini.it\/de\/hotel\/der-park\/\",\"url\":\"https:\/\/www.parkhotelaicappuccini.it\/de\/hotel\/der-park\/\",\"name\":\"Der Park - Park Hotel Ai Cappuccini -\",\"isPartOf\":{\"@id\":\"https:\/\/www.parkhotelaicappuccini.it\/de\/#website\"},\"datePublished\":\"2022-01-10T11:12:16+00:00\",\"description\":\"Ziel der Restaurierungspl\u00e4ne war es, den Charakter des urspr\u00fcnglichen \u201ekl\u00f6sterlichen Komplexes\u201c hervorzuheben und den wesentlichen architektonischen Kern beizubehalten und so einen aufnahmef\u00e4higen Komplex zu schaffen, der in perfekter Harmonie mit der Umgebung steht, eingebettet in einen ausgedehnten Park mit jahrhundertealten B\u00e4umen und einem wundervollen Olivenhain. Der weitl\u00e4ufige Vorplatz \u00f6ffnet sich an der S\u00fcdfassade und steht f\u00fcr Buffets im Freien sowie f\u00fcr Entspannungstage zur Verf\u00fcgung und wird durch wertvolle Werke moderner Kunst bereichert, wie die \\\"Fontana della Pace\\\" ( Friedensbrunnen) von E. Abbozzo und die \\\"Colonna del Viaggiatore\\\" (S\u00e4ule des Reisenden) von A\",\"breadcrumb\":{\"@id\":\"https:\/\/www.parkhotelaicappuccini.it\/de\/hotel\/der-park\/#breadcrumb\"},\"inLanguage\":\"de-DE\",\"potentialAction\":[{\"@type\":\"ReadAction\",\"target\":[\"https:\/\/www.parkhotelaicappuccini.it\/de\/hotel\/der-park\/\"]}]},{\"@type\":\"BreadcrumbList\",\"@id\":\"https:\/\/www.parkhotelaicappuccini.it\/de\/hotel\/der-park\/#breadcrumb\",\"itemListElement\":[{\"@type\":\"ListItem\",\"position\":1,\"name\":\"Home\",\"item\":\"https:\/\/www.parkhotelaicappuccini.it\/de\/\"},{\"@type\":\"ListItem\",\"position\":2,\"name\":\"Hotel\",\"item\":\"https:\/\/www.parkhotelaicappuccini.it\/de\/hotel\/\"},{\"@type\":\"ListItem\",\"position\":3,\"name\":\"Der Park\"}]},{\"@type\":\"WebSite\",\"@id\":\"https:\/\/www.parkhotelaicappuccini.it\/de\/#website\",\"url\":\"https:\/\/www.parkhotelaicappuccini.it\/de\/\",\"name\":\"Park Hotel Ai Cappuccini\",\"description\":\"Just another ms.decms.eu site\",\"potentialAction\":[{\"@type\":\"SearchAction\",\"target\":{\"@type\":\"EntryPoint\",\"urlTemplate\":\"https:\/\/www.parkhotelaicappuccini.it\/de\/?s={search_term_string}\"},\"query-input\":{\"@type\":\"PropertyValueSpecification\",\"valueRequired\":true,\"valueName\":\"search_term_string\"}}],\"inLanguage\":\"de-DE\"}]}<\/script>\n<!-- \/ Yoast SEO plugin. -->","yoast_head_json":{"title":"Der Park - Park Hotel Ai Cappuccini -","description":"Ziel der Restaurierungspl\u00e4ne war es, den Charakter des urspr\u00fcnglichen \u201ekl\u00f6sterlichen Komplexes\u201c hervorzuheben und den wesentlichen architektonischen Kern beizubehalten und so einen aufnahmef\u00e4higen Komplex zu schaffen, der in perfekter Harmonie mit der Umgebung steht, eingebettet in einen ausgedehnten Park mit jahrhundertealten B\u00e4umen und einem wundervollen Olivenhain.  Der weitl\u00e4ufige Vorplatz \u00f6ffnet sich an der S\u00fcdfassade und steht f\u00fcr Buffets im Freien sowie f\u00fcr Entspannungstage zur Verf\u00fcgung und wird durch wertvolle Werke moderner Kunst bereichert, wie die \"Fontana della Pace\" ( Friedensbrunnen) von E. Abbozzo und die \"Colonna del Viaggiatore\" (S\u00e4ule des Reisenden) von A","robots":{"index":"index","follow":"follow","max-snippet":"max-snippet:-1","max-image-preview":"max-image-preview:large","max-video-preview":"max-video-preview:-1"},"canonical":"https:\/\/www.parkhotelaicappuccini.it\/de\/hotel\/der-park\/","og_locale":"de_DE","og_type":"article","og_title":"Der Park - Park Hotel Ai Cappuccini -","og_description":"Ziel der Restaurierungspl\u00e4ne war es, den Charakter des urspr\u00fcnglichen \u201ekl\u00f6sterlichen Komplexes\u201c hervorzuheben und den wesentlichen architektonischen Kern beizubehalten und so einen aufnahmef\u00e4higen Komplex zu schaffen, der in perfekter Harmonie mit der Umgebung steht, eingebettet in einen ausgedehnten Park mit jahrhundertealten B\u00e4umen und einem wundervollen Olivenhain.  Der weitl\u00e4ufige Vorplatz \u00f6ffnet sich an der S\u00fcdfassade und steht f\u00fcr Buffets im Freien sowie f\u00fcr Entspannungstage zur Verf\u00fcgung und wird durch wertvolle Werke moderner Kunst bereichert, wie die \"Fontana della Pace\" ( Friedensbrunnen) von E. Abbozzo und die \"Colonna del Viaggiatore\" (S\u00e4ule des Reisenden) von A","og_url":"https:\/\/www.parkhotelaicappuccini.it\/de\/hotel\/der-park\/","og_site_name":"Park Hotel Ai Cappuccini","og_image":[{"width":1200,"height":666,"url":"https:\/\/www.parkhotelaicappuccini.it\/wp-content\/uploads\/sites\/385\/2021\/12\/Parco-Acque-6.jpg","type":"image\/jpeg"}],"twitter_card":"summary_large_image","twitter_misc":{"Gesch\u00e4tzte Lesezeit":"1 Minute"},"schema":{"@context":"https:\/\/schema.org","@graph":[{"@type":"WebPage","@id":"https:\/\/www.parkhotelaicappuccini.it\/de\/hotel\/der-park\/","url":"https:\/\/www.parkhotelaicappuccini.it\/de\/hotel\/der-park\/","name":"Der Park - Park Hotel Ai Cappuccini -","isPartOf":{"@id":"https:\/\/www.parkhotelaicappuccini.it\/de\/#website"},"datePublished":"2022-01-10T11:12:16+00:00","description":"Ziel der Restaurierungspl\u00e4ne war es, den Charakter des urspr\u00fcnglichen \u201ekl\u00f6sterlichen Komplexes\u201c hervorzuheben und den wesentlichen architektonischen Kern beizubehalten und so einen aufnahmef\u00e4higen Komplex zu schaffen, der in perfekter Harmonie mit der Umgebung steht, eingebettet in einen ausgedehnten Park mit jahrhundertealten B\u00e4umen und einem wundervollen Olivenhain. Der weitl\u00e4ufige Vorplatz \u00f6ffnet sich an der S\u00fcdfassade und steht f\u00fcr Buffets im Freien sowie f\u00fcr Entspannungstage zur Verf\u00fcgung und wird durch wertvolle Werke moderner Kunst bereichert, wie die \"Fontana della Pace\" ( Friedensbrunnen) von E. Abbozzo und die \"Colonna del Viaggiatore\" (S\u00e4ule des Reisenden) von A","breadcrumb":{"@id":"https:\/\/www.parkhotelaicappuccini.it\/de\/hotel\/der-park\/#breadcrumb"},"inLanguage":"de-DE","potentialAction":[{"@type":"ReadAction","target":["https:\/\/www.parkhotelaicappuccini.it\/de\/hotel\/der-park\/"]}]},{"@type":"BreadcrumbList","@id":"https:\/\/www.parkhotelaicappuccini.it\/de\/hotel\/der-park\/#breadcrumb","itemListElement":[{"@type":"ListItem","position":1,"name":"Home","item":"https:\/\/www.parkhotelaicappuccini.it\/de\/"},{"@type":"ListItem","position":2,"name":"Hotel","item":"https:\/\/www.parkhotelaicappuccini.it\/de\/hotel\/"},{"@type":"ListItem","position":3,"name":"Der Park"}]},{"@type":"WebSite","@id":"https:\/\/www.parkhotelaicappuccini.it\/de\/#website","url":"https:\/\/www.parkhotelaicappuccini.it\/de\/","name":"Park Hotel Ai Cappuccini","description":"Just another ms.decms.eu site","potentialAction":[{"@type":"SearchAction","target":{"@type":"EntryPoint","urlTemplate":"https:\/\/www.parkhotelaicappuccini.it\/de\/?s={search_term_string}"},"query-input":{"@type":"PropertyValueSpecification","valueRequired":true,"valueName":"search_term_string"}}],"inLanguage":"de-DE"}]}},"acf":[],"_links":{"self":[{"href":"https:\/\/www.parkhotelaicappuccini.it\/de\/wp-json\/wp\/v2\/pages\/1288","targetHints":{"allow":["GET"]}}],"collection":[{"href":"https:\/\/www.parkhotelaicappuccini.it\/de\/wp-json\/wp\/v2\/pages"}],"about":[{"href":"https:\/\/www.parkhotelaicappuccini.it\/de\/wp-json\/wp\/v2\/types\/page"}],"author":[{"embeddable":true,"href":"https:\/\/www.parkhotelaicappuccini.it\/de\/wp-json\/wp\/v2\/users\/36"}],"replies":[{"embeddable":true,"href":"https:\/\/www.parkhotelaicappuccini.it\/de\/wp-json\/wp\/v2\/comments?post=1288"}],"version-history":[{"count":0,"href":"https:\/\/www.parkhotelaicappuccini.it\/de\/wp-json\/wp\/v2\/pages\/1288\/revisions"}],"up":[{"embeddable":true,"href":"https:\/\/www.parkhotelaicappuccini.it\/de\/wp-json\/wp\/v2\/pages\/29"}],"wp:attachment":[{"href":"https:\/\/www.parkhotelaicappuccini.it\/de\/wp-json\/wp\/v2\/media?parent=1288"}],"curies":[{"name":"wp","href":"https:\/\/api.w.org\/{rel}","templated":true}]}}