{"id":1268,"date":"2022-01-10T10:49:46","date_gmt":"2022-01-10T10:49:46","guid":{"rendered":"https:\/\/park-hotel-ai-cappuccini.ms.decms.eu\/?page_id=1268"},"modified":"2022-01-10T10:49:46","modified_gmt":"2022-01-10T10:49:46","slug":"lobby-lounge","status":"publish","type":"page","link":"https:\/\/www.parkhotelaicappuccini.it\/de\/hotel\/lobby-lounge\/","title":{"rendered":"Lobby &#038; Lounge"},"content":{"rendered":"<p>Viel Platz f\u00fcr Begegnungen und Geselligkeit bieten die Innenr\u00e4ume des Park Hotel ai Cappuccini.<\/p>\n<p>Entspannende Umgebung f\u00fcr Gespr\u00e4che in der W\u00e4rme des Kaminfeuers, klassische und zeitgen\u00f6ssische Gem\u00e4lde von den gro\u00dfen Namen der italienischen Malerei wie Giulio Aristide Sartorio, Giuseppe Capogrossi, Arnaldo Pomodoro.<\/p>\n<p>Elegantes Ambiente, gem\u00fctliche Zimmer, tadelloses Service.<\/p>\n<p>All das ist das Park Hotel ai Cappuccini. Mit ein bisschen mehr: den kleinen Aufmerksamkeiten, die ein Hotel gro\u00df machen.<\/p>\n","protected":false},"excerpt":{"rendered":"<p>Viel Platz f\u00fcr Begegnungen und Geselligkeit bieten die Innenr\u00e4ume des Park Hotel ai Cappuccini. Entspannende Umgebung f\u00fcr Gespr\u00e4che in der W\u00e4rme des Kaminfeuers, klassische und zeitgen\u00f6ssische Gem\u00e4lde von den gro\u00dfen Namen der italienischen Malerei wie Giulio Aristide Sartorio, Giuseppe Capogrossi, Arnaldo Pomodoro. Elegantes Ambiente, gem\u00fctliche Zimmer, tadelloses Service. All das ist das Park Hotel ai [&hellip;]<\/p>\n","protected":false},"author":36,"featured_media":0,"parent":29,"menu_order":10,"comment_status":"closed","ping_status":"closed","template":"template-default-2.php","meta":{"footnotes":""},"class_list":["post-1268","page","type-page","status-publish","hentry"],"yoast_head":"<!-- This site is optimized with the Yoast SEO plugin v26.9 - https:\/\/yoast.com\/product\/yoast-seo-wordpress\/ -->\n<title>Lobby &amp; Lounge - Park Hotel Ai Cappuccini -<\/title>\n<meta name=\"description\" content=\"Viel Platz f\u00fcr Begegnungen und Geselligkeit bieten die Innenr\u00e4ume des Park Hotel ai Cappuccini.  Entspannende Umgebung f\u00fcr Gespr\u00e4che in der W\u00e4rme des Kaminfeuers, klassische und zeitgen\u00f6ssische Gem\u00e4lde von den gro\u00dfen Namen der italienischen Malerei wie Giulio Aristide Sartorio, Giuseppe Capogrossi, Arnaldo Pomodoro.  Elegantes Ambiente, gem\u00fctliche Zimmer, tadelloses Service.  All das ist das Park Hotel ai Cappuccini. Mit ein bisschen mehr: den kleinen Aufmerksamkeiten, die ein Hotel gro\u00df machen.\" \/>\n<meta name=\"robots\" content=\"index, follow, max-snippet:-1, max-image-preview:large, max-video-preview:-1\" \/>\n<link rel=\"canonical\" href=\"https:\/\/www.parkhotelaicappuccini.it\/de\/hotel\/lobby-lounge\/\" \/>\n<meta property=\"og:locale\" content=\"de_DE\" \/>\n<meta property=\"og:type\" content=\"article\" \/>\n<meta property=\"og:title\" content=\"Lobby &amp; Lounge - Park Hotel Ai Cappuccini -\" \/>\n<meta property=\"og:description\" content=\"Viel Platz f\u00fcr Begegnungen und Geselligkeit bieten die Innenr\u00e4ume des Park Hotel ai Cappuccini.  Entspannende Umgebung f\u00fcr Gespr\u00e4che in der W\u00e4rme des Kaminfeuers, klassische und zeitgen\u00f6ssische Gem\u00e4lde von den gro\u00dfen Namen der italienischen Malerei wie Giulio Aristide Sartorio, Giuseppe Capogrossi, Arnaldo Pomodoro.  Elegantes Ambiente, gem\u00fctliche Zimmer, tadelloses Service.  All das ist das Park Hotel ai Cappuccini. Mit ein bisschen mehr: den kleinen Aufmerksamkeiten, die ein Hotel gro\u00df machen.\" \/>\n<meta property=\"og:url\" content=\"https:\/\/www.parkhotelaicappuccini.it\/de\/hotel\/lobby-lounge\/\" \/>\n<meta property=\"og:site_name\" content=\"Park Hotel Ai Cappuccini\" \/>\n<meta property=\"og:image\" content=\"https:\/\/www.parkhotelaicappuccini.it\/wp-content\/uploads\/sites\/385\/2021\/12\/Parco-Acque-6.jpg\" \/>\n\t<meta property=\"og:image:width\" content=\"1200\" \/>\n\t<meta property=\"og:image:height\" content=\"666\" \/>\n\t<meta property=\"og:image:type\" content=\"image\/jpeg\" \/>\n<meta name=\"twitter:card\" content=\"summary_large_image\" \/>\n<meta name=\"twitter:label1\" content=\"Gesch\u00e4tzte Lesezeit\" \/>\n\t<meta name=\"twitter:data1\" content=\"1 Minute\" \/>\n<script type=\"application\/ld+json\" class=\"yoast-schema-graph\">{\"@context\":\"https:\/\/schema.org\",\"@graph\":[{\"@type\":\"WebPage\",\"@id\":\"https:\/\/www.parkhotelaicappuccini.it\/de\/hotel\/lobby-lounge\/\",\"url\":\"https:\/\/www.parkhotelaicappuccini.it\/de\/hotel\/lobby-lounge\/\",\"name\":\"Lobby & Lounge - Park Hotel Ai Cappuccini -\",\"isPartOf\":{\"@id\":\"https:\/\/www.parkhotelaicappuccini.it\/de\/#website\"},\"datePublished\":\"2022-01-10T10:49:46+00:00\",\"description\":\"Viel Platz f\u00fcr Begegnungen und Geselligkeit bieten die Innenr\u00e4ume des Park Hotel ai Cappuccini. Entspannende Umgebung f\u00fcr Gespr\u00e4che in der W\u00e4rme des Kaminfeuers, klassische und zeitgen\u00f6ssische Gem\u00e4lde von den gro\u00dfen Namen der italienischen Malerei wie Giulio Aristide Sartorio, Giuseppe Capogrossi, Arnaldo Pomodoro. Elegantes Ambiente, gem\u00fctliche Zimmer, tadelloses Service. All das ist das Park Hotel ai Cappuccini. Mit ein bisschen mehr: den kleinen Aufmerksamkeiten, die ein Hotel gro\u00df machen.\",\"breadcrumb\":{\"@id\":\"https:\/\/www.parkhotelaicappuccini.it\/de\/hotel\/lobby-lounge\/#breadcrumb\"},\"inLanguage\":\"de-DE\",\"potentialAction\":[{\"@type\":\"ReadAction\",\"target\":[\"https:\/\/www.parkhotelaicappuccini.it\/de\/hotel\/lobby-lounge\/\"]}]},{\"@type\":\"BreadcrumbList\",\"@id\":\"https:\/\/www.parkhotelaicappuccini.it\/de\/hotel\/lobby-lounge\/#breadcrumb\",\"itemListElement\":[{\"@type\":\"ListItem\",\"position\":1,\"name\":\"Home\",\"item\":\"https:\/\/www.parkhotelaicappuccini.it\/de\/\"},{\"@type\":\"ListItem\",\"position\":2,\"name\":\"Hotel\",\"item\":\"https:\/\/www.parkhotelaicappuccini.it\/de\/hotel\/\"},{\"@type\":\"ListItem\",\"position\":3,\"name\":\"Lobby &#038; Lounge\"}]},{\"@type\":\"WebSite\",\"@id\":\"https:\/\/www.parkhotelaicappuccini.it\/de\/#website\",\"url\":\"https:\/\/www.parkhotelaicappuccini.it\/de\/\",\"name\":\"Park Hotel Ai Cappuccini\",\"description\":\"Just another ms.decms.eu site\",\"potentialAction\":[{\"@type\":\"SearchAction\",\"target\":{\"@type\":\"EntryPoint\",\"urlTemplate\":\"https:\/\/www.parkhotelaicappuccini.it\/de\/?s={search_term_string}\"},\"query-input\":{\"@type\":\"PropertyValueSpecification\",\"valueRequired\":true,\"valueName\":\"search_term_string\"}}],\"inLanguage\":\"de-DE\"}]}<\/script>\n<!-- \/ Yoast SEO plugin. -->","yoast_head_json":{"title":"Lobby & Lounge - Park Hotel Ai Cappuccini -","description":"Viel Platz f\u00fcr Begegnungen und Geselligkeit bieten die Innenr\u00e4ume des Park Hotel ai Cappuccini.  Entspannende Umgebung f\u00fcr Gespr\u00e4che in der W\u00e4rme des Kaminfeuers, klassische und zeitgen\u00f6ssische Gem\u00e4lde von den gro\u00dfen Namen der italienischen Malerei wie Giulio Aristide Sartorio, Giuseppe Capogrossi, Arnaldo Pomodoro.  Elegantes Ambiente, gem\u00fctliche Zimmer, tadelloses Service.  All das ist das Park Hotel ai Cappuccini. Mit ein bisschen mehr: den kleinen Aufmerksamkeiten, die ein Hotel gro\u00df machen.","robots":{"index":"index","follow":"follow","max-snippet":"max-snippet:-1","max-image-preview":"max-image-preview:large","max-video-preview":"max-video-preview:-1"},"canonical":"https:\/\/www.parkhotelaicappuccini.it\/de\/hotel\/lobby-lounge\/","og_locale":"de_DE","og_type":"article","og_title":"Lobby & Lounge - Park Hotel Ai Cappuccini -","og_description":"Viel Platz f\u00fcr Begegnungen und Geselligkeit bieten die Innenr\u00e4ume des Park Hotel ai Cappuccini.  Entspannende Umgebung f\u00fcr Gespr\u00e4che in der W\u00e4rme des Kaminfeuers, klassische und zeitgen\u00f6ssische Gem\u00e4lde von den gro\u00dfen Namen der italienischen Malerei wie Giulio Aristide Sartorio, Giuseppe Capogrossi, Arnaldo Pomodoro.  Elegantes Ambiente, gem\u00fctliche Zimmer, tadelloses Service.  All das ist das Park Hotel ai Cappuccini. Mit ein bisschen mehr: den kleinen Aufmerksamkeiten, die ein Hotel gro\u00df machen.","og_url":"https:\/\/www.parkhotelaicappuccini.it\/de\/hotel\/lobby-lounge\/","og_site_name":"Park Hotel Ai Cappuccini","og_image":[{"width":1200,"height":666,"url":"https:\/\/www.parkhotelaicappuccini.it\/wp-content\/uploads\/sites\/385\/2021\/12\/Parco-Acque-6.jpg","type":"image\/jpeg"}],"twitter_card":"summary_large_image","twitter_misc":{"Gesch\u00e4tzte Lesezeit":"1 Minute"},"schema":{"@context":"https:\/\/schema.org","@graph":[{"@type":"WebPage","@id":"https:\/\/www.parkhotelaicappuccini.it\/de\/hotel\/lobby-lounge\/","url":"https:\/\/www.parkhotelaicappuccini.it\/de\/hotel\/lobby-lounge\/","name":"Lobby & Lounge - Park Hotel Ai Cappuccini -","isPartOf":{"@id":"https:\/\/www.parkhotelaicappuccini.it\/de\/#website"},"datePublished":"2022-01-10T10:49:46+00:00","description":"Viel Platz f\u00fcr Begegnungen und Geselligkeit bieten die Innenr\u00e4ume des Park Hotel ai Cappuccini. Entspannende Umgebung f\u00fcr Gespr\u00e4che in der W\u00e4rme des Kaminfeuers, klassische und zeitgen\u00f6ssische Gem\u00e4lde von den gro\u00dfen Namen der italienischen Malerei wie Giulio Aristide Sartorio, Giuseppe Capogrossi, Arnaldo Pomodoro. Elegantes Ambiente, gem\u00fctliche Zimmer, tadelloses Service. All das ist das Park Hotel ai Cappuccini. Mit ein bisschen mehr: den kleinen Aufmerksamkeiten, die ein Hotel gro\u00df machen.","breadcrumb":{"@id":"https:\/\/www.parkhotelaicappuccini.it\/de\/hotel\/lobby-lounge\/#breadcrumb"},"inLanguage":"de-DE","potentialAction":[{"@type":"ReadAction","target":["https:\/\/www.parkhotelaicappuccini.it\/de\/hotel\/lobby-lounge\/"]}]},{"@type":"BreadcrumbList","@id":"https:\/\/www.parkhotelaicappuccini.it\/de\/hotel\/lobby-lounge\/#breadcrumb","itemListElement":[{"@type":"ListItem","position":1,"name":"Home","item":"https:\/\/www.parkhotelaicappuccini.it\/de\/"},{"@type":"ListItem","position":2,"name":"Hotel","item":"https:\/\/www.parkhotelaicappuccini.it\/de\/hotel\/"},{"@type":"ListItem","position":3,"name":"Lobby &#038; Lounge"}]},{"@type":"WebSite","@id":"https:\/\/www.parkhotelaicappuccini.it\/de\/#website","url":"https:\/\/www.parkhotelaicappuccini.it\/de\/","name":"Park Hotel Ai Cappuccini","description":"Just another ms.decms.eu site","potentialAction":[{"@type":"SearchAction","target":{"@type":"EntryPoint","urlTemplate":"https:\/\/www.parkhotelaicappuccini.it\/de\/?s={search_term_string}"},"query-input":{"@type":"PropertyValueSpecification","valueRequired":true,"valueName":"search_term_string"}}],"inLanguage":"de-DE"}]}},"acf":[],"_links":{"self":[{"href":"https:\/\/www.parkhotelaicappuccini.it\/de\/wp-json\/wp\/v2\/pages\/1268","targetHints":{"allow":["GET"]}}],"collection":[{"href":"https:\/\/www.parkhotelaicappuccini.it\/de\/wp-json\/wp\/v2\/pages"}],"about":[{"href":"https:\/\/www.parkhotelaicappuccini.it\/de\/wp-json\/wp\/v2\/types\/page"}],"author":[{"embeddable":true,"href":"https:\/\/www.parkhotelaicappuccini.it\/de\/wp-json\/wp\/v2\/users\/36"}],"replies":[{"embeddable":true,"href":"https:\/\/www.parkhotelaicappuccini.it\/de\/wp-json\/wp\/v2\/comments?post=1268"}],"version-history":[{"count":0,"href":"https:\/\/www.parkhotelaicappuccini.it\/de\/wp-json\/wp\/v2\/pages\/1268\/revisions"}],"up":[{"embeddable":true,"href":"https:\/\/www.parkhotelaicappuccini.it\/de\/wp-json\/wp\/v2\/pages\/29"}],"wp:attachment":[{"href":"https:\/\/www.parkhotelaicappuccini.it\/de\/wp-json\/wp\/v2\/media?parent=1268"}],"curies":[{"name":"wp","href":"https:\/\/api.w.org\/{rel}","templated":true}]}}