{"id":1240,"date":"2022-01-10T08:22:19","date_gmt":"2022-01-10T08:22:19","guid":{"rendered":"https:\/\/park-hotel-ai-cappuccini.ms.decms.eu\/?page_id=1240"},"modified":"2022-01-10T08:22:19","modified_gmt":"2022-01-10T08:22:19","slug":"weinhandlung-la-cisterna","status":"publish","type":"page","link":"https:\/\/www.parkhotelaicappuccini.it\/de\/restaurant\/weinhandlung-la-cisterna\/","title":{"rendered":"Weinhandlung \u201eLa cisterna\u201c"},"content":{"rendered":"<p>In der alten Zisterne der Kapuziner, die zur Sammlung von Regenwasser genutzt wurde, befindet sich heute unsere Weinhandlung.<\/p>\n<p>Unsere G\u00e4ste k\u00f6nnen aus einem umfassenden Angebot an Weinen, Champagnersorten sowie dem Besten an lokalen Honigsorten, Marmeladen, Tr\u00fcffeln, Zerealien, Oliven\u00f6l, K\u00e4se- und Wurstsorten w\u00e4hlen.<\/p>\n","protected":false},"excerpt":{"rendered":"<p>In der alten Zisterne der Kapuziner, die zur Sammlung von Regenwasser genutzt wurde, befindet sich heute unsere Weinhandlung. Unsere G\u00e4ste k\u00f6nnen aus einem umfassenden Angebot an Weinen, Champagnersorten sowie dem Besten an lokalen Honigsorten, Marmeladen, Tr\u00fcffeln, Zerealien, Oliven\u00f6l, K\u00e4se- und Wurstsorten w\u00e4hlen.<\/p>\n","protected":false},"author":36,"featured_media":0,"parent":148,"menu_order":20,"comment_status":"closed","ping_status":"closed","template":"template-default-2.php","meta":{"footnotes":""},"class_list":["post-1240","page","type-page","status-publish","hentry"],"yoast_head":"<!-- This site is optimized with the Yoast SEO plugin v26.9 - https:\/\/yoast.com\/product\/yoast-seo-wordpress\/ -->\n<title>Weinhandlung \u201eLa cisterna\u201c - Park Hotel Ai Cappuccini -<\/title>\n<meta name=\"description\" content=\"In der alten Zisterne der Kapuziner, die zur Sammlung von Regenwasser genutzt wurde, befindet sich heute unsere Weinhandlung.  Unsere G\u00e4ste k\u00f6nnen aus einem umfassenden Angebot an Weinen, Champagnersorten sowie dem Besten an lokalen Honigsorten, Marmeladen, Tr\u00fcffeln, Zerealien, Oliven\u00f6l, K\u00e4se- und Wurstsorten w\u00e4hlen..\" \/>\n<meta name=\"robots\" content=\"index, follow, max-snippet:-1, max-image-preview:large, max-video-preview:-1\" \/>\n<link rel=\"canonical\" href=\"https:\/\/www.parkhotelaicappuccini.it\/de\/restaurant\/weinhandlung-la-cisterna\/\" \/>\n<meta property=\"og:locale\" content=\"de_DE\" \/>\n<meta property=\"og:type\" content=\"article\" \/>\n<meta property=\"og:title\" content=\"Weinhandlung \u201eLa cisterna\u201c - Park Hotel Ai Cappuccini -\" \/>\n<meta property=\"og:description\" content=\"In der alten Zisterne der Kapuziner, die zur Sammlung von Regenwasser genutzt wurde, befindet sich heute unsere Weinhandlung.  Unsere G\u00e4ste k\u00f6nnen aus einem umfassenden Angebot an Weinen, Champagnersorten sowie dem Besten an lokalen Honigsorten, Marmeladen, Tr\u00fcffeln, Zerealien, Oliven\u00f6l, K\u00e4se- und Wurstsorten w\u00e4hlen..\" \/>\n<meta property=\"og:url\" content=\"https:\/\/www.parkhotelaicappuccini.it\/de\/restaurant\/weinhandlung-la-cisterna\/\" \/>\n<meta property=\"og:site_name\" content=\"Park Hotel Ai Cappuccini\" \/>\n<meta property=\"og:image\" content=\"https:\/\/www.parkhotelaicappuccini.it\/wp-content\/uploads\/sites\/385\/2021\/12\/Parco-Acque-6.jpg\" \/>\n\t<meta property=\"og:image:width\" content=\"1200\" \/>\n\t<meta property=\"og:image:height\" content=\"666\" \/>\n\t<meta property=\"og:image:type\" content=\"image\/jpeg\" \/>\n<meta name=\"twitter:card\" content=\"summary_large_image\" \/>\n<script type=\"application\/ld+json\" class=\"yoast-schema-graph\">{\"@context\":\"https:\/\/schema.org\",\"@graph\":[{\"@type\":\"WebPage\",\"@id\":\"https:\/\/www.parkhotelaicappuccini.it\/de\/restaurant\/weinhandlung-la-cisterna\/\",\"url\":\"https:\/\/www.parkhotelaicappuccini.it\/de\/restaurant\/weinhandlung-la-cisterna\/\",\"name\":\"Weinhandlung \u201eLa cisterna\u201c - Park Hotel Ai Cappuccini -\",\"isPartOf\":{\"@id\":\"https:\/\/www.parkhotelaicappuccini.it\/de\/#website\"},\"datePublished\":\"2022-01-10T08:22:19+00:00\",\"description\":\"In der alten Zisterne der Kapuziner, die zur Sammlung von Regenwasser genutzt wurde, befindet sich heute unsere Weinhandlung. Unsere G\u00e4ste k\u00f6nnen aus einem umfassenden Angebot an Weinen, Champagnersorten sowie dem Besten an lokalen Honigsorten, Marmeladen, Tr\u00fcffeln, Zerealien, Oliven\u00f6l, K\u00e4se- und Wurstsorten w\u00e4hlen..\",\"breadcrumb\":{\"@id\":\"https:\/\/www.parkhotelaicappuccini.it\/de\/restaurant\/weinhandlung-la-cisterna\/#breadcrumb\"},\"inLanguage\":\"de-DE\",\"potentialAction\":[{\"@type\":\"ReadAction\",\"target\":[\"https:\/\/www.parkhotelaicappuccini.it\/de\/restaurant\/weinhandlung-la-cisterna\/\"]}]},{\"@type\":\"BreadcrumbList\",\"@id\":\"https:\/\/www.parkhotelaicappuccini.it\/de\/restaurant\/weinhandlung-la-cisterna\/#breadcrumb\",\"itemListElement\":[{\"@type\":\"ListItem\",\"position\":1,\"name\":\"Home\",\"item\":\"https:\/\/www.parkhotelaicappuccini.it\/de\/\"},{\"@type\":\"ListItem\",\"position\":2,\"name\":\"Restaurant\",\"item\":\"https:\/\/www.parkhotelaicappuccini.it\/de\/restaurant\/\"},{\"@type\":\"ListItem\",\"position\":3,\"name\":\"Weinhandlung \u201eLa cisterna\u201c\"}]},{\"@type\":\"WebSite\",\"@id\":\"https:\/\/www.parkhotelaicappuccini.it\/de\/#website\",\"url\":\"https:\/\/www.parkhotelaicappuccini.it\/de\/\",\"name\":\"Park Hotel Ai Cappuccini\",\"description\":\"Just another ms.decms.eu site\",\"potentialAction\":[{\"@type\":\"SearchAction\",\"target\":{\"@type\":\"EntryPoint\",\"urlTemplate\":\"https:\/\/www.parkhotelaicappuccini.it\/de\/?s={search_term_string}\"},\"query-input\":{\"@type\":\"PropertyValueSpecification\",\"valueRequired\":true,\"valueName\":\"search_term_string\"}}],\"inLanguage\":\"de-DE\"}]}<\/script>\n<!-- \/ Yoast SEO plugin. -->","yoast_head_json":{"title":"Weinhandlung \u201eLa cisterna\u201c - Park Hotel Ai Cappuccini -","description":"In der alten Zisterne der Kapuziner, die zur Sammlung von Regenwasser genutzt wurde, befindet sich heute unsere Weinhandlung.  Unsere G\u00e4ste k\u00f6nnen aus einem umfassenden Angebot an Weinen, Champagnersorten sowie dem Besten an lokalen Honigsorten, Marmeladen, Tr\u00fcffeln, Zerealien, Oliven\u00f6l, K\u00e4se- und Wurstsorten w\u00e4hlen..","robots":{"index":"index","follow":"follow","max-snippet":"max-snippet:-1","max-image-preview":"max-image-preview:large","max-video-preview":"max-video-preview:-1"},"canonical":"https:\/\/www.parkhotelaicappuccini.it\/de\/restaurant\/weinhandlung-la-cisterna\/","og_locale":"de_DE","og_type":"article","og_title":"Weinhandlung \u201eLa cisterna\u201c - Park Hotel Ai Cappuccini -","og_description":"In der alten Zisterne der Kapuziner, die zur Sammlung von Regenwasser genutzt wurde, befindet sich heute unsere Weinhandlung.  Unsere G\u00e4ste k\u00f6nnen aus einem umfassenden Angebot an Weinen, Champagnersorten sowie dem Besten an lokalen Honigsorten, Marmeladen, Tr\u00fcffeln, Zerealien, Oliven\u00f6l, K\u00e4se- und Wurstsorten w\u00e4hlen..","og_url":"https:\/\/www.parkhotelaicappuccini.it\/de\/restaurant\/weinhandlung-la-cisterna\/","og_site_name":"Park Hotel Ai Cappuccini","og_image":[{"width":1200,"height":666,"url":"https:\/\/www.parkhotelaicappuccini.it\/wp-content\/uploads\/sites\/385\/2021\/12\/Parco-Acque-6.jpg","type":"image\/jpeg"}],"twitter_card":"summary_large_image","schema":{"@context":"https:\/\/schema.org","@graph":[{"@type":"WebPage","@id":"https:\/\/www.parkhotelaicappuccini.it\/de\/restaurant\/weinhandlung-la-cisterna\/","url":"https:\/\/www.parkhotelaicappuccini.it\/de\/restaurant\/weinhandlung-la-cisterna\/","name":"Weinhandlung \u201eLa cisterna\u201c - Park Hotel Ai Cappuccini -","isPartOf":{"@id":"https:\/\/www.parkhotelaicappuccini.it\/de\/#website"},"datePublished":"2022-01-10T08:22:19+00:00","description":"In der alten Zisterne der Kapuziner, die zur Sammlung von Regenwasser genutzt wurde, befindet sich heute unsere Weinhandlung. Unsere G\u00e4ste k\u00f6nnen aus einem umfassenden Angebot an Weinen, Champagnersorten sowie dem Besten an lokalen Honigsorten, Marmeladen, Tr\u00fcffeln, Zerealien, Oliven\u00f6l, K\u00e4se- und Wurstsorten w\u00e4hlen..","breadcrumb":{"@id":"https:\/\/www.parkhotelaicappuccini.it\/de\/restaurant\/weinhandlung-la-cisterna\/#breadcrumb"},"inLanguage":"de-DE","potentialAction":[{"@type":"ReadAction","target":["https:\/\/www.parkhotelaicappuccini.it\/de\/restaurant\/weinhandlung-la-cisterna\/"]}]},{"@type":"BreadcrumbList","@id":"https:\/\/www.parkhotelaicappuccini.it\/de\/restaurant\/weinhandlung-la-cisterna\/#breadcrumb","itemListElement":[{"@type":"ListItem","position":1,"name":"Home","item":"https:\/\/www.parkhotelaicappuccini.it\/de\/"},{"@type":"ListItem","position":2,"name":"Restaurant","item":"https:\/\/www.parkhotelaicappuccini.it\/de\/restaurant\/"},{"@type":"ListItem","position":3,"name":"Weinhandlung \u201eLa cisterna\u201c"}]},{"@type":"WebSite","@id":"https:\/\/www.parkhotelaicappuccini.it\/de\/#website","url":"https:\/\/www.parkhotelaicappuccini.it\/de\/","name":"Park Hotel Ai Cappuccini","description":"Just another ms.decms.eu site","potentialAction":[{"@type":"SearchAction","target":{"@type":"EntryPoint","urlTemplate":"https:\/\/www.parkhotelaicappuccini.it\/de\/?s={search_term_string}"},"query-input":{"@type":"PropertyValueSpecification","valueRequired":true,"valueName":"search_term_string"}}],"inLanguage":"de-DE"}]}},"acf":[],"_links":{"self":[{"href":"https:\/\/www.parkhotelaicappuccini.it\/de\/wp-json\/wp\/v2\/pages\/1240","targetHints":{"allow":["GET"]}}],"collection":[{"href":"https:\/\/www.parkhotelaicappuccini.it\/de\/wp-json\/wp\/v2\/pages"}],"about":[{"href":"https:\/\/www.parkhotelaicappuccini.it\/de\/wp-json\/wp\/v2\/types\/page"}],"author":[{"embeddable":true,"href":"https:\/\/www.parkhotelaicappuccini.it\/de\/wp-json\/wp\/v2\/users\/36"}],"replies":[{"embeddable":true,"href":"https:\/\/www.parkhotelaicappuccini.it\/de\/wp-json\/wp\/v2\/comments?post=1240"}],"version-history":[{"count":0,"href":"https:\/\/www.parkhotelaicappuccini.it\/de\/wp-json\/wp\/v2\/pages\/1240\/revisions"}],"up":[{"embeddable":true,"href":"https:\/\/www.parkhotelaicappuccini.it\/de\/wp-json\/wp\/v2\/pages\/148"}],"wp:attachment":[{"href":"https:\/\/www.parkhotelaicappuccini.it\/de\/wp-json\/wp\/v2\/media?parent=1240"}],"curies":[{"name":"wp","href":"https:\/\/api.w.org\/{rel}","templated":true}]}}