{"id":1231,"date":"2022-01-07T14:54:10","date_gmt":"2022-01-07T14:54:10","guid":{"rendered":"https:\/\/park-hotel-ai-cappuccini.ms.decms.eu\/?page_id=1231"},"modified":"2022-01-07T14:54:10","modified_gmt":"2022-01-07T14:54:10","slug":"philosophie","status":"publish","type":"page","link":"https:\/\/www.parkhotelaicappuccini.it\/de\/marc-messegue\/philosophie\/","title":{"rendered":"Philosophie"},"content":{"rendered":"<p>Die dem Gedanken von Mess\u00e9gu\u00e9 zugrunde liegende Schl\u00fcsselidee beruht auf dem Verst\u00e4ndnis von Krankheiten und Pathologien nicht als einfache Probleme, die gel\u00f6st werden m\u00fcssen, sondern als Situationen des Unbehagens, denen die Person ausgesetzt ist und die folglich mit individuellen und exklusiven Therapien behandelt werden m\u00fcssen, wobei bei Bedarf auch die Schulmedizin mit einbezogen wird. Die gro\u00dfe Liebe Marcs zur unber\u00fchrten Natur Umbriens und die positiven Eigenschaften der Heilkr\u00e4uter bilden den roten Faden, durch den die Zusammenarbeit zwischen dem Park Hotel ai Cappuccini und Marc Mess\u00e9gu\u00e9 zu einer schicksalhaften Begegnung wird. In der mittelalterlichen Tradition der M\u00f6nche waren das Studium der Heilkr\u00e4uter und deren Anbau traditionelle T\u00e4tigkeiten, die notwendig waren zum Erhalt selbst des Klosters, das aus religi\u00f6sen Gr\u00fcnden vom sozialen Kontext isoliert war.<\/p>\n<p>In allen Kl\u00f6stern gab es einen hortus sanitatis, der besonderen M\u00f6nchen anvertraut war, die Heilpflanzen anbauten, aus denen die Medikamente zur Heilung der Kranken hergestellt wurden. Jahrhunderte sp\u00e4ter wird dieses uralte Wissen, das bereits im Cappuccini Wellness &amp; Spa ( wo neben Aveda-Behandlungen neue Heilmittel\u00a0 eingef\u00fchrt wurden, die aus den nat\u00fcrlichen Inhaltsstoffen des wiederbelebten hortus sanitatis des Klosters stammen) und in der Klosterapotheke Anwendung fand, nun durch das Therapieangebot mit dem Namen \u201cMarc Mess\u00e9gu\u00e9 im Cappuccini\u201d weiter bereichert. Mit dieser Wahl wollen wir die immer engere Verbindung mit der Umgebung und seinen M\u00f6glichkeiten hervorheben, die die ganzheitlichen Methoden des Park Hotel ai Cappuccini absolut einzigartig auf der Welt macht.<\/p>\n","protected":false},"excerpt":{"rendered":"<p>Die dem Gedanken von Mess\u00e9gu\u00e9 zugrunde liegende Schl\u00fcsselidee beruht auf dem Verst\u00e4ndnis von Krankheiten und Pathologien nicht als einfache Probleme, die gel\u00f6st werden m\u00fcssen, sondern als Situationen des Unbehagens, denen die Person ausgesetzt ist und die folglich mit individuellen und exklusiven Therapien behandelt werden m\u00fcssen, wobei bei Bedarf auch die Schulmedizin mit einbezogen wird. Die [&hellip;]<\/p>\n","protected":false},"author":36,"featured_media":0,"parent":732,"menu_order":15,"comment_status":"closed","ping_status":"closed","template":"template-default-3.php","meta":{"footnotes":""},"class_list":["post-1231","page","type-page","status-publish","hentry"],"yoast_head":"<!-- This site is optimized with the Yoast SEO plugin v26.9 - https:\/\/yoast.com\/product\/yoast-seo-wordpress\/ -->\n<title>Philosophie - Park Hotel Ai Cappuccini -<\/title>\n<meta name=\"description\" content=\"Die dem Gedanken von Mess\u00e9gu\u00e9 zugrunde liegende Schl\u00fcsselidee beruht auf dem Verst\u00e4ndnis von Krankheiten und Pathologien nicht als einfache Probleme, die gel\u00f6st werden m\u00fcssen, sondern als Situationen des Unbehagens, denen die Person ausgesetzt ist und die folglich mit individuellen und exklusiven Therapien behandelt werden m\u00fcssen, wobei bei Bedarf auch die Schulmedizin mit einbezogen wird. Die gro\u00dfe Liebe Marcs zur unber\u00fchrten Natur Umbriens und die positiven Eigenschaften der Heilkr\u00e4uter bilden den roten Faden, durch den die Zusammenarbeit zwischen dem Park Hotel ai Cappuccini und Marc Mess\u00e9gu\u00e9 zu einer schicksalhaften Begegnung wird\" \/>\n<meta name=\"robots\" content=\"index, follow, max-snippet:-1, max-image-preview:large, max-video-preview:-1\" \/>\n<link rel=\"canonical\" href=\"https:\/\/www.parkhotelaicappuccini.it\/de\/marc-messegue\/philosophie\/\" \/>\n<meta property=\"og:locale\" content=\"de_DE\" \/>\n<meta property=\"og:type\" content=\"article\" \/>\n<meta property=\"og:title\" content=\"Philosophie - Park Hotel Ai Cappuccini -\" \/>\n<meta property=\"og:description\" content=\"Die dem Gedanken von Mess\u00e9gu\u00e9 zugrunde liegende Schl\u00fcsselidee beruht auf dem Verst\u00e4ndnis von Krankheiten und Pathologien nicht als einfache Probleme, die gel\u00f6st werden m\u00fcssen, sondern als Situationen des Unbehagens, denen die Person ausgesetzt ist und die folglich mit individuellen und exklusiven Therapien behandelt werden m\u00fcssen, wobei bei Bedarf auch die Schulmedizin mit einbezogen wird. Die gro\u00dfe Liebe Marcs zur unber\u00fchrten Natur Umbriens und die positiven Eigenschaften der Heilkr\u00e4uter bilden den roten Faden, durch den die Zusammenarbeit zwischen dem Park Hotel ai Cappuccini und Marc Mess\u00e9gu\u00e9 zu einer schicksalhaften Begegnung wird\" \/>\n<meta property=\"og:url\" content=\"https:\/\/www.parkhotelaicappuccini.it\/de\/marc-messegue\/philosophie\/\" \/>\n<meta property=\"og:site_name\" content=\"Park Hotel Ai Cappuccini\" \/>\n<meta property=\"og:image\" content=\"https:\/\/www.parkhotelaicappuccini.it\/wp-content\/uploads\/sites\/385\/2021\/12\/Parco-Acque-6.jpg\" \/>\n\t<meta property=\"og:image:width\" content=\"1200\" \/>\n\t<meta property=\"og:image:height\" content=\"666\" \/>\n\t<meta property=\"og:image:type\" content=\"image\/jpeg\" \/>\n<meta name=\"twitter:card\" content=\"summary_large_image\" \/>\n<meta name=\"twitter:label1\" content=\"Gesch\u00e4tzte Lesezeit\" \/>\n\t<meta name=\"twitter:data1\" content=\"2 Minuten\" \/>\n<script type=\"application\/ld+json\" class=\"yoast-schema-graph\">{\"@context\":\"https:\/\/schema.org\",\"@graph\":[{\"@type\":\"WebPage\",\"@id\":\"https:\/\/www.parkhotelaicappuccini.it\/de\/marc-messegue\/philosophie\/\",\"url\":\"https:\/\/www.parkhotelaicappuccini.it\/de\/marc-messegue\/philosophie\/\",\"name\":\"Philosophie - Park Hotel Ai Cappuccini -\",\"isPartOf\":{\"@id\":\"https:\/\/www.parkhotelaicappuccini.it\/de\/#website\"},\"datePublished\":\"2022-01-07T14:54:10+00:00\",\"description\":\"Die dem Gedanken von Mess\u00e9gu\u00e9 zugrunde liegende Schl\u00fcsselidee beruht auf dem Verst\u00e4ndnis von Krankheiten und Pathologien nicht als einfache Probleme, die gel\u00f6st werden m\u00fcssen, sondern als Situationen des Unbehagens, denen die Person ausgesetzt ist und die folglich mit individuellen und exklusiven Therapien behandelt werden m\u00fcssen, wobei bei Bedarf auch die Schulmedizin mit einbezogen wird. Die gro\u00dfe Liebe Marcs zur unber\u00fchrten Natur Umbriens und die positiven Eigenschaften der Heilkr\u00e4uter bilden den roten Faden, durch den die Zusammenarbeit zwischen dem Park Hotel ai Cappuccini und Marc Mess\u00e9gu\u00e9 zu einer schicksalhaften Begegnung wird\",\"breadcrumb\":{\"@id\":\"https:\/\/www.parkhotelaicappuccini.it\/de\/marc-messegue\/philosophie\/#breadcrumb\"},\"inLanguage\":\"de-DE\",\"potentialAction\":[{\"@type\":\"ReadAction\",\"target\":[\"https:\/\/www.parkhotelaicappuccini.it\/de\/marc-messegue\/philosophie\/\"]}]},{\"@type\":\"BreadcrumbList\",\"@id\":\"https:\/\/www.parkhotelaicappuccini.it\/de\/marc-messegue\/philosophie\/#breadcrumb\",\"itemListElement\":[{\"@type\":\"ListItem\",\"position\":1,\"name\":\"Home\",\"item\":\"https:\/\/www.parkhotelaicappuccini.it\/de\/\"},{\"@type\":\"ListItem\",\"position\":2,\"name\":\"Marc Mess\u00e9gu\u00e9\",\"item\":\"https:\/\/www.parkhotelaicappuccini.it\/de\/marc-messegue\/\"},{\"@type\":\"ListItem\",\"position\":3,\"name\":\"Philosophie\"}]},{\"@type\":\"WebSite\",\"@id\":\"https:\/\/www.parkhotelaicappuccini.it\/de\/#website\",\"url\":\"https:\/\/www.parkhotelaicappuccini.it\/de\/\",\"name\":\"Park Hotel Ai Cappuccini\",\"description\":\"Just another ms.decms.eu site\",\"potentialAction\":[{\"@type\":\"SearchAction\",\"target\":{\"@type\":\"EntryPoint\",\"urlTemplate\":\"https:\/\/www.parkhotelaicappuccini.it\/de\/?s={search_term_string}\"},\"query-input\":{\"@type\":\"PropertyValueSpecification\",\"valueRequired\":true,\"valueName\":\"search_term_string\"}}],\"inLanguage\":\"de-DE\"}]}<\/script>\n<!-- \/ Yoast SEO plugin. -->","yoast_head_json":{"title":"Philosophie - Park Hotel Ai Cappuccini -","description":"Die dem Gedanken von Mess\u00e9gu\u00e9 zugrunde liegende Schl\u00fcsselidee beruht auf dem Verst\u00e4ndnis von Krankheiten und Pathologien nicht als einfache Probleme, die gel\u00f6st werden m\u00fcssen, sondern als Situationen des Unbehagens, denen die Person ausgesetzt ist und die folglich mit individuellen und exklusiven Therapien behandelt werden m\u00fcssen, wobei bei Bedarf auch die Schulmedizin mit einbezogen wird. Die gro\u00dfe Liebe Marcs zur unber\u00fchrten Natur Umbriens und die positiven Eigenschaften der Heilkr\u00e4uter bilden den roten Faden, durch den die Zusammenarbeit zwischen dem Park Hotel ai Cappuccini und Marc Mess\u00e9gu\u00e9 zu einer schicksalhaften Begegnung wird","robots":{"index":"index","follow":"follow","max-snippet":"max-snippet:-1","max-image-preview":"max-image-preview:large","max-video-preview":"max-video-preview:-1"},"canonical":"https:\/\/www.parkhotelaicappuccini.it\/de\/marc-messegue\/philosophie\/","og_locale":"de_DE","og_type":"article","og_title":"Philosophie - Park Hotel Ai Cappuccini -","og_description":"Die dem Gedanken von Mess\u00e9gu\u00e9 zugrunde liegende Schl\u00fcsselidee beruht auf dem Verst\u00e4ndnis von Krankheiten und Pathologien nicht als einfache Probleme, die gel\u00f6st werden m\u00fcssen, sondern als Situationen des Unbehagens, denen die Person ausgesetzt ist und die folglich mit individuellen und exklusiven Therapien behandelt werden m\u00fcssen, wobei bei Bedarf auch die Schulmedizin mit einbezogen wird. Die gro\u00dfe Liebe Marcs zur unber\u00fchrten Natur Umbriens und die positiven Eigenschaften der Heilkr\u00e4uter bilden den roten Faden, durch den die Zusammenarbeit zwischen dem Park Hotel ai Cappuccini und Marc Mess\u00e9gu\u00e9 zu einer schicksalhaften Begegnung wird","og_url":"https:\/\/www.parkhotelaicappuccini.it\/de\/marc-messegue\/philosophie\/","og_site_name":"Park Hotel Ai Cappuccini","og_image":[{"width":1200,"height":666,"url":"https:\/\/www.parkhotelaicappuccini.it\/wp-content\/uploads\/sites\/385\/2021\/12\/Parco-Acque-6.jpg","type":"image\/jpeg"}],"twitter_card":"summary_large_image","twitter_misc":{"Gesch\u00e4tzte Lesezeit":"2 Minuten"},"schema":{"@context":"https:\/\/schema.org","@graph":[{"@type":"WebPage","@id":"https:\/\/www.parkhotelaicappuccini.it\/de\/marc-messegue\/philosophie\/","url":"https:\/\/www.parkhotelaicappuccini.it\/de\/marc-messegue\/philosophie\/","name":"Philosophie - Park Hotel Ai Cappuccini -","isPartOf":{"@id":"https:\/\/www.parkhotelaicappuccini.it\/de\/#website"},"datePublished":"2022-01-07T14:54:10+00:00","description":"Die dem Gedanken von Mess\u00e9gu\u00e9 zugrunde liegende Schl\u00fcsselidee beruht auf dem Verst\u00e4ndnis von Krankheiten und Pathologien nicht als einfache Probleme, die gel\u00f6st werden m\u00fcssen, sondern als Situationen des Unbehagens, denen die Person ausgesetzt ist und die folglich mit individuellen und exklusiven Therapien behandelt werden m\u00fcssen, wobei bei Bedarf auch die Schulmedizin mit einbezogen wird. Die gro\u00dfe Liebe Marcs zur unber\u00fchrten Natur Umbriens und die positiven Eigenschaften der Heilkr\u00e4uter bilden den roten Faden, durch den die Zusammenarbeit zwischen dem Park Hotel ai Cappuccini und Marc Mess\u00e9gu\u00e9 zu einer schicksalhaften Begegnung wird","breadcrumb":{"@id":"https:\/\/www.parkhotelaicappuccini.it\/de\/marc-messegue\/philosophie\/#breadcrumb"},"inLanguage":"de-DE","potentialAction":[{"@type":"ReadAction","target":["https:\/\/www.parkhotelaicappuccini.it\/de\/marc-messegue\/philosophie\/"]}]},{"@type":"BreadcrumbList","@id":"https:\/\/www.parkhotelaicappuccini.it\/de\/marc-messegue\/philosophie\/#breadcrumb","itemListElement":[{"@type":"ListItem","position":1,"name":"Home","item":"https:\/\/www.parkhotelaicappuccini.it\/de\/"},{"@type":"ListItem","position":2,"name":"Marc Mess\u00e9gu\u00e9","item":"https:\/\/www.parkhotelaicappuccini.it\/de\/marc-messegue\/"},{"@type":"ListItem","position":3,"name":"Philosophie"}]},{"@type":"WebSite","@id":"https:\/\/www.parkhotelaicappuccini.it\/de\/#website","url":"https:\/\/www.parkhotelaicappuccini.it\/de\/","name":"Park Hotel Ai Cappuccini","description":"Just another ms.decms.eu site","potentialAction":[{"@type":"SearchAction","target":{"@type":"EntryPoint","urlTemplate":"https:\/\/www.parkhotelaicappuccini.it\/de\/?s={search_term_string}"},"query-input":{"@type":"PropertyValueSpecification","valueRequired":true,"valueName":"search_term_string"}}],"inLanguage":"de-DE"}]}},"acf":[],"_links":{"self":[{"href":"https:\/\/www.parkhotelaicappuccini.it\/de\/wp-json\/wp\/v2\/pages\/1231","targetHints":{"allow":["GET"]}}],"collection":[{"href":"https:\/\/www.parkhotelaicappuccini.it\/de\/wp-json\/wp\/v2\/pages"}],"about":[{"href":"https:\/\/www.parkhotelaicappuccini.it\/de\/wp-json\/wp\/v2\/types\/page"}],"author":[{"embeddable":true,"href":"https:\/\/www.parkhotelaicappuccini.it\/de\/wp-json\/wp\/v2\/users\/36"}],"replies":[{"embeddable":true,"href":"https:\/\/www.parkhotelaicappuccini.it\/de\/wp-json\/wp\/v2\/comments?post=1231"}],"version-history":[{"count":0,"href":"https:\/\/www.parkhotelaicappuccini.it\/de\/wp-json\/wp\/v2\/pages\/1231\/revisions"}],"up":[{"embeddable":true,"href":"https:\/\/www.parkhotelaicappuccini.it\/de\/wp-json\/wp\/v2\/pages\/732"}],"wp:attachment":[{"href":"https:\/\/www.parkhotelaicappuccini.it\/de\/wp-json\/wp\/v2\/media?parent=1231"}],"curies":[{"name":"wp","href":"https:\/\/api.w.org\/{rel}","templated":true}]}}