{"id":118,"date":"2021-12-15T10:04:12","date_gmt":"2021-12-15T10:04:12","guid":{"rendered":"https:\/\/park-hotel-ai-cappuccini.ms.decms.eu\/?page_id=118"},"modified":"2025-11-26T08:54:34","modified_gmt":"2025-11-26T08:54:34","slug":"deluxe-doppel","status":"publish","type":"page","link":"https:\/\/www.parkhotelaicappuccini.it\/de\/zimmer\/deluxe-doppel\/","title":{"rendered":"Deluxe Doppel"},"content":{"rendered":"<p>Deluxe-Zimmer im antiken Teil des alten Klosters oder im geschickt gebauten neuen Teil des Hotels mit modernen und antiken M\u00f6beln.<\/p>\n<p>24\/32 sqm.<\/p>\n<p><strong>Belegung<\/strong><br \/>\n2 Personen (2 Erwachsene, 1 Kind)<\/p>\n<p><strong>Numerische Ausstattungen<\/strong><br \/>\nPay-TV, Satelliten-TV, TV, Radio, LCD-\/Plasma-Bildschirm, Kostenloses WLAN, Kostenloser Internetzugang<\/p>\n<p><strong>F\u00fcr Ihren Komfort<\/strong><br \/>\nMinisafe, VIP-Ausstattung, Parkplatz, B\u00fcgeleisen und B\u00fcgelbrett (Auf Anfrage), Schreibtisch, Hausschuhe, Parkett, Haustiere erlaubt, In Room Safe, Non-smoking rooms available, Smoking rooms available<\/p>\n<p><strong>Schlafm\u00f6glichkeiten<\/strong><br \/>\nDoppel<\/p>\n","protected":false},"excerpt":{"rendered":"<p>Deluxe-Zimmer im antiken Teil des alten Klosters oder im geschickt gebauten neuen Teil des Hotels mit modernen und antiken M\u00f6beln. 24\/32 sqm. Belegung 2 Personen (2 Erwachsene, 1 Kind) Numerische Ausstattungen Pay-TV, Satelliten-TV, TV, Radio, LCD-\/Plasma-Bildschirm, Kostenloses WLAN, Kostenloser Internetzugang F\u00fcr Ihren Komfort Minisafe, VIP-Ausstattung, Parkplatz, B\u00fcgeleisen und B\u00fcgelbrett (Auf Anfrage), Schreibtisch, Hausschuhe, Parkett, Haustiere [&hellip;]<\/p>\n","protected":false},"author":36,"featured_media":0,"parent":44,"menu_order":25,"comment_status":"closed","ping_status":"closed","template":"template-single-room.php","meta":{"footnotes":""},"class_list":["post-118","page","type-page","status-publish","hentry"],"yoast_head":"<!-- This site is optimized with the Yoast SEO plugin v26.9 - https:\/\/yoast.com\/product\/yoast-seo-wordpress\/ -->\n<title>Deluxe Doppel - Park Hotel Ai Cappuccini -<\/title>\n<meta name=\"description\" content=\"Deluxe-Zimmer im antiken Teil des alten Klosters oder im geschickt gebauten neuen Teil des Hotels mit modernen und antiken M\u00f6beln.  24\/32 sqm.  Belegung 2 Personen (2 Erwachsene, 1 Kind)  Numerische Ausstattungen Pay-TV, Satelliten-TV, TV, Radio, LCD-\/Plasma-Bildschirm, Kostenloses WLAN, Kostenloser Internetzugang  F\u00fcr Ihren Komfort Minisafe, VIP-Ausstattung, Parkplatz, B\u00fcgeleisen und B\u00fcgelbrett (Auf Anfrage), Schreibtisch, Hausschuhe, Parkett, Haustiere erlaubt, In Room Safe, Non-smoking rooms available, Smoking rooms available  Schlafm\u00f6glichkeiten Doppel.\" \/>\n<meta name=\"robots\" content=\"index, follow, max-snippet:-1, max-image-preview:large, max-video-preview:-1\" \/>\n<link rel=\"canonical\" href=\"https:\/\/www.parkhotelaicappuccini.it\/de\/zimmer\/deluxe-doppel\/\" \/>\n<meta property=\"og:locale\" content=\"de_DE\" \/>\n<meta property=\"og:type\" content=\"article\" \/>\n<meta property=\"og:title\" content=\"Deluxe Doppel - Park Hotel Ai Cappuccini -\" \/>\n<meta property=\"og:description\" content=\"Deluxe-Zimmer im antiken Teil des alten Klosters oder im geschickt gebauten neuen Teil des Hotels mit modernen und antiken M\u00f6beln.  24\/32 sqm.  Belegung 2 Personen (2 Erwachsene, 1 Kind)  Numerische Ausstattungen Pay-TV, Satelliten-TV, TV, Radio, LCD-\/Plasma-Bildschirm, Kostenloses WLAN, Kostenloser Internetzugang  F\u00fcr Ihren Komfort Minisafe, VIP-Ausstattung, Parkplatz, B\u00fcgeleisen und B\u00fcgelbrett (Auf Anfrage), Schreibtisch, Hausschuhe, Parkett, Haustiere erlaubt, In Room Safe, Non-smoking rooms available, Smoking rooms available  Schlafm\u00f6glichkeiten Doppel.\" \/>\n<meta property=\"og:url\" content=\"https:\/\/www.parkhotelaicappuccini.it\/de\/zimmer\/deluxe-doppel\/\" \/>\n<meta property=\"og:site_name\" content=\"Park Hotel Ai Cappuccini\" \/>\n<meta property=\"article:modified_time\" content=\"2025-11-26T08:54:34+00:00\" \/>\n<meta property=\"og:image\" content=\"https:\/\/www.parkhotelaicappuccini.it\/wp-content\/uploads\/sites\/385\/2021\/12\/Parco-Acque-6.jpg\" \/>\n\t<meta property=\"og:image:width\" content=\"1200\" \/>\n\t<meta property=\"og:image:height\" content=\"666\" \/>\n\t<meta property=\"og:image:type\" content=\"image\/jpeg\" \/>\n<meta name=\"twitter:card\" content=\"summary_large_image\" \/>\n<meta name=\"twitter:label1\" content=\"Gesch\u00e4tzte Lesezeit\" \/>\n\t<meta name=\"twitter:data1\" content=\"1 Minute\" \/>\n<script type=\"application\/ld+json\" class=\"yoast-schema-graph\">{\"@context\":\"https:\/\/schema.org\",\"@graph\":[{\"@type\":\"WebPage\",\"@id\":\"https:\/\/www.parkhotelaicappuccini.it\/de\/zimmer\/deluxe-doppel\/\",\"url\":\"https:\/\/www.parkhotelaicappuccini.it\/de\/zimmer\/deluxe-doppel\/\",\"name\":\"Deluxe Doppel - Park Hotel Ai Cappuccini -\",\"isPartOf\":{\"@id\":\"https:\/\/www.parkhotelaicappuccini.it\/de\/#website\"},\"datePublished\":\"2021-12-15T10:04:12+00:00\",\"dateModified\":\"2025-11-26T08:54:34+00:00\",\"description\":\"Deluxe-Zimmer im antiken Teil des alten Klosters oder im geschickt gebauten neuen Teil des Hotels mit modernen und antiken M\u00f6beln. 24\/32 sqm. Belegung 2 Personen (2 Erwachsene, 1 Kind) Numerische Ausstattungen Pay-TV, Satelliten-TV, TV, Radio, LCD-\/Plasma-Bildschirm, Kostenloses WLAN, Kostenloser Internetzugang F\u00fcr Ihren Komfort Minisafe, VIP-Ausstattung, Parkplatz, B\u00fcgeleisen und B\u00fcgelbrett (Auf Anfrage), Schreibtisch, Hausschuhe, Parkett, Haustiere erlaubt, In Room Safe, Non-smoking rooms available, Smoking rooms available Schlafm\u00f6glichkeiten Doppel.\",\"breadcrumb\":{\"@id\":\"https:\/\/www.parkhotelaicappuccini.it\/de\/zimmer\/deluxe-doppel\/#breadcrumb\"},\"inLanguage\":\"de-DE\",\"potentialAction\":[{\"@type\":\"ReadAction\",\"target\":[\"https:\/\/www.parkhotelaicappuccini.it\/de\/zimmer\/deluxe-doppel\/\"]}]},{\"@type\":\"BreadcrumbList\",\"@id\":\"https:\/\/www.parkhotelaicappuccini.it\/de\/zimmer\/deluxe-doppel\/#breadcrumb\",\"itemListElement\":[{\"@type\":\"ListItem\",\"position\":1,\"name\":\"Home\",\"item\":\"https:\/\/www.parkhotelaicappuccini.it\/de\/\"},{\"@type\":\"ListItem\",\"position\":2,\"name\":\"Zimmer\",\"item\":\"https:\/\/www.parkhotelaicappuccini.it\/de\/zimmer\/\"},{\"@type\":\"ListItem\",\"position\":3,\"name\":\"Deluxe Doppel\"}]},{\"@type\":\"WebSite\",\"@id\":\"https:\/\/www.parkhotelaicappuccini.it\/de\/#website\",\"url\":\"https:\/\/www.parkhotelaicappuccini.it\/de\/\",\"name\":\"Park Hotel Ai Cappuccini\",\"description\":\"Just another ms.decms.eu site\",\"potentialAction\":[{\"@type\":\"SearchAction\",\"target\":{\"@type\":\"EntryPoint\",\"urlTemplate\":\"https:\/\/www.parkhotelaicappuccini.it\/de\/?s={search_term_string}\"},\"query-input\":{\"@type\":\"PropertyValueSpecification\",\"valueRequired\":true,\"valueName\":\"search_term_string\"}}],\"inLanguage\":\"de-DE\"}]}<\/script>\n<!-- \/ Yoast SEO plugin. -->","yoast_head_json":{"title":"Deluxe Doppel - Park Hotel Ai Cappuccini -","description":"Deluxe-Zimmer im antiken Teil des alten Klosters oder im geschickt gebauten neuen Teil des Hotels mit modernen und antiken M\u00f6beln.  24\/32 sqm.  Belegung 2 Personen (2 Erwachsene, 1 Kind)  Numerische Ausstattungen Pay-TV, Satelliten-TV, TV, Radio, LCD-\/Plasma-Bildschirm, Kostenloses WLAN, Kostenloser Internetzugang  F\u00fcr Ihren Komfort Minisafe, VIP-Ausstattung, Parkplatz, B\u00fcgeleisen und B\u00fcgelbrett (Auf Anfrage), Schreibtisch, Hausschuhe, Parkett, Haustiere erlaubt, In Room Safe, Non-smoking rooms available, Smoking rooms available  Schlafm\u00f6glichkeiten Doppel.","robots":{"index":"index","follow":"follow","max-snippet":"max-snippet:-1","max-image-preview":"max-image-preview:large","max-video-preview":"max-video-preview:-1"},"canonical":"https:\/\/www.parkhotelaicappuccini.it\/de\/zimmer\/deluxe-doppel\/","og_locale":"de_DE","og_type":"article","og_title":"Deluxe Doppel - Park Hotel Ai Cappuccini -","og_description":"Deluxe-Zimmer im antiken Teil des alten Klosters oder im geschickt gebauten neuen Teil des Hotels mit modernen und antiken M\u00f6beln.  24\/32 sqm.  Belegung 2 Personen (2 Erwachsene, 1 Kind)  Numerische Ausstattungen Pay-TV, Satelliten-TV, TV, Radio, LCD-\/Plasma-Bildschirm, Kostenloses WLAN, Kostenloser Internetzugang  F\u00fcr Ihren Komfort Minisafe, VIP-Ausstattung, Parkplatz, B\u00fcgeleisen und B\u00fcgelbrett (Auf Anfrage), Schreibtisch, Hausschuhe, Parkett, Haustiere erlaubt, In Room Safe, Non-smoking rooms available, Smoking rooms available  Schlafm\u00f6glichkeiten Doppel.","og_url":"https:\/\/www.parkhotelaicappuccini.it\/de\/zimmer\/deluxe-doppel\/","og_site_name":"Park Hotel Ai Cappuccini","article_modified_time":"2025-11-26T08:54:34+00:00","og_image":[{"width":1200,"height":666,"url":"https:\/\/www.parkhotelaicappuccini.it\/wp-content\/uploads\/sites\/385\/2021\/12\/Parco-Acque-6.jpg","type":"image\/jpeg"}],"twitter_card":"summary_large_image","twitter_misc":{"Gesch\u00e4tzte Lesezeit":"1 Minute"},"schema":{"@context":"https:\/\/schema.org","@graph":[{"@type":"WebPage","@id":"https:\/\/www.parkhotelaicappuccini.it\/de\/zimmer\/deluxe-doppel\/","url":"https:\/\/www.parkhotelaicappuccini.it\/de\/zimmer\/deluxe-doppel\/","name":"Deluxe Doppel - Park Hotel Ai Cappuccini -","isPartOf":{"@id":"https:\/\/www.parkhotelaicappuccini.it\/de\/#website"},"datePublished":"2021-12-15T10:04:12+00:00","dateModified":"2025-11-26T08:54:34+00:00","description":"Deluxe-Zimmer im antiken Teil des alten Klosters oder im geschickt gebauten neuen Teil des Hotels mit modernen und antiken M\u00f6beln. 24\/32 sqm. Belegung 2 Personen (2 Erwachsene, 1 Kind) Numerische Ausstattungen Pay-TV, Satelliten-TV, TV, Radio, LCD-\/Plasma-Bildschirm, Kostenloses WLAN, Kostenloser Internetzugang F\u00fcr Ihren Komfort Minisafe, VIP-Ausstattung, Parkplatz, B\u00fcgeleisen und B\u00fcgelbrett (Auf Anfrage), Schreibtisch, Hausschuhe, Parkett, Haustiere erlaubt, In Room Safe, Non-smoking rooms available, Smoking rooms available Schlafm\u00f6glichkeiten Doppel.","breadcrumb":{"@id":"https:\/\/www.parkhotelaicappuccini.it\/de\/zimmer\/deluxe-doppel\/#breadcrumb"},"inLanguage":"de-DE","potentialAction":[{"@type":"ReadAction","target":["https:\/\/www.parkhotelaicappuccini.it\/de\/zimmer\/deluxe-doppel\/"]}]},{"@type":"BreadcrumbList","@id":"https:\/\/www.parkhotelaicappuccini.it\/de\/zimmer\/deluxe-doppel\/#breadcrumb","itemListElement":[{"@type":"ListItem","position":1,"name":"Home","item":"https:\/\/www.parkhotelaicappuccini.it\/de\/"},{"@type":"ListItem","position":2,"name":"Zimmer","item":"https:\/\/www.parkhotelaicappuccini.it\/de\/zimmer\/"},{"@type":"ListItem","position":3,"name":"Deluxe Doppel"}]},{"@type":"WebSite","@id":"https:\/\/www.parkhotelaicappuccini.it\/de\/#website","url":"https:\/\/www.parkhotelaicappuccini.it\/de\/","name":"Park Hotel Ai Cappuccini","description":"Just another ms.decms.eu site","potentialAction":[{"@type":"SearchAction","target":{"@type":"EntryPoint","urlTemplate":"https:\/\/www.parkhotelaicappuccini.it\/de\/?s={search_term_string}"},"query-input":{"@type":"PropertyValueSpecification","valueRequired":true,"valueName":"search_term_string"}}],"inLanguage":"de-DE"}]}},"acf":[],"_links":{"self":[{"href":"https:\/\/www.parkhotelaicappuccini.it\/de\/wp-json\/wp\/v2\/pages\/118","targetHints":{"allow":["GET"]}}],"collection":[{"href":"https:\/\/www.parkhotelaicappuccini.it\/de\/wp-json\/wp\/v2\/pages"}],"about":[{"href":"https:\/\/www.parkhotelaicappuccini.it\/de\/wp-json\/wp\/v2\/types\/page"}],"author":[{"embeddable":true,"href":"https:\/\/www.parkhotelaicappuccini.it\/de\/wp-json\/wp\/v2\/users\/36"}],"replies":[{"embeddable":true,"href":"https:\/\/www.parkhotelaicappuccini.it\/de\/wp-json\/wp\/v2\/comments?post=118"}],"version-history":[{"count":0,"href":"https:\/\/www.parkhotelaicappuccini.it\/de\/wp-json\/wp\/v2\/pages\/118\/revisions"}],"up":[{"embeddable":true,"href":"https:\/\/www.parkhotelaicappuccini.it\/de\/wp-json\/wp\/v2\/pages\/44"}],"wp:attachment":[{"href":"https:\/\/www.parkhotelaicappuccini.it\/de\/wp-json\/wp\/v2\/media?parent=118"}],"curies":[{"name":"wp","href":"https:\/\/api.w.org\/{rel}","templated":true}]}}